{"id":231,"date":"2022-11-25T13:05:26","date_gmt":"2022-11-25T11:05:26","guid":{"rendered":"https:\/\/papunet.net\/saavutettavuus\/?page_id=231"},"modified":"2023-01-19T14:08:19","modified_gmt":"2023-01-19T12:08:19","slug":"2-3-1-kolme-valahdysta-tai-alle-raja-arvo","status":"publish","type":"page","link":"https:\/\/papunet.net\/saavutettavuus\/ohjeita-ja-oppaita\/teknisen-saavutettavuuden-ohjeet-wcag\/wcag-2-2-saavutettavuusohjeet\/2-3-1-kolme-valahdysta-tai-alle-raja-arvo\/","title":{"rendered":"2.3.1 Kolme v\u00e4l\u00e4hdyst\u00e4 tai alle -raja-arvo"},"content":{"rendered":"\n<h2>Kri\u00adtee\u00adri (taso A)<\/h2>\n<p><a href=\"https:\/\/www.w3.org\/Translations\/WCAG20-fi\/#webpagedef\">Verk\u00adko\u00adsi\u00advut<\/a> ei\u00adv\u00e4t si\u00ads\u00e4l\u00adl\u00e4 mi\u00adt\u00e4\u00e4n, joka mil\u00adloin\u00adkaan v\u00e4\u00adl\u00e4h\u00adt\u00e4i\u00adsi useam\u00admin kuin kol\u00adme ker\u00adtaa se\u00adkun\u00adnis\u00adsa, tai <a href=\"https:\/\/www.w3.org\/Translations\/WCAG20-fi\/#flash-def\">v\u00e4\u00adl\u00e4h\u00addys<\/a> on alle <a href=\"https:\/\/www.w3.org\/Translations\/WCAG20-fi\/#general-thresholddef\">ylei\u00adsen v\u00e4\u00adl\u00e4h\u00addyk\u00adsen ja pu\u00adnai\u00adsen v\u00e4\u00adl\u00e4h\u00addyk\u00adsen raja-ar\u00advo\u00adjen<\/a>.<\/p>\n<p><em>Huomautus<\/em>: Kos\u00adka mik\u00e4 ta\u00adhan\u00adsa si\u00ads\u00e4l\u00adt\u00f6, joka ei t\u00e4y\u00adt\u00e4 t\u00e4t\u00e4 on\u00adnis\u00adtu\u00admis\u00adkri\u00adtee\u00adri\u00e4, voi hai\u00adta\u00adta k\u00e4yt\u00adt\u00e4\u00adj\u00e4n mah\u00addol\u00adli\u00adsuuk\u00adsia k\u00e4yt\u00adt\u00e4\u00e4 koko si\u00advua, t\u00e4y\u00adtyy kai\u00adken verk\u00adko\u00adsi\u00advun si\u00ads\u00e4l\u00adl\u00f6n (riip\u00adpu\u00admat\u00adta sii\u00adt\u00e4 k\u00e4y\u00adte\u00adt\u00e4\u00e4n\u00adk\u00f6 sit\u00e4 t\u00e4yt\u00adt\u00e4\u00adm\u00e4\u00e4n mui\u00adta on\u00adnis\u00adtu\u00admis\u00adkri\u00adtee\u00adrei\u00adt\u00e4 vai ei) t\u00e4yt\u00adt\u00e4\u00e4 t\u00e4m\u00e4 on\u00adnis\u00adtu\u00admis\u00adkri\u00adtee\u00adri. Kat\u00adso <a href=\"https:\/\/www.w3.org\/Translations\/WCAG20-fi\/#cc5\">oh\u00adjei\u00adden\u00admu\u00adkai\u00adsuu\u00adden vaa\u00adti\u00admus 5: H\u00e4i\u00adri\u00f6t\u00adt\u00f6\u00admyys<\/a>.<\/p>\n<p><a href=\"https:\/\/www.w3.org\/Translations\/WCAG20-fi\/#seizure-does-not-violate\">Lue li\u00ads\u00e4\u00e4 W3:n si\u00advuil\u00adta.<\/a><\/p>\n<h2>Ku\u00advaus<\/h2>\n<p>Mi\u00adk\u00e4\u00e4n si\u00advun ole\u00adva si\u00ads\u00e4l\u00adt\u00f6 ei v\u00e4l\u00adky ti\u00adhe\u00e4m\u00admin kuin 3 ker\u00adtaa se\u00adkun\u00adnis\u00adsa. Poik\u00adkeuk\u00adset:<\/p>\n<ul>\n<li>V\u00e4lk\u00adky\u00adv\u00e4 si\u00ads\u00e4l\u00adt\u00f6 on kool\u00adtaan pie\u00adni.<\/li>\n<li>V\u00e4\u00adl\u00e4h\u00addys\u00adten kont\u00adras\u00adti\u00adsuh\u00adde on pie\u00adni.<\/li>\n<li>V\u00e4\u00adl\u00e4h\u00addys\u00adten si\u00ads\u00e4l\u00adt\u00e4\u00adm\u00e4 m\u00e4\u00e4\u00adr\u00e4 pu\u00adnais\u00adta on ra\u00adjat\u00adtu. Kri\u00adtee\u00adrin t\u00e4yt\u00adt\u00e4\u00adv\u00e4 esi\u00admerk\u00adki: si\u00advuun upo\u00adte\u00adtus\u00adsa elo\u00adku\u00advas\u00adsa kir\u00adkas sa\u00adla\u00adman v\u00e4l\u00adke on edi\u00adtoi\u00adtu niin, ett\u00e4 sen v\u00e4l\u00adkyn\u00adt\u00e4\u00adno\u00adpeus on enin\u00adt\u00e4\u00e4n kol\u00adme ker\u00adtaa se\u00adkun\u00adnis\u00adsa. <a href=\"https:\/\/www.w3.org\/TR\/UNDERSTANDING-WCAG20\/seizure-does-not-violate.html\">Kat\u00adso ylei\u00adset oh\u00adjeet v\u00e4\u00adl\u00e4h\u00addyk\u00adsis\u00adt\u00e4 ja pu\u00adnais\u00adten v\u00e4\u00adl\u00e4h\u00addys\u00adten raja\u00ad-ar\u00advois\u00adta.<\/a>\n<\/li>\n<\/ul>\n<h2>Mi\u00adten tar\u00adkis\u00adte\u00adtaan<\/h2>\n<p>Esi\u00admerk\u00adki: Si\u00advus\u00adton etusi\u00advul\u00adla on Ja\u00advaSc\u00adrip\u00adtil\u00adl\u00e4 to\u00adteu\u00adtet\u00adtu au\u00adto\u00admaat\u00adti\u00adses\u00adti ku\u00advia vaih\u00adta\u00adva \u201csli\u00adder-\u00adso\u00advel\u00adlus\u201d. Sli\u00adder\u00ad-so\u00advel\u00adlus on suu\u00adreh\u00adko, mut\u00adta ku\u00advat vaih\u00adtu\u00advat vii\u00adden se\u00adkun\u00adnin v\u00e4\u00adlein, kri\u00adtee\u00adri 2.3.1 t\u00e4yt\u00adtyy.<\/p>\n\n","protected":false},"excerpt":{"rendered":"<p>Kri\u00adtee\u00adri (taso A) Verk\u00adko\u00adsi\u00advut ei\u00adv\u00e4t si\u00ads\u00e4l\u00adl\u00e4 mi\u00adt\u00e4\u00e4n, joka mil\u00adloin\u00adkaan v\u00e4\u00adl\u00e4h\u00adt\u00e4i\u00adsi useam\u00admin kuin kol\u00adme ker\u00adtaa se\u00adkun\u00adnis\u00adsa, tai v\u00e4\u00adl\u00e4h\u00addys on alle ylei\u00adsen v\u00e4\u00adl\u00e4h\u00addyk\u00adsen ja pu\u00adnai\u00adsen v\u00e4\u00adl\u00e4h\u00addyk\u00adsen raja-ar\u00advo\u00adjen. Huomautus: Kos\u00adka mik\u00e4 ta\u00adhan\u00adsa si\u00ads\u00e4l\u00adt\u00f6, joka ei t\u00e4y\u00adt\u00e4 t\u00e4t\u00e4 on\u00adnis\u00adtu\u00admis\u00adkri\u00adtee\u00adri\u00e4, voi [&hellip;]<span class=\"moretag\">Lue lis\u00e4\u00e4&#8230;<\/span><\/p>\n","protected":false},"author":10,"featured_media":0,"parent":130,"menu_order":0,"comment_status":"closed","ping_status":"closed","template":"","meta":{"_acf_changed":false,"footnotes":""},"class_list":["post-231","page","type-page","status-publish","hentry"],"acf":[],"_links":{"self":[{"href":"https:\/\/papunet.net\/saavutettavuus\/wp-json\/wp\/v2\/pages\/231","targetHints":{"allow":["GET"]}}],"collection":[{"href":"https:\/\/papunet.net\/saavutettavuus\/wp-json\/wp\/v2\/pages"}],"about":[{"href":"https:\/\/papunet.net\/saavutettavuus\/wp-json\/wp\/v2\/types\/page"}],"author":[{"embeddable":true,"href":"https:\/\/papunet.net\/saavutettavuus\/wp-json\/wp\/v2\/users\/10"}],"replies":[{"embeddable":true,"href":"https:\/\/papunet.net\/saavutettavuus\/wp-json\/wp\/v2\/comments?post=231"}],"version-history":[{"count":0,"href":"https:\/\/papunet.net\/saavutettavuus\/wp-json\/wp\/v2\/pages\/231\/revisions"}],"up":[{"embeddable":true,"href":"https:\/\/papunet.net\/saavutettavuus\/wp-json\/wp\/v2\/pages\/130"}],"wp:attachment":[{"href":"https:\/\/papunet.net\/saavutettavuus\/wp-json\/wp\/v2\/media?parent=231"}],"curies":[{"name":"wp","href":"https:\/\/api.w.org\/{rel}","templated":true}]}}