{"id":232,"date":"2022-11-25T13:06:36","date_gmt":"2022-11-25T11:06:36","guid":{"rendered":"https:\/\/papunet.net\/saavutettavuus\/?page_id=232"},"modified":"2022-11-25T13:06:36","modified_gmt":"2022-11-25T11:06:36","slug":"2-3-2-kolme-valahdysta","status":"publish","type":"page","link":"https:\/\/papunet.net\/saavutettavuus\/ohjeita-ja-oppaita\/teknisen-saavutettavuuden-ohjeet-wcag\/wcag-2-2-saavutettavuusohjeet\/2-3-2-kolme-valahdysta\/","title":{"rendered":"2.3.2 Kolme v\u00e4l\u00e4hdyst\u00e4"},"content":{"rendered":"\n<h2>Kri\u00adtee\u00adrin taso: AAA<\/h2>\n<h2>Ku\u00advaus<\/h2>\n<p>Verk\u00adko\u00adsi\u00advut ei\u00adv\u00e4t si\u00ads\u00e4l\u00adl\u00e4 mi\u00adt\u00e4\u00e4n, joka mil\u00adloin\u00adkaan v\u00e4\u00adl\u00e4h\u00adt\u00e4i\u00adsi useam\u00admin kuin kol\u00adme ker\u00adtaa se\u00adkun\u00adnis\u00adsa.<\/p>\n<p><a href=\"https:\/\/www.w3.org\/Translations\/WCAG20-fi\/#seizure-three-times\">Lue li\u00ads\u00e4\u00e4 W3:n si\u00advuil\u00adta.<\/a><\/p>\n\n","protected":false},"excerpt":{"rendered":"<p>Kri\u00adtee\u00adrin taso: AAA Ku\u00advaus Verk\u00adko\u00adsi\u00advut ei\u00adv\u00e4t si\u00ads\u00e4l\u00adl\u00e4 mi\u00adt\u00e4\u00e4n, joka mil\u00adloin\u00adkaan v\u00e4\u00adl\u00e4h\u00adt\u00e4i\u00adsi useam\u00admin kuin kol\u00adme ker\u00adtaa se\u00adkun\u00adnis\u00adsa. Lue li\u00ads\u00e4\u00e4 W3:n si\u00advuil\u00adta.<\/p>\n","protected":false},"author":10,"featured_media":0,"parent":130,"menu_order":0,"comment_status":"closed","ping_status":"closed","template":"","meta":{"_acf_changed":false,"footnotes":""},"class_list":["post-232","page","type-page","status-publish","hentry"],"acf":[],"_links":{"self":[{"href":"https:\/\/papunet.net\/saavutettavuus\/wp-json\/wp\/v2\/pages\/232","targetHints":{"allow":["GET"]}}],"collection":[{"href":"https:\/\/papunet.net\/saavutettavuus\/wp-json\/wp\/v2\/pages"}],"about":[{"href":"https:\/\/papunet.net\/saavutettavuus\/wp-json\/wp\/v2\/types\/page"}],"author":[{"embeddable":true,"href":"https:\/\/papunet.net\/saavutettavuus\/wp-json\/wp\/v2\/users\/10"}],"replies":[{"embeddable":true,"href":"https:\/\/papunet.net\/saavutettavuus\/wp-json\/wp\/v2\/comments?post=232"}],"version-history":[{"count":0,"href":"https:\/\/papunet.net\/saavutettavuus\/wp-json\/wp\/v2\/pages\/232\/revisions"}],"up":[{"embeddable":true,"href":"https:\/\/papunet.net\/saavutettavuus\/wp-json\/wp\/v2\/pages\/130"}],"wp:attachment":[{"href":"https:\/\/papunet.net\/saavutettavuus\/wp-json\/wp\/v2\/media?parent=232"}],"curies":[{"name":"wp","href":"https:\/\/api.w.org\/{rel}","templated":true}]}}