{"id":243,"date":"2022-11-25T14:10:04","date_gmt":"2022-11-25T12:10:04","guid":{"rendered":"https:\/\/papunet.net\/saavutettavuus\/?page_id=243"},"modified":"2023-01-19T14:31:04","modified_gmt":"2023-01-19T12:31:04","slug":"2-4-10-osioiden-otsikot","status":"publish","type":"page","link":"https:\/\/papunet.net\/saavutettavuus\/ohjeita-ja-oppaita\/teknisen-saavutettavuuden-ohjeet-wcag\/wcag-2-2-saavutettavuusohjeet\/2-4-10-osioiden-otsikot\/","title":{"rendered":"2.4.10 Osioiden otsikot"},"content":{"rendered":"\n<h2>Kri\u00adtee\u00adri (taso AAA)<\/h2>\n<p>Si\u00ads\u00e4l\u00adl\u00f6n or\u00adga\u00adni\u00adsoi\u00admi\u00adseen k\u00e4y\u00adte\u00adt\u00e4\u00e4n <a href=\"https:\/\/www.w3.org\/Translations\/WCAG20-fi\/#sectiondef\">osioi\u00adden<\/a> ot\u00adsi\u00adkoi\u00adta.<\/p>\n<p><em>Huomautus 1<\/em>: ter\u00admi\u00e4 \u201dot\u00adsik\u00adko\u201d k\u00e4y\u00adte\u00adt\u00e4\u00e4n t\u00e4s\u00ads\u00e4 ylei\u00adses\u00ads\u00e4 mie\u00adles\u00ads\u00e4, ja sil\u00adl\u00e4 tar\u00adkoi\u00adte\u00adtaan ot\u00adsik\u00adko\u00adteks\u00adte\u00adj\u00e4 ja mui\u00adta ta\u00adpo\u00adja li\u00ads\u00e4\u00adt\u00e4 ot\u00adsi\u00adkoi\u00adta eri\u00adtyyp\u00adpi\u00adseen si\u00ads\u00e4l\u00adt\u00f6\u00f6n.<\/p>\n<p><em>Huomautus 2<\/em>: T\u00e4m\u00e4 on\u00adnis\u00adtu\u00admis\u00adkri\u00adtee\u00adri kat\u00adtaa osiot kir\u00adjoi\u00adte\u00adtus\u00adsa teks\u00adtis\u00ads\u00e4, ei <a href=\"https:\/\/www.w3.org\/Translations\/WCAG20-fi\/#user-interface-componentdef\">k\u00e4yt\u00adt\u00f6\u00adliit\u00adty\u00adm\u00e4\u00adkom\u00adpo\u00adnen\u00adteis\u00adsa<\/a>. K\u00e4yt\u00adt\u00f6\u00adliit\u00adty\u00adm\u00e4\u00adkom\u00adpo\u00adnen\u00adtit k\u00e4\u00adsi\u00adtel\u00adl\u00e4\u00e4n <a href=\"https:\/\/www.w3.org\/Translations\/WCAG20-fi\/#ensure-compat-rsv\">on\u00adnis\u00adtu\u00admis\u00adkri\u00adtee\u00adris\u00ads\u00e4 4.1.2<\/a>.<\/p>\n<p><a href=\"https:\/\/www.w3.org\/Translations\/WCAG20-fi\/#navigation-mechanisms-headings\">Lue li\u00ads\u00e4\u00e4 W3:n si\u00advuil\u00adta.<\/a><\/p>\n<h2>Ku\u00advaus<\/h2>\n<p>Si\u00ads\u00e4l\u00adt\u00f6 on j\u00e4\u00adsen\u00adnel\u00adty k\u00e4yt\u00adt\u00e4en v\u00e4\u00adliot\u00adsi\u00adkoi\u00adta. Eri ai\u00adhei\u00adta k\u00e4\u00adsit\u00adte\u00adle\u00advil\u00adle si\u00ads\u00e4l\u00adl\u00f6n osil\u00adle tu\u00adlee an\u00adtaa ai\u00adhet\u00adta ku\u00advaa\u00adva ot\u00adsik\u00adko, jot\u00adta si\u00ads\u00e4l\u00adl\u00f6n lu\u00adke\u00admi\u00adnen ja osioi\u00adden v\u00e4\u00adlil\u00adl\u00e4 liik\u00adku\u00admi\u00adnen on hel\u00adpom\u00adpaa.<\/p>\n\n","protected":false},"excerpt":{"rendered":"<p>Kri\u00adtee\u00adri (taso AAA) Si\u00ads\u00e4l\u00adl\u00f6n or\u00adga\u00adni\u00adsoi\u00admi\u00adseen k\u00e4y\u00adte\u00adt\u00e4\u00e4n osioi\u00adden ot\u00adsi\u00adkoi\u00adta. Huomautus 1: ter\u00admi\u00e4 \u201dot\u00adsik\u00adko\u201d k\u00e4y\u00adte\u00adt\u00e4\u00e4n t\u00e4s\u00ads\u00e4 ylei\u00adses\u00ads\u00e4 mie\u00adles\u00ads\u00e4, ja sil\u00adl\u00e4 tar\u00adkoi\u00adte\u00adtaan ot\u00adsik\u00adko\u00adteks\u00adte\u00adj\u00e4 ja mui\u00adta ta\u00adpo\u00adja li\u00ads\u00e4\u00adt\u00e4 ot\u00adsi\u00adkoi\u00adta eri\u00adtyyp\u00adpi\u00adseen si\u00ads\u00e4l\u00adt\u00f6\u00f6n. Huomautus 2: T\u00e4m\u00e4 on\u00adnis\u00adtu\u00admis\u00adkri\u00adtee\u00adri kat\u00adtaa osiot kir\u00adjoi\u00adte\u00adtus\u00adsa teks\u00adtis\u00ads\u00e4, ei [&hellip;]<span class=\"moretag\">Lue lis\u00e4\u00e4&#8230;<\/span><\/p>\n","protected":false},"author":10,"featured_media":0,"parent":130,"menu_order":0,"comment_status":"closed","ping_status":"closed","template":"","meta":{"_acf_changed":false,"footnotes":""},"class_list":["post-243","page","type-page","status-publish","hentry"],"acf":[],"_links":{"self":[{"href":"https:\/\/papunet.net\/saavutettavuus\/wp-json\/wp\/v2\/pages\/243","targetHints":{"allow":["GET"]}}],"collection":[{"href":"https:\/\/papunet.net\/saavutettavuus\/wp-json\/wp\/v2\/pages"}],"about":[{"href":"https:\/\/papunet.net\/saavutettavuus\/wp-json\/wp\/v2\/types\/page"}],"author":[{"embeddable":true,"href":"https:\/\/papunet.net\/saavutettavuus\/wp-json\/wp\/v2\/users\/10"}],"replies":[{"embeddable":true,"href":"https:\/\/papunet.net\/saavutettavuus\/wp-json\/wp\/v2\/comments?post=243"}],"version-history":[{"count":0,"href":"https:\/\/papunet.net\/saavutettavuus\/wp-json\/wp\/v2\/pages\/243\/revisions"}],"up":[{"embeddable":true,"href":"https:\/\/papunet.net\/saavutettavuus\/wp-json\/wp\/v2\/pages\/130"}],"wp:attachment":[{"href":"https:\/\/papunet.net\/saavutettavuus\/wp-json\/wp\/v2\/media?parent=243"}],"curies":[{"name":"wp","href":"https:\/\/api.w.org\/{rel}","templated":true}]}}