{"id":244,"date":"2022-11-25T14:12:03","date_gmt":"2022-11-25T12:12:03","guid":{"rendered":"https:\/\/papunet.net\/saavutettavuus\/?page_id=244"},"modified":"2023-01-19T14:55:04","modified_gmt":"2023-01-19T12:55:04","slug":"2-5-1-osoitineleet","status":"publish","type":"page","link":"https:\/\/papunet.net\/saavutettavuus\/ohjeita-ja-oppaita\/teknisen-saavutettavuuden-ohjeet-wcag\/wcag-2-2-saavutettavuusohjeet\/2-5-1-osoitineleet\/","title":{"rendered":"2.5.1 Osoitineleet"},"content":{"rendered":"\n<h2>Kri\u00adtee\u00adri (taso A)<\/h2>\n<p>Kaik\u00adkia toi\u00admin\u00adto\u00adja, jois\u00adsa hy\u00f6\u00addyn\u00adne\u00adt\u00e4\u00e4n mo\u00adni\u00adpis\u00adte- tai reit\u00adtiin pe\u00adrus\u00adtu\u00advia oh\u00adjause\u00adlei\u00adt\u00e4, voi\u00addaan k\u00e4yt\u00adt\u00e4\u00e4 my\u00f6s yh\u00addel\u00adl\u00e4 osoit\u00adti\u00admel\u00adla ja il\u00adman reit\u00adtiin pe\u00adrus\u00adtu\u00advaa elet\u00adt\u00e4, pait\u00adsi jos ky\u00adsei\u00adnen oh\u00adjaus\u00adta\u00adpa on olen\u00adnai\u00adnen.<\/p>\n<p><em>Huo\u00admau\u00adtus<\/em>: T\u00e4m\u00e4 vaa\u00adti\u00admus kos\u00adkee verk\u00adko\u00adsi\u00ads\u00e4l\u00adt\u00f6\u00e4, joka vas\u00adtaa\u00adnot\u00adtaa ja tul\u00adkit\u00adsee osoi\u00adtin\u00adlait\u00adteen toi\u00admin\u00adto\u00adja (ts. t\u00e4m\u00e4 ei kos\u00adke toi\u00admin\u00adto\u00adja, joil\u00adla oh\u00adja\u00adtaan k\u00e4yt\u00adt\u00e4\u00adj\u00e4\u00adagent\u00adtia tai avus\u00adta\u00advaa tek\u00adno\u00adlo\u00adgi\u00adaa).<\/p>\n<h2>Ku\u00advaus<\/h2>\n<p>Hen\u00adki\u00adl\u00f6il\u00adl\u00e4, joil\u00adla on mo\u00adto\u00adri\u00adsia ra\u00adjoit\u00adtei\u00adta, tar\u00adkat pyyh\u00adk\u00e4i\u00adsye\u00adleet, koh\u00addis\u00adti\u00admen lii\u00adkut\u00adta\u00admi\u00adnen tar\u00adkas\u00adti tai hii\u00adren lii\u00adkut\u00adta\u00admi\u00adnen nap\u00adpi poh\u00adjas\u00adsa pai\u00adnet\u00adtu\u00adna (raa\u00adhaus) voi\u00advat olla vai\u00adkei\u00adta. K\u00e4yt\u00adt\u00e4\u00adj\u00e4t, jot\u00adka k\u00e4yt\u00adt\u00e4\u00adv\u00e4t osoi\u00adtin\u00adky\u00adn\u00e4\u00e4 (sty\u00adlus) tai muu\u00adta yh\u00adden pis\u00adteen osoi\u00adtin\u00adta kos\u00adke\u00adtus\u00adn\u00e4y\u00adt\u00f6n k\u00e4yt\u00adt\u00e4\u00admi\u00adseen, ei\u00adv\u00e4t voi k\u00e4yt\u00adt\u00e4\u00e4 mo\u00adnen pis\u00adteen oh\u00adjause\u00adlei\u00adt\u00e4 kos\u00adke\u00adtus\u00adn\u00e4y\u00adt\u00f6l\u00adl\u00e4. Mo\u00adni\u00admut\u00adkai\u00adset pyyh\u00adk\u00e4i\u00adsye\u00adleet ei\u00adv\u00e4t my\u00f6s\u00adk\u00e4\u00e4n v\u00e4lt\u00adt\u00e4\u00adm\u00e4t\u00adt\u00e4 ole kaik\u00adkien k\u00e4yt\u00adt\u00e4\u00adjien tie\u00addos\u00adsa.<\/p>\n<p>Vaa\u00adti\u00admus mo\u00adni\u00admut\u00adkai\u00adsen rei\u00adtin k\u00e4yt\u00adt\u00e4\u00admi\u00adseen voi syn\u00adty\u00e4, jos k\u00e4y\u00adte\u00adt\u00e4\u00e4n mo\u00adni\u00admut\u00adkai\u00adsia va\u00adlik\u00adko\u00adra\u00adken\u00adtei\u00adta, jois\u00adsa ala\u00adva\u00adlik\u00adko au\u00adke\u00adaa, kun hii\u00adren vie va\u00adlik\u00adko\u00adkoh\u00adteen p\u00e4\u00e4l\u00adle, ja sen j\u00e4l\u00adkeen hii\u00adri t\u00e4y\u00adtyy siir\u00adt\u00e4\u00e4 tark\u00adkaa reit\u00adti\u00e4 ala\u00adva\u00adli\u00adkon p\u00e4\u00e4l\u00adle, et\u00adtei ak\u00adti\u00advoi\u00adda va\u00adhin\u00adgos\u00adsa tois\u00adta va\u00adlik\u00adko\u00adkoh\u00addet\u00adta tai et\u00adtei ala\u00adva\u00adlik\u00adko pois\u00adtu n\u00e4\u00adky\u00advis\u00adt\u00e4.<\/p>\n<p>Mo\u00adni\u00adpis\u00adte-elei\u00adt\u00e4 k\u00e4y\u00adte\u00adt\u00e4\u00e4n esi\u00admer\u00adkik\u00adsi kos\u00adke\u00adtus\u00adn\u00e4y\u00adt\u00f6l\u00adli\u00adsis\u00ads\u00e4 lait\u00adteis\u00adsa. T\u00e4l\u00adlai\u00adnen voi olla mm. ku\u00advan suu\u00adren\u00adta\u00admi\u00adseen k\u00e4y\u00adtet\u00adt\u00e4\u00adv\u00e4 ni\u00adpis\u00adty\u00adse\u00adle tai useam\u00admal\u00adla sor\u00admel\u00adla teh\u00adt\u00e4\u00adv\u00e4t pyyh\u00adk\u00e4i\u00adsye\u00adleet.<\/p>\n<p>Reit\u00adtiin pe\u00adrus\u00adtu\u00advat oh\u00adjause\u00adleet tar\u00adkoit\u00adta\u00advat pyyh\u00adk\u00e4i\u00adsye\u00adlei\u00adt\u00e4, hii\u00adrel\u00adl\u00e4 raa\u00adhaa\u00admis\u00adta tai elei\u00adt\u00e4, jois\u00adsa koh\u00addis\u00adtin\u00adta t\u00e4y\u00adtyy lii\u00adkut\u00adtaa mo\u00adni\u00admut\u00adkai\u00adsen po\u00adlun mu\u00adkai\u00adses\u00adti.<\/p>\n<h2>Mi\u00adten tar\u00adkis\u00adte\u00adtaan<\/h2>\n<p>Tar\u00adkis\u00adta, ovat\u00adko kaik\u00adki si\u00advun toi\u00admin\u00adnal\u00adli\u00adsuu\u00addet k\u00e4y\u00adtet\u00adt\u00e4\u00advis\u00ads\u00e4 il\u00adman pyyh\u00adk\u00e4i\u00adsy-, raa\u00adhaus-, mo\u00adni\u00adpis\u00adte- tai mo\u00adni\u00admut\u00adkai\u00adseen reit\u00adtiin pe\u00adrus\u00adtu\u00advia oh\u00adjause\u00adlei\u00adt\u00e4.<\/p>\n\n","protected":false},"excerpt":{"rendered":"<p>Kri\u00adtee\u00adri (taso A) Kaik\u00adkia toi\u00admin\u00adto\u00adja, jois\u00adsa hy\u00f6\u00addyn\u00adne\u00adt\u00e4\u00e4n mo\u00adni\u00adpis\u00adte- tai reit\u00adtiin pe\u00adrus\u00adtu\u00advia oh\u00adjause\u00adlei\u00adt\u00e4, voi\u00addaan k\u00e4yt\u00adt\u00e4\u00e4 my\u00f6s yh\u00addel\u00adl\u00e4 osoit\u00adti\u00admel\u00adla ja il\u00adman reit\u00adtiin pe\u00adrus\u00adtu\u00advaa elet\u00adt\u00e4, pait\u00adsi jos ky\u00adsei\u00adnen oh\u00adjaus\u00adta\u00adpa on olen\u00adnai\u00adnen. Huo\u00admau\u00adtus: T\u00e4m\u00e4 vaa\u00adti\u00admus kos\u00adkee verk\u00adko\u00adsi\u00ads\u00e4l\u00adt\u00f6\u00e4, joka vas\u00adtaa\u00adnot\u00adtaa ja [&hellip;]<span class=\"moretag\">Lue lis\u00e4\u00e4&#8230;<\/span><\/p>\n","protected":false},"author":10,"featured_media":0,"parent":130,"menu_order":0,"comment_status":"closed","ping_status":"closed","template":"","meta":{"_acf_changed":false,"footnotes":""},"class_list":["post-244","page","type-page","status-publish","hentry"],"acf":[],"_links":{"self":[{"href":"https:\/\/papunet.net\/saavutettavuus\/wp-json\/wp\/v2\/pages\/244","targetHints":{"allow":["GET"]}}],"collection":[{"href":"https:\/\/papunet.net\/saavutettavuus\/wp-json\/wp\/v2\/pages"}],"about":[{"href":"https:\/\/papunet.net\/saavutettavuus\/wp-json\/wp\/v2\/types\/page"}],"author":[{"embeddable":true,"href":"https:\/\/papunet.net\/saavutettavuus\/wp-json\/wp\/v2\/users\/10"}],"replies":[{"embeddable":true,"href":"https:\/\/papunet.net\/saavutettavuus\/wp-json\/wp\/v2\/comments?post=244"}],"version-history":[{"count":0,"href":"https:\/\/papunet.net\/saavutettavuus\/wp-json\/wp\/v2\/pages\/244\/revisions"}],"up":[{"embeddable":true,"href":"https:\/\/papunet.net\/saavutettavuus\/wp-json\/wp\/v2\/pages\/130"}],"wp:attachment":[{"href":"https:\/\/papunet.net\/saavutettavuus\/wp-json\/wp\/v2\/media?parent=244"}],"curies":[{"name":"wp","href":"https:\/\/api.w.org\/{rel}","templated":true}]}}