{"id":246,"date":"2022-11-25T14:16:07","date_gmt":"2022-11-25T12:16:07","guid":{"rendered":"https:\/\/papunet.net\/saavutettavuus\/?page_id=246"},"modified":"2023-01-19T15:05:10","modified_gmt":"2023-01-19T13:05:10","slug":"2-5-3-nimilappu-nimessa","status":"publish","type":"page","link":"https:\/\/papunet.net\/saavutettavuus\/ohjeita-ja-oppaita\/teknisen-saavutettavuuden-ohjeet-wcag\/wcag-2-2-saavutettavuusohjeet\/2-5-3-nimilappu-nimessa\/","title":{"rendered":"2.5.3 Nimilappu nimess\u00e4"},"content":{"rendered":"\n<h2>Kri\u00adtee\u00adri (taso A)<\/h2>\n<p>Ta\u00adpauk\u00adsis\u00adsa, jois\u00adsa k\u00e4yt\u00adt\u00f6\u00adliit\u00adty\u00adm\u00e4\u00adkom\u00adpo\u00adnen\u00adtin ni\u00admi\u00adla\u00adpus\u00adsa on teks\u00adti\u00e4 tai teks\u00adti\u00e4 esit\u00adt\u00e4\u00adv\u00e4 kuva, kom\u00adpo\u00adnen\u00adtin nimi si\u00ads\u00e4l\u00adt\u00e4\u00e4 sen teks\u00adtin, joka on vi\u00adsu\u00adaa\u00adli\u00adses\u00adti n\u00e4\u00adky\u00advis\u00ads\u00e4.<\/p>\n<p><em>Huo\u00admau\u00adtus<\/em>: hyv\u00e4 k\u00e4y\u00adt\u00e4n\u00adt\u00f6 on si\u00adjoit\u00adtaa ni\u00admi\u00adla\u00adpun teks\u00adti ni\u00admen al\u00adkuun.<\/p>\n<h2>Ku\u00advaus<\/h2>\n<p>K\u00e4yt\u00adt\u00f6\u00adliit\u00adty\u00adm\u00e4\u00adkom\u00adpo\u00adnen\u00adteil\u00adla on ole\u00admas\u00adsa oh\u00adjel\u00admal\u00adli\u00adses\u00adti sel\u00advi\u00adtet\u00adt\u00e4\u00adv\u00e4 nimi (\u201dacces\u00adsible name\u201d) ja vi\u00adsu\u00adaa\u00adli\u00adses\u00adti n\u00e4\u00adky\u00advil\u00adl\u00e4 ole\u00adva nimi. Hen\u00adki\u00adl\u00f6il\u00adle, jot\u00adka k\u00e4yt\u00adt\u00e4\u00adv\u00e4t tie\u00adto\u00adko\u00adnet\u00adta pu\u00adheel\u00adla, on t\u00e4r\u00adke\u00ad\u00e4\u00e4, ett\u00e4 n\u00e4m\u00e4 kak\u00adsi vas\u00adtaa\u00advat toi\u00adsi\u00adaan, jot\u00adta he voi\u00advat ak\u00adti\u00advoi\u00adda kom\u00adpo\u00adnen\u00adtin sa\u00adno\u00admal\u00adla \u00e4\u00e4\u00adneen n\u00e4y\u00adt\u00f6l\u00adl\u00e4 n\u00e4\u00adky\u00adv\u00e4n teks\u00adtin. My\u00f6s hen\u00adki\u00adl\u00f6il\u00adle, jot\u00adka k\u00e4yt\u00adt\u00e4\u00adv\u00e4t \u201dteks\u00adti pu\u00adheek\u00adsi\u201d -omi\u00adnai\u00adsuut\u00adta ja kuun\u00adte\u00adle\u00advat ja kat\u00adso\u00advat verk\u00adko\u00adsi\u00advun si\u00ads\u00e4l\u00adt\u00f6\u00e4 sa\u00adman\u00adai\u00adkai\u00adses\u00adti, voi olla h\u00e4m\u00admen\u00adt\u00e4\u00adv\u00e4\u00e4, jos kuul\u00adtu ei vas\u00adtaa vi\u00adsu\u00adaa\u00adli\u00adses\u00adti n\u00e4\u00adky\u00advil\u00adl\u00e4 ole\u00advaa teks\u00adti\u00e4.<\/p>\n<h2>Mi\u00adten tar\u00adkis\u00adte\u00adtaan<\/h2>\n<p>Tar\u00adkis\u00adta, ett\u00e4 ni\u00admi\u00adlap\u00adpu ja ele\u00admen\u00adtin nimi vas\u00adtaa\u00advat toi\u00adsi\u00adaan.<\/p>\n\n","protected":false},"excerpt":{"rendered":"<p>Kri\u00adtee\u00adri (taso A) Ta\u00adpauk\u00adsis\u00adsa, jois\u00adsa k\u00e4yt\u00adt\u00f6\u00adliit\u00adty\u00adm\u00e4\u00adkom\u00adpo\u00adnen\u00adtin ni\u00admi\u00adla\u00adpus\u00adsa on teks\u00adti\u00e4 tai teks\u00adti\u00e4 esit\u00adt\u00e4\u00adv\u00e4 kuva, kom\u00adpo\u00adnen\u00adtin nimi si\u00ads\u00e4l\u00adt\u00e4\u00e4 sen teks\u00adtin, joka on vi\u00adsu\u00adaa\u00adli\u00adses\u00adti n\u00e4\u00adky\u00advis\u00ads\u00e4. Huo\u00admau\u00adtus: hyv\u00e4 k\u00e4y\u00adt\u00e4n\u00adt\u00f6 on si\u00adjoit\u00adtaa ni\u00admi\u00adla\u00adpun teks\u00adti ni\u00admen al\u00adkuun. Ku\u00advaus K\u00e4yt\u00adt\u00f6\u00adliit\u00adty\u00adm\u00e4\u00adkom\u00adpo\u00adnen\u00adteil\u00adla on ole\u00admas\u00adsa oh\u00adjel\u00admal\u00adli\u00adses\u00adti [&hellip;]<span class=\"moretag\">Lue lis\u00e4\u00e4&#8230;<\/span><\/p>\n","protected":false},"author":10,"featured_media":0,"parent":130,"menu_order":0,"comment_status":"closed","ping_status":"closed","template":"","meta":{"_acf_changed":false,"footnotes":""},"class_list":["post-246","page","type-page","status-publish","hentry"],"acf":[],"_links":{"self":[{"href":"https:\/\/papunet.net\/saavutettavuus\/wp-json\/wp\/v2\/pages\/246","targetHints":{"allow":["GET"]}}],"collection":[{"href":"https:\/\/papunet.net\/saavutettavuus\/wp-json\/wp\/v2\/pages"}],"about":[{"href":"https:\/\/papunet.net\/saavutettavuus\/wp-json\/wp\/v2\/types\/page"}],"author":[{"embeddable":true,"href":"https:\/\/papunet.net\/saavutettavuus\/wp-json\/wp\/v2\/users\/10"}],"replies":[{"embeddable":true,"href":"https:\/\/papunet.net\/saavutettavuus\/wp-json\/wp\/v2\/comments?post=246"}],"version-history":[{"count":0,"href":"https:\/\/papunet.net\/saavutettavuus\/wp-json\/wp\/v2\/pages\/246\/revisions"}],"up":[{"embeddable":true,"href":"https:\/\/papunet.net\/saavutettavuus\/wp-json\/wp\/v2\/pages\/130"}],"wp:attachment":[{"href":"https:\/\/papunet.net\/saavutettavuus\/wp-json\/wp\/v2\/media?parent=246"}],"curies":[{"name":"wp","href":"https:\/\/api.w.org\/{rel}","templated":true}]}}