{"id":247,"date":"2022-11-25T14:17:57","date_gmt":"2022-11-25T12:17:57","guid":{"rendered":"https:\/\/papunet.net\/saavutettavuus\/?page_id=247"},"modified":"2023-01-19T15:10:17","modified_gmt":"2023-01-19T13:10:17","slug":"2-5-4-kaytto-liikkeen-avulla","status":"publish","type":"page","link":"https:\/\/papunet.net\/saavutettavuus\/ohjeita-ja-oppaita\/teknisen-saavutettavuuden-ohjeet-wcag\/wcag-2-2-saavutettavuusohjeet\/2-5-4-kaytto-liikkeen-avulla\/","title":{"rendered":"2.5.4 K\u00e4ytt\u00f6 liikkeen avulla"},"content":{"rendered":"\n<h2>Kri\u00adtee\u00adri (taso A)<\/h2>\n<p>Toi\u00admin\u00adnal\u00adli\u00adsuutta, jota voi\u00addaan k\u00e4yt\u00adt\u00e4\u00e4 lii\u00adkut\u00adta\u00admal\u00adla lai\u00adtet\u00adta, voi\u00addaan k\u00e4yt\u00adt\u00e4\u00e4 my\u00f6s k\u00e4yt\u00adt\u00f6\u00adliit\u00adty\u00adm\u00e4\u00adkom\u00adpo\u00adnent\u00adtien avul\u00adla, ja lii\u00adkeak\u00adti\u00advoin\u00adti voi\u00addaan ot\u00adtaa pois p\u00e4\u00e4l\u00adt\u00e4, jot\u00adta v\u00e4l\u00adte\u00adt\u00e4\u00e4n toi\u00admin\u00adnan ak\u00adti\u00advoi\u00admi\u00adnen va\u00adhin\u00adgos\u00adsa. T\u00e4m\u00e4 ei kos\u00adke seu\u00adraa\u00advia ta\u00adpauk\u00adsia:<\/p>\n<ul>\n<li>Tuet\u00adtu ra\u00adja\u00adpin\u00adta: lii\u00adkeak\u00adti\u00advoin\u00adti on to\u00adteu\u00adtet\u00adtu sel\u00adlai\u00adsen ra\u00adja\u00adpin\u00adnan kaut\u00adta, joka on saa\u00advu\u00adtet\u00adta\u00advuu\u00addel\u00adtaan tuet\u00adtu.<\/li>\n<li>Olen\u00adnai\u00adnen: lii\u00adke on toi\u00admin\u00adnon kan\u00adnal\u00adta olen\u00adnai\u00adnen, ja sen pois\u00adta\u00admi\u00adnen mi\u00adt\u00e4\u00adt\u00f6i\u00adsi toi\u00admin\u00adnon.<\/li>\n<\/ul>\n<h2>Ku\u00advaus<\/h2>\n<p>Mobiililaitteissa on monenlaisia liikeantureita, joita voidaan k\u00e4ytt\u00e4\u00e4 laitteen ohjaamiseen. Esimerkiksi laitteen ravistaminen voi aktivoida kumoa-toiminnon.<\/p>\n<p>Osalla k\u00e4ytt\u00e4jist\u00e4 mobiililaite on kiinnitetty esimerkiksi py\u00f6r\u00e4tuoliin niin, ett\u00e4 sen asentoa ei voi vaihtaa. Laitteen k\u00e4\u00e4nt\u00e4minen eri asentoon voi olla hankalaa my\u00f6s muiden motoristen tai tilanteeseen liittyvien rajoitteiden vuoksi. Toiminto saatta aktivoitua my\u00f6s vahingossa, esimerkiksi vapinan tai py\u00f6r\u00e4tuolin t\u00e4rin\u00e4n vuoksi.<\/p>\n<h2>Miten tarkistetaan<\/h2>\n<p>Jos verkkosivulla on k\u00e4ytetty liikkeeseen perustuvia eleit\u00e4, ne voi kytke\u00e4 pois, ja toimintoja voi k\u00e4ytt\u00e4\u00e4 my\u00f6s k\u00e4ytt\u00f6liittym\u00e4komponenttien kautta.<\/p>\n\n","protected":false},"excerpt":{"rendered":"<p>Kri\u00adtee\u00adri (taso A) Toi\u00admin\u00adnal\u00adli\u00adsuutta, jota voi\u00addaan k\u00e4yt\u00adt\u00e4\u00e4 lii\u00adkut\u00adta\u00admal\u00adla lai\u00adtet\u00adta, voi\u00addaan k\u00e4yt\u00adt\u00e4\u00e4 my\u00f6s k\u00e4yt\u00adt\u00f6\u00adliit\u00adty\u00adm\u00e4\u00adkom\u00adpo\u00adnent\u00adtien avul\u00adla, ja lii\u00adkeak\u00adti\u00advoin\u00adti voi\u00addaan ot\u00adtaa pois p\u00e4\u00e4l\u00adt\u00e4, jot\u00adta v\u00e4l\u00adte\u00adt\u00e4\u00e4n toi\u00admin\u00adnan ak\u00adti\u00advoi\u00admi\u00adnen va\u00adhin\u00adgos\u00adsa. T\u00e4m\u00e4 ei kos\u00adke seu\u00adraa\u00advia ta\u00adpauk\u00adsia: Tuet\u00adtu ra\u00adja\u00adpin\u00adta: lii\u00adkeak\u00adti\u00advoin\u00adti on to\u00adteu\u00adtet\u00adtu sel\u00adlai\u00adsen [&hellip;]<span class=\"moretag\">Lue lis\u00e4\u00e4&#8230;<\/span><\/p>\n","protected":false},"author":10,"featured_media":0,"parent":130,"menu_order":0,"comment_status":"closed","ping_status":"closed","template":"","meta":{"_acf_changed":false,"footnotes":""},"class_list":["post-247","page","type-page","status-publish","hentry"],"acf":[],"_links":{"self":[{"href":"https:\/\/papunet.net\/saavutettavuus\/wp-json\/wp\/v2\/pages\/247","targetHints":{"allow":["GET"]}}],"collection":[{"href":"https:\/\/papunet.net\/saavutettavuus\/wp-json\/wp\/v2\/pages"}],"about":[{"href":"https:\/\/papunet.net\/saavutettavuus\/wp-json\/wp\/v2\/types\/page"}],"author":[{"embeddable":true,"href":"https:\/\/papunet.net\/saavutettavuus\/wp-json\/wp\/v2\/users\/10"}],"replies":[{"embeddable":true,"href":"https:\/\/papunet.net\/saavutettavuus\/wp-json\/wp\/v2\/comments?post=247"}],"version-history":[{"count":0,"href":"https:\/\/papunet.net\/saavutettavuus\/wp-json\/wp\/v2\/pages\/247\/revisions"}],"up":[{"embeddable":true,"href":"https:\/\/papunet.net\/saavutettavuus\/wp-json\/wp\/v2\/pages\/130"}],"wp:attachment":[{"href":"https:\/\/papunet.net\/saavutettavuus\/wp-json\/wp\/v2\/media?parent=247"}],"curies":[{"name":"wp","href":"https:\/\/api.w.org\/{rel}","templated":true}]}}