{"id":251,"date":"2022-11-25T14:28:12","date_gmt":"2022-11-25T12:28:12","guid":{"rendered":"https:\/\/papunet.net\/saavutettavuus\/?page_id=251"},"modified":"2023-01-19T15:20:01","modified_gmt":"2023-01-19T13:20:01","slug":"3-1-2-osien-kieli","status":"publish","type":"page","link":"https:\/\/papunet.net\/saavutettavuus\/ohjeita-ja-oppaita\/teknisen-saavutettavuuden-ohjeet-wcag\/wcag-2-2-saavutettavuusohjeet\/3-1-2-osien-kieli\/","title":{"rendered":"3.1.2 Osien kieli"},"content":{"rendered":"\n<h2>Kri\u00adtee\u00adri (taso AA)<\/h2>\n<p>Si\u00ads\u00e4l\u00adl\u00f6n jo\u00adkai\u00adsen teks\u00adti\u00adkat\u00adkel\u00adman tai il\u00admai\u00adsun <a href=\"https:\/\/www.w3.org\/Translations\/WCAG20-fi\/#human-langdef\">luon\u00adnol\u00adli\u00adnen kie\u00adli<\/a> voi\u00addaan <a href=\"https:\/\/www.w3.org\/Translations\/WCAG20-fi\/#programmaticallydetermineddef\">sel\u00advit\u00adt\u00e4\u00e4 oh\u00adjel\u00admal\u00adli\u00adses\u00adti<\/a>, pait\u00adsi seu\u00adraa\u00advien osal\u00adta: eris\u00adni\u00admet, tek\u00adni\u00adset ter\u00admit, m\u00e4\u00e4\u00adrit\u00adt\u00e4\u00adm\u00e4t\u00adt\u00f6\u00adm\u00e4n kie\u00adlen sa\u00adnat sek\u00e4 sa\u00adnat tai il\u00admai\u00adsut, jot\u00adka ovat muut\u00adtu\u00adneet l\u00e4\u00adhei\u00adsen teks\u00adtiym\u00adp\u00e4\u00adris\u00adt\u00f6n kie\u00adlen mur\u00adteel\u00adli\u00adsek\u00adsi osak\u00adsi.<\/p>\n<p><a href=\"https:\/\/www.w3.org\/Translations\/WCAG20-fi\/#meaning-other-lang-id\">Lue li\u00ads\u00e4\u00e4 W3:n si\u00advuil\u00adta.<\/a><\/p>\n<h2>Ku\u00advaus<\/h2>\n<p>Onko k\u00e4yt\u00adt\u00e4\u00adj\u00e4l\u00adle ker\u00adrot\u00adtu (lang\u00ad-att\u00adri\u00adbuu\u00adtil\u00adla), jos verk\u00adko\u00adsi\u00advun jo\u00adkin si\u00ads\u00e4l\u00adt\u00f6\u00adele\u00adment\u00adti on esi\u00adtet\u00adty si\u00advul\u00adle m\u00e4\u00e4\u00adri\u00adte\u00adtys\u00adt\u00e4 kie\u00adles\u00adt\u00e4 poik\u00adkea\u00advas\u00adti? Poik\u00adkeuk\u00adsia ovat<\/p>\n<ul>\n<li>eris\u00adni\u00admet<\/li>\n<li>tekniset termit<\/li>\n<li>m\u00e4\u00e4ritt\u00e4m\u00e4tt\u00f6m\u00e4n kielen sanat sek\u00e4 sanat tai ilmaisut, jotka ovat muuttuneet l\u00e4heisen tekstiymp\u00e4rist\u00f6n kielen murteelliseksi osaksi.<\/li>\n<\/ul>\n<h2>Mi\u00adten tar\u00adkis\u00adte\u00adtaan<\/h2>\n<p>HTML5-\u00adtek\u00adnii\u00adkal\u00adla verk\u00adko\u00adsi\u00advun ele\u00admen\u00adtin kie\u00adli voi\u00addaan m\u00e4\u00e4\u00adrit\u00adt\u00e4\u00e4 lang-\u00adatt\u00adri\u00adbuu\u00adtil\u00adla:<br>\n&lt;p&gt;T\u00e4m\u00e4 kappale on suomeksi&lt;\/p&gt; &lt;p lang=\u201den\u201d&gt;This paragraph is in English&lt;p&gt;.<\/p>\n\n","protected":false},"excerpt":{"rendered":"<p>Kri\u00adtee\u00adri (taso AA) Si\u00ads\u00e4l\u00adl\u00f6n jo\u00adkai\u00adsen teks\u00adti\u00adkat\u00adkel\u00adman tai il\u00admai\u00adsun luon\u00adnol\u00adli\u00adnen kie\u00adli voi\u00addaan sel\u00advit\u00adt\u00e4\u00e4 oh\u00adjel\u00admal\u00adli\u00adses\u00adti, pait\u00adsi seu\u00adraa\u00advien osal\u00adta: eris\u00adni\u00admet, tek\u00adni\u00adset ter\u00admit, m\u00e4\u00e4\u00adrit\u00adt\u00e4\u00adm\u00e4t\u00adt\u00f6\u00adm\u00e4n kie\u00adlen sa\u00adnat sek\u00e4 sa\u00adnat tai il\u00admai\u00adsut, jot\u00adka ovat muut\u00adtu\u00adneet l\u00e4\u00adhei\u00adsen teks\u00adtiym\u00adp\u00e4\u00adris\u00adt\u00f6n kie\u00adlen mur\u00adteel\u00adli\u00adsek\u00adsi osak\u00adsi. Lue li\u00ads\u00e4\u00e4 [&hellip;]<span class=\"moretag\">Lue lis\u00e4\u00e4&#8230;<\/span><\/p>\n","protected":false},"author":10,"featured_media":0,"parent":130,"menu_order":0,"comment_status":"closed","ping_status":"closed","template":"","meta":{"_acf_changed":false,"footnotes":""},"class_list":["post-251","page","type-page","status-publish","hentry"],"acf":[],"_links":{"self":[{"href":"https:\/\/papunet.net\/saavutettavuus\/wp-json\/wp\/v2\/pages\/251","targetHints":{"allow":["GET"]}}],"collection":[{"href":"https:\/\/papunet.net\/saavutettavuus\/wp-json\/wp\/v2\/pages"}],"about":[{"href":"https:\/\/papunet.net\/saavutettavuus\/wp-json\/wp\/v2\/types\/page"}],"author":[{"embeddable":true,"href":"https:\/\/papunet.net\/saavutettavuus\/wp-json\/wp\/v2\/users\/10"}],"replies":[{"embeddable":true,"href":"https:\/\/papunet.net\/saavutettavuus\/wp-json\/wp\/v2\/comments?post=251"}],"version-history":[{"count":0,"href":"https:\/\/papunet.net\/saavutettavuus\/wp-json\/wp\/v2\/pages\/251\/revisions"}],"up":[{"embeddable":true,"href":"https:\/\/papunet.net\/saavutettavuus\/wp-json\/wp\/v2\/pages\/130"}],"wp:attachment":[{"href":"https:\/\/papunet.net\/saavutettavuus\/wp-json\/wp\/v2\/media?parent=251"}],"curies":[{"name":"wp","href":"https:\/\/api.w.org\/{rel}","templated":true}]}}