{"id":255,"date":"2022-11-25T14:44:07","date_gmt":"2022-11-25T12:44:07","guid":{"rendered":"https:\/\/papunet.net\/saavutettavuus\/?page_id=255"},"modified":"2022-11-25T14:44:07","modified_gmt":"2022-11-25T12:44:07","slug":"3-1-6-aantamys","status":"publish","type":"page","link":"https:\/\/papunet.net\/saavutettavuus\/ohjeita-ja-oppaita\/teknisen-saavutettavuuden-ohjeet-wcag\/wcag-2-2-saavutettavuusohjeet\/3-1-6-aantamys\/","title":{"rendered":"3.1.6 \u00c4\u00e4nt\u00e4mys"},"content":{"rendered":"\n<h2>Kri\u00adtee\u00adrin taso: AAA<\/h2>\n<h2>Ku\u00advaus<\/h2>\n<p>K\u00e4y\u00adtet\u00adt\u00e4\u00advis\u00ads\u00e4 on <a href=\"https:\/\/www.w3.org\/Translations\/WCAG20-fi\/#mechanismdef\">me\u00adka\u00adnis\u00admi<\/a> sa\u00adno\u00adjen t\u00e4s\u00adm\u00e4l\u00adli\u00adsen \u00e4\u00e4n\u00adt\u00e4\u00admis\u00adta\u00advan tun\u00adnis\u00adta\u00admi\u00adsek\u00adsi sil\u00adloin, kun sa\u00adno\u00adjen mer\u00adki\u00adtys kon\u00adteks\u00adtis\u00adsaan oli\u00adsi mo\u00adni\u00adtul\u00adkin\u00adtai\u00adnen, jos \u00e4\u00e4n\u00adt\u00e4\u00admis\u00adta\u00adpa ei ole tie\u00addos\u00adsa.<\/p>\n<p><a href=\"https:\/\/www.w3.org\/Translations\/WCAG20-fi\/#meaning-pronunciation\">Lue li\u00ads\u00e4\u00e4 W3:n si\u00advuil\u00adta.<\/a><\/p>\n\n","protected":false},"excerpt":{"rendered":"<p>Kri\u00adtee\u00adrin taso: AAA Ku\u00advaus K\u00e4y\u00adtet\u00adt\u00e4\u00advis\u00ads\u00e4 on me\u00adka\u00adnis\u00admi sa\u00adno\u00adjen t\u00e4s\u00adm\u00e4l\u00adli\u00adsen \u00e4\u00e4n\u00adt\u00e4\u00admis\u00adta\u00advan tun\u00adnis\u00adta\u00admi\u00adsek\u00adsi sil\u00adloin, kun sa\u00adno\u00adjen mer\u00adki\u00adtys kon\u00adteks\u00adtis\u00adsaan oli\u00adsi mo\u00adni\u00adtul\u00adkin\u00adtai\u00adnen, jos \u00e4\u00e4n\u00adt\u00e4\u00admis\u00adta\u00adpa ei ole tie\u00addos\u00adsa. Lue li\u00ads\u00e4\u00e4 W3:n si\u00advuil\u00adta.<\/p>\n","protected":false},"author":10,"featured_media":0,"parent":130,"menu_order":0,"comment_status":"closed","ping_status":"closed","template":"","meta":{"_acf_changed":false,"footnotes":""},"class_list":["post-255","page","type-page","status-publish","hentry"],"acf":[],"_links":{"self":[{"href":"https:\/\/papunet.net\/saavutettavuus\/wp-json\/wp\/v2\/pages\/255","targetHints":{"allow":["GET"]}}],"collection":[{"href":"https:\/\/papunet.net\/saavutettavuus\/wp-json\/wp\/v2\/pages"}],"about":[{"href":"https:\/\/papunet.net\/saavutettavuus\/wp-json\/wp\/v2\/types\/page"}],"author":[{"embeddable":true,"href":"https:\/\/papunet.net\/saavutettavuus\/wp-json\/wp\/v2\/users\/10"}],"replies":[{"embeddable":true,"href":"https:\/\/papunet.net\/saavutettavuus\/wp-json\/wp\/v2\/comments?post=255"}],"version-history":[{"count":0,"href":"https:\/\/papunet.net\/saavutettavuus\/wp-json\/wp\/v2\/pages\/255\/revisions"}],"up":[{"embeddable":true,"href":"https:\/\/papunet.net\/saavutettavuus\/wp-json\/wp\/v2\/pages\/130"}],"wp:attachment":[{"href":"https:\/\/papunet.net\/saavutettavuus\/wp-json\/wp\/v2\/media?parent=255"}],"curies":[{"name":"wp","href":"https:\/\/api.w.org\/{rel}","templated":true}]}}