{"id":257,"date":"2022-11-25T14:49:29","date_gmt":"2022-11-25T12:49:29","guid":{"rendered":"https:\/\/papunet.net\/saavutettavuus\/?page_id=257"},"modified":"2023-01-23T12:03:21","modified_gmt":"2023-01-23T10:03:21","slug":"3-2-2-syote","status":"publish","type":"page","link":"https:\/\/papunet.net\/saavutettavuus\/ohjeita-ja-oppaita\/teknisen-saavutettavuuden-ohjeet-wcag\/wcag-2-2-saavutettavuusohjeet\/3-2-2-syote\/","title":{"rendered":"3.2.2 Sy\u00f6te"},"content":{"rendered":"\n<h2>Kri\u00adtee\u00adri (taso A)<\/h2>\n<p>Min\u00adk\u00e4\u00e4n k\u00e4yt\u00adt\u00f6\u00adliit\u00adty\u00adm\u00e4\u00adkom\u00adpo\u00adnen\u00adtin ase\u00adtuk\u00adsen muut\u00adta\u00admi\u00adnen ei au\u00adto\u00admaat\u00adti\u00adses\u00adti ai\u00adheu\u00adta kon\u00adteks\u00adtin muu\u00adtos\u00adta, el\u00adlei k\u00e4yt\u00adt\u00e4\u00adj\u00e4\u00e4 ole oh\u00adjeis\u00adtet\u00adtu t\u00e4l\u00adlai\u00adses\u00adta toi\u00admin\u00adnos\u00adta en\u00adnen kom\u00adpo\u00adnen\u00adtin k\u00e4yt\u00adt\u00f6\u00e4.<\/p>\n<p><a href=\"https:\/\/www.w3.org\/Translations\/WCAG20-fi\/#consistent-behavior-unpredictable-change\">Lue li\u00ads\u00e4\u00e4 W3:n si\u00advuil\u00adta.<\/a><\/p>\n<h2>Ku\u00advaus<\/h2>\n<p>Kun k\u00e4yt\u00adt\u00e4\u00adj\u00e4 sy\u00f6t\u00adt\u00e4\u00e4 tie\u00adtoa tai muut\u00adtaa jon\u00adkin verk\u00adko\u00adsi\u00advun ele\u00admen\u00adtin ase\u00adtus\u00adta tai ar\u00advoa, t\u00e4\u00adm\u00e4n seu\u00adrauk\u00adse\u00adna<\/p>\n<ul>\n<li>sivu ei mer\u00adkit\u00adt\u00e4\u00adv\u00e4s\u00adti muu\u00adtu<\/li>\n<li>pop\u00ad up-\u00adik\u00adku\u00adna ei avau\u00addu<\/li>\n<li>n\u00e4p\u00adp\u00e4i\u00admis\u00adt\u00f6n fo\u00adkus ei siir\u00adry loo\u00adgi\u00adses\u00adta pai\u00adkas\u00adtaan<\/li>\n<li>ei ta\u00adpah\u00addu mi\u00adt\u00e4\u00e4n muu\u00adta muu\u00adtos\u00adta, joka voi\u00adsi h\u00e4m\u00admen\u00adt\u00e4\u00e4 tai di\u00adso\u00adrien\u00adtoi\u00adda k\u00e4yt\u00adt\u00e4\u00adj\u00e4\u00e4, el\u00adlei t\u00e4s\u00adt\u00e4 ole ker\u00adrot\u00adtu k\u00e4yt\u00adt\u00e4\u00adj\u00e4l\u00adle etu\u00adk\u00e4\u00adteen.<\/li>\n<\/ul>\n<p>Esi\u00admerk\u00adke\u00adj\u00e4:<\/p>\n<ul>\n<li>Kun lis\u00e4t\u00e4\u00e4n uut\u00adta mer\u00adkin\u00adt\u00e4\u00e4 ka\u00adlen\u00adte\u00adri\u00adlo\u00admak\u00adkee\u00adseen, ra\u00addio \u00adbut\u00adton \u00ad-ele\u00admen\u00adtin va\u00adlit\u00adse\u00admi\u00adnen li\u00ads\u00e4\u00e4 kak\u00adsi yli\u00adm\u00e4\u00e4\u00adr\u00e4is\u00adt\u00e4 kent\u00adt\u00e4\u00e4 lo\u00admak\u00adkeel\u00adle. T\u00e4m\u00e4 ei mer\u00adkit\u00adt\u00e4\u00adv\u00e4s\u00adti muu\u00adta si\u00advun ra\u00adken\u00adnet\u00adta, joten t\u00e4m\u00e4 kri\u00adtee\u00adri t\u00e4yt\u00adtyy.<\/li>\n<li>Jos edel\u00adli\u00adses\u00ads\u00e4 esi\u00admer\u00adkis\u00ads\u00e4 fo\u00adkus siir\u00adtyy ra\u00addio \u00adbut\u00adton -\u00adele\u00admen\u00adtin va\u00adlit\u00adse\u00admi\u00adsen j\u00e4l\u00adkeen uu\u00adteen ele\u00adment\u00adtiin au\u00adto\u00admaat\u00adti\u00adses\u00adti tai avaa pop \u00adup \u00ad-ik\u00adku\u00adnan, on t\u00e4s\u00adt\u00e4 ker\u00adrot\u00adta\u00adva k\u00e4yt\u00adt\u00e4\u00adj\u00e4l\u00adle lo\u00admak\u00adkeen alus\u00adsa, jot\u00adta t\u00e4m\u00e4 kri\u00adtee\u00adri t\u00e4yt\u00adtyy.<\/li>\n<\/ul>\n\n","protected":false},"excerpt":{"rendered":"<p>Kri\u00adtee\u00adri (taso A) Min\u00adk\u00e4\u00e4n k\u00e4yt\u00adt\u00f6\u00adliit\u00adty\u00adm\u00e4\u00adkom\u00adpo\u00adnen\u00adtin ase\u00adtuk\u00adsen muut\u00adta\u00admi\u00adnen ei au\u00adto\u00admaat\u00adti\u00adses\u00adti ai\u00adheu\u00adta kon\u00adteks\u00adtin muu\u00adtos\u00adta, el\u00adlei k\u00e4yt\u00adt\u00e4\u00adj\u00e4\u00e4 ole oh\u00adjeis\u00adtet\u00adtu t\u00e4l\u00adlai\u00adses\u00adta toi\u00admin\u00adnos\u00adta en\u00adnen kom\u00adpo\u00adnen\u00adtin k\u00e4yt\u00adt\u00f6\u00e4. Lue li\u00ads\u00e4\u00e4 W3:n si\u00advuil\u00adta. Ku\u00advaus Kun k\u00e4yt\u00adt\u00e4\u00adj\u00e4 sy\u00f6t\u00adt\u00e4\u00e4 tie\u00adtoa tai muut\u00adtaa jon\u00adkin verk\u00adko\u00adsi\u00advun ele\u00admen\u00adtin ase\u00adtus\u00adta [&hellip;]<span class=\"moretag\">Lue lis\u00e4\u00e4&#8230;<\/span><\/p>\n","protected":false},"author":10,"featured_media":0,"parent":130,"menu_order":0,"comment_status":"closed","ping_status":"closed","template":"","meta":{"_acf_changed":false,"footnotes":""},"class_list":["post-257","page","type-page","status-publish","hentry"],"acf":[],"_links":{"self":[{"href":"https:\/\/papunet.net\/saavutettavuus\/wp-json\/wp\/v2\/pages\/257","targetHints":{"allow":["GET"]}}],"collection":[{"href":"https:\/\/papunet.net\/saavutettavuus\/wp-json\/wp\/v2\/pages"}],"about":[{"href":"https:\/\/papunet.net\/saavutettavuus\/wp-json\/wp\/v2\/types\/page"}],"author":[{"embeddable":true,"href":"https:\/\/papunet.net\/saavutettavuus\/wp-json\/wp\/v2\/users\/10"}],"replies":[{"embeddable":true,"href":"https:\/\/papunet.net\/saavutettavuus\/wp-json\/wp\/v2\/comments?post=257"}],"version-history":[{"count":0,"href":"https:\/\/papunet.net\/saavutettavuus\/wp-json\/wp\/v2\/pages\/257\/revisions"}],"up":[{"embeddable":true,"href":"https:\/\/papunet.net\/saavutettavuus\/wp-json\/wp\/v2\/pages\/130"}],"wp:attachment":[{"href":"https:\/\/papunet.net\/saavutettavuus\/wp-json\/wp\/v2\/media?parent=257"}],"curies":[{"name":"wp","href":"https:\/\/api.w.org\/{rel}","templated":true}]}}