{"id":262,"date":"2022-11-25T15:03:45","date_gmt":"2022-11-25T13:03:45","guid":{"rendered":"https:\/\/papunet.net\/saavutettavuus\/?page_id=262"},"modified":"2023-01-23T12:49:57","modified_gmt":"2023-01-23T10:49:57","slug":"3-3-1-virheen-tunnistaminen","status":"publish","type":"page","link":"https:\/\/papunet.net\/saavutettavuus\/ohjeita-ja-oppaita\/teknisen-saavutettavuuden-ohjeet-wcag\/wcag-2-2-saavutettavuusohjeet\/3-3-1-virheen-tunnistaminen\/","title":{"rendered":"3.3.1 Virheen tunnistaminen"},"content":{"rendered":"\n<h2>Kri\u00adtee\u00adri (taso A)<\/h2>\n<p>Jos <a href=\"https:\/\/www.w3.org\/Translations\/WCAG20-fi\/#input-errordef\">sy\u00f6\u00adte\u00advir\u00adhe<\/a> ha\u00advai\u00adtaan au\u00adto\u00admaat\u00adti\u00adses\u00adti, vir\u00adheel\u00adli\u00adnen koh\u00adta tun\u00adnis\u00adte\u00adtaan ja vir\u00adhe ku\u00adva\u00adtaan k\u00e4yt\u00adt\u00e4\u00adj\u00e4l\u00adle teks\u00adti\u00admuo\u00adtoi\u00adse\u00adna.<\/p>\n<p><a href=\"https:\/\/www.w3.org\/Translations\/WCAG20-fi\/#minimize-error-identified\">Lue li\u00ads\u00e4\u00e4 W3:n si\u00advuil\u00adta.<\/a><\/p>\n<h2>Ku\u00advaus<\/h2>\n<p>Jos lo\u00admak\u00adkeel\u00adla ha\u00advai\u00adtaan sy\u00f6\u00adte\u00advir\u00adhe, sen paik\u00adka osoi\u00adte\u00adtaan ja vir\u00adheen ku\u00advaus esi\u00adte\u00adt\u00e4\u00e4n teks\u00adti\u00admuo\u00adtoi\u00adse\u00adna. Vir\u00adhe voi\u00addaan ku\u00adva\u00adta esi\u00admer\u00adkik\u00adsi<\/p>\n<ul>\n<li>asia\u00adkas\u00adpuo\u00adlen skrip\u00adtauk\u00adsen avul\u00adla to\u00adteu\u00adte\u00adtul\u00adla vir\u00adheil\u00admoi\u00adtuk\u00adsel\u00adla (\u201dalert box\u201d)<\/li>\n<li>si\u00advun ni\u00admes\u00ads\u00e4 (\u201dpage-\u00adtit\u00adle\u201d)<\/li>\n<li>si\u00advun alus\u00adsa lis\u00adta\u00adna<\/li>\n<li>on\u00adgel\u00admal\u00adli\u00adsen koh\u00addan la\u00adbel\u00ad-ele\u00admen\u00adtis\u00ads\u00e4.<\/li>\n<\/ul>\n<p><em>Huo\u00admioi\u00adta\u00advaa<\/em>:<\/p>\n<ul>\n<li>Il\u00admoi\u00adtus on koh\u00adden\u00adnet\u00adta\u00adva v\u00e4\u00adhin\u00adt\u00e4\u00e4n yh\u00addel\u00adl\u00e4 ta\u00adval\u00adla vir\u00adheel\u00adli\u00adseen tai puut\u00adteel\u00adli\u00adseen kent\u00adt\u00e4\u00e4n.<\/li>\n<li>Usei\u00adta ta\u00adpo\u00adja voi\u00addaan k\u00e4yt\u00adt\u00e4\u00e4 sa\u00adman\u00adai\u00adkai\u00adses\u00adti (lis\u00adta si\u00advun yl\u00e4\u00adreu\u00adnas\u00adsa ja li\u00ads\u00e4k\u00adsi vir\u00adheel\u00adli\u00adsen koh\u00addan la\u00adbe\u00adl-e\u00adle\u00admen\u00adtis\u00ads\u00e4).<\/li>\n<\/ul>\n<h2>Mi\u00adten tar\u00adkis\u00adte\u00adtaan<\/h2>\n<p>Teks\u00adti\u00admuo\u00adtoi\u00adsen in\u00adfor\u00admaa\u00adtion li\u00ads\u00e4k\u00adsi mui\u00adta ta\u00adpo\u00adja ku\u00adva\u00adta on\u00adgel\u00admaa on erit\u00adt\u00e4in suo\u00adsi\u00adtel\u00adta\u00advaa k\u00e4yt\u00adt\u00e4\u00e4 (v\u00e4ri, muo\u00adtoi\u00adlu).<\/p>\n\n","protected":false},"excerpt":{"rendered":"<p>Kri\u00adtee\u00adri (taso A) Jos sy\u00f6\u00adte\u00advir\u00adhe ha\u00advai\u00adtaan au\u00adto\u00admaat\u00adti\u00adses\u00adti, vir\u00adheel\u00adli\u00adnen koh\u00adta tun\u00adnis\u00adte\u00adtaan ja vir\u00adhe ku\u00adva\u00adtaan k\u00e4yt\u00adt\u00e4\u00adj\u00e4l\u00adle teks\u00adti\u00admuo\u00adtoi\u00adse\u00adna. Lue li\u00ads\u00e4\u00e4 W3:n si\u00advuil\u00adta. Ku\u00advaus Jos lo\u00admak\u00adkeel\u00adla ha\u00advai\u00adtaan sy\u00f6\u00adte\u00advir\u00adhe, sen paik\u00adka osoi\u00adte\u00adtaan ja vir\u00adheen ku\u00advaus esi\u00adte\u00adt\u00e4\u00e4n teks\u00adti\u00admuo\u00adtoi\u00adse\u00adna. Vir\u00adhe voi\u00addaan ku\u00adva\u00adta esi\u00admer\u00adkik\u00adsi [&hellip;]<span class=\"moretag\">Lue lis\u00e4\u00e4&#8230;<\/span><\/p>\n","protected":false},"author":10,"featured_media":0,"parent":130,"menu_order":0,"comment_status":"closed","ping_status":"closed","template":"","meta":{"_acf_changed":false,"footnotes":""},"class_list":["post-262","page","type-page","status-publish","hentry"],"acf":[],"_links":{"self":[{"href":"https:\/\/papunet.net\/saavutettavuus\/wp-json\/wp\/v2\/pages\/262","targetHints":{"allow":["GET"]}}],"collection":[{"href":"https:\/\/papunet.net\/saavutettavuus\/wp-json\/wp\/v2\/pages"}],"about":[{"href":"https:\/\/papunet.net\/saavutettavuus\/wp-json\/wp\/v2\/types\/page"}],"author":[{"embeddable":true,"href":"https:\/\/papunet.net\/saavutettavuus\/wp-json\/wp\/v2\/users\/10"}],"replies":[{"embeddable":true,"href":"https:\/\/papunet.net\/saavutettavuus\/wp-json\/wp\/v2\/comments?post=262"}],"version-history":[{"count":0,"href":"https:\/\/papunet.net\/saavutettavuus\/wp-json\/wp\/v2\/pages\/262\/revisions"}],"up":[{"embeddable":true,"href":"https:\/\/papunet.net\/saavutettavuus\/wp-json\/wp\/v2\/pages\/130"}],"wp:attachment":[{"href":"https:\/\/papunet.net\/saavutettavuus\/wp-json\/wp\/v2\/media?parent=262"}],"curies":[{"name":"wp","href":"https:\/\/api.w.org\/{rel}","templated":true}]}}