{"id":263,"date":"2022-11-28T09:09:28","date_gmt":"2022-11-28T07:09:28","guid":{"rendered":"https:\/\/papunet.net\/saavutettavuus\/?page_id=263"},"modified":"2023-01-23T12:17:30","modified_gmt":"2023-01-23T10:17:30","slug":"3-3-2-nimilaput-tai-ohjeet","status":"publish","type":"page","link":"https:\/\/papunet.net\/saavutettavuus\/ohjeita-ja-oppaita\/teknisen-saavutettavuuden-ohjeet-wcag\/wcag-2-2-saavutettavuusohjeet\/3-3-2-nimilaput-tai-ohjeet\/","title":{"rendered":"3.3.2 Nimilaput tai ohjeet"},"content":{"rendered":"\n<h2>Kri\u00adtee\u00adri (taso A)<\/h2>\n<p>Kun si\u00ads\u00e4l\u00adt\u00f6 edel\u00adlyt\u00adt\u00e4\u00e4 k\u00e4yt\u00adt\u00e4\u00adj\u00e4n sy\u00f6\u00adtet\u00adt\u00e4, tar\u00adjol\u00adla on <a href=\"https:\/\/www.w3.org\/Translations\/WCAG20-fi\/#labeldef\">ni\u00admi\u00adlap\u00adpu\u00adja<\/a> tai oh\u00adjei\u00adta.<\/p>\n<p><a href=\"https:\/\/www.w3.org\/Translations\/WCAG20-fi\/#minimize-error-cues\">Lue li\u00ads\u00e4\u00e4 W3:n si\u00advuil\u00adta.<\/a><\/p>\n<h2>Ku\u00advaus<\/h2>\n<p>Onko k\u00e4yt\u00adt\u00e4\u00adj\u00e4\u00e4 oh\u00adjeis\u00adtet\u00adtu riit\u00adt\u00e4\u00adv\u00e4s\u00adti, mi\u00adk\u00e4\u00adli h\u00e4\u00adnen edel\u00adly\u00adte\u00adt\u00e4\u00e4n sy\u00f6t\u00adt\u00e4\u00adv\u00e4n tie\u00adtoa verk\u00adko\u00adpal\u00adve\u00adluun? K\u00e4ytt\u00e4j\u00e4lle kerrotaan, jos jo\u00adkin lo\u00adma\u00adke\u00ad-ele\u00adment\u00adti vaa\u00adtii<\/p>\n<ul>\n<li>t\u00e4yt\u00adt\u00e4\u00admi\u00adsen yli\u00adp\u00e4\u00e4\u00adt\u00e4\u00e4n<\/li>\n<li>t\u00e4yt\u00adt\u00e4\u00admi\u00adsen tie\u00adtys\u00ads\u00e4 muo\u00addos\u00adsa<\/li>\n<li>tie\u00adtyn ni\u00admen\u00adomai\u00adsen ar\u00advon<\/li>\n<li>tie\u00adtyn pi\u00adtui\u00adsen ar\u00advon.<\/li>\n<\/ul>\n<h2>Mi\u00adten tar\u00adkis\u00adte\u00adtaan<\/h2>\n<p>En\u00adsi\u00adsi\u00adjai\u00adses\u00adti kan\u00adnat\u00adtaa k\u00e4yt\u00adt\u00e4\u00e4 lo\u00adma\u00adke\u00adken\u00adt\u00e4n la\u00adbel\u00ad-ele\u00adment\u00adti\u00e4. Oh\u00adjei\u00adta ja esi\u00admerk\u00adke\u00adj\u00e4 voi an\u00adtaa my\u00f6s esi\u00admer\u00adkik\u00adsi fieldset- ja legend-ele\u00adment\u00adtien avul\u00adla.<\/p>\n\n","protected":false},"excerpt":{"rendered":"<p>Kri\u00adtee\u00adri (taso A) Kun si\u00ads\u00e4l\u00adt\u00f6 edel\u00adlyt\u00adt\u00e4\u00e4 k\u00e4yt\u00adt\u00e4\u00adj\u00e4n sy\u00f6\u00adtet\u00adt\u00e4, tar\u00adjol\u00adla on ni\u00admi\u00adlap\u00adpu\u00adja tai oh\u00adjei\u00adta. Lue li\u00ads\u00e4\u00e4 W3:n si\u00advuil\u00adta. Ku\u00advaus Onko k\u00e4yt\u00adt\u00e4\u00adj\u00e4\u00e4 oh\u00adjeis\u00adtet\u00adtu riit\u00adt\u00e4\u00adv\u00e4s\u00adti, mi\u00adk\u00e4\u00adli h\u00e4\u00adnen edel\u00adly\u00adte\u00adt\u00e4\u00e4n sy\u00f6t\u00adt\u00e4\u00adv\u00e4n tie\u00adtoa verk\u00adko\u00adpal\u00adve\u00adluun? K\u00e4ytt\u00e4j\u00e4lle kerrotaan, jos jo\u00adkin lo\u00adma\u00adke\u00ad-ele\u00adment\u00adti vaa\u00adtii t\u00e4yt\u00adt\u00e4\u00admi\u00adsen yli\u00adp\u00e4\u00e4\u00adt\u00e4\u00e4n [&hellip;]<span class=\"moretag\">Lue lis\u00e4\u00e4&#8230;<\/span><\/p>\n","protected":false},"author":10,"featured_media":0,"parent":130,"menu_order":0,"comment_status":"closed","ping_status":"closed","template":"","meta":{"_acf_changed":false,"footnotes":""},"class_list":["post-263","page","type-page","status-publish","hentry"],"acf":[],"_links":{"self":[{"href":"https:\/\/papunet.net\/saavutettavuus\/wp-json\/wp\/v2\/pages\/263","targetHints":{"allow":["GET"]}}],"collection":[{"href":"https:\/\/papunet.net\/saavutettavuus\/wp-json\/wp\/v2\/pages"}],"about":[{"href":"https:\/\/papunet.net\/saavutettavuus\/wp-json\/wp\/v2\/types\/page"}],"author":[{"embeddable":true,"href":"https:\/\/papunet.net\/saavutettavuus\/wp-json\/wp\/v2\/users\/10"}],"replies":[{"embeddable":true,"href":"https:\/\/papunet.net\/saavutettavuus\/wp-json\/wp\/v2\/comments?post=263"}],"version-history":[{"count":0,"href":"https:\/\/papunet.net\/saavutettavuus\/wp-json\/wp\/v2\/pages\/263\/revisions"}],"up":[{"embeddable":true,"href":"https:\/\/papunet.net\/saavutettavuus\/wp-json\/wp\/v2\/pages\/130"}],"wp:attachment":[{"href":"https:\/\/papunet.net\/saavutettavuus\/wp-json\/wp\/v2\/media?parent=263"}],"curies":[{"name":"wp","href":"https:\/\/api.w.org\/{rel}","templated":true}]}}