{"id":264,"date":"2022-11-28T09:12:51","date_gmt":"2022-11-28T07:12:51","guid":{"rendered":"https:\/\/papunet.net\/saavutettavuus\/?page_id=264"},"modified":"2022-11-28T09:12:51","modified_gmt":"2022-11-28T07:12:51","slug":"3-3-3-virheen-korjausehdotus","status":"publish","type":"page","link":"https:\/\/papunet.net\/saavutettavuus\/ohjeita-ja-oppaita\/teknisen-saavutettavuuden-ohjeet-wcag\/wcag-2-2-saavutettavuusohjeet\/3-3-3-virheen-korjausehdotus\/","title":{"rendered":"3.3.3 Virheen korjausehdotus"},"content":{"rendered":"\n<h2>Kri\u00adtee\u00adri (taso AA)<\/h2>\n<p>Jos <a href=\"https:\/\/www.w3.org\/Translations\/WCAG20-fi\/#input-errordef\">sy\u00f6\u00adte\u00advir\u00adhe<\/a> ha\u00advai\u00adtaan au\u00adto\u00admaat\u00adti\u00adses\u00adti ja kor\u00adjauseh\u00addo\u00adtuk\u00adset tun\u00adne\u00adtaan, eh\u00addo\u00adtuk\u00adset esi\u00adte\u00adt\u00e4\u00e4n k\u00e4yt\u00adt\u00e4\u00adj\u00e4l\u00adle, pait\u00adsi jos t\u00e4m\u00e4 vaa\u00adran\u00adtai\u00adsi tie\u00adto\u00adtur\u00advan tai si\u00ads\u00e4l\u00adl\u00f6n mer\u00adki\u00adtyk\u00adsen.<\/p>\n<p><a href=\"https:\/\/www.w3.org\/Translations\/WCAG20-fi\/#minimize-error-suggestions\">Lue li\u00ads\u00e4\u00e4 W3:n si\u00advuil\u00adta.<\/a><\/p>\n<h2>Ku\u00advaus<\/h2>\n<p>Jos lo\u00admak\u00adkeel\u00adla ha\u00advai\u00adtaan sy\u00f6\u00adte\u00advir\u00adhei\u00adt\u00e4, kor\u00adjauseh\u00addo\u00adtuk\u00adset esi\u00adte\u00adt\u00e4\u00e4n k\u00e4yt\u00adt\u00e4\u00adj\u00e4l\u00adle (mi\u00adk\u00e4\u00adli ne tun\u00adne\u00adtaan). Mi\u00adk\u00e4\u00adli vir\u00adhei\u00adden ku\u00advaa\u00admi\u00adnen vaa\u00adran\u00adtai\u00adsi tie\u00adto\u00adtur\u00advan tai muut\u00adtai\u00adsi si\u00ads\u00e4l\u00adl\u00f6n mer\u00adki\u00adtyk\u00adsen, ei eh\u00addo\u00adtuk\u00adsia tar\u00advit\u00adse an\u00adtaa. T\u00e4m\u00e4 kri\u00adtee\u00adri laa\u00adjen\u00adtaa kri\u00adtee\u00adri\u00e4 3.3.1 esi\u00admer\u00adkik\u00adsi seu\u00adraa\u00advas\u00adti:<\/p>\n<ul>\n<li>Eh\u00addot\u00adta\u00admal\u00adla vaih\u00adtoeh\u00adto\u00adja kor\u00adjat\u00adta\u00advaan kent\u00adt\u00e4\u00e4n.<\/li>\n<li>Tar\u00adjoa\u00admal\u00adla lis\u00adtauk\u00adsen kai\u00adkis\u00adta hy\u00adv\u00e4k\u00adsyt\u00adt\u00e4\u00advis\u00adt\u00e4 vaih\u00adtoeh\u00addois\u00adta.<\/li>\n<\/ul>\n\n","protected":false},"excerpt":{"rendered":"<p>Kri\u00adtee\u00adri (taso AA) Jos sy\u00f6\u00adte\u00advir\u00adhe ha\u00advai\u00adtaan au\u00adto\u00admaat\u00adti\u00adses\u00adti ja kor\u00adjauseh\u00addo\u00adtuk\u00adset tun\u00adne\u00adtaan, eh\u00addo\u00adtuk\u00adset esi\u00adte\u00adt\u00e4\u00e4n k\u00e4yt\u00adt\u00e4\u00adj\u00e4l\u00adle, pait\u00adsi jos t\u00e4m\u00e4 vaa\u00adran\u00adtai\u00adsi tie\u00adto\u00adtur\u00advan tai si\u00ads\u00e4l\u00adl\u00f6n mer\u00adki\u00adtyk\u00adsen. Lue li\u00ads\u00e4\u00e4 W3:n si\u00advuil\u00adta. Ku\u00advaus Jos lo\u00admak\u00adkeel\u00adla ha\u00advai\u00adtaan sy\u00f6\u00adte\u00advir\u00adhei\u00adt\u00e4, kor\u00adjauseh\u00addo\u00adtuk\u00adset esi\u00adte\u00adt\u00e4\u00e4n k\u00e4yt\u00adt\u00e4\u00adj\u00e4l\u00adle (mi\u00adk\u00e4\u00adli ne tun\u00adne\u00adtaan). [&hellip;]<span class=\"moretag\">Lue lis\u00e4\u00e4&#8230;<\/span><\/p>\n","protected":false},"author":10,"featured_media":0,"parent":130,"menu_order":0,"comment_status":"closed","ping_status":"closed","template":"","meta":{"_acf_changed":false,"footnotes":""},"class_list":["post-264","page","type-page","status-publish","hentry"],"acf":[],"_links":{"self":[{"href":"https:\/\/papunet.net\/saavutettavuus\/wp-json\/wp\/v2\/pages\/264","targetHints":{"allow":["GET"]}}],"collection":[{"href":"https:\/\/papunet.net\/saavutettavuus\/wp-json\/wp\/v2\/pages"}],"about":[{"href":"https:\/\/papunet.net\/saavutettavuus\/wp-json\/wp\/v2\/types\/page"}],"author":[{"embeddable":true,"href":"https:\/\/papunet.net\/saavutettavuus\/wp-json\/wp\/v2\/users\/10"}],"replies":[{"embeddable":true,"href":"https:\/\/papunet.net\/saavutettavuus\/wp-json\/wp\/v2\/comments?post=264"}],"version-history":[{"count":0,"href":"https:\/\/papunet.net\/saavutettavuus\/wp-json\/wp\/v2\/pages\/264\/revisions"}],"up":[{"embeddable":true,"href":"https:\/\/papunet.net\/saavutettavuus\/wp-json\/wp\/v2\/pages\/130"}],"wp:attachment":[{"href":"https:\/\/papunet.net\/saavutettavuus\/wp-json\/wp\/v2\/media?parent=264"}],"curies":[{"name":"wp","href":"https:\/\/api.w.org\/{rel}","templated":true}]}}