{"id":268,"date":"2022-11-28T09:29:40","date_gmt":"2022-11-28T07:29:40","guid":{"rendered":"https:\/\/papunet.net\/saavutettavuus\/?page_id=268"},"modified":"2024-06-04T09:09:32","modified_gmt":"2024-06-04T06:09:32","slug":"4-1-1-jasentaminen","status":"publish","type":"page","link":"https:\/\/papunet.net\/saavutettavuus\/ohjeita-ja-oppaita\/teknisen-saavutettavuuden-ohjeet-wcag\/wcag-2-2-saavutettavuusohjeet\/4-1-1-jasentaminen\/","title":{"rendered":"4.1.1 J\u00e4sent\u00e4minen (vanhentunut ja poistettu)"},"content":{"rendered":"\n<h2>Kri\u00adtee\u00adri (taso A)<\/h2>\n<p>Kun si\u00ads\u00e4l\u00adt\u00f6 on to\u00adteu\u00adtet\u00adtu merk\u00adkaus\u00adkie\u00adli\u00e4 k\u00e4yt\u00adt\u00e4\u00adm\u00e4l\u00adl\u00e4, ele\u00admen\u00adteil\u00adl\u00e4 on t\u00e4y\u00addel\u00adli\u00adset alku- ja lop\u00adpu\u00adta\u00adgit, ele\u00admen\u00adtit on j\u00e4r\u00adjes\u00adtet\u00adty si\u00ads\u00e4k\u00adk\u00e4in m\u00e4\u00e4\u00adri\u00adtys\u00adten\u00ads\u00e4 mu\u00adkaan, sa\u00admaa att\u00adri\u00adbuut\u00adtia ei ole an\u00adnet\u00adtu ele\u00admen\u00adteil\u00adle mo\u00adneen ker\u00adtaan ja kaik\u00adki ID-tyyp\u00adpi\u00adset tun\u00adnis\u00adteet ovat yk\u00adsi\u00adl\u00f6l\u00adli\u00adsi\u00e4 pait\u00adsi ti\u00adlan\u00adteis\u00adsa, jois\u00adsa m\u00e4\u00e4\u00adri\u00adtyk\u00adset sal\u00adli\u00advat t\u00e4\u00adm\u00e4n\u00adkal\u00adtai\u00adset omi\u00adnai\u00adsuu\u00addet.<\/p>\n<p><em>Huomautus<\/em>: alku- ja lop\u00adpu\u00adta\u00adgit, joi\u00adden muo\u00adtoi\u00adlus\u00adta puut\u00adtuu jo\u00adkin kriit\u00adti\u00adnen merk\u00adki ku\u00adten p\u00e4\u00e4t\u00adt\u00e4\u00adv\u00e4 \u201dsuu\u00adrem\u00adpi kuin\u201d -merk\u00adki tai so\u00adpi\u00adva lai\u00adnaus\u00admerk\u00adki att\u00adri\u00adbuu\u00adtin ar\u00advos\u00adta, ei\u00adv\u00e4t ole t\u00e4y\u00addel\u00adli\u00adsi\u00e4.<\/p>\n<p><a href=\"https:\/\/www.w3.org\/Translations\/WCAG20-fi\/#ensure-compat-parses\">Lue li\u00ads\u00e4\u00e4 W3:n si\u00advuil\u00adta.<\/a><\/p>\n<h2>Ku\u00advaus<\/h2>\n<p>Onko verk\u00adko\u00adpal\u00adve\u00adlun si\u00ads\u00e4l\u00adt\u00e4\u00adm\u00e4 HTML\u00ad-koo\u00addi sel\u00adlais\u00adta, ett\u00e4 k\u00e4y\u00adtet\u00adt\u00e4\u00adv\u00e4t oh\u00adjel\u00admat (esim. se\u00adlai\u00admet ja ruu\u00addun\u00adlu\u00adkuoh\u00adjel\u00admat) pys\u00adty\u00adv\u00e4t esit\u00adt\u00e4\u00adm\u00e4\u00e4n (j\u00e4\u00adsen\u00adt\u00e4\u00adm\u00e4\u00e4n) sen oi\u00adkein? Kri\u00adtee\u00adri t\u00e4yt\u00adtyy au\u00adto\u00admaat\u00adti\u00adses\u00adti, jos k\u00e4y\u00adte\u00adt\u00e4\u00e4n HTML-\/\u200bXHTML-\u00adm\u00e4\u00e4\u00adri\u00adtyk\u00adsen mu\u00adkais\u00adta koo\u00addia. Kri\u00adtee\u00adri ei t\u00e4t\u00e4 vaa\u00addi, mut\u00adta v\u00e4\u00adhin\u00adt\u00e4\u00e4n seu\u00adraa\u00advien eh\u00adto\u00adjen tu\u00adlee t\u00e4yt\u00adty\u00e4:<\/p>\n<ul>\n<li>Ele\u00adment\u00adtien aloi\u00adtus\u00ad ja lo\u00adpe\u00adtus\u00adta\u00adgit on mer\u00adkit\u00adty oi\u00adkein.<\/li>\n<li>Ele\u00admen\u00adtit on j\u00e4r\u00adjes\u00adtet\u00adty si\u00ads\u00e4k\u00adk\u00e4in oi\u00adkein (\u201dnes\u00adting\u201d).<\/li>\n<li>ID-\u00adtun\u00adnis\u00adteet ovat yk\u00adsi\u00adl\u00f6l\u00adli\u00adsi\u00e4.<\/li>\n<li>Si\u00advul\u00adla ei ole mui\u00adta mer\u00adkit\u00adt\u00e4\u00advi\u00e4 HTML-\/\u200bXHTML\u00ad-vir\u00adhei\u00adt\u00e4.<\/li>\n<\/ul>\n<h2>Mi\u00adten tar\u00adkis\u00adte\u00adtaan<\/h2>\n<p>Sivu kan\u00adnat\u00adtaa tar\u00adkis\u00adtaa esi\u00admer\u00adkik\u00adsi <a href=\"https:\/\/validator.w3.org\/\">W3C:n va\u00adli\u00addaat\u00adto\u00adril\u00adla<\/a>.<\/p>\n\n","protected":false},"excerpt":{"rendered":"<p>Kri\u00adtee\u00adri (taso A) Kun si\u00ads\u00e4l\u00adt\u00f6 on to\u00adteu\u00adtet\u00adtu merk\u00adkaus\u00adkie\u00adli\u00e4 k\u00e4yt\u00adt\u00e4\u00adm\u00e4l\u00adl\u00e4, ele\u00admen\u00adteil\u00adl\u00e4 on t\u00e4y\u00addel\u00adli\u00adset alku- ja lop\u00adpu\u00adta\u00adgit, ele\u00admen\u00adtit on j\u00e4r\u00adjes\u00adtet\u00adty si\u00ads\u00e4k\u00adk\u00e4in m\u00e4\u00e4\u00adri\u00adtys\u00adten\u00ads\u00e4 mu\u00adkaan, sa\u00admaa att\u00adri\u00adbuut\u00adtia ei ole an\u00adnet\u00adtu ele\u00admen\u00adteil\u00adle mo\u00adneen ker\u00adtaan ja kaik\u00adki ID-tyyp\u00adpi\u00adset tun\u00adnis\u00adteet ovat yk\u00adsi\u00adl\u00f6l\u00adli\u00adsi\u00e4 pait\u00adsi [&hellip;]<span class=\"moretag\">Lue lis\u00e4\u00e4&#8230;<\/span><\/p>\n","protected":false},"author":10,"featured_media":0,"parent":130,"menu_order":0,"comment_status":"closed","ping_status":"closed","template":"","meta":{"_acf_changed":false,"footnotes":""},"class_list":["post-268","page","type-page","status-publish","hentry"],"acf":[],"_links":{"self":[{"href":"https:\/\/papunet.net\/saavutettavuus\/wp-json\/wp\/v2\/pages\/268","targetHints":{"allow":["GET"]}}],"collection":[{"href":"https:\/\/papunet.net\/saavutettavuus\/wp-json\/wp\/v2\/pages"}],"about":[{"href":"https:\/\/papunet.net\/saavutettavuus\/wp-json\/wp\/v2\/types\/page"}],"author":[{"embeddable":true,"href":"https:\/\/papunet.net\/saavutettavuus\/wp-json\/wp\/v2\/users\/10"}],"replies":[{"embeddable":true,"href":"https:\/\/papunet.net\/saavutettavuus\/wp-json\/wp\/v2\/comments?post=268"}],"version-history":[{"count":0,"href":"https:\/\/papunet.net\/saavutettavuus\/wp-json\/wp\/v2\/pages\/268\/revisions"}],"up":[{"embeddable":true,"href":"https:\/\/papunet.net\/saavutettavuus\/wp-json\/wp\/v2\/pages\/130"}],"wp:attachment":[{"href":"https:\/\/papunet.net\/saavutettavuus\/wp-json\/wp\/v2\/media?parent=268"}],"curies":[{"name":"wp","href":"https:\/\/api.w.org\/{rel}","templated":true}]}}