{"id":270,"date":"2022-11-28T09:42:11","date_gmt":"2022-11-28T07:42:11","guid":{"rendered":"https:\/\/papunet.net\/saavutettavuus\/?page_id=270"},"modified":"2023-01-23T13:02:07","modified_gmt":"2023-01-23T11:02:07","slug":"4-1-3-tilasta-kertovat-viestit","status":"publish","type":"page","link":"https:\/\/papunet.net\/saavutettavuus\/ohjeita-ja-oppaita\/teknisen-saavutettavuuden-ohjeet-wcag\/wcag-2-2-saavutettavuusohjeet\/4-1-3-tilasta-kertovat-viestit\/","title":{"rendered":"4.1.3 Tilasta kertovat viestit"},"content":{"rendered":"\n<h2>Kri\u00adtee\u00adri (taso AA)<\/h2>\n<p>Sis\u00e4ll\u00f6ss\u00e4, joka on toteutettu k\u00e4ytt\u00e4en merkkauskieli\u00e4, <a href=\"https:\/\/papunet.net\/wcag\/WCAG-21-fi-final.html#dfn-status-messages\">ti\u00adlas\u00adta ker\u00adto\u00advat vies\u00adtit<\/a> voidaan <a href=\"https:\/\/papunet.net\/wcag\/WCAG-21-fi-final.html#dfn-programmatically-determinable\">sel\u00advit\u00adt\u00e4\u00e4 oh\u00adjel\u00admal\u00adli\u00adses\u00adti<\/a> sellaisen <a href=\"https:\/\/papunet.net\/wcag\/WCAG-21-fi-final.html#dfn-role\">roo\u00adlin<\/a> tai sellaisten ominaisuuksien avulla, jotka mahdollistavat viestin esitt\u00e4misen k\u00e4ytt\u00e4j\u00e4lle <a href=\"https:\/\/papunet.net\/wcag\/WCAG-21-fi-final.html#dfn-assistive-technologies\">avus\u00adta\u00advan tek\u00adno\u00adlo\u00adgian<\/a> avulla ilman kohdistuksen siirt\u00e4mist\u00e4.<\/p>\n<h2>Ku\u00advaus<\/h2>\n<p>T\u00e4r\u00adke\u00e4t il\u00admoi\u00adtus\u00advies\u00adtit tu\u00adlee olla to\u00adteu\u00adtet\u00adtu niin, ett\u00e4 vies\u00adti tu\u00adlee lue\u00adtuk\u00adsi \u00e4\u00e4\u00adneen my\u00f6s ruu\u00addun\u00adlu\u00adkuoh\u00adjel\u00admil\u00adla.<\/p>\n<p>Esi\u00admerk\u00adke\u00adj\u00e4 t\u00e4r\u00adkeis\u00adt\u00e4 vies\u00adteis\u00adt\u00e4:<\/p>\n<ul>\n<li>Toi\u00admin\u00adnon tu\u00adlos tai on\u00adnis\u00adtu\u00admi\u00adnen.<\/li>\n<li>Vir\u00adhe.<\/li>\n<li>Toi\u00admin\u00adto on k\u00e4yn\u00adnis\u00ads\u00e4 ja val\u00admis\u00adtu\u00admis\u00adta odo\u00adtel\u00adlaan.<\/li>\n<li>Toi\u00admin\u00adnon edis\u00adty\u00admi\u00adnen.<\/li>\n<\/ul>\n<p>Ra\u00adpor\u00adtoin\u00adti to\u00adteu\u00adte\u00adtaan tyy\u00adpil\u00adli\u00adses\u00adti k\u00e4yt\u00adt\u00e4\u00adm\u00e4l\u00adl\u00e4 ARIA-live-omi\u00adnai\u00adsuut\u00adta tai ARIA-roo\u00adlia alert.<\/p>\n<p>T\u00e4m\u00e4 kri\u00adtee\u00adri ei kos\u00adke ti\u00adlan\u00adtei\u00adta, jois\u00adsa il\u00admoi\u00adtus\u00advies\u00adti esi\u00adte\u00adt\u00e4\u00e4n si\u00advun\u00adla\u00adtauk\u00adsen yh\u00adtey\u00addes\u00ads\u00e4.<\/p>\n<h2>Mi\u00adten tar\u00adkis\u00adte\u00adtaan<\/h2>\n<p>Tar\u00adkis\u00adta HTML-koo\u00addis\u00adta, ett\u00e4 t\u00e4r\u00adkeis\u00ads\u00e4 vies\u00adteis\u00ads\u00e4 on k\u00e4y\u00adtet\u00adty so\u00adpi\u00advia ARIA-tek\u00adnii\u00adkoi\u00adta.<\/p>\n\n","protected":false},"excerpt":{"rendered":"<p>Kri\u00adtee\u00adri (taso AA) Sis\u00e4ll\u00f6ss\u00e4, joka on toteutettu k\u00e4ytt\u00e4en merkkauskieli\u00e4, ti\u00adlas\u00adta ker\u00adto\u00advat vies\u00adtit voidaan sel\u00advit\u00adt\u00e4\u00e4 oh\u00adjel\u00admal\u00adli\u00adses\u00adti sellaisen roo\u00adlin tai sellaisten ominaisuuksien avulla, jotka mahdollistavat viestin esitt\u00e4misen k\u00e4ytt\u00e4j\u00e4lle avus\u00adta\u00advan tek\u00adno\u00adlo\u00adgian avulla ilman kohdistuksen siirt\u00e4mist\u00e4. Ku\u00advaus T\u00e4r\u00adke\u00e4t il\u00admoi\u00adtus\u00advies\u00adtit tu\u00adlee [&hellip;]<span class=\"moretag\">Lue lis\u00e4\u00e4&#8230;<\/span><\/p>\n","protected":false},"author":10,"featured_media":0,"parent":130,"menu_order":0,"comment_status":"closed","ping_status":"closed","template":"","meta":{"_acf_changed":false,"footnotes":""},"class_list":["post-270","page","type-page","status-publish","hentry"],"acf":[],"_links":{"self":[{"href":"https:\/\/papunet.net\/saavutettavuus\/wp-json\/wp\/v2\/pages\/270","targetHints":{"allow":["GET"]}}],"collection":[{"href":"https:\/\/papunet.net\/saavutettavuus\/wp-json\/wp\/v2\/pages"}],"about":[{"href":"https:\/\/papunet.net\/saavutettavuus\/wp-json\/wp\/v2\/types\/page"}],"author":[{"embeddable":true,"href":"https:\/\/papunet.net\/saavutettavuus\/wp-json\/wp\/v2\/users\/10"}],"replies":[{"embeddable":true,"href":"https:\/\/papunet.net\/saavutettavuus\/wp-json\/wp\/v2\/comments?post=270"}],"version-history":[{"count":0,"href":"https:\/\/papunet.net\/saavutettavuus\/wp-json\/wp\/v2\/pages\/270\/revisions"}],"up":[{"embeddable":true,"href":"https:\/\/papunet.net\/saavutettavuus\/wp-json\/wp\/v2\/pages\/130"}],"wp:attachment":[{"href":"https:\/\/papunet.net\/saavutettavuus\/wp-json\/wp\/v2\/media?parent=270"}],"curies":[{"name":"wp","href":"https:\/\/api.w.org\/{rel}","templated":true}]}}