{"id":274,"date":"2022-11-28T10:27:43","date_gmt":"2022-11-28T08:27:43","guid":{"rendered":"https:\/\/papunet.net\/saavutettavuus\/?page_id=274"},"modified":"2023-01-24T14:33:10","modified_gmt":"2023-01-24T12:33:10","slug":"suunnittele-selkeita-lomakkeita","status":"publish","type":"page","link":"https:\/\/papunet.net\/saavutettavuus\/ohjeita-ja-oppaita\/saavutettavien-verkkosivujen-suunnitteluopas\/suunnittele-selkeita-lomakkeita\/","title":{"rendered":"Suunnittele selkeit\u00e4 lomakkeita"},"content":{"rendered":"\n<p>Verk\u00adko\u00adsi\u00advuil\u00adla ole\u00advien lo\u00admak\u00adkei\u00adden tu\u00adli\u00adsi olla tek\u00adni\u00adses\u00adti saa\u00advu\u00adtet\u00adta\u00advia, sel\u00adkei\u00adt\u00e4 ja ym\u00adm\u00e4r\u00adret\u00adt\u00e4\u00advi\u00e4. Huo\u00adlel\u00adli\u00adses\u00adti suun\u00adni\u00adtel\u00adlut ja to\u00adteu\u00adte\u00adtut verk\u00adko\u00adlo\u00admak\u00adkeet te\u00adke\u00adv\u00e4t nii\u00adden t\u00e4yt\u00adt\u00e4\u00admi\u00adses\u00adt\u00e4 help\u00adpoa kai\u00adkil\u00adle k\u00e4yt\u00adt\u00e4\u00adjil\u00adle.<\/p>\n<p>Lo\u00admak\u00adkeen ele\u00adment\u00adtien, esi\u00admer\u00adkik\u00adsi pai\u00adnik\u00adkei\u00adden, on ol\u00adta\u00adva riit\u00adt\u00e4\u00adv\u00e4n suu\u00adria. N\u00e4in heik\u00adko\u00adn\u00e4\u00adk\u00f6i\u00adset k\u00e4yt\u00adt\u00e4\u00adj\u00e4t voi\u00advat erot\u00adtaa ne pa\u00adrem\u00admin, ja nii\u00adt\u00e4 on help\u00adpo pai\u00adnaa kos\u00adke\u00adtus\u00adn\u00e4y\u00adt\u00f6l\u00adli\u00adsil\u00adl\u00e4 lait\u00adteil\u00adla.<\/p>\n<h2>Ni\u00admi\u00adla\u00adput (la\u00adbel)<\/h2>\n<p>Jo\u00adkai\u00adsel\u00adla lo\u00adma\u00adke-ele\u00admen\u00adtil\u00adl\u00e4 on ol\u00adta\u00adva ni\u00admi\u00adlap\u00adpu (la\u00adbel), jos\u00adta k\u00e4y ilmi, mit\u00e4 ku\u00adhun\u00adkin lo\u00adma\u00adke\u00adkent\u00adt\u00e4\u00e4n tu\u00adlee kir\u00adjoit\u00adtaa. Ruu\u00addun\u00adlu\u00adkuoh\u00adjel\u00admat osaa\u00advat lu\u00adkea ni\u00admi\u00adla\u00adput \u00e4\u00e4\u00adneen n\u00e4\u00adk\u00f6\u00advam\u00admai\u00adsil\u00adle k\u00e4yt\u00adt\u00e4\u00adjil\u00adle.<\/p>\n<p>Jos lo\u00admak\u00adkees\u00adsa ole\u00advaan teks\u00adti\u00adkent\u00adt\u00e4\u00e4n tu\u00adlee siis kir\u00adjoit\u00adtaa oma etu\u00adni\u00admi, ni\u00admi\u00adla\u00adpus\u00adsa tu\u00adli\u00adsi lu\u00adkea \u201dEtu\u00adni\u00admi\u201d. Jos ken\u00adt\u00e4n t\u00e4yt\u00adt\u00e4\u00admi\u00adnen on pa\u00adkol\u00adlis\u00adta en\u00adnen lo\u00admak\u00adkeen l\u00e4\u00adhet\u00adt\u00e4\u00admis\u00adt\u00e4, my\u00f6s t\u00e4m\u00e4 on hyv\u00e4 ker\u00adtoa k\u00e4yt\u00adt\u00e4\u00adj\u00e4l\u00adle ni\u00admi\u00adla\u00adpus\u00adsa.<\/p>\n<h2>Oh\u00adjeis\u00adtus<\/h2>\n<p>K\u00e4yt\u00adt\u00e4\u00adj\u00e4l\u00adle tu\u00adlee an\u00adtaa riit\u00adt\u00e4\u00adv\u00e4 oh\u00adjeis\u00adtus lo\u00admak\u00adkeen t\u00e4yt\u00adt\u00e4\u00admis\u00adt\u00e4 var\u00adten. Lo\u00admak\u00adkeen jo\u00adkai\u00adsen ken\u00adt\u00e4n koh\u00addal\u00adla t\u00e4y\u00adtyy ker\u00adtoa sel\u00adv\u00e4s\u00adti, mit\u00e4 ky\u00adsei\u00adseen koh\u00adtaan tu\u00adlee kir\u00adjoit\u00adtaa. Ni\u00admi\u00adlap\u00adpu on hyv\u00e4 pi\u00adt\u00e4\u00e4 ly\u00adhye\u00adn\u00e4 ja yti\u00admek\u00adk\u00e4\u00e4\u00adn\u00e4. Jos se ei tar\u00adjoa riit\u00adt\u00e4\u00adv\u00e4s\u00adti oh\u00adjeis\u00adtus\u00adta ken\u00adt\u00e4n t\u00e4yt\u00adt\u00e4\u00admi\u00adseen, voi oh\u00adjeen kir\u00adjoit\u00adtaa ta\u00adval\u00adli\u00adse\u00adna teks\u00adti\u00adn\u00e4 ken\u00adt\u00e4n yl\u00e4\u00adpuo\u00adlel\u00adle.<\/p>\n<p>On t\u00e4r\u00adke\u00ad\u00e4\u00e4 ker\u00adtoa my\u00f6s, mis\u00ads\u00e4 muo\u00addos\u00adsa tie\u00adto tu\u00adlee kir\u00adjoit\u00adtaa lo\u00admak\u00adkee\u00adseen. Jos jo\u00adhon\u00adkin teks\u00adti\u00adkent\u00adt\u00e4\u00e4n tu\u00adlee esi\u00admer\u00adkik\u00adsi t\u00e4yt\u00adt\u00e4\u00e4 lu\u00adkuar\u00advo, k\u00e4yt\u00adt\u00e4\u00adj\u00e4l\u00adle on ker\u00adrot\u00adta\u00adva, ero\u00adte\u00adtaan\u00adko de\u00adsi\u00admaa\u00adlit pil\u00adkul\u00adla vai pis\u00adteel\u00adl\u00e4.<\/p>\n<p>Osa lo\u00admak\u00adkeen ter\u00admeis\u00adt\u00e4 on usein syy\u00adt\u00e4 se\u00adlit\u00adt\u00e4\u00e4, jot\u00adta k\u00e4yt\u00adt\u00e4\u00adj\u00e4t osaa\u00advat t\u00e4yt\u00adt\u00e4\u00e4 lo\u00admak\u00adkeen oi\u00adkein. K\u00e4yt\u00adt\u00e4\u00adj\u00e4l\u00adt\u00e4 saa\u00adte\u00adtaan esi\u00admer\u00adkik\u00adsi ky\u00adsy\u00e4 h\u00e4\u00adnen brut\u00adto\u00adtu\u00adlo\u00adjaan, jol\u00adloin on hyv\u00e4 ker\u00adtoa, mit\u00e4 ter\u00admi tar\u00adkoit\u00adtaa.<\/p>\n<h2>Pa\u00adlau\u00adte<\/h2>\n<p>K\u00e4yt\u00adt\u00e4\u00adj\u00e4l\u00adle on hyv\u00e4 an\u00adtaa pa\u00adlau\u00adtet\u00adta lo\u00admak\u00adkeen t\u00e4y\u00adt\u00f6s\u00adt\u00e4. Jos lo\u00admak\u00adkees\u00adsa on vir\u00adheel\u00adli\u00adses\u00adti t\u00e4y\u00adtet\u00adty\u00adj\u00e4 kent\u00adti\u00e4, ne pi\u00adt\u00e4\u00e4 il\u00admoit\u00adtaa k\u00e4yt\u00adt\u00e4\u00adj\u00e4l\u00adle mah\u00addol\u00adli\u00adsim\u00adman sel\u00adke\u00e4s\u00adti ja tar\u00adkas\u00adti.<\/p>\n<p>K\u00e4ytt\u00e4j\u00e4lle on syy\u00adt\u00e4 ker\u00adtoa, mit\u00adk\u00e4 ken\u00adt\u00e4t on t\u00e4y\u00adtet\u00adty vir\u00adheel\u00adli\u00adses\u00adti, ja an\u00adtaa oh\u00adjei\u00adta vir\u00adhei\u00adden kor\u00adjaa\u00admi\u00adsek\u00adsi.<\/p>\n<p>Vir\u00adheel\u00adli\u00adses\u00adti t\u00e4y\u00adte\u00adtyt ken\u00adt\u00e4t on hyv\u00e4 sek\u00e4 lis\u00adta\u00adta yh\u00adteen lo\u00admak\u00adkeen al\u00adkuun ett\u00e4 il\u00admoit\u00adtaa vir\u00adhees\u00adt\u00e4 jo\u00adkai\u00adsen vir\u00adheel\u00adli\u00adses\u00adti t\u00e4y\u00adte\u00adtyn lo\u00adma\u00adke\u00adken\u00adt\u00e4n koh\u00addal\u00adla.<\/p>\n<p>Kun lo\u00adma\u00adke on on\u00adnis\u00adtu\u00adnees\u00adti l\u00e4\u00adhe\u00adtet\u00adty, k\u00e4yt\u00adt\u00e4\u00adj\u00e4l\u00adle on an\u00adnet\u00adta\u00adva t\u00e4s\u00adt\u00e4 pa\u00adlau\u00adtet\u00adta. Pa\u00adlau\u00adte voi\u00addaan esi\u00admer\u00adkik\u00adsi esit\u00adt\u00e4\u00e4 lo\u00admak\u00adkeen l\u00e4\u00adhet\u00adt\u00e4\u00admi\u00adsen j\u00e4l\u00adkeen omal\u00adla si\u00advul\u00adlaan.<\/p>\n<h2>Loo\u00adgi\u00adnen j\u00e4r\u00adjes\u00adtys<\/h2>\n<p>Suun\u00adnit\u00adte\u00adle lo\u00adma\u00adke niin, ett\u00e4 t\u00e4y\u00adtet\u00adt\u00e4\u00adv\u00e4t lo\u00adma\u00adke\u00adken\u00adt\u00e4t ovat loo\u00adgi\u00adses\u00adsa j\u00e4r\u00adjes\u00adtyk\u00adses\u00ads\u00e4.<\/p>\n<p>Lo\u00admak\u00adkeen voi kuun\u00adnel\u00adla ruu\u00addun\u00adlu\u00adkuoh\u00adjel\u00admal\u00adla tai pyy\u00adt\u00e4\u00e4 jo\u00adtain tois\u00adta hen\u00adki\u00adl\u00f6\u00e4 lu\u00adke\u00admaan sen \u00e4\u00e4\u00adneen. T\u00e4m\u00e4 voi aut\u00adtaa ar\u00advioi\u00admaan, kuin\u00adka loo\u00adgi\u00adnen ja sel\u00adke\u00e4 lo\u00adma\u00adke on.<\/p>\n<h2>N\u00e4p\u00adp\u00e4i\u00admis\u00adt\u00f6\u00adk\u00e4yt\u00adt\u00f6<\/h2>\n<p>Var\u00admis\u00adta, ett\u00e4 lo\u00adma\u00adke voi\u00addaan t\u00e4yt\u00adt\u00e4\u00e4 k\u00e4yt\u00adt\u00e4en pelk\u00adk\u00e4\u00e4 n\u00e4p\u00adp\u00e4i\u00admis\u00adt\u00f6\u00e4. Var\u00admis\u00adta, ett\u00e4 my\u00f6s mo\u00adni\u00admut\u00adkai\u00adsem\u00admat ele\u00admen\u00adtit (esi\u00admer\u00adkik\u00adsi liu\u00adkus\u00e4\u00e4\u00adti\u00admet) toi\u00admi\u00advat ja ovat k\u00e4y\u00adtet\u00adt\u00e4\u00advis\u00ads\u00e4 pel\u00adk\u00e4l\u00adl\u00e4 n\u00e4p\u00adp\u00e4i\u00admis\u00adt\u00f6l\u00adl\u00e4.<\/p>\n\n","protected":false},"excerpt":{"rendered":"<p>Verk\u00adko\u00adsi\u00advuil\u00adla ole\u00advien lo\u00admak\u00adkei\u00adden tu\u00adli\u00adsi olla tek\u00adni\u00adses\u00adti saa\u00advu\u00adtet\u00adta\u00advia, sel\u00adkei\u00adt\u00e4 ja ym\u00adm\u00e4r\u00adret\u00adt\u00e4\u00advi\u00e4. Huo\u00adlel\u00adli\u00adses\u00adti suun\u00adni\u00adtel\u00adlut ja to\u00adteu\u00adte\u00adtut verk\u00adko\u00adlo\u00admak\u00adkeet te\u00adke\u00adv\u00e4t nii\u00adden t\u00e4yt\u00adt\u00e4\u00admi\u00adses\u00adt\u00e4 help\u00adpoa kai\u00adkil\u00adle k\u00e4yt\u00adt\u00e4\u00adjil\u00adle. Lo\u00admak\u00adkeen ele\u00adment\u00adtien, esi\u00admer\u00adkik\u00adsi pai\u00adnik\u00adkei\u00adden, on ol\u00adta\u00adva riit\u00adt\u00e4\u00adv\u00e4n suu\u00adria. N\u00e4in heik\u00adko\u00adn\u00e4\u00adk\u00f6i\u00adset k\u00e4yt\u00adt\u00e4\u00adj\u00e4t voi\u00advat erot\u00adtaa ne pa\u00adrem\u00admin, [&hellip;]<span class=\"moretag\">Lue lis\u00e4\u00e4&#8230;<\/span><\/p>\n","protected":false},"author":10,"featured_media":0,"parent":134,"menu_order":2,"comment_status":"closed","ping_status":"closed","template":"","meta":{"_acf_changed":false,"footnotes":""},"class_list":["post-274","page","type-page","status-publish","hentry"],"acf":[],"_links":{"self":[{"href":"https:\/\/papunet.net\/saavutettavuus\/wp-json\/wp\/v2\/pages\/274","targetHints":{"allow":["GET"]}}],"collection":[{"href":"https:\/\/papunet.net\/saavutettavuus\/wp-json\/wp\/v2\/pages"}],"about":[{"href":"https:\/\/papunet.net\/saavutettavuus\/wp-json\/wp\/v2\/types\/page"}],"author":[{"embeddable":true,"href":"https:\/\/papunet.net\/saavutettavuus\/wp-json\/wp\/v2\/users\/10"}],"replies":[{"embeddable":true,"href":"https:\/\/papunet.net\/saavutettavuus\/wp-json\/wp\/v2\/comments?post=274"}],"version-history":[{"count":0,"href":"https:\/\/papunet.net\/saavutettavuus\/wp-json\/wp\/v2\/pages\/274\/revisions"}],"up":[{"embeddable":true,"href":"https:\/\/papunet.net\/saavutettavuus\/wp-json\/wp\/v2\/pages\/134"}],"wp:attachment":[{"href":"https:\/\/papunet.net\/saavutettavuus\/wp-json\/wp\/v2\/media?parent=274"}],"curies":[{"name":"wp","href":"https:\/\/api.w.org\/{rel}","templated":true}]}}