{"id":275,"date":"2022-11-28T10:39:30","date_gmt":"2022-11-28T08:39:30","guid":{"rendered":"https:\/\/papunet.net\/saavutettavuus\/?page_id=275"},"modified":"2023-01-24T14:50:00","modified_gmt":"2023-01-24T12:50:00","slug":"lisaa-tekstivastineet-kaikelle-ei-tekstuaaliselle-sisallolle","status":"publish","type":"page","link":"https:\/\/papunet.net\/saavutettavuus\/ohjeita-ja-oppaita\/saavutettavien-verkkosivujen-suunnitteluopas\/lisaa-tekstivastineet-kaikelle-ei-tekstuaaliselle-sisallolle\/","title":{"rendered":"Lis\u00e4\u00e4 tekstivastineet kaikelle ei-tekstuaaliselle sis\u00e4ll\u00f6lle"},"content":{"rendered":"\n<p>Jos verk\u00adko\u00adsi\u00advuil\u00adla tai do\u00adku\u00admen\u00adteis\u00adsa k\u00e4y\u00adte\u00adt\u00e4\u00e4n ku\u00advia tai graa\u00adfi\u00adsia ele\u00adment\u00adte\u00adj\u00e4, niil\u00adle on an\u00adnet\u00adta\u00adva vaih\u00adtoeh\u00adtoi\u00adnen teks\u00adti\u00advas\u00adti\u00adne.<\/p>\n<p>Teks\u00adti\u00advas\u00adti\u00adne ker\u00adtoo n\u00e4\u00adk\u00f6\u00advam\u00admai\u00adsil\u00adle ruu\u00addun\u00adlu\u00adkuoh\u00adjel\u00adman k\u00e4yt\u00adt\u00e4\u00adjil\u00adle, mit\u00e4 ku\u00advas\u00adsa on. Teks\u00adti\u00advas\u00adti\u00adnei\u00adden li\u00ads\u00e4\u00e4\u00admi\u00adnen pa\u00adran\u00adtaa my\u00f6s ha\u00adku\u00adko\u00adneop\u00adti\u00admoin\u00adtia.<\/p>\n<p>Ta\u00adval\u00adli\u00adses\u00adti teks\u00adti\u00advas\u00adti\u00adneen tu\u00adli\u00adsi ker\u00adtoa ly\u00adhyes\u00adti, mit\u00e4 ku\u00advas\u00adsa n\u00e4\u00adkyy tai mit\u00e4 kuva esit\u00adt\u00e4\u00e4. Teks\u00adti\u00advas\u00adti\u00adneen pi\u00adtuu\u00adden tu\u00adli\u00adsi olla alle 125 merk\u00adki\u00e4.<\/p>\n<p>Teks\u00adti\u00advas\u00adti\u00adne ja ku\u00adva\u00adteks\u00adti ovat kak\u00adsi eri asi\u00adaa eik\u00e4 nii\u00adt\u00e4 tule se\u00adkoit\u00adtaa kes\u00adke\u00adn\u00e4\u00e4n.<\/p>\n<p>Mer\u00adkit\u00adse teks\u00adti\u00advas\u00adti\u00adne HTML-si\u00advuil\u00adle ku\u00adviin k\u00e4yt\u00adt\u00e4en alt-att\u00adri\u00adbuut\u00adtia ja an\u00adta\u00admal\u00adla sil\u00adle ar\u00advok\u00adsi ku\u00advan teks\u00adti\u00advas\u00adti\u00adne.<\/p>\n<p>Koo\u00addie\u00adsi\u00admerk\u00adki: alt=\u201dTeks\u00adti\u00advas\u00adti\u00adne tu\u00adlee t\u00e4\u00adh\u00e4n\u201d<\/p>\n<p>Teks\u00adti\u00advas\u00adti\u00adneen si\u00ads\u00e4l\u00adt\u00f6 riip\u00adpuu pit\u00adk\u00e4l\u00adti sii\u00adt\u00e4, min\u00adk\u00e4 tyyp\u00adpi\u00adnen kuva on ky\u00adsees\u00ads\u00e4. Mie\u00adti siis tark\u00adkaan, mit\u00e4 ku\u00advas\u00adsa n\u00e4\u00adkyy ja mik\u00e4 ku\u00advan tar\u00adkoi\u00adtus si\u00advuil\u00adla on.<\/p>\n<p>Onko ky\u00adsees\u00ads\u00e4 in\u00adfor\u00adma\u00adtii\u00advi\u00adnen kuva? Onko ky\u00adsees\u00ads\u00e4 ku\u00advaa\u00adja? Onko ku\u00advan tar\u00adkoi\u00adtus v\u00e4\u00adlit\u00adt\u00e4\u00e4 tun\u00adnel\u00admaa tai tun\u00adtei\u00adta? Onko kuva puh\u00adtaas\u00adti de\u00adko\u00adra\u00adtii\u00advi\u00adnen? Onko kuva my\u00f6s link\u00adki jo\u00adhon\u00adkin toi\u00adseen si\u00advuun? Onko ku\u00advas\u00adsa kir\u00adjoi\u00adtet\u00adtua teks\u00adti\u00e4?<\/p>\n<h2>In\u00adfor\u00adma\u00adtii\u00advi\u00adset ku\u00advat<\/h2>\n<p>In\u00adfor\u00adma\u00adtii\u00advis\u00adten ku\u00advien teks\u00adti\u00advas\u00adti\u00adnees\u00adsa on t\u00e4r\u00adke\u00ad\u00e4\u00e4 ker\u00adtoa k\u00e4yt\u00adt\u00e4\u00adj\u00e4l\u00adle ly\u00adhyes\u00adti, mit\u00e4 ku\u00advas\u00adsa n\u00e4\u00adkyy. Toi\u00adsi\u00adnaan voi\u00addaan an\u00adtaa muu\u00adta\u00adkin tie\u00adtoa ku\u00advas\u00adta, ku\u00adten ker\u00adtoa, onko ky\u00adsees\u00ads\u00e4 va\u00adlo\u00adku\u00adva, maa\u00adlaus tai jo\u00adkin muu.<\/p>\n<h2>Ku\u00advaa\u00adjat<\/h2>\n<p>Suu\u00adrem\u00admat tie\u00adto\u00adm\u00e4\u00e4\u00adr\u00e4t hah\u00admot\u00adtu\u00advat k\u00e4yt\u00adt\u00e4\u00adj\u00e4l\u00adle usein hel\u00adpom\u00admin, jos ne on esi\u00adtet\u00adty ku\u00advaa\u00adji\u00adna.<\/p>\n<p>Ku\u00advaa\u00adjan teks\u00adti\u00advas\u00adti\u00adnee\u00adseen ei kan\u00adna\u00adta yrit\u00adt\u00e4\u00e4 kir\u00adja\u00adta kaik\u00adkea ku\u00advaa\u00adjas\u00adsa n\u00e4\u00adky\u00adv\u00e4\u00e4 in\u00adfor\u00admaa\u00adtio\u00adta. T\u00e4r\u00adkein\u00adt\u00e4 on ker\u00adtoa k\u00e4yt\u00adt\u00e4\u00adj\u00e4l\u00adle, ett\u00e4 ky\u00adsees\u00ads\u00e4 on ku\u00advaa\u00adja, ja ker\u00adtoa sa\u00admal\u00adla, mit\u00e4 ku\u00advaa\u00adjas\u00adsa esi\u00adte\u00adt\u00e4\u00e4n.<\/p>\n<p>Esi\u00admerk\u00adki ku\u00advaa\u00adjan teks\u00adti\u00advas\u00adti\u00adnees\u00adta: \u201dVii\u00adva\u00addia\u00adgram\u00admi, jos\u00adsa on esi\u00adtet\u00adty Suo\u00admen v\u00e4\u00adki\u00adlu\u00adku vuo\u00addes\u00adta 1950 vuo\u00adteen 2015\u201d.<\/p>\n<p>Ku\u00advaa\u00adjas\u00adsa esi\u00adtet\u00adty tie\u00adtoai\u00adnes kan\u00adnat\u00adtaa kir\u00adjoit\u00adtaa lei\u00adp\u00e4\u00adteks\u00adtiin.<\/p>\n<h2>De\u00adko\u00adra\u00adtii\u00advi\u00adset ku\u00advat<\/h2>\n<p>Verk\u00adko\u00adsi\u00advuil\u00adla k\u00e4y\u00adte\u00adt\u00e4\u00e4n usein my\u00f6s puh\u00adtaas\u00adti de\u00adko\u00adra\u00adtii\u00advi\u00adsia ku\u00advia, joil\u00adla ei ole tie\u00addon\u00adv\u00e4\u00adli\u00adtyk\u00adsel\u00adlis\u00adt\u00e4 tar\u00adkoi\u00adtus\u00adta. Ne saat\u00adta\u00advat olla esi\u00admer\u00adkik\u00adsi vain yk\u00adsit\u00adt\u00e4i\u00adsi\u00e4 vii\u00advo\u00adja, joi\u00adden tar\u00adkoi\u00adtus on teh\u00add\u00e4 si\u00advun ul\u00adkoa\u00adsus\u00adta ja ra\u00adken\u00adtees\u00adta sel\u00adke\u00e4m\u00adpi tai n\u00e4yt\u00adt\u00e4\u00adv\u00e4m\u00adpi.<\/p>\n<p>De\u00adko\u00adra\u00adtii\u00advi\u00adsiin ku\u00adviin ei si\u00ads\u00e4l\u00adly\u00adte\u00adt\u00e4 teks\u00adti\u00advas\u00adti\u00adnet\u00adta, kos\u00adka ne ei\u00adv\u00e4t ole si\u00advus\u00adton saa\u00advu\u00adtet\u00adta\u00advuu\u00adden kan\u00adnal\u00adta mer\u00adki\u00adtyk\u00adsel\u00adli\u00adsi\u00e4 n\u00e4\u00adk\u00f6\u00advam\u00admai\u00adsil\u00adle ruu\u00addun\u00adlu\u00adkuoh\u00adjel\u00admien k\u00e4yt\u00adt\u00e4\u00adjil\u00adle.<\/p>\n<p>Koo\u00addie\u00adsi\u00admerk\u00adki: alt=\u201d\u201d \/\/<\/p>\n<p>De\u00adko\u00adra\u00adtii\u00advi\u00adsis\u00adsa ku\u00advis\u00adsa tu\u00adlee k\u00e4yt\u00adt\u00e4\u00e4 alt-att\u00adri\u00adbuut\u00adtia ja j\u00e4t\u00adt\u00e4\u00e4 sen arvo tyh\u00adj\u00e4k\u00adsi.<\/p>\n<h2>Ku\u00advat, jot\u00adka ovat my\u00f6s link\u00adke\u00adj\u00e4<\/h2>\n<p>Jos kuva on my\u00f6s link\u00adki jo\u00adhon\u00adkin toi\u00adseen si\u00advuun, teks\u00adti\u00advas\u00adti\u00adneen tar\u00adjoa\u00admi\u00adnen on erit\u00adt\u00e4in t\u00e4r\u00adke\u00ad\u00e4\u00e4.<\/p>\n<p>Kun kuva toi\u00admii link\u00adki\u00adn\u00e4, \u00e4l\u00e4 ker\u00adro k\u00e4yt\u00adt\u00e4\u00adj\u00e4l\u00adle, mit\u00e4 ku\u00advas\u00adsa n\u00e4\u00adkyy, vaan kir\u00adjoi\u00adta teks\u00adti\u00advas\u00adti\u00adnee\u00adseen, mil\u00adle si\u00advul\u00adle link\u00adki vie.<\/p>\n<h2>Teks\u00adtu\u00adaa\u00adli\u00adnen in\u00adfor\u00admaa\u00adtio<\/h2>\n<p>Ku\u00advia ei kan\u00adna\u00adta k\u00e4yt\u00adt\u00e4\u00e4 v\u00e4\u00adlit\u00adt\u00e4\u00adm\u00e4\u00e4n teks\u00adtu\u00adaa\u00adlis\u00adta in\u00adfor\u00admaa\u00adtio\u00adta.<\/p>\n<p>Jos teks\u00adtu\u00adaa\u00adlis\u00adta in\u00adfor\u00admaa\u00adtio\u00adta si\u00ads\u00e4l\u00adt\u00e4\u00advi\u00e4 ku\u00advia kui\u00adten\u00adkin k\u00e4y\u00adte\u00adt\u00e4\u00e4n, on muis\u00adtet\u00adta\u00adva kir\u00adja\u00adta my\u00f6s teks\u00adti\u00advas\u00adti\u00adnee\u00adseen, mit\u00e4 ku\u00advas\u00adsa lu\u00adkee.<\/p>\n<p>Jos verk\u00adko\u00adsi\u00advu\u00adjen teks\u00adtis\u00adt\u00e4 ha\u00adlu\u00adtaan n\u00e4yt\u00adt\u00e4\u00adv\u00e4n n\u00e4\u00adk\u00f6is\u00adt\u00e4, muo\u00adtoi\u00adlu kan\u00adnat\u00adtaa teh\u00add\u00e4 hy\u00f6\u00addyn\u00adt\u00e4\u00adm\u00e4l\u00adl\u00e4 mui\u00adta kei\u00adno\u00adja kuin ku\u00advia \u2013 ta\u00adval\u00adli\u00adses\u00adti CSS-tyy\u00adli\u00adtie\u00addos\u00adto\u00adja.<\/p>\n<p>Sil\u00adloin teks\u00adti\u00e4 on help\u00adpo suu\u00adren\u00adtaa tar\u00advit\u00adtaes\u00adsa, se on ko\u00adneel\u00adli\u00adses\u00adti luet\u00adta\u00advis\u00adsa (esi\u00admer\u00adkik\u00adsi ruu\u00addun\u00adlu\u00adkuoh\u00adjel\u00admal\u00adla tai k\u00e4\u00e4n\u00adn\u00f6s\u00adoh\u00adjel\u00admal\u00adla) ja se la\u00adtau\u00adtuu no\u00adpeas\u00adti.<\/p>\n\n","protected":false},"excerpt":{"rendered":"<p>Jos verk\u00adko\u00adsi\u00advuil\u00adla tai do\u00adku\u00admen\u00adteis\u00adsa k\u00e4y\u00adte\u00adt\u00e4\u00e4n ku\u00advia tai graa\u00adfi\u00adsia ele\u00adment\u00adte\u00adj\u00e4, niil\u00adle on an\u00adnet\u00adta\u00adva vaih\u00adtoeh\u00adtoi\u00adnen teks\u00adti\u00advas\u00adti\u00adne. Teks\u00adti\u00advas\u00adti\u00adne ker\u00adtoo n\u00e4\u00adk\u00f6\u00advam\u00admai\u00adsil\u00adle ruu\u00addun\u00adlu\u00adkuoh\u00adjel\u00adman k\u00e4yt\u00adt\u00e4\u00adjil\u00adle, mit\u00e4 ku\u00advas\u00adsa on. Teks\u00adti\u00advas\u00adti\u00adnei\u00adden li\u00ads\u00e4\u00e4\u00admi\u00adnen pa\u00adran\u00adtaa my\u00f6s ha\u00adku\u00adko\u00adneop\u00adti\u00admoin\u00adtia. Ta\u00adval\u00adli\u00adses\u00adti teks\u00adti\u00advas\u00adti\u00adneen tu\u00adli\u00adsi ker\u00adtoa ly\u00adhyes\u00adti, mit\u00e4 ku\u00advas\u00adsa n\u00e4\u00adkyy tai [&hellip;]<span class=\"moretag\">Lue lis\u00e4\u00e4&#8230;<\/span><\/p>\n","protected":false},"author":10,"featured_media":0,"parent":134,"menu_order":3,"comment_status":"closed","ping_status":"closed","template":"","meta":{"_acf_changed":false,"footnotes":""},"class_list":["post-275","page","type-page","status-publish","hentry"],"acf":[],"_links":{"self":[{"href":"https:\/\/papunet.net\/saavutettavuus\/wp-json\/wp\/v2\/pages\/275","targetHints":{"allow":["GET"]}}],"collection":[{"href":"https:\/\/papunet.net\/saavutettavuus\/wp-json\/wp\/v2\/pages"}],"about":[{"href":"https:\/\/papunet.net\/saavutettavuus\/wp-json\/wp\/v2\/types\/page"}],"author":[{"embeddable":true,"href":"https:\/\/papunet.net\/saavutettavuus\/wp-json\/wp\/v2\/users\/10"}],"replies":[{"embeddable":true,"href":"https:\/\/papunet.net\/saavutettavuus\/wp-json\/wp\/v2\/comments?post=275"}],"version-history":[{"count":0,"href":"https:\/\/papunet.net\/saavutettavuus\/wp-json\/wp\/v2\/pages\/275\/revisions"}],"up":[{"embeddable":true,"href":"https:\/\/papunet.net\/saavutettavuus\/wp-json\/wp\/v2\/pages\/134"}],"wp:attachment":[{"href":"https:\/\/papunet.net\/saavutettavuus\/wp-json\/wp\/v2\/media?parent=275"}],"curies":[{"name":"wp","href":"https:\/\/api.w.org\/{rel}","templated":true}]}}