{"id":277,"date":"2022-11-28T10:46:41","date_gmt":"2022-11-28T08:46:41","guid":{"rendered":"https:\/\/papunet.net\/saavutettavuus\/?page_id=277"},"modified":"2023-01-24T15:11:43","modified_gmt":"2023-01-24T13:11:43","slug":"tekstin-koko-ja-kirjasintyyppi","status":"publish","type":"page","link":"https:\/\/papunet.net\/saavutettavuus\/ohjeita-ja-oppaita\/saavutettavien-verkkosivujen-suunnitteluopas\/tekstin-koko-ja-kirjasintyyppi\/","title":{"rendered":"Tekstin koko ja kirjasintyyppi"},"content":{"rendered":"\n<h2>Teks\u00adtin koko<\/h2>\n<p>Verk\u00adko\u00adsi\u00advuil\u00adla tu\u00adlee k\u00e4yt\u00adt\u00e4\u00e4 riit\u00adt\u00e4\u00adv\u00e4n suur\u00adta ja sel\u00adke\u00ad\u00e4\u00e4 font\u00adtia. T\u00e4m\u00e4 aut\u00adtaa heik\u00adko\u00adn\u00e4\u00adk\u00f6i\u00adsi\u00e4 ja usein my\u00f6s lu\u00adki\u00adh\u00e4i\u00adri\u00f6i\u00adsi\u00e4 k\u00e4yt\u00adt\u00e4\u00adji\u00e4.<\/p>\n<p>Ei ole ole\u00admas\u00adsa yht\u00e4 oi\u00adke\u00adaa teks\u00adtin ko\u00adkoa. Osa k\u00e4yt\u00adt\u00e4\u00adjis\u00adt\u00e4 hy\u00f6\u00adtyy pal\u00adjon suu\u00adres\u00adta teks\u00adti\u00adkoos\u00adta, kun taas moni lu\u00adkee mie\u00adluum\u00admin pie\u00adnem\u00adp\u00e4\u00e4 teks\u00adti\u00e4.<\/p>\n<p>Teks\u00adtin kool\u00adla sek\u00e4 teks\u00adtin ja taus\u00adtan v\u00e4\u00adli\u00adsel\u00adl\u00e4 tum\u00admuus\u00adkont\u00adras\u00adtil\u00adla on yh\u00adteys. Jos k\u00e4y\u00adtet\u00adty font\u00adti on pien\u00adt\u00e4, tum\u00admuus\u00adkont\u00adras\u00adtin tu\u00adli\u00adsi olla suu\u00adri.<\/p>\n<p>K\u00e4yt\u00adt\u00e4\u00adj\u00e4t voi\u00advat yleen\u00ads\u00e4 s\u00e4\u00e4\u00adt\u00e4\u00e4 teks\u00adtin ko\u00adkoa se\u00adlai\u00admes\u00adta k\u00e4\u00adsin. Osa saat\u00adtaa k\u00e4yt\u00adt\u00e4\u00e4 ruu\u00adtua suu\u00adren\u00adta\u00advia apu\u00adv\u00e4\u00adli\u00adnei\u00adt\u00e4, joil\u00adla teks\u00adti\u00e4 voi\u00addaan suu\u00adren\u00adtaa.<\/p>\n<p>Kai\u00adkil\u00adla k\u00e4yt\u00adt\u00e4\u00adjil\u00adl\u00e4 ei kui\u00adten\u00adkaan ole apu\u00adv\u00e4\u00adli\u00adnei\u00adt\u00e4 ei\u00adv\u00e4t\u00adk\u00e4 k\u00e4yt\u00adt\u00e4\u00adj\u00e4t aina osaa suu\u00adren\u00adtaa teks\u00adti\u00e4 se\u00adlai\u00adna\u00adse\u00adtuk\u00adsis\u00adta. T\u00e4\u00adm\u00e4n vuok\u00adsi on suo\u00adsi\u00adtel\u00adta\u00advaa li\u00ads\u00e4\u00adt\u00e4 verk\u00adko\u00adsi\u00advuil\u00adle toi\u00admin\u00adto, jol\u00adla voi\u00addaan suu\u00adren\u00adtaa tai pie\u00adnen\u00adt\u00e4\u00e4 teks\u00adtin ko\u00adkoa.<\/p>\n<h2>Kir\u00adja\u00adsin\u00adtyyp\u00adpi<\/h2>\n<p>Teks\u00adtin kir\u00adja\u00adsin\u00adtyyp\u00adpi vai\u00adkut\u00adtaa olen\u00adnai\u00adses\u00adti sel\u00adkey\u00adteen ja ym\u00adm\u00e4r\u00adret\u00adt\u00e4\u00advyy\u00adteen. T\u00e4\u00adh\u00e4n\u00adk\u00e4\u00e4n ei ole ole\u00admas\u00adsa yht\u00e4 oi\u00adke\u00adaa tai pa\u00adras\u00adta vaih\u00adtoeh\u00adtoa, sil\u00adl\u00e4 k\u00e4yt\u00adt\u00e4\u00adj\u00e4t ja p\u00e4\u00e4\u00adte\u00adlait\u00adteet ovat eri\u00adlai\u00adsia.<\/p>\n<p>Ta\u00adval\u00adli\u00adses\u00adti kui\u00adten\u00adkin kan\u00adnat\u00adtaa suo\u00adsia p\u00e4\u00e4t\u00adteet\u00adt\u00f6\u00admi\u00e4 sans-se\u00adrif-tyy\u00adli\u00adsi\u00e4 font\u00adte\u00adja.<\/p>\n<p>Sel\u00adke\u00e4s\u00adt\u00e4 fon\u00adtis\u00adta hy\u00f6\u00adty\u00adv\u00e4t eri\u00adtyi\u00adses\u00adti n\u00e4\u00adk\u00f6\u00advam\u00admai\u00adset ja lu\u00adki\u00adh\u00e4i\u00adri\u00f6i\u00adset k\u00e4yt\u00adt\u00e4\u00adj\u00e4t sek\u00e4 sellaiset k\u00e4ytt\u00e4j\u00e4t, jot\u00adka se\u00adlaa\u00advat verk\u00adko\u00adsi\u00advu\u00adja hie\u00adman van\u00adhem\u00admil\u00adla ja pie\u00adni\u00adre\u00adso\u00adluu\u00adtioi\u00adsil\u00adla (ep\u00e4\u00adtar\u00adkoil\u00adla) n\u00e4y\u00adt\u00f6il\u00adl\u00e4.<\/p>\n<p>Esi\u00admer\u00adkik\u00adsi usein k\u00e4y\u00adtet\u00adty p\u00e4\u00e4\u00adtee\u00adt\u00f6n font\u00adti Arial on useal\u00adle k\u00e4yt\u00adt\u00e4\u00adj\u00e4l\u00adle mel\u00adko hy\u00advin luet\u00adta\u00adva.<\/p>\n<p>P\u00e4\u00e4t\u00adteel\u00adli\u00adsis\u00adt\u00e4 se\u00adrif-fon\u00adteis\u00adta tun\u00adne\u00adtuin lie\u00adnee Ti\u00admes New Ro\u00adman.<\/p>\n<p>P\u00e4\u00e4t\u00adteel\u00adlis\u00adten font\u00adtien etu on yleen\u00ads\u00e4 se, ett\u00e4 niis\u00ads\u00e4 eri kir\u00adjai\u00admet ovat osit\u00adtain pa\u00adrem\u00admin tun\u00adnis\u00adtet\u00adta\u00advis\u00adsa. Esi\u00admer\u00adkik\u00adsi pie\u00adnel\u00adl\u00e4 kir\u00adjoi\u00adtet\u00adtu l-kir\u00adjain ja isol\u00adla kir\u00adjoi\u00adtet\u00adtu I-kir\u00adjain n\u00e4yt\u00adt\u00e4\u00adv\u00e4t p\u00e4\u00e4t\u00adteet\u00adt\u00f6\u00admil\u00adl\u00e4 fon\u00adteil\u00adla usein hy\u00advin sa\u00adman\u00adlai\u00adsil\u00adta.<\/p>\n\n","protected":false},"excerpt":{"rendered":"<p>Teks\u00adtin koko Verk\u00adko\u00adsi\u00advuil\u00adla tu\u00adlee k\u00e4yt\u00adt\u00e4\u00e4 riit\u00adt\u00e4\u00adv\u00e4n suur\u00adta ja sel\u00adke\u00ad\u00e4\u00e4 font\u00adtia. T\u00e4m\u00e4 aut\u00adtaa heik\u00adko\u00adn\u00e4\u00adk\u00f6i\u00adsi\u00e4 ja usein my\u00f6s lu\u00adki\u00adh\u00e4i\u00adri\u00f6i\u00adsi\u00e4 k\u00e4yt\u00adt\u00e4\u00adji\u00e4. Ei ole ole\u00admas\u00adsa yht\u00e4 oi\u00adke\u00adaa teks\u00adtin ko\u00adkoa. Osa k\u00e4yt\u00adt\u00e4\u00adjis\u00adt\u00e4 hy\u00f6\u00adtyy pal\u00adjon suu\u00adres\u00adta teks\u00adti\u00adkoos\u00adta, kun taas moni lu\u00adkee mie\u00adluum\u00admin [&hellip;]<span class=\"moretag\">Lue lis\u00e4\u00e4&#8230;<\/span><\/p>\n","protected":false},"author":10,"featured_media":0,"parent":134,"menu_order":5,"comment_status":"closed","ping_status":"closed","template":"","meta":{"_acf_changed":false,"footnotes":""},"class_list":["post-277","page","type-page","status-publish","hentry"],"acf":[],"_links":{"self":[{"href":"https:\/\/papunet.net\/saavutettavuus\/wp-json\/wp\/v2\/pages\/277","targetHints":{"allow":["GET"]}}],"collection":[{"href":"https:\/\/papunet.net\/saavutettavuus\/wp-json\/wp\/v2\/pages"}],"about":[{"href":"https:\/\/papunet.net\/saavutettavuus\/wp-json\/wp\/v2\/types\/page"}],"author":[{"embeddable":true,"href":"https:\/\/papunet.net\/saavutettavuus\/wp-json\/wp\/v2\/users\/10"}],"replies":[{"embeddable":true,"href":"https:\/\/papunet.net\/saavutettavuus\/wp-json\/wp\/v2\/comments?post=277"}],"version-history":[{"count":0,"href":"https:\/\/papunet.net\/saavutettavuus\/wp-json\/wp\/v2\/pages\/277\/revisions"}],"up":[{"embeddable":true,"href":"https:\/\/papunet.net\/saavutettavuus\/wp-json\/wp\/v2\/pages\/134"}],"wp:attachment":[{"href":"https:\/\/papunet.net\/saavutettavuus\/wp-json\/wp\/v2\/media?parent=277"}],"curies":[{"name":"wp","href":"https:\/\/api.w.org\/{rel}","templated":true}]}}