{"id":278,"date":"2022-11-28T10:48:04","date_gmt":"2022-11-28T08:48:04","guid":{"rendered":"https:\/\/papunet.net\/saavutettavuus\/?page_id=278"},"modified":"2023-01-26T09:13:48","modified_gmt":"2023-01-26T07:13:48","slug":"looginen-lukemisjarjestys","status":"publish","type":"page","link":"https:\/\/papunet.net\/saavutettavuus\/ohjeita-ja-oppaita\/saavutettavien-verkkosivujen-suunnitteluopas\/looginen-lukemisjarjestys\/","title":{"rendered":"Looginen lukemisj\u00e4rjestys"},"content":{"rendered":"\n<p>Lu\u00adke\u00admis\u00adj\u00e4r\u00adjes\u00adtyk\u00adsen tu\u00adli\u00adsi olla loo\u00adgi\u00adnen ja sel\u00adke\u00e4: verk\u00adko\u00adsi\u00advu\u00adjen teks\u00adtin tu\u00adli\u00adsi ede\u00adt\u00e4 va\u00adsem\u00admal\u00adta oi\u00adkeal\u00adle ja yl\u00adh\u00e4\u00e4l\u00adt\u00e4 alas. T\u00e4l\u00adl\u00f6in si\u00advu\u00adn\u00e4\u00adky\u00adm\u00e4\u00e4 ei tar\u00advit\u00adse tur\u00adhaan vie\u00adrit\u00adt\u00e4\u00e4 edes\u00adta\u00adkai\u00adsin.<\/p>\n<p>So\u00adkeil\u00adle ruu\u00addun\u00adlu\u00adkuoh\u00adjel\u00adman k\u00e4yt\u00adt\u00e4\u00adjil\u00adle lu\u00adke\u00admis\u00adj\u00e4r\u00adjes\u00adtyk\u00adsen tu\u00adli\u00adsi olla sama kuin nor\u00admaa\u00adlis\u00adti n\u00e4\u00adke\u00advil\u00adle. K\u00e4y\u00adt\u00e4n\u00adn\u00f6s\u00ads\u00e4 t\u00e4m\u00e4 on\u00adnis\u00adtuu si\u00adten, ett\u00e4 teks\u00adti\u00adsi\u00ads\u00e4l\u00adt\u00f6 sy\u00f6\u00adte\u00adt\u00e4\u00e4n HTML-koo\u00addiin sii\u00adn\u00e4 j\u00e4r\u00adjes\u00adtyk\u00adses\u00ads\u00e4, jos\u00adsa se on tar\u00adkoi\u00adtet\u00adtu luet\u00adta\u00advak\u00adsi.<\/p>\n<p><strong>HUOM:<\/strong><\/p>\n<p>Verk\u00adko\u00adsi\u00advuis\u00adta on mah\u00addol\u00adlis\u00adta teh\u00add\u00e4 CSS-tyy\u00adli\u00adm\u00e4\u00e4\u00adrit\u00adte\u00adlyi\u00adden avul\u00adla sel\u00adlai\u00adsia, ett\u00e4 si\u00ads\u00e4l\u00adt\u00f6 esi\u00adte\u00adt\u00e4\u00e4n k\u00e4yt\u00adt\u00e4\u00adj\u00e4l\u00adle vi\u00adsu\u00adaa\u00adli\u00adses\u00adti eri j\u00e4r\u00adjes\u00adtyk\u00adses\u00ads\u00e4 kuin se on HTML-koo\u00addiin kir\u00adjoi\u00adtet\u00adtu. N\u00e4in ei kan\u00adna\u00adta toi\u00admia, sil\u00adl\u00e4 ruu\u00addun\u00adlu\u00adkuoh\u00adjel\u00admat lu\u00adke\u00advat si\u00advun kui\u00adten\u00adkin HTML-koo\u00addin esit\u00adt\u00e4\u00adm\u00e4s\u00ads\u00e4 j\u00e4r\u00adjes\u00adtyk\u00adses\u00ads\u00e4.<\/p>\n\n","protected":false},"excerpt":{"rendered":"<p>Lu\u00adke\u00admis\u00adj\u00e4r\u00adjes\u00adtyk\u00adsen tu\u00adli\u00adsi olla loo\u00adgi\u00adnen ja sel\u00adke\u00e4: verk\u00adko\u00adsi\u00advu\u00adjen teks\u00adtin tu\u00adli\u00adsi ede\u00adt\u00e4 va\u00adsem\u00admal\u00adta oi\u00adkeal\u00adle ja yl\u00adh\u00e4\u00e4l\u00adt\u00e4 alas. T\u00e4l\u00adl\u00f6in si\u00advu\u00adn\u00e4\u00adky\u00adm\u00e4\u00e4 ei tar\u00advit\u00adse tur\u00adhaan vie\u00adrit\u00adt\u00e4\u00e4 edes\u00adta\u00adkai\u00adsin. So\u00adkeil\u00adle ruu\u00addun\u00adlu\u00adkuoh\u00adjel\u00adman k\u00e4yt\u00adt\u00e4\u00adjil\u00adle lu\u00adke\u00admis\u00adj\u00e4r\u00adjes\u00adtyk\u00adsen tu\u00adli\u00adsi olla sama kuin nor\u00admaa\u00adlis\u00adti n\u00e4\u00adke\u00advil\u00adle. K\u00e4y\u00adt\u00e4n\u00adn\u00f6s\u00ads\u00e4 t\u00e4m\u00e4 on\u00adnis\u00adtuu si\u00adten, [&hellip;]<span class=\"moretag\">Lue lis\u00e4\u00e4&#8230;<\/span><\/p>\n","protected":false},"author":10,"featured_media":0,"parent":134,"menu_order":6,"comment_status":"closed","ping_status":"closed","template":"","meta":{"_acf_changed":false,"footnotes":""},"class_list":["post-278","page","type-page","status-publish","hentry"],"acf":[],"_links":{"self":[{"href":"https:\/\/papunet.net\/saavutettavuus\/wp-json\/wp\/v2\/pages\/278","targetHints":{"allow":["GET"]}}],"collection":[{"href":"https:\/\/papunet.net\/saavutettavuus\/wp-json\/wp\/v2\/pages"}],"about":[{"href":"https:\/\/papunet.net\/saavutettavuus\/wp-json\/wp\/v2\/types\/page"}],"author":[{"embeddable":true,"href":"https:\/\/papunet.net\/saavutettavuus\/wp-json\/wp\/v2\/users\/10"}],"replies":[{"embeddable":true,"href":"https:\/\/papunet.net\/saavutettavuus\/wp-json\/wp\/v2\/comments?post=278"}],"version-history":[{"count":0,"href":"https:\/\/papunet.net\/saavutettavuus\/wp-json\/wp\/v2\/pages\/278\/revisions"}],"up":[{"embeddable":true,"href":"https:\/\/papunet.net\/saavutettavuus\/wp-json\/wp\/v2\/pages\/134"}],"wp:attachment":[{"href":"https:\/\/papunet.net\/saavutettavuus\/wp-json\/wp\/v2\/media?parent=278"}],"curies":[{"name":"wp","href":"https:\/\/api.w.org\/{rel}","templated":true}]}}