{"id":279,"date":"2022-11-28T10:58:18","date_gmt":"2022-11-28T08:58:18","guid":{"rendered":"https:\/\/papunet.net\/saavutettavuus\/?page_id=279"},"modified":"2023-01-26T09:16:34","modified_gmt":"2023-01-26T07:16:34","slug":"kayta-selkeaa-ja-ymmarrettavaa-kielta","status":"publish","type":"page","link":"https:\/\/papunet.net\/saavutettavuus\/ohjeita-ja-oppaita\/saavutettavien-verkkosivujen-suunnitteluopas\/kayta-selkeaa-ja-ymmarrettavaa-kielta\/","title":{"rendered":"K\u00e4yt\u00e4 selke\u00e4\u00e4 ja ymm\u00e4rrett\u00e4v\u00e4\u00e4 kielt\u00e4"},"content":{"rendered":"\n<p>Sel\u00adke\u00e4 ja ym\u00adm\u00e4r\u00adret\u00adt\u00e4\u00adv\u00e4 kie\u00adli pa\u00adran\u00adtaa verk\u00adko\u00adsi\u00advu\u00adjen si\u00ads\u00e4l\u00adl\u00f6n saa\u00advu\u00adtet\u00adta\u00advuut\u00adta tyy\u00adpil\u00adli\u00adses\u00adti kai\u00adkil\u00adle k\u00e4yt\u00adt\u00e4\u00adjil\u00adle. Eri\u00adtyi\u00adsen t\u00e4r\u00adke\u00ad\u00e4\u00e4 t\u00e4m\u00e4 on hen\u00adki\u00adl\u00f6il\u00adle, joil\u00adla on kie\u00adlel\u00adli\u00adsi\u00e4 tai kog\u00adni\u00adtii\u00advi\u00adsia haas\u00adtei\u00adta. My\u00f6s maa\u00adhan\u00admuut\u00adta\u00adjat, jot\u00adka ei\u00adv\u00e4t puhu \u00e4i\u00addin\u00adkie\u00adle\u00adn\u00e4\u00e4n suo\u00admea, hy\u00f6\u00adty\u00adv\u00e4t t\u00e4s\u00adt\u00e4 pal\u00adjon.<\/p>\n<p>Yleen\u00ads\u00e4 hyv\u00e4 yleis\u00adkie\u00adli on riit\u00adt\u00e4\u00adv\u00e4 ja pa\u00adran\u00adtaa huo\u00admat\u00adta\u00advas\u00adti saa\u00advu\u00adtet\u00adta\u00advuut\u00adta ja k\u00e4y\u00adtet\u00adt\u00e4\u00advyyt\u00adt\u00e4. On mo\u00adnia k\u00e4yt\u00adt\u00e4\u00adji\u00e4, joil\u00adle pelk\u00adk\u00e4 hyv\u00e4 yleis\u00adkie\u00adli ei kui\u00adten\u00adkaan rii\u00adt\u00e4. T\u00e4m\u00e4 vuok\u00adsi t\u00e4r\u00adkeim\u00adm\u00e4t si\u00ads\u00e4l\u00adl\u00f6t kan\u00adnat\u00adtaa esit\u00adt\u00e4\u00e4 k\u00e4yt\u00adt\u00e4en sel\u00adko\u00adkiel\u00adt\u00e4 ja sel\u00adkoil\u00admai\u00adsua.<\/p>\n<p>Sel\u00adke\u00e4n hy\u00adv\u00e4n ym\u00adm\u00e4r\u00adret\u00adt\u00e4\u00adv\u00e4n kie\u00adlen oh\u00adjei\u00adta:<\/p>\n<ul>\n<li>Il\u00admai\u00adse asiat suo\u00adraan ja yk\u00adsin\u00adker\u00adtai\u00adses\u00adti.<\/li>\n<li>\u00c4l\u00e4 k\u00e4y\u00adt\u00e4 kie\u00adli\u00adku\u00advia tai sa\u00adnon\u00adto\u00adja.<\/li>\n<li>V\u00e4l\u00adt\u00e4 mo\u00adni\u00admut\u00adkais\u00adten, vie\u00adras\u00adpe\u00adr\u00e4is\u00adten ja vai\u00adkei\u00adden sa\u00adno\u00adjen k\u00e4yt\u00adt\u00f6\u00e4.<\/li>\n<li>Ri\u00advi\u00adt\u00e4 teks\u00adti va\u00adsem\u00admal\u00adle.<\/li>\n<li>\u00c4l\u00e4 tur\u00adhaan <strong>lihavoi<\/strong>, <em>kursivoi<\/em> tai <span style=\"text-decoration: underline\">alleviivaa<\/span> teks\u00adti\u00e4.<\/li>\n<li>\u00c4l\u00e4 k\u00e4y\u00adt\u00e4 PELK\u00adKI\u00c4 ISO\u00adJA KIR\u00adJAI\u00adMIA.<\/li>\n<li>Pa\u00adloit\u00adte\u00adle teks\u00adti sel\u00adke\u00e4k\u00adsi ja ym\u00adm\u00e4r\u00adret\u00adt\u00e4\u00adv\u00e4k\u00adsi ko\u00adko\u00adnai\u00adsuu\u00addek\u00adsi k\u00e4yt\u00adt\u00e4\u00adm\u00e4l\u00adl\u00e4 v\u00e4\u00adliot\u00adsi\u00adkoi\u00adta, lis\u00adto\u00adja, ku\u00advia ja vi\u00addeoi\u00adta.<\/li>\n<li>\u00c4l\u00e4 jul\u00adkai\u00adse lii\u00adan pit\u00adki\u00e4 teks\u00adti\u00adsi\u00ads\u00e4l\u00adt\u00f6\u00adj\u00e4.<\/li>\n<li>Tue kir\u00adjoi\u00adtet\u00adtua teks\u00adti\u00e4 ku\u00advil\u00adla, ku\u00advaa\u00adjil\u00adla, lis\u00adtoil\u00adla, vi\u00addeoil\u00adla ja \u00e4\u00e4\u00adni\u00adtie\u00addos\u00adtoil\u00adla.<\/li>\n<\/ul>\n<h2>Li\u00ads\u00e4\u00e4 ai\u00adhees\u00adta<\/h2>\n<p><a href=\"https:\/\/papunet.net\/saavutettavuus\/miksi-saavutettava\/sisallon-ymmarrettavyys-ja-selkokieli\/\">Si\u00ads\u00e4l\u00adl\u00f6n ym\u00adm\u00e4r\u00adret\u00adt\u00e4\u00advyys ja sel\u00adko\u00adkie\u00adli<\/a><\/p>\n\n","protected":false},"excerpt":{"rendered":"<p>Sel\u00adke\u00e4 ja ym\u00adm\u00e4r\u00adret\u00adt\u00e4\u00adv\u00e4 kie\u00adli pa\u00adran\u00adtaa verk\u00adko\u00adsi\u00advu\u00adjen si\u00ads\u00e4l\u00adl\u00f6n saa\u00advu\u00adtet\u00adta\u00advuut\u00adta tyy\u00adpil\u00adli\u00adses\u00adti kai\u00adkil\u00adle k\u00e4yt\u00adt\u00e4\u00adjil\u00adle. Eri\u00adtyi\u00adsen t\u00e4r\u00adke\u00ad\u00e4\u00e4 t\u00e4m\u00e4 on hen\u00adki\u00adl\u00f6il\u00adle, joil\u00adla on kie\u00adlel\u00adli\u00adsi\u00e4 tai kog\u00adni\u00adtii\u00advi\u00adsia haas\u00adtei\u00adta. My\u00f6s maa\u00adhan\u00admuut\u00adta\u00adjat, jot\u00adka ei\u00adv\u00e4t puhu \u00e4i\u00addin\u00adkie\u00adle\u00adn\u00e4\u00e4n suo\u00admea, hy\u00f6\u00adty\u00adv\u00e4t t\u00e4s\u00adt\u00e4 pal\u00adjon. Yleen\u00ads\u00e4 hyv\u00e4 yleis\u00adkie\u00adli on [&hellip;]<span class=\"moretag\">Lue lis\u00e4\u00e4&#8230;<\/span><\/p>\n","protected":false},"author":10,"featured_media":0,"parent":134,"menu_order":7,"comment_status":"closed","ping_status":"closed","template":"","meta":{"_acf_changed":false,"footnotes":""},"class_list":["post-279","page","type-page","status-publish","hentry"],"acf":[],"_links":{"self":[{"href":"https:\/\/papunet.net\/saavutettavuus\/wp-json\/wp\/v2\/pages\/279","targetHints":{"allow":["GET"]}}],"collection":[{"href":"https:\/\/papunet.net\/saavutettavuus\/wp-json\/wp\/v2\/pages"}],"about":[{"href":"https:\/\/papunet.net\/saavutettavuus\/wp-json\/wp\/v2\/types\/page"}],"author":[{"embeddable":true,"href":"https:\/\/papunet.net\/saavutettavuus\/wp-json\/wp\/v2\/users\/10"}],"replies":[{"embeddable":true,"href":"https:\/\/papunet.net\/saavutettavuus\/wp-json\/wp\/v2\/comments?post=279"}],"version-history":[{"count":0,"href":"https:\/\/papunet.net\/saavutettavuus\/wp-json\/wp\/v2\/pages\/279\/revisions"}],"up":[{"embeddable":true,"href":"https:\/\/papunet.net\/saavutettavuus\/wp-json\/wp\/v2\/pages\/134"}],"wp:attachment":[{"href":"https:\/\/papunet.net\/saavutettavuus\/wp-json\/wp\/v2\/media?parent=279"}],"curies":[{"name":"wp","href":"https:\/\/api.w.org\/{rel}","templated":true}]}}