{"id":282,"date":"2022-11-28T11:03:02","date_gmt":"2022-11-28T09:03:02","guid":{"rendered":"https:\/\/papunet.net\/saavutettavuus\/?page_id=282"},"modified":"2023-01-26T09:32:41","modified_gmt":"2023-01-26T07:32:41","slug":"kayta-taulukkoja-harkiten","status":"publish","type":"page","link":"https:\/\/papunet.net\/saavutettavuus\/ohjeita-ja-oppaita\/saavutettavien-verkkosivujen-suunnitteluopas\/kayta-taulukkoja-harkiten\/","title":{"rendered":"K\u00e4yt\u00e4 taulukkoja harkiten"},"content":{"rendered":"\n<p>Taulukkoja tulisi k\u00e4ytt\u00e4\u00e4 vain suurten datamassojen esitt\u00e4miseen. Niit\u00e4 ei kannata k\u00e4ytt\u00e4\u00e4 vain visuaaliseen muotoilemiseen. Taulukot skaalautuvat huonosti ja niit\u00e4 on hankala lukea, jos verkkosivua k\u00e4ytet\u00e4\u00e4n pienin\u00e4ytt\u00f6isell\u00e4 matkapuhelimella.<\/p>\n<p>Taulukot ovat usein hankalia my\u00f6s n\u00e4k\u00f6vammaisille ruudunlukuohjelman k\u00e4ytt\u00e4jille. Teknisesti taulukoista on mahdollista tehd\u00e4 saavutettavia n\u00e4k\u00f6vammaisille, mutta niiden lukeminen ruudunlukuohjelmalla on melko hankalaa ja vaivalloista.<\/p>\n<p>Taulukon k\u00e4ytt\u00e4mist\u00e4 kannattaa siis harkita tarkkaan ja mietti\u00e4, voidaanko tieto esitt\u00e4\u00e4 muulla tavalla.<\/p>\n<p>Jos kuitenkin lis\u00e4\u00e4t taulukon verkkosivulle, muista lis\u00e4t\u00e4 koodiin taulukon kohdalle lyhyt selite sek\u00e4 otsikot taulukon riveille ja sarakkeille. Ruudunlukuohjelma lukee n\u00e4m\u00e4 k\u00e4ytt\u00e4j\u00e4lle.<\/p>\n<p>Koodiesimerkkej\u00e4:<\/p>\n<ul>\n<li>&lt;caption&gt; -elementill\u00e4 voidaan luoda taulukolle seliteteksti.<\/li>\n<li>&lt;th&gt; -elementill\u00e4 voidaan luoda taulukon riveille ja sarakkeille otsikot.<\/li>\n<\/ul>\n\n","protected":false},"excerpt":{"rendered":"<p>Taulukkoja tulisi k\u00e4ytt\u00e4\u00e4 vain suurten datamassojen esitt\u00e4miseen. Niit\u00e4 ei kannata k\u00e4ytt\u00e4\u00e4 vain visuaaliseen muotoilemiseen. Taulukot skaalautuvat huonosti ja niit\u00e4 on hankala lukea, jos verkkosivua k\u00e4ytet\u00e4\u00e4n pienin\u00e4ytt\u00f6isell\u00e4 matkapuhelimella. Taulukot ovat usein hankalia my\u00f6s n\u00e4k\u00f6vammaisille ruudunlukuohjelman k\u00e4ytt\u00e4jille. Teknisesti [&hellip;]<span class=\"moretag\">Lue lis\u00e4\u00e4&#8230;<\/span><\/p>\n","protected":false},"author":10,"featured_media":0,"parent":134,"menu_order":9,"comment_status":"closed","ping_status":"closed","template":"","meta":{"_acf_changed":false,"footnotes":""},"class_list":["post-282","page","type-page","status-publish","hentry"],"acf":[],"_links":{"self":[{"href":"https:\/\/papunet.net\/saavutettavuus\/wp-json\/wp\/v2\/pages\/282","targetHints":{"allow":["GET"]}}],"collection":[{"href":"https:\/\/papunet.net\/saavutettavuus\/wp-json\/wp\/v2\/pages"}],"about":[{"href":"https:\/\/papunet.net\/saavutettavuus\/wp-json\/wp\/v2\/types\/page"}],"author":[{"embeddable":true,"href":"https:\/\/papunet.net\/saavutettavuus\/wp-json\/wp\/v2\/users\/10"}],"replies":[{"embeddable":true,"href":"https:\/\/papunet.net\/saavutettavuus\/wp-json\/wp\/v2\/comments?post=282"}],"version-history":[{"count":0,"href":"https:\/\/papunet.net\/saavutettavuus\/wp-json\/wp\/v2\/pages\/282\/revisions"}],"up":[{"embeddable":true,"href":"https:\/\/papunet.net\/saavutettavuus\/wp-json\/wp\/v2\/pages\/134"}],"wp:attachment":[{"href":"https:\/\/papunet.net\/saavutettavuus\/wp-json\/wp\/v2\/media?parent=282"}],"curies":[{"name":"wp","href":"https:\/\/api.w.org\/{rel}","templated":true}]}}