{"id":284,"date":"2022-11-28T12:34:24","date_gmt":"2022-11-28T10:34:24","guid":{"rendered":"https:\/\/papunet.net\/saavutettavuus\/?page_id=284"},"modified":"2023-01-26T09:59:30","modified_gmt":"2023-01-26T07:59:30","slug":"nimea-linkit-ja-otsikot-ymmarrettavasti","status":"publish","type":"page","link":"https:\/\/papunet.net\/saavutettavuus\/ohjeita-ja-oppaita\/saavutettavien-verkkosivujen-suunnitteluopas\/nimea-linkit-ja-otsikot-ymmarrettavasti\/","title":{"rendered":"Nime\u00e4 linkit ja otsikot ymm\u00e4rrett\u00e4v\u00e4sti"},"content":{"rendered":"\n<p>Otsikot ja linkit tulee nimet\u00e4 selke\u00e4sti ja ymm\u00e4rrett\u00e4v\u00e4sti. Linkin nimest\u00e4 ja sit\u00e4 ymp\u00e4r\u00f6iv\u00e4st\u00e4 kontekstista tulee k\u00e4yd\u00e4 ilmi, mit\u00e4 tapahtuu, kun k\u00e4ytt\u00e4j\u00e4 painaa linkki\u00e4.<\/p>\n<p>Verkkosivuilla saatetaan k\u00e4ytt\u00e4\u00e4 linkkej\u00e4, jotka on nimetty esimerkiksi \u201dPaina t\u00e4st\u00e4\u201d tai \u201dLue lis\u00e4\u00e4\u201d. T\u00e4ll\u00e4 tavalla nimetyt linkit ovat saavutettavia, jos niit\u00e4 ymp\u00e4r\u00f6iv\u00e4st\u00e4 kontekstista k\u00e4y ilmi linkin tarkoitus.<\/p>\n<p>K\u00e4ytett\u00e4vyyden kannalta parempi ratkaisu on nimet\u00e4 linkit siten, ett\u00e4 linkin nimest\u00e4 k\u00e4y ilmi sen tarkoitus. Moni n\u00e4k\u00f6vammainen ruudunlukuohjelman k\u00e4ytt\u00e4j\u00e4 selaa verkkosivuja l\u00e4pi lukemalla vain sivuilla olevat linkit.<\/p>\n<p>Sivun p\u00e4\u00e4sis\u00e4ll\u00f6n p\u00e4\u00e4otsikon ja sinne johtavan linkin nimen tulisi mahdollisimman hyvin vastata toisiaan.<\/p>\n<p>Mik\u00e4li k\u00e4ytt\u00e4j\u00e4 esimerkiksi valitsee linkin, jonka nimi on \u201dTuotteet ja palvelut\u201d, seuraavan sivun p\u00e4\u00e4otsikon tulisi olla \u201dTuotteet ja palvelut\u201d. Eri tavoin nimetyt linkit ja otsikot saattavat aiheuttaa sekaannusta, ja k\u00e4ytt\u00e4j\u00e4 voi kuvitella avanneensa v\u00e4\u00e4r\u00e4n sivun.<\/p>\n<p>Koodiesimerkki: &lt;h1&gt;-, &lt;h2&gt;-, &lt;h3&gt;-, &lt;h4&gt;-, &lt;h5&gt;- ja &lt;h6&gt;-elementeill\u00e4 voidaan luoda eritasoisia otsikkoja verkkosivuille.<\/p>\n\n","protected":false},"excerpt":{"rendered":"<p>Otsikot ja linkit tulee nimet\u00e4 selke\u00e4sti ja ymm\u00e4rrett\u00e4v\u00e4sti. Linkin nimest\u00e4 ja sit\u00e4 ymp\u00e4r\u00f6iv\u00e4st\u00e4 kontekstista tulee k\u00e4yd\u00e4 ilmi, mit\u00e4 tapahtuu, kun k\u00e4ytt\u00e4j\u00e4 painaa linkki\u00e4. Verkkosivuilla saatetaan k\u00e4ytt\u00e4\u00e4 linkkej\u00e4, jotka on nimetty esimerkiksi \u201dPaina t\u00e4st\u00e4\u201d tai \u201dLue lis\u00e4\u00e4\u201d. [&hellip;]<span class=\"moretag\">Lue lis\u00e4\u00e4&#8230;<\/span><\/p>\n","protected":false},"author":10,"featured_media":0,"parent":134,"menu_order":11,"comment_status":"closed","ping_status":"closed","template":"","meta":{"_acf_changed":false,"footnotes":""},"class_list":["post-284","page","type-page","status-publish","hentry"],"acf":[],"_links":{"self":[{"href":"https:\/\/papunet.net\/saavutettavuus\/wp-json\/wp\/v2\/pages\/284","targetHints":{"allow":["GET"]}}],"collection":[{"href":"https:\/\/papunet.net\/saavutettavuus\/wp-json\/wp\/v2\/pages"}],"about":[{"href":"https:\/\/papunet.net\/saavutettavuus\/wp-json\/wp\/v2\/types\/page"}],"author":[{"embeddable":true,"href":"https:\/\/papunet.net\/saavutettavuus\/wp-json\/wp\/v2\/users\/10"}],"replies":[{"embeddable":true,"href":"https:\/\/papunet.net\/saavutettavuus\/wp-json\/wp\/v2\/comments?post=284"}],"version-history":[{"count":0,"href":"https:\/\/papunet.net\/saavutettavuus\/wp-json\/wp\/v2\/pages\/284\/revisions"}],"up":[{"embeddable":true,"href":"https:\/\/papunet.net\/saavutettavuus\/wp-json\/wp\/v2\/pages\/134"}],"wp:attachment":[{"href":"https:\/\/papunet.net\/saavutettavuus\/wp-json\/wp\/v2\/media?parent=284"}],"curies":[{"name":"wp","href":"https:\/\/api.w.org\/{rel}","templated":true}]}}