{"id":287,"date":"2022-11-28T12:43:55","date_gmt":"2022-11-28T10:43:55","guid":{"rendered":"https:\/\/papunet.net\/saavutettavuus\/?page_id=287"},"modified":"2022-11-28T12:43:55","modified_gmt":"2022-11-28T10:43:55","slug":"lisaa-jokaiselle-sivulle-linkki-sivuston-etusivulle","status":"publish","type":"page","link":"https:\/\/papunet.net\/saavutettavuus\/ohjeita-ja-oppaita\/saavutettavien-verkkosivujen-suunnitteluopas\/lisaa-jokaiselle-sivulle-linkki-sivuston-etusivulle\/","title":{"rendered":"Lis\u00e4\u00e4 jokaiselle sivulle linkki sivuston etusivulle"},"content":{"rendered":"\n<p>On saavutettavuuden kannalta t\u00e4rke\u00e4\u00e4, ett\u00e4 k\u00e4ytt\u00e4j\u00e4 voi palata verkkosivuston jokaiselta alasivulta helposti sivuston etusivulle.<\/p>\n<p>Etusivulle johtava linkki voidaan sijoittaa esimerkiksi p\u00e4\u00e4navigaatiopalkkiin.<\/p>\n<p>Usein my\u00f6s sivun vasempaan yl\u00e4laitaan on laitettu logo, joka toimii linkkin\u00e4 etusivulle. T\u00e4ll\u00f6in on muistettava merkit\u00e4 logon tekstivastineeseen erikseen, mihin kyseist\u00e4 linkki\u00e4 painamalla p\u00e4\u00e4see: \u201dYritys ABC \u2013 Etusivu\u201d.<\/p>\n\n","protected":false},"excerpt":{"rendered":"<p>On saavutettavuuden kannalta t\u00e4rke\u00e4\u00e4, ett\u00e4 k\u00e4ytt\u00e4j\u00e4 voi palata verkkosivuston jokaiselta alasivulta helposti sivuston etusivulle. Etusivulle johtava linkki voidaan sijoittaa esimerkiksi p\u00e4\u00e4navigaatiopalkkiin. Usein my\u00f6s sivun vasempaan yl\u00e4laitaan on laitettu logo, joka toimii linkkin\u00e4 etusivulle. T\u00e4ll\u00f6in on muistettava [&hellip;]<span class=\"moretag\">Lue lis\u00e4\u00e4&#8230;<\/span><\/p>\n","protected":false},"author":10,"featured_media":0,"parent":134,"menu_order":14,"comment_status":"closed","ping_status":"closed","template":"","meta":{"_acf_changed":false,"footnotes":""},"class_list":["post-287","page","type-page","status-publish","hentry"],"acf":[],"_links":{"self":[{"href":"https:\/\/papunet.net\/saavutettavuus\/wp-json\/wp\/v2\/pages\/287","targetHints":{"allow":["GET"]}}],"collection":[{"href":"https:\/\/papunet.net\/saavutettavuus\/wp-json\/wp\/v2\/pages"}],"about":[{"href":"https:\/\/papunet.net\/saavutettavuus\/wp-json\/wp\/v2\/types\/page"}],"author":[{"embeddable":true,"href":"https:\/\/papunet.net\/saavutettavuus\/wp-json\/wp\/v2\/users\/10"}],"replies":[{"embeddable":true,"href":"https:\/\/papunet.net\/saavutettavuus\/wp-json\/wp\/v2\/comments?post=287"}],"version-history":[{"count":0,"href":"https:\/\/papunet.net\/saavutettavuus\/wp-json\/wp\/v2\/pages\/287\/revisions"}],"up":[{"embeddable":true,"href":"https:\/\/papunet.net\/saavutettavuus\/wp-json\/wp\/v2\/pages\/134"}],"wp:attachment":[{"href":"https:\/\/papunet.net\/saavutettavuus\/wp-json\/wp\/v2\/media?parent=287"}],"curies":[{"name":"wp","href":"https:\/\/api.w.org\/{rel}","templated":true}]}}