{"id":288,"date":"2022-11-28T12:46:08","date_gmt":"2022-11-28T10:46:08","guid":{"rendered":"https:\/\/papunet.net\/saavutettavuus\/?page_id=288"},"modified":"2023-01-26T10:41:29","modified_gmt":"2023-01-26T08:41:29","slug":"varmista-etta-sisallolle-on-maaritelty-kieli","status":"publish","type":"page","link":"https:\/\/papunet.net\/saavutettavuus\/ohjeita-ja-oppaita\/saavutettavien-verkkosivujen-suunnitteluopas\/varmista-etta-sisallolle-on-maaritelty-kieli\/","title":{"rendered":"Varmista, ett\u00e4 sis\u00e4ll\u00f6lle on m\u00e4\u00e4ritelty kieli"},"content":{"rendered":"\n<p>Sivustolle on m\u00e4\u00e4ritelt\u00e4v\u00e4 kieli HTML-koodissa. Kun kieli on m\u00e4\u00e4ritelty, ruudunlukuohjelmat osaavat usein vaihtaa puhesyntetisaattorin puhumaan sivustolla k\u00e4ytetty\u00e4 kielt\u00e4.<\/p>\n<p>Kielen m\u00e4\u00e4rittely tekee my\u00f6s verkossa olevien automaattisten k\u00e4\u00e4nn\u00f6sty\u00f6kalujen k\u00e4yt\u00f6st\u00e4 helpompaa ja parantaa hakukoneoptimointia.<\/p>\n<p>Koodiesimerkki: &lt;html lang=\u201dfi-FI\u201d&gt;<\/p>\n\n","protected":false},"excerpt":{"rendered":"<p>Sivustolle on m\u00e4\u00e4ritelt\u00e4v\u00e4 kieli HTML-koodissa. Kun kieli on m\u00e4\u00e4ritelty, ruudunlukuohjelmat osaavat usein vaihtaa puhesyntetisaattorin puhumaan sivustolla k\u00e4ytetty\u00e4 kielt\u00e4. Kielen m\u00e4\u00e4rittely tekee my\u00f6s verkossa olevien automaattisten k\u00e4\u00e4nn\u00f6sty\u00f6kalujen k\u00e4yt\u00f6st\u00e4 helpompaa ja parantaa hakukoneoptimointia. Koodiesimerkki: &lt;html lang=\u201dfi-FI\u201d&gt;<\/p>\n","protected":false},"author":10,"featured_media":0,"parent":134,"menu_order":15,"comment_status":"closed","ping_status":"closed","template":"","meta":{"_acf_changed":false,"footnotes":""},"class_list":["post-288","page","type-page","status-publish","hentry"],"acf":[],"_links":{"self":[{"href":"https:\/\/papunet.net\/saavutettavuus\/wp-json\/wp\/v2\/pages\/288","targetHints":{"allow":["GET"]}}],"collection":[{"href":"https:\/\/papunet.net\/saavutettavuus\/wp-json\/wp\/v2\/pages"}],"about":[{"href":"https:\/\/papunet.net\/saavutettavuus\/wp-json\/wp\/v2\/types\/page"}],"author":[{"embeddable":true,"href":"https:\/\/papunet.net\/saavutettavuus\/wp-json\/wp\/v2\/users\/10"}],"replies":[{"embeddable":true,"href":"https:\/\/papunet.net\/saavutettavuus\/wp-json\/wp\/v2\/comments?post=288"}],"version-history":[{"count":0,"href":"https:\/\/papunet.net\/saavutettavuus\/wp-json\/wp\/v2\/pages\/288\/revisions"}],"up":[{"embeddable":true,"href":"https:\/\/papunet.net\/saavutettavuus\/wp-json\/wp\/v2\/pages\/134"}],"wp:attachment":[{"href":"https:\/\/papunet.net\/saavutettavuus\/wp-json\/wp\/v2\/media?parent=288"}],"curies":[{"name":"wp","href":"https:\/\/api.w.org\/{rel}","templated":true}]}}