{"id":290,"date":"2022-11-28T12:50:07","date_gmt":"2022-11-28T10:50:07","guid":{"rendered":"https:\/\/papunet.net\/saavutettavuus\/?page_id=290"},"modified":"2023-01-26T10:49:43","modified_gmt":"2023-01-26T08:49:43","slug":"automaattisesti-kaynnistyva-mediasisalto","status":"publish","type":"page","link":"https:\/\/papunet.net\/saavutettavuus\/ohjeita-ja-oppaita\/saavutettavien-verkkosivujen-suunnitteluopas\/automaattisesti-kaynnistyva-mediasisalto\/","title":{"rendered":"Automaattisesti k\u00e4ynnistyv\u00e4 mediasis\u00e4lt\u00f6"},"content":{"rendered":"\n<p>On suositeltavaa antaa k\u00e4ytt\u00e4j\u00e4n itse k\u00e4ynnist\u00e4\u00e4 kaikki mediasis\u00e4lt\u00f6 verkkosivuilla. Jos sivuilla kuitenkin halutaan k\u00e4ytt\u00e4\u00e4 automaattisesti k\u00e4ynnistyvi\u00e4 mediasis\u00e4lt\u00f6j\u00e4, tulisi niist\u00e4 ilmoittaa k\u00e4ytt\u00e4j\u00e4lle etuk\u00e4teen esimerkiksi linkin nimess\u00e4.<\/p>\n<p>Jos sivulla on yli 3 sekuntia kest\u00e4vi\u00e4 automaattisesti k\u00e4ynnistyvi\u00e4 videoita tai \u00e4\u00e4nitiedostoja, k\u00e4ytt\u00e4j\u00e4lle on tarjottava mahdollisuus keskeytt\u00e4\u00e4 median toisto. Keskeytt\u00e4misen t\u00e4ytyy olla mahdollista my\u00f6s pelk\u00e4ll\u00e4 n\u00e4pp\u00e4imist\u00f6ll\u00e4.<\/p>\n<p>Monen k\u00e4ytt\u00e4j\u00e4n mielest\u00e4 automaattisesti k\u00e4ynnistyv\u00e4t videot tai \u00e4\u00e4nitiedostot h\u00e4iritsev\u00e4t sivun k\u00e4ytt\u00f6\u00e4. Ruudunlukuohjelmaa k\u00e4ytt\u00e4vilt\u00e4 ne saattavat jopa kokonaan est\u00e4\u00e4 sivun muun k\u00e4yt\u00f6n.<\/p>\n<p>Kuulovammaisille automaattisesti k\u00e4ynnistyv\u00e4t mediasis\u00e4ll\u00f6t saattavat olla kiusallisia esimerkiksi julkisilla paikoilla, koska k\u00e4ytt\u00e4j\u00e4 ei voi aina aistia, ett\u00e4 laitteen kaiuttimista kuuluu \u00e4\u00e4nt\u00e4.<\/p>\n\n","protected":false},"excerpt":{"rendered":"<p>On suositeltavaa antaa k\u00e4ytt\u00e4j\u00e4n itse k\u00e4ynnist\u00e4\u00e4 kaikki mediasis\u00e4lt\u00f6 verkkosivuilla. Jos sivuilla kuitenkin halutaan k\u00e4ytt\u00e4\u00e4 automaattisesti k\u00e4ynnistyvi\u00e4 mediasis\u00e4lt\u00f6j\u00e4, tulisi niist\u00e4 ilmoittaa k\u00e4ytt\u00e4j\u00e4lle etuk\u00e4teen esimerkiksi linkin nimess\u00e4. Jos sivulla on yli 3 sekuntia kest\u00e4vi\u00e4 automaattisesti k\u00e4ynnistyvi\u00e4 videoita tai [&hellip;]<span class=\"moretag\">Lue lis\u00e4\u00e4&#8230;<\/span><\/p>\n","protected":false},"author":10,"featured_media":0,"parent":134,"menu_order":17,"comment_status":"closed","ping_status":"closed","template":"","meta":{"_acf_changed":false,"footnotes":""},"class_list":["post-290","page","type-page","status-publish","hentry"],"acf":[],"_links":{"self":[{"href":"https:\/\/papunet.net\/saavutettavuus\/wp-json\/wp\/v2\/pages\/290","targetHints":{"allow":["GET"]}}],"collection":[{"href":"https:\/\/papunet.net\/saavutettavuus\/wp-json\/wp\/v2\/pages"}],"about":[{"href":"https:\/\/papunet.net\/saavutettavuus\/wp-json\/wp\/v2\/types\/page"}],"author":[{"embeddable":true,"href":"https:\/\/papunet.net\/saavutettavuus\/wp-json\/wp\/v2\/users\/10"}],"replies":[{"embeddable":true,"href":"https:\/\/papunet.net\/saavutettavuus\/wp-json\/wp\/v2\/comments?post=290"}],"version-history":[{"count":0,"href":"https:\/\/papunet.net\/saavutettavuus\/wp-json\/wp\/v2\/pages\/290\/revisions"}],"up":[{"embeddable":true,"href":"https:\/\/papunet.net\/saavutettavuus\/wp-json\/wp\/v2\/pages\/134"}],"wp:attachment":[{"href":"https:\/\/papunet.net\/saavutettavuus\/wp-json\/wp\/v2\/media?parent=290"}],"curies":[{"name":"wp","href":"https:\/\/api.w.org\/{rel}","templated":true}]}}