{"id":291,"date":"2022-11-28T12:51:37","date_gmt":"2022-11-28T10:51:37","guid":{"rendered":"https:\/\/papunet.net\/saavutettavuus\/?page_id=291"},"modified":"2022-11-28T12:51:37","modified_gmt":"2022-11-28T10:51:37","slug":"sivun-nimeaminen-title","status":"publish","type":"page","link":"https:\/\/papunet.net\/saavutettavuus\/ohjeita-ja-oppaita\/saavutettavien-verkkosivujen-suunnitteluopas\/sivun-nimeaminen-title\/","title":{"rendered":"Sivun nime\u00e4minen (title)"},"content":{"rendered":"\n<p>Verkkosivuston jokaiselle yksitt\u00e4iselle alasivulle tulisi antaa yksil\u00f6llinen nimi (title). Sivun nimi n\u00e4kyy verkkoselaimen ikkunan yl\u00e4reunassa tai v\u00e4lilehdess\u00e4.<\/p>\n<p>Sivun nime\u00e4 k\u00e4ytet\u00e4\u00e4n oletusnimen\u00e4 silloin, kun sivu tallennetaan selaimen kirjanmerkkeihin. Sivun nimi on my\u00f6s ensimm\u00e4inen asia, jonka ruudunlukuohjelma lukee k\u00e4ytt\u00e4j\u00e4lle, kun uusi sivu aukeaa.<\/p>\n<p>Sivun nimess\u00e4 on hyv\u00e4 kertoa alasivun nimi sek\u00e4 koko sivuston nimi. Esimerkiksi: \u201dTuotteet ja palvelut \u2013 Yritys ABC\u201d.<\/p>\n<p>Sivun nimen ja sivun p\u00e4\u00e4sis\u00e4ll\u00f6n ensimm\u00e4isen otsikon tulisi vastata toisiaan. Niiden ei tarvitse kuitenkaan olla t\u00e4ysin samoja.<\/p>\n\n","protected":false},"excerpt":{"rendered":"<p>Verkkosivuston jokaiselle yksitt\u00e4iselle alasivulle tulisi antaa yksil\u00f6llinen nimi (title). Sivun nimi n\u00e4kyy verkkoselaimen ikkunan yl\u00e4reunassa tai v\u00e4lilehdess\u00e4. Sivun nime\u00e4 k\u00e4ytet\u00e4\u00e4n oletusnimen\u00e4 silloin, kun sivu tallennetaan selaimen kirjanmerkkeihin. Sivun nimi on my\u00f6s ensimm\u00e4inen asia, jonka ruudunlukuohjelma lukee [&hellip;]<span class=\"moretag\">Lue lis\u00e4\u00e4&#8230;<\/span><\/p>\n","protected":false},"author":10,"featured_media":0,"parent":134,"menu_order":18,"comment_status":"closed","ping_status":"closed","template":"","meta":{"_acf_changed":false,"footnotes":""},"class_list":["post-291","page","type-page","status-publish","hentry"],"acf":[],"_links":{"self":[{"href":"https:\/\/papunet.net\/saavutettavuus\/wp-json\/wp\/v2\/pages\/291","targetHints":{"allow":["GET"]}}],"collection":[{"href":"https:\/\/papunet.net\/saavutettavuus\/wp-json\/wp\/v2\/pages"}],"about":[{"href":"https:\/\/papunet.net\/saavutettavuus\/wp-json\/wp\/v2\/types\/page"}],"author":[{"embeddable":true,"href":"https:\/\/papunet.net\/saavutettavuus\/wp-json\/wp\/v2\/users\/10"}],"replies":[{"embeddable":true,"href":"https:\/\/papunet.net\/saavutettavuus\/wp-json\/wp\/v2\/comments?post=291"}],"version-history":[{"count":0,"href":"https:\/\/papunet.net\/saavutettavuus\/wp-json\/wp\/v2\/pages\/291\/revisions"}],"up":[{"embeddable":true,"href":"https:\/\/papunet.net\/saavutettavuus\/wp-json\/wp\/v2\/pages\/134"}],"wp:attachment":[{"href":"https:\/\/papunet.net\/saavutettavuus\/wp-json\/wp\/v2\/media?parent=291"}],"curies":[{"name":"wp","href":"https:\/\/api.w.org\/{rel}","templated":true}]}}