{"id":292,"date":"2022-11-28T12:53:11","date_gmt":"2022-11-28T10:53:11","guid":{"rendered":"https:\/\/papunet.net\/saavutettavuus\/?page_id=292"},"modified":"2023-02-01T12:51:28","modified_gmt":"2023-02-01T10:51:28","slug":"nakyva-kohdistin","status":"publish","type":"page","link":"https:\/\/papunet.net\/saavutettavuus\/ohjeita-ja-oppaita\/saavutettavien-verkkosivujen-suunnitteluopas\/nakyva-kohdistin\/","title":{"rendered":"N\u00e4kyv\u00e4 kohdistin"},"content":{"rendered":"\n<p>Verkkosivuston k\u00e4ytt\u00e4jill\u00e4 saattaa olla motorisia tai fyysisi\u00e4 toimintarajoitteita, jotka vaikeuttavat muun muassa hiiren k\u00e4ytt\u00f6\u00e4. Moni k\u00e4ytt\u00e4j\u00e4 selaakin verkkosivuja k\u00e4ytt\u00e4m\u00e4ll\u00e4 pelk\u00e4st\u00e4\u00e4n n\u00e4pp\u00e4imist\u00f6\u00e4.<\/p>\n<p>N\u00e4pp\u00e4imist\u00f6k\u00e4ytt\u00e4j\u00e4t selaavat sivun eri toiminnallisia elementtej\u00e4, kuten linkkej\u00e4 ja lomakekentti\u00e4, k\u00e4ytt\u00e4en sarkainta (tab \u21b9).<\/p>\n<p>Kun n\u00e4pp\u00e4imist\u00f6k\u00e4ytt\u00e4j\u00e4n kohdistin osoittaa linkkiin, sen ymp\u00e4rille piirtyv\u00e4t n\u00e4kyv\u00e4t reunukset ja k\u00e4ytt\u00e4j\u00e4 tiet\u00e4\u00e4, mink\u00e4 linkin kohdalla h\u00e4n on.<\/p>\n<p>Verkkosivuston tekij\u00f6iden on varmistettava, ett\u00e4 reunukset piirtyv\u00e4t kaikkien toiminnallisten elementtien ymp\u00e4rille, kun niit\u00e4 osoitetaan kohdistimella. Samalla voidaan varmistua siit\u00e4, ett\u00e4 kaikki toiminnot ovat saavutettavissa pelk\u00e4ll\u00e4 n\u00e4pp\u00e4imist\u00f6ll\u00e4.<\/p>\n\n","protected":false},"excerpt":{"rendered":"<p>Verkkosivuston k\u00e4ytt\u00e4jill\u00e4 saattaa olla motorisia tai fyysisi\u00e4 toimintarajoitteita, jotka vaikeuttavat muun muassa hiiren k\u00e4ytt\u00f6\u00e4. Moni k\u00e4ytt\u00e4j\u00e4 selaakin verkkosivuja k\u00e4ytt\u00e4m\u00e4ll\u00e4 pelk\u00e4st\u00e4\u00e4n n\u00e4pp\u00e4imist\u00f6\u00e4. N\u00e4pp\u00e4imist\u00f6k\u00e4ytt\u00e4j\u00e4t selaavat sivun eri toiminnallisia elementtej\u00e4, kuten linkkej\u00e4 ja lomakekentti\u00e4, k\u00e4ytt\u00e4en sarkainta (tab \u21b9). Kun [&hellip;]<span class=\"moretag\">Lue lis\u00e4\u00e4&#8230;<\/span><\/p>\n","protected":false},"author":10,"featured_media":0,"parent":134,"menu_order":19,"comment_status":"closed","ping_status":"closed","template":"","meta":{"_acf_changed":false,"footnotes":""},"class_list":["post-292","page","type-page","status-publish","hentry"],"acf":[],"_links":{"self":[{"href":"https:\/\/papunet.net\/saavutettavuus\/wp-json\/wp\/v2\/pages\/292","targetHints":{"allow":["GET"]}}],"collection":[{"href":"https:\/\/papunet.net\/saavutettavuus\/wp-json\/wp\/v2\/pages"}],"about":[{"href":"https:\/\/papunet.net\/saavutettavuus\/wp-json\/wp\/v2\/types\/page"}],"author":[{"embeddable":true,"href":"https:\/\/papunet.net\/saavutettavuus\/wp-json\/wp\/v2\/users\/10"}],"replies":[{"embeddable":true,"href":"https:\/\/papunet.net\/saavutettavuus\/wp-json\/wp\/v2\/comments?post=292"}],"version-history":[{"count":0,"href":"https:\/\/papunet.net\/saavutettavuus\/wp-json\/wp\/v2\/pages\/292\/revisions"}],"up":[{"embeddable":true,"href":"https:\/\/papunet.net\/saavutettavuus\/wp-json\/wp\/v2\/pages\/134"}],"wp:attachment":[{"href":"https:\/\/papunet.net\/saavutettavuus\/wp-json\/wp\/v2\/media?parent=292"}],"curies":[{"name":"wp","href":"https:\/\/api.w.org\/{rel}","templated":true}]}}