{"id":293,"date":"2022-11-28T12:55:10","date_gmt":"2022-11-28T10:55:10","guid":{"rendered":"https:\/\/papunet.net\/saavutettavuus\/?page_id=293"},"modified":"2022-11-28T12:55:10","modified_gmt":"2022-11-28T10:55:10","slug":"sisallon-maara","status":"publish","type":"page","link":"https:\/\/papunet.net\/saavutettavuus\/ohjeita-ja-oppaita\/saavutettavien-verkkosivujen-suunnitteluopas\/sisallon-maara\/","title":{"rendered":"Sis\u00e4ll\u00f6n m\u00e4\u00e4r\u00e4"},"content":{"rendered":"\n<p>Varmista, ett\u00e4 yksitt\u00e4isill\u00e4 sivuilla on riitt\u00e4v\u00e4n v\u00e4h\u00e4n sis\u00e4lt\u00f6\u00e4. Liian suuri m\u00e4\u00e4r\u00e4 sis\u00e4lt\u00f6\u00e4 saattaa h\u00e4irit\u00e4 k\u00e4ytt\u00e4j\u00e4n tarkkaavaisuutta.<\/p>\n<p>My\u00f6s joillekin apuv\u00e4lineiden k\u00e4ytt\u00e4jille suuri m\u00e4\u00e4r\u00e4 sis\u00e4lt\u00f6\u00e4 yhdell\u00e4 sivulla voi vaikeuttaa ja hidastaa verkkosivujen k\u00e4ytt\u00f6\u00e4. Sis\u00e4lt\u00f6\u00e4 saattaa olla vaivalloista k\u00e4yd\u00e4 l\u00e4pi kuunneltuna ruudunlukuohjelman avulla.<\/p>\n<p>T\u00e4rkeint\u00e4 on kuitenkin tehd\u00e4 kaikille k\u00e4ytt\u00e4jille mahdollisimman helpoksi l\u00f6yt\u00e4\u00e4 sivulla oleva olennainen sis\u00e4lt\u00f6. Olennaisen sis\u00e4ll\u00f6n tulisi erottua selv\u00e4sti sivun muusta sis\u00e4ll\u00f6st\u00e4.<\/p>\n\n","protected":false},"excerpt":{"rendered":"<p>Varmista, ett\u00e4 yksitt\u00e4isill\u00e4 sivuilla on riitt\u00e4v\u00e4n v\u00e4h\u00e4n sis\u00e4lt\u00f6\u00e4. Liian suuri m\u00e4\u00e4r\u00e4 sis\u00e4lt\u00f6\u00e4 saattaa h\u00e4irit\u00e4 k\u00e4ytt\u00e4j\u00e4n tarkkaavaisuutta. My\u00f6s joillekin apuv\u00e4lineiden k\u00e4ytt\u00e4jille suuri m\u00e4\u00e4r\u00e4 sis\u00e4lt\u00f6\u00e4 yhdell\u00e4 sivulla voi vaikeuttaa ja hidastaa verkkosivujen k\u00e4ytt\u00f6\u00e4. Sis\u00e4lt\u00f6\u00e4 saattaa olla vaivalloista k\u00e4yd\u00e4 [&hellip;]<span class=\"moretag\">Lue lis\u00e4\u00e4&#8230;<\/span><\/p>\n","protected":false},"author":10,"featured_media":0,"parent":134,"menu_order":20,"comment_status":"closed","ping_status":"closed","template":"","meta":{"_acf_changed":false,"footnotes":""},"class_list":["post-293","page","type-page","status-publish","hentry"],"acf":[],"_links":{"self":[{"href":"https:\/\/papunet.net\/saavutettavuus\/wp-json\/wp\/v2\/pages\/293","targetHints":{"allow":["GET"]}}],"collection":[{"href":"https:\/\/papunet.net\/saavutettavuus\/wp-json\/wp\/v2\/pages"}],"about":[{"href":"https:\/\/papunet.net\/saavutettavuus\/wp-json\/wp\/v2\/types\/page"}],"author":[{"embeddable":true,"href":"https:\/\/papunet.net\/saavutettavuus\/wp-json\/wp\/v2\/users\/10"}],"replies":[{"embeddable":true,"href":"https:\/\/papunet.net\/saavutettavuus\/wp-json\/wp\/v2\/comments?post=293"}],"version-history":[{"count":0,"href":"https:\/\/papunet.net\/saavutettavuus\/wp-json\/wp\/v2\/pages\/293\/revisions"}],"up":[{"embeddable":true,"href":"https:\/\/papunet.net\/saavutettavuus\/wp-json\/wp\/v2\/pages\/134"}],"wp:attachment":[{"href":"https:\/\/papunet.net\/saavutettavuus\/wp-json\/wp\/v2\/media?parent=293"}],"curies":[{"name":"wp","href":"https:\/\/api.w.org\/{rel}","templated":true}]}}