{"id":294,"date":"2022-11-28T14:09:49","date_gmt":"2022-11-28T12:09:49","guid":{"rendered":"https:\/\/papunet.net\/saavutettavuus\/?page_id=294"},"modified":"2023-01-26T11:02:26","modified_gmt":"2023-01-26T09:02:26","slug":"kayttajan-sijainti-sivustolla","status":"publish","type":"page","link":"https:\/\/papunet.net\/saavutettavuus\/ohjeita-ja-oppaita\/saavutettavien-verkkosivujen-suunnitteluopas\/kayttajan-sijainti-sivustolla\/","title":{"rendered":"K\u00e4ytt\u00e4j\u00e4n sijainti sivustolla"},"content":{"rendered":"\n<p>On t\u00e4r\u00adke\u00ad\u00e4\u00e4, ett\u00e4 k\u00e4yt\u00adt\u00e4\u00adj\u00e4 ha\u00advait\u00adsee hel\u00adpos\u00adti ja vai\u00advat\u00adto\u00admas\u00adti, min\u00adk\u00e4 ni\u00admi\u00adsel\u00adl\u00e4 ala\u00adsi\u00advul\u00adla h\u00e4n mil\u00adloin\u00adkin on. Li\u00ads\u00e4k\u00adsi k\u00e4yt\u00adt\u00e4\u00adj\u00e4n tu\u00adlee voi\u00adda tie\u00adt\u00e4\u00e4, mis\u00ads\u00e4 koh\u00adtaa si\u00advus\u00adton na\u00advi\u00adgaa\u00adtio\u00adra\u00adken\u00adnet\u00adta h\u00e4n on.<\/p>\n<p>K\u00e4yt\u00adt\u00e4\u00adj\u00e4l\u00adle voi\u00addaan esit\u00adt\u00e4\u00e4 auki ole\u00adva ala\u00adsi\u00advun nimi useal\u00adla eri ta\u00adval\u00adla:<\/p>\n<ul>\n<li>P\u00e4\u00e4\u00adsi\u00ads\u00e4l\u00adl\u00f6n ot\u00adsik\u00adko: t\u00e4s\u00adt\u00e4 k\u00e4yt\u00adt\u00e4\u00adj\u00e4 n\u00e4\u00adkee hel\u00adpos\u00adti, mil\u00adl\u00e4 si\u00advul\u00adla h\u00e4n on.<\/li>\n<li>Si\u00advun nimi: k\u00e4yt\u00adt\u00e4\u00adj\u00e4 voi to\u00adde\u00adta auki ole\u00advan ala\u00adsi\u00advun my\u00f6s si\u00advun ni\u00admes\u00adt\u00e4 eli tit\u00adles\u00adt\u00e4.<\/li>\n<li>Na\u00advi\u00adgaa\u00adtio: si\u00advus\u00adtol\u00adla ole\u00advis\u00adsa na\u00advi\u00adgaa\u00adtio\u00adlin\u00adkeis\u00ads\u00e4 voi\u00addaan k\u00e4yt\u00adt\u00e4\u00adj\u00e4l\u00adle vi\u00adsu\u00adaa\u00adli\u00adses\u00adti esit\u00adt\u00e4\u00e4, min\u00adk\u00e4 si\u00advun alla k\u00e4yt\u00adt\u00e4\u00adj\u00e4 on.<\/li>\n<li>Mu\u00adru\u00adpol\u00adku: mu\u00adru\u00adpol\u00adku on yl\u00e4- ja ala\u00adsi\u00advuis\u00adta koos\u00adtu\u00adva link\u00adki\u00adpol\u00adku, joka esit\u00adt\u00e4\u00e4 k\u00e4yt\u00adt\u00e4\u00adj\u00e4l\u00adle t\u00e4\u00adm\u00e4n si\u00adjain\u00adnin si\u00advus\u00adtol\u00adla.<\/li>\n<\/ul>\n\n","protected":false},"excerpt":{"rendered":"<p>On t\u00e4r\u00adke\u00ad\u00e4\u00e4, ett\u00e4 k\u00e4yt\u00adt\u00e4\u00adj\u00e4 ha\u00advait\u00adsee hel\u00adpos\u00adti ja vai\u00advat\u00adto\u00admas\u00adti, min\u00adk\u00e4 ni\u00admi\u00adsel\u00adl\u00e4 ala\u00adsi\u00advul\u00adla h\u00e4n mil\u00adloin\u00adkin on. Li\u00ads\u00e4k\u00adsi k\u00e4yt\u00adt\u00e4\u00adj\u00e4n tu\u00adlee voi\u00adda tie\u00adt\u00e4\u00e4, mis\u00ads\u00e4 koh\u00adtaa si\u00advus\u00adton na\u00advi\u00adgaa\u00adtio\u00adra\u00adken\u00adnet\u00adta h\u00e4n on. K\u00e4yt\u00adt\u00e4\u00adj\u00e4l\u00adle voi\u00addaan esit\u00adt\u00e4\u00e4 auki ole\u00adva ala\u00adsi\u00advun nimi useal\u00adla eri ta\u00adval\u00adla: P\u00e4\u00e4\u00adsi\u00ads\u00e4l\u00adl\u00f6n [&hellip;]<span class=\"moretag\">Lue lis\u00e4\u00e4&#8230;<\/span><\/p>\n","protected":false},"author":10,"featured_media":0,"parent":134,"menu_order":21,"comment_status":"closed","ping_status":"closed","template":"","meta":{"_acf_changed":false,"footnotes":""},"class_list":["post-294","page","type-page","status-publish","hentry"],"acf":[],"_links":{"self":[{"href":"https:\/\/papunet.net\/saavutettavuus\/wp-json\/wp\/v2\/pages\/294","targetHints":{"allow":["GET"]}}],"collection":[{"href":"https:\/\/papunet.net\/saavutettavuus\/wp-json\/wp\/v2\/pages"}],"about":[{"href":"https:\/\/papunet.net\/saavutettavuus\/wp-json\/wp\/v2\/types\/page"}],"author":[{"embeddable":true,"href":"https:\/\/papunet.net\/saavutettavuus\/wp-json\/wp\/v2\/users\/10"}],"replies":[{"embeddable":true,"href":"https:\/\/papunet.net\/saavutettavuus\/wp-json\/wp\/v2\/comments?post=294"}],"version-history":[{"count":0,"href":"https:\/\/papunet.net\/saavutettavuus\/wp-json\/wp\/v2\/pages\/294\/revisions"}],"up":[{"embeddable":true,"href":"https:\/\/papunet.net\/saavutettavuus\/wp-json\/wp\/v2\/pages\/134"}],"wp:attachment":[{"href":"https:\/\/papunet.net\/saavutettavuus\/wp-json\/wp\/v2\/media?parent=294"}],"curies":[{"name":"wp","href":"https:\/\/api.w.org\/{rel}","templated":true}]}}