{"id":295,"date":"2022-11-28T14:11:58","date_gmt":"2022-11-28T12:11:58","guid":{"rendered":"https:\/\/papunet.net\/saavutettavuus\/?page_id=295"},"modified":"2022-11-28T14:11:58","modified_gmt":"2022-11-28T12:11:58","slug":"hakutoiminto","status":"publish","type":"page","link":"https:\/\/papunet.net\/saavutettavuus\/ohjeita-ja-oppaita\/saavutettavien-verkkosivujen-suunnitteluopas\/hakutoiminto\/","title":{"rendered":"Hakutoiminto"},"content":{"rendered":"\n<p>Jos si\u00advus\u00adtol\u00adla on usei\u00adta ala\u00adsi\u00advu\u00adja (yli 20), tu\u00adli\u00adsi si\u00advus\u00adtol\u00adle si\u00ads\u00e4l\u00adlyt\u00adt\u00e4\u00e4 ha\u00adku\u00adtoi\u00admin\u00adto. Ha\u00adku\u00adtoi\u00admin\u00adto on hyv\u00e4 si\u00adjoit\u00adtaa jo\u00adkai\u00adsel\u00adle si\u00advul\u00adle n\u00e4\u00adky\u00adv\u00e4l\u00adle koh\u00addal\u00adle si\u00advun yl\u00e4\u00adlai\u00adtaan.<\/p>\n<p>Ha\u00adku\u00adtoi\u00admin\u00adto ja ha\u00adku\u00adtu\u00adlok\u00adset n\u00e4yt\u00adt\u00e4\u00adv\u00e4 sivu on to\u00adteu\u00adtet\u00adta\u00adva saa\u00advu\u00adtet\u00adta\u00adval\u00adla ta\u00adval\u00adla. An\u00adnam\u00adme t\u00e4s\u00ads\u00e4 oh\u00adjei\u00adta ja vink\u00adke\u00adj\u00e4 mo\u00adlem\u00adpiin.<\/p>\n<h2>Ha\u00adku\u00adkent\u00adt\u00e4 ja ha\u00adku\u00adpai\u00adni\u00adke<\/h2>\n<p>K\u00e4yt\u00adt\u00e4\u00adj\u00e4 kir\u00adjoit\u00adtaa ha\u00adkusa\u00adnan ha\u00adku\u00adkent\u00adt\u00e4\u00e4n. T\u00e4\u00adh\u00e4n on hyv\u00e4 an\u00adtaa riit\u00adt\u00e4\u00adv\u00e4s\u00adti ti\u00adlaa.<\/p>\n<p>Ha\u00adku\u00adken\u00adt\u00e4n yl\u00e4\u00adpuo\u00adlel\u00adle, va\u00adsem\u00admal\u00adle puo\u00adlel\u00adle tai ha\u00adku\u00adken\u00adt\u00e4n si\u00ads\u00e4\u00e4n tu\u00adlee kir\u00adjoit\u00adtaa, ett\u00e4 ky\u00adsy\u00admyk\u00adses\u00ads\u00e4 on ha\u00adku\u00adkent\u00adt\u00e4. Teks\u00adti voi olla esi\u00admer\u00adkik\u00adsi \u201dHae si\u00advus\u00adtol\u00adta\u201d. T\u00e4m\u00e4 ker\u00adtoo k\u00e4yt\u00adt\u00e4\u00adj\u00e4l\u00adle, ett\u00e4 ky\u00adsees\u00ads\u00e4 on ha\u00adku\u00adtoi\u00admin\u00adto, joka ha\u00adkee si\u00ads\u00e4l\u00adt\u00f6\u00adj\u00e4 si\u00advus\u00adtol\u00adta, jol\u00adla k\u00e4yt\u00adt\u00e4\u00adj\u00e4 par\u00adhail\u00adlaan vie\u00adrai\u00adlee.<\/p>\n<p>Ha\u00adku\u00adtoi\u00admin\u00adto voi\u00addaan li\u00ads\u00e4k\u00adsi ku\u00advit\u00adtaa esi\u00admer\u00adkik\u00adsi suu\u00adren\u00adnus\u00adla\u00adsin ku\u00adval\u00adla. T\u00e4m\u00e4 on ylei\u00adses\u00adti k\u00e4y\u00adtet\u00adty tapa eri si\u00advus\u00adtoil\u00adla.<\/p>\n\n","protected":false},"excerpt":{"rendered":"<p>Jos si\u00advus\u00adtol\u00adla on usei\u00adta ala\u00adsi\u00advu\u00adja (yli 20), tu\u00adli\u00adsi si\u00advus\u00adtol\u00adle si\u00ads\u00e4l\u00adlyt\u00adt\u00e4\u00e4 ha\u00adku\u00adtoi\u00admin\u00adto. Ha\u00adku\u00adtoi\u00admin\u00adto on hyv\u00e4 si\u00adjoit\u00adtaa jo\u00adkai\u00adsel\u00adle si\u00advul\u00adle n\u00e4\u00adky\u00adv\u00e4l\u00adle koh\u00addal\u00adle si\u00advun yl\u00e4\u00adlai\u00adtaan. Ha\u00adku\u00adtoi\u00admin\u00adto ja ha\u00adku\u00adtu\u00adlok\u00adset n\u00e4yt\u00adt\u00e4\u00adv\u00e4 sivu on to\u00adteu\u00adtet\u00adta\u00adva saa\u00advu\u00adtet\u00adta\u00adval\u00adla ta\u00adval\u00adla. An\u00adnam\u00adme t\u00e4s\u00ads\u00e4 oh\u00adjei\u00adta ja vink\u00adke\u00adj\u00e4 mo\u00adlem\u00adpiin. [&hellip;]<span class=\"moretag\">Lue lis\u00e4\u00e4&#8230;<\/span><\/p>\n","protected":false},"author":10,"featured_media":0,"parent":134,"menu_order":22,"comment_status":"closed","ping_status":"closed","template":"","meta":{"_acf_changed":false,"footnotes":""},"class_list":["post-295","page","type-page","status-publish","hentry"],"acf":[],"_links":{"self":[{"href":"https:\/\/papunet.net\/saavutettavuus\/wp-json\/wp\/v2\/pages\/295","targetHints":{"allow":["GET"]}}],"collection":[{"href":"https:\/\/papunet.net\/saavutettavuus\/wp-json\/wp\/v2\/pages"}],"about":[{"href":"https:\/\/papunet.net\/saavutettavuus\/wp-json\/wp\/v2\/types\/page"}],"author":[{"embeddable":true,"href":"https:\/\/papunet.net\/saavutettavuus\/wp-json\/wp\/v2\/users\/10"}],"replies":[{"embeddable":true,"href":"https:\/\/papunet.net\/saavutettavuus\/wp-json\/wp\/v2\/comments?post=295"}],"version-history":[{"count":0,"href":"https:\/\/papunet.net\/saavutettavuus\/wp-json\/wp\/v2\/pages\/295\/revisions"}],"up":[{"embeddable":true,"href":"https:\/\/papunet.net\/saavutettavuus\/wp-json\/wp\/v2\/pages\/134"}],"wp:attachment":[{"href":"https:\/\/papunet.net\/saavutettavuus\/wp-json\/wp\/v2\/media?parent=295"}],"curies":[{"name":"wp","href":"https:\/\/api.w.org\/{rel}","templated":true}]}}