{"id":572,"date":"2023-03-22T12:23:13","date_gmt":"2023-03-22T10:23:13","guid":{"rendered":"https:\/\/papunet.net\/saavutettavuus\/?page_id=572"},"modified":"2025-01-07T14:37:37","modified_gmt":"2025-01-07T12:37:37","slug":"saavutettavuusseloste","status":"publish","type":"page","link":"https:\/\/papunet.net\/saavutettavuus\/saavutettavuusseloste\/","title":{"rendered":"Saavutettavuusseloste"},"content":{"rendered":"\n<p>T\u00e4m\u00e4 saavutettavuusseloste koskee palvelua https:\/\/papunet.net\/saavutettavuus\/ ja on laadittu \/ p\u00e4ivitetty 22.03.2023.<\/p>\r\n\r\n\r\n\r\n<p>Palvelua koskee laki digitaalisten palvelujen tarjoamisesta, jossa edellytet\u00e4\u00e4n, ett\u00e4 julkisten verkkopalvelujen on oltava saavutettavia.<\/p>\r\n\r\n\r\n\r\n<p>Olemme arvioineet palvelun saavutettavuuden itse.<\/p>\r\n\r\n\r\n\r\n<h2 class=\"wp-block-heading\">Digipalvelun saavutettavuuden tila<\/h2>\r\n\r\n\r\n\r\n<p>T\u00e4ytt\u00e4\u00e4 saavutettavuusvaatimukset osittain.<\/p>\r\n\r\n\r\n\r\n<h2 class=\"wp-block-heading\">Ei-saavutettava sis\u00e4lt\u00f6<\/h2>\r\n\r\n\r\n\r\n<p>Verkkosivusto ei ole viel\u00e4 kaikilta osin vaatimusten mukainen<\/p>\r\n\r\n\r\n\r\n<h3 class=\"wp-block-heading\">Havaittava: Kaikissa kuvissa ei ole tekstivastinetta.<\/h3>\r\n\r\n\r\n\r\n<h4 class=\"wp-block-heading\">Saavuttamaton sis\u00e4lt\u00f6 ja sen puutteet<\/h4>\r\n\r\n\r\n\r\n<p>Kaikissa kuvissa ei ole tekstivastinetta. Kuvissa ei esitet\u00e4 mit\u00e4\u00e4n sis\u00e4ll\u00f6n ymm\u00e4rt\u00e4misen kannalta olennaista. Kuviin tullaan lis\u00e4\u00e4m\u00e4\u00e4n tekstivastineet.<\/p>\r\n\r\n\r\n\r\n<h4 class=\"wp-block-heading\">Saavutettavuusvaatimukset jotka eiv\u00e4t t\u00e4yty<\/h4>\r\n\r\n\r\n\r\n<p>1.1.1 Ei-tekstuaalinen sis\u00e4lt\u00f6<\/p>\r\n\r\n\r\n\r\n<h3 class=\"wp-block-heading\">Huomasitko saavutettavuuspuutteen digipalvelussamme? Kerro se meille ja teemme parhaamme puutteen korjaamiseksi<\/h3>\r\n\r\n\r\n\r\n<p>Anna palautetta s\u00e4hk\u00f6postilla: <a href=\"mailto:papunet@kvl.fi\">papunet(at)kvl.fi<\/a><\/p>\r\n\r\n\r\n\r\n<h3 class=\"wp-block-heading\">Valvontaviranomainen<\/h3>\r\n\r\n\r\n\r\n<p>Jos huomaat sivustolla saavutettavuusongelmia, anna ensin palautetta meille eli sivuston yll\u00e4pit\u00e4j\u00e4lle. Vastauksessa voi menn\u00e4 14 p\u00e4iv\u00e4\u00e4. Jos et ole tyytyv\u00e4inen saamaasi vastaukseen tai et saa vastausta lainkaan kahden viikon aikana, <a href=\"https:\/\/www.saavutettavuusvaatimukset.fi\/fi\/kayttajan-oikeudet\/tee-saavutettavuuskantelu-tai-pyyda-selvitysta\" rel=\"noopener\">voit tehd\u00e4 ilmoituksen Liikenne- ja viestint\u00e4virasto Traficomiin<\/a>. Sivulla kerrotaan tarkasti, miten ilmoituksen voi tehd\u00e4 ja miten asia k\u00e4sitell\u00e4\u00e4n.<\/p>\r\n\r\n\r\n\r\n<h4 class=\"wp-block-heading\">Valvontaviranomaisen yhteystiedot<\/h4>\r\n\r\n\r\n\r\n<p>Liikenne- ja viestint\u00e4virasto Traficom<br>Digitaalisen esteett\u00f6myyden ja saavutettavuuden valvontayksikk\u00f6<br><a href=\"https:\/\/www.saavutettavuusvaatimukset.fi\/fi\">www.saavutettavuusvaatimukset.fi<\/a><br><a href=\"mailto:saavutettavuus@traficom.fi\">saavutettavuus@traficom.fi<\/a><br>puhelinnumero vaihde 029 534 5000<\/p>\r\n\n","protected":false},"excerpt":{"rendered":"<p>T\u00e4m\u00e4 saavutettavuusseloste koskee palvelua https:\/\/papunet.net\/saavutettavuus\/ ja on laadittu \/ p\u00e4ivitetty 22.03.2023. Palvelua koskee laki digitaalisten palvelujen tarjoamisesta, jossa edellytet\u00e4\u00e4n, ett\u00e4 julkisten verkkopalvelujen on oltava saavutettavia. Olemme arvioineet palvelun saavutettavuuden itse. Digipalvelun saavutettavuuden tila T\u00e4ytt\u00e4\u00e4 saavutettavuusvaatimukset osittain. [&hellip;]<span class=\"moretag\">Lue lis\u00e4\u00e4&#8230;<\/span><\/p>\n","protected":false},"author":1,"featured_media":0,"parent":0,"menu_order":9,"comment_status":"closed","ping_status":"closed","template":"","meta":{"_acf_changed":false,"footnotes":""},"class_list":["post-572","page","type-page","status-publish","hentry"],"acf":[],"_links":{"self":[{"href":"https:\/\/papunet.net\/saavutettavuus\/wp-json\/wp\/v2\/pages\/572","targetHints":{"allow":["GET"]}}],"collection":[{"href":"https:\/\/papunet.net\/saavutettavuus\/wp-json\/wp\/v2\/pages"}],"about":[{"href":"https:\/\/papunet.net\/saavutettavuus\/wp-json\/wp\/v2\/types\/page"}],"author":[{"embeddable":true,"href":"https:\/\/papunet.net\/saavutettavuus\/wp-json\/wp\/v2\/users\/1"}],"replies":[{"embeddable":true,"href":"https:\/\/papunet.net\/saavutettavuus\/wp-json\/wp\/v2\/comments?post=572"}],"version-history":[{"count":0,"href":"https:\/\/papunet.net\/saavutettavuus\/wp-json\/wp\/v2\/pages\/572\/revisions"}],"wp:attachment":[{"href":"https:\/\/papunet.net\/saavutettavuus\/wp-json\/wp\/v2\/media?parent=572"}],"curies":[{"name":"wp","href":"https:\/\/api.w.org\/{rel}","templated":true}]}}