{"id":607,"date":"2024-06-04T08:25:30","date_gmt":"2024-06-04T05:25:30","guid":{"rendered":"https:\/\/papunet.net\/saavutettavuus\/?page_id=607"},"modified":"2024-06-04T11:14:07","modified_gmt":"2024-06-04T08:14:07","slug":"2-4-11-nakyva-kohdistin-ei-peity-minimi","status":"publish","type":"page","link":"https:\/\/papunet.net\/saavutettavuus\/ohjeita-ja-oppaita\/teknisen-saavutettavuuden-ohjeet-wcag\/wcag-2-2-saavutettavuusohjeet\/2-4-11-nakyva-kohdistin-ei-peity-minimi\/","title":{"rendered":"2.4.11 N\u00e4kyv\u00e4 kohdistin ei peity (minimi)"},"content":{"rendered":"\n<h2>Kriteeri<\/h2>\n<p>Kun k\u00e4ytt\u00f6liittym\u00e4komponentti vastaanottaa n\u00e4pp\u00e4imist\u00f6kohdistuksen, komponentti on ainakin osittain n\u00e4kyviss\u00e4.<\/p>\n<h2><span class=\"xs2\"><span style=\"color: black\">Miten tarkistetaan<\/span><\/span><\/h2>\n<p>K\u00e4y verkkosivun kaikki toiminnalliset kohteet sarkaimella (Tab-n\u00e4pp\u00e4in) l\u00e4pi. Varmista, ett\u00e4 pystyt ainakin osittain n\u00e4kem\u00e4\u00e4n kaikki kohteet, jotka vastaanottavat n\u00e4pp\u00e4imist\u00f6kohdistuksen.<\/p>\n<h2><span class=\"xs2\"><span style=\"color: black\">Miksi se on t\u00e4rke\u00e4\u00e4<\/span><\/span><\/h2>\n<p>N\u00e4pp\u00e4imist\u00f6k\u00e4ytt\u00e4jien tulee voida n\u00e4hd\u00e4, miss\u00e4 kohdassa kohdistin on.<\/p>\n<p>\u00a0<\/p>\n\n","protected":false},"excerpt":{"rendered":"<p>Kriteeri Kun k\u00e4ytt\u00f6liittym\u00e4komponentti vastaanottaa n\u00e4pp\u00e4imist\u00f6kohdistuksen, komponentti on ainakin osittain n\u00e4kyviss\u00e4. Miten tarkistetaan K\u00e4y verkkosivun kaikki toiminnalliset kohteet sarkaimella (Tab-n\u00e4pp\u00e4in) l\u00e4pi. Varmista, ett\u00e4 pystyt ainakin osittain n\u00e4kem\u00e4\u00e4n kaikki kohteet, jotka vastaanottavat n\u00e4pp\u00e4imist\u00f6kohdistuksen. Miksi se on t\u00e4rke\u00e4\u00e4 N\u00e4pp\u00e4imist\u00f6k\u00e4ytt\u00e4jien [&hellip;]<span class=\"moretag\">Lue lis\u00e4\u00e4&#8230;<\/span><\/p>\n","protected":false},"author":10,"featured_media":0,"parent":130,"menu_order":0,"comment_status":"closed","ping_status":"closed","template":"","meta":{"_acf_changed":false,"footnotes":""},"class_list":["post-607","page","type-page","status-publish","hentry"],"acf":[],"_links":{"self":[{"href":"https:\/\/papunet.net\/saavutettavuus\/wp-json\/wp\/v2\/pages\/607","targetHints":{"allow":["GET"]}}],"collection":[{"href":"https:\/\/papunet.net\/saavutettavuus\/wp-json\/wp\/v2\/pages"}],"about":[{"href":"https:\/\/papunet.net\/saavutettavuus\/wp-json\/wp\/v2\/types\/page"}],"author":[{"embeddable":true,"href":"https:\/\/papunet.net\/saavutettavuus\/wp-json\/wp\/v2\/users\/10"}],"replies":[{"embeddable":true,"href":"https:\/\/papunet.net\/saavutettavuus\/wp-json\/wp\/v2\/comments?post=607"}],"version-history":[{"count":0,"href":"https:\/\/papunet.net\/saavutettavuus\/wp-json\/wp\/v2\/pages\/607\/revisions"}],"up":[{"embeddable":true,"href":"https:\/\/papunet.net\/saavutettavuus\/wp-json\/wp\/v2\/pages\/130"}],"wp:attachment":[{"href":"https:\/\/papunet.net\/saavutettavuus\/wp-json\/wp\/v2\/media?parent=607"}],"curies":[{"name":"wp","href":"https:\/\/api.w.org\/{rel}","templated":true}]}}