{"id":610,"date":"2024-06-04T08:32:42","date_gmt":"2024-06-04T05:32:42","guid":{"rendered":"https:\/\/papunet.net\/saavutettavuus\/?page_id=610"},"modified":"2024-06-04T11:17:58","modified_gmt":"2024-06-04T08:17:58","slug":"2-4-13-nakyvan-kohdistuksen-ulkoasu","status":"publish","type":"page","link":"https:\/\/papunet.net\/saavutettavuus\/ohjeita-ja-oppaita\/teknisen-saavutettavuuden-ohjeet-wcag\/wcag-2-2-saavutettavuusohjeet\/2-4-13-nakyvan-kohdistuksen-ulkoasu\/","title":{"rendered":"2.4.13 N\u00e4kyv\u00e4n kohdistuksen ulkoasu"},"content":{"rendered":"\n<h2>Kriteeri<\/h2>\n<p>N\u00e4pp\u00e4imist\u00f6n kohdistuksen ilmaisimen tulee olla riitt\u00e4v\u00e4n hyvin n\u00e4kyviss\u00e4.<\/p>\n<h2>Miten tarkistetaan<\/h2>\n<p>K\u00e4y verkkosivun kaikki toiminnalliset kohteet sarkaimella (Tab-n\u00e4pp\u00e4in) l\u00e4pi. Varmista, ett\u00e4<\/p>\n<ul>\n<li>kohdistimen kontrasti suhteessa taustaan on riitt\u00e4v\u00e4n suuri \u2013 v\u00e4hint\u00e4\u00e4n 3:1<\/li>\n<li>kohdistimen reunaviivat ovat riitt\u00e4v\u00e4n paksut, jotta ne on helppo erottaa.<\/li>\n<\/ul>\n<h2>Miksi se on t\u00e4rke\u00e4\u00e4<\/h2>\n<p>Monet ihmiset, mukaan lukien ik\u00e4\u00e4ntyneet, eiv\u00e4t n\u00e4e pieni\u00e4 muutoksia visuaalisessa ilmeess\u00e4.<\/p>\n\n","protected":false},"excerpt":{"rendered":"<p>Kriteeri N\u00e4pp\u00e4imist\u00f6n kohdistuksen ilmaisimen tulee olla riitt\u00e4v\u00e4n hyvin n\u00e4kyviss\u00e4. Miten tarkistetaan K\u00e4y verkkosivun kaikki toiminnalliset kohteet sarkaimella (Tab-n\u00e4pp\u00e4in) l\u00e4pi. Varmista, ett\u00e4 kohdistimen kontrasti suhteessa taustaan on riitt\u00e4v\u00e4n suuri \u2013 v\u00e4hint\u00e4\u00e4n 3:1 kohdistimen reunaviivat ovat riitt\u00e4v\u00e4n paksut, [&hellip;]<span class=\"moretag\">Lue lis\u00e4\u00e4&#8230;<\/span><\/p>\n","protected":false},"author":10,"featured_media":0,"parent":130,"menu_order":0,"comment_status":"closed","ping_status":"closed","template":"","meta":{"_acf_changed":false,"footnotes":""},"class_list":["post-610","page","type-page","status-publish","hentry"],"acf":[],"_links":{"self":[{"href":"https:\/\/papunet.net\/saavutettavuus\/wp-json\/wp\/v2\/pages\/610","targetHints":{"allow":["GET"]}}],"collection":[{"href":"https:\/\/papunet.net\/saavutettavuus\/wp-json\/wp\/v2\/pages"}],"about":[{"href":"https:\/\/papunet.net\/saavutettavuus\/wp-json\/wp\/v2\/types\/page"}],"author":[{"embeddable":true,"href":"https:\/\/papunet.net\/saavutettavuus\/wp-json\/wp\/v2\/users\/10"}],"replies":[{"embeddable":true,"href":"https:\/\/papunet.net\/saavutettavuus\/wp-json\/wp\/v2\/comments?post=610"}],"version-history":[{"count":0,"href":"https:\/\/papunet.net\/saavutettavuus\/wp-json\/wp\/v2\/pages\/610\/revisions"}],"up":[{"embeddable":true,"href":"https:\/\/papunet.net\/saavutettavuus\/wp-json\/wp\/v2\/pages\/130"}],"wp:attachment":[{"href":"https:\/\/papunet.net\/saavutettavuus\/wp-json\/wp\/v2\/media?parent=610"}],"curies":[{"name":"wp","href":"https:\/\/api.w.org\/{rel}","templated":true}]}}