{"id":611,"date":"2024-06-04T08:43:10","date_gmt":"2024-06-04T05:43:10","guid":{"rendered":"https:\/\/papunet.net\/saavutettavuus\/?page_id=611"},"modified":"2024-06-04T11:13:05","modified_gmt":"2024-06-04T08:13:05","slug":"2-5-7-raahaamista-vaativat-toiminnot","status":"publish","type":"page","link":"https:\/\/papunet.net\/saavutettavuus\/ohjeita-ja-oppaita\/teknisen-saavutettavuuden-ohjeet-wcag\/wcag-2-2-saavutettavuusohjeet\/2-5-7-raahaamista-vaativat-toiminnot\/","title":{"rendered":"2.5.7 Raahaamista vaativat toiminnot"},"content":{"rendered":"\n<h2>Kriteeri<\/h2>\n<p>Kaikki toiminnot, jotka k\u00e4ytt\u00e4v\u00e4t raahaamisliikett\u00e4, on mahdollista suorittaa yhdell\u00e4 osoittimella ilman raahaamista, ellei raahaaminen ole v\u00e4ltt\u00e4m\u00e4t\u00f6nt\u00e4, tai toiminnallisuus m\u00e4\u00e4r\u00e4ytyy k\u00e4ytt\u00e4j\u00e4agentin toimesta, eik\u00e4 sit\u00e4 muokata tekij\u00e4n toimesta.<\/p>\n<p>Huomautus: T\u00e4m\u00e4 vaatimus koskee web-sis\u00e4lt\u00f6\u00e4, joka tulkitsee osoitintoimintoja (eli t\u00e4m\u00e4 ei koske toimintoja, jotka ovat v\u00e4ltt\u00e4m\u00e4tt\u00f6mi\u00e4 k\u00e4ytt\u00e4j\u00e4agentin tai apuv\u00e4lineen k\u00e4ytt\u00f6\u00f6n).<\/p>\n<h2>Miten tehd\u00e4\u00e4n<\/h2>\n<p>Tarjoa yksinkertainen osoitinvaihtoehto kaikille toiminnoille, jotka vaativat raahaamista (engl. <em>dragging<\/em>).<\/p>\n<h2>Miksi se on t\u00e4rke\u00e4\u00e4<\/h2>\n<p>Jotkut ihmiset eiv\u00e4t voi k\u00e4ytt\u00e4\u00e4 hiirt\u00e4 raahaamiseen.<\/p>\n\n","protected":false},"excerpt":{"rendered":"<p>Kriteeri Kaikki toiminnot, jotka k\u00e4ytt\u00e4v\u00e4t raahaamisliikett\u00e4, on mahdollista suorittaa yhdell\u00e4 osoittimella ilman raahaamista, ellei raahaaminen ole v\u00e4ltt\u00e4m\u00e4t\u00f6nt\u00e4, tai toiminnallisuus m\u00e4\u00e4r\u00e4ytyy k\u00e4ytt\u00e4j\u00e4agentin toimesta, eik\u00e4 sit\u00e4 muokata tekij\u00e4n toimesta. Huomautus: T\u00e4m\u00e4 vaatimus koskee web-sis\u00e4lt\u00f6\u00e4, joka tulkitsee osoitintoimintoja (eli [&hellip;]<span class=\"moretag\">Lue lis\u00e4\u00e4&#8230;<\/span><\/p>\n","protected":false},"author":10,"featured_media":0,"parent":130,"menu_order":0,"comment_status":"closed","ping_status":"closed","template":"","meta":{"_acf_changed":false,"footnotes":""},"class_list":["post-611","page","type-page","status-publish","hentry"],"acf":[],"_links":{"self":[{"href":"https:\/\/papunet.net\/saavutettavuus\/wp-json\/wp\/v2\/pages\/611","targetHints":{"allow":["GET"]}}],"collection":[{"href":"https:\/\/papunet.net\/saavutettavuus\/wp-json\/wp\/v2\/pages"}],"about":[{"href":"https:\/\/papunet.net\/saavutettavuus\/wp-json\/wp\/v2\/types\/page"}],"author":[{"embeddable":true,"href":"https:\/\/papunet.net\/saavutettavuus\/wp-json\/wp\/v2\/users\/10"}],"replies":[{"embeddable":true,"href":"https:\/\/papunet.net\/saavutettavuus\/wp-json\/wp\/v2\/comments?post=611"}],"version-history":[{"count":0,"href":"https:\/\/papunet.net\/saavutettavuus\/wp-json\/wp\/v2\/pages\/611\/revisions"}],"up":[{"embeddable":true,"href":"https:\/\/papunet.net\/saavutettavuus\/wp-json\/wp\/v2\/pages\/130"}],"wp:attachment":[{"href":"https:\/\/papunet.net\/saavutettavuus\/wp-json\/wp\/v2\/media?parent=611"}],"curies":[{"name":"wp","href":"https:\/\/api.w.org\/{rel}","templated":true}]}}