{"id":613,"date":"2024-06-04T09:03:04","date_gmt":"2024-06-04T06:03:04","guid":{"rendered":"https:\/\/papunet.net\/saavutettavuus\/?page_id=613"},"modified":"2024-06-04T11:18:25","modified_gmt":"2024-06-04T08:18:25","slug":"3-2-6-johdonmukainen-apu-ja-ohjeet","status":"publish","type":"page","link":"https:\/\/papunet.net\/saavutettavuus\/ohjeita-ja-oppaita\/teknisen-saavutettavuuden-ohjeet-wcag\/wcag-2-2-saavutettavuusohjeet\/3-2-6-johdonmukainen-apu-ja-ohjeet\/","title":{"rendered":"3.2.6 Johdonmukainen apu ja ohjeet"},"content":{"rendered":"\n<h2>Kriteeri<\/h2>\n<p>Jos verkkosivu sis\u00e4lt\u00e4\u00e4 jotakin seuraavista avun mekanismeista, ja n\u00e4m\u00e4 mekanismit toistuvat useilla eri sivun\u00e4kymill\u00e4, niiden tulee esiinty\u00e4 samassa suhteellisessa j\u00e4rjestyksess\u00e4 muihin sivun sis\u00e4lt\u00f6ihin n\u00e4hden:<\/p>\n<ul>\n<li>ihmisen yhteystiedot<\/li>\n<li>ihmisen kontaktointimekanismi<\/li>\n<li>itsepalveluvaihtoehto<\/li>\n<li>t\u00e4ysin automatisoitu kontaktointimekanismi.<\/li>\n<\/ul>\n<p>Huomautus: Apumekanismeja voidaan tarjota suoraan sivulla tai ne voidaan tarjota suoran linkin kautta toiselle sivulle, jossa tieto sijaitsee.<\/p>\n<h2>Miten tehd\u00e4\u00e4n<\/h2>\n<p>Sijoita apu ja ohjeet aina samaan paikkaan, jotta k\u00e4ytt\u00e4j\u00e4 l\u00f6yt\u00e4v\u00e4t ne helposti.<\/p>\n<h2>Miksi se on t\u00e4rke\u00e4\u00e4<\/h2>\n<p>Apua ja ohjeita tarvitsevat henkil\u00f6t l\u00f6yt\u00e4v\u00e4t ne helpommin, jos ne l\u00f6ytyv\u00e4t aina samassa paikassa.<\/p>\n\n","protected":false},"excerpt":{"rendered":"<p>Kriteeri Jos verkkosivu sis\u00e4lt\u00e4\u00e4 jotakin seuraavista avun mekanismeista, ja n\u00e4m\u00e4 mekanismit toistuvat useilla eri sivun\u00e4kymill\u00e4, niiden tulee esiinty\u00e4 samassa suhteellisessa j\u00e4rjestyksess\u00e4 muihin sivun sis\u00e4lt\u00f6ihin n\u00e4hden: ihmisen yhteystiedot ihmisen kontaktointimekanismi itsepalveluvaihtoehto t\u00e4ysin automatisoitu kontaktointimekanismi. Huomautus: Apumekanismeja voidaan [&hellip;]<span class=\"moretag\">Lue lis\u00e4\u00e4&#8230;<\/span><\/p>\n","protected":false},"author":10,"featured_media":0,"parent":130,"menu_order":0,"comment_status":"closed","ping_status":"closed","template":"","meta":{"_acf_changed":false,"footnotes":""},"class_list":["post-613","page","type-page","status-publish","hentry"],"acf":[],"_links":{"self":[{"href":"https:\/\/papunet.net\/saavutettavuus\/wp-json\/wp\/v2\/pages\/613","targetHints":{"allow":["GET"]}}],"collection":[{"href":"https:\/\/papunet.net\/saavutettavuus\/wp-json\/wp\/v2\/pages"}],"about":[{"href":"https:\/\/papunet.net\/saavutettavuus\/wp-json\/wp\/v2\/types\/page"}],"author":[{"embeddable":true,"href":"https:\/\/papunet.net\/saavutettavuus\/wp-json\/wp\/v2\/users\/10"}],"replies":[{"embeddable":true,"href":"https:\/\/papunet.net\/saavutettavuus\/wp-json\/wp\/v2\/comments?post=613"}],"version-history":[{"count":0,"href":"https:\/\/papunet.net\/saavutettavuus\/wp-json\/wp\/v2\/pages\/613\/revisions"}],"up":[{"embeddable":true,"href":"https:\/\/papunet.net\/saavutettavuus\/wp-json\/wp\/v2\/pages\/130"}],"wp:attachment":[{"href":"https:\/\/papunet.net\/saavutettavuus\/wp-json\/wp\/v2\/media?parent=613"}],"curies":[{"name":"wp","href":"https:\/\/api.w.org\/{rel}","templated":true}]}}