{"id":614,"date":"2024-06-04T09:06:00","date_gmt":"2024-06-04T06:06:00","guid":{"rendered":"https:\/\/papunet.net\/saavutettavuus\/?page_id=614"},"modified":"2024-06-04T11:18:49","modified_gmt":"2024-06-04T08:18:49","slug":"3-3-7-tarpeeton-toistaminen","status":"publish","type":"page","link":"https:\/\/papunet.net\/saavutettavuus\/ohjeita-ja-oppaita\/teknisen-saavutettavuuden-ohjeet-wcag\/wcag-2-2-saavutettavuusohjeet\/3-3-7-tarpeeton-toistaminen\/","title":{"rendered":"3.3.7 Tarpeeton toistaminen"},"content":{"rendered":"\n<h2>Kriteeri<\/h2>\n<p>Tiedot, jotka k\u00e4ytt\u00e4j\u00e4 on aiemmin sy\u00f6tt\u00e4nyt tai jotka on annettu k\u00e4ytt\u00e4j\u00e4lle, ja jotka on sy\u00f6tett\u00e4v\u00e4 uudelleen samassa prosessissa, ovat joko:<\/p>\n<ul>\n<li>automaattisesti t\u00e4ytettyj\u00e4<\/li>\n<li>saatavilla k\u00e4ytt\u00e4j\u00e4n valittavaksi.<\/li>\n<\/ul>\n<p>Paitsi kun:<\/p>\n<ul>\n<li>tiedon uudelleensy\u00f6tt\u00e4minen on v\u00e4ltt\u00e4m\u00e4t\u00f6nt\u00e4<\/li>\n<li>tiedot ovat tarpeen sis\u00e4ll\u00f6n turvallisuuden varmistamiseksi<\/li>\n<li>aiemmin sy\u00f6tetyt tiedot eiv\u00e4t ole en\u00e4\u00e4 voimassa.<\/li>\n<\/ul>\n<h2>Miten tehd\u00e4\u00e4n<\/h2>\n<p>\u00c4l\u00e4 pyyd\u00e4 k\u00e4ytt\u00e4j\u00e4\u00e4 t\u00e4ytt\u00e4m\u00e4\u00e4n samaa tietoa kahdesti saman istunnon aikana.<\/p>\n<h2>Miksi se on t\u00e4rke\u00e4\u00e4<\/h2>\n<p>Jotkut henkil\u00f6t, joilla on kognitiivisia rajoitteita, voivat kohdata vaikeuksia muistaa, mit\u00e4 he ovat aiemmin sy\u00f6tt\u00e4neet.<\/p>\n\n","protected":false},"excerpt":{"rendered":"<p>Kriteeri Tiedot, jotka k\u00e4ytt\u00e4j\u00e4 on aiemmin sy\u00f6tt\u00e4nyt tai jotka on annettu k\u00e4ytt\u00e4j\u00e4lle, ja jotka on sy\u00f6tett\u00e4v\u00e4 uudelleen samassa prosessissa, ovat joko: automaattisesti t\u00e4ytettyj\u00e4 saatavilla k\u00e4ytt\u00e4j\u00e4n valittavaksi. Paitsi kun: tiedon uudelleensy\u00f6tt\u00e4minen on v\u00e4ltt\u00e4m\u00e4t\u00f6nt\u00e4 tiedot ovat tarpeen sis\u00e4ll\u00f6n [&hellip;]<span class=\"moretag\">Lue lis\u00e4\u00e4&#8230;<\/span><\/p>\n","protected":false},"author":10,"featured_media":0,"parent":130,"menu_order":0,"comment_status":"closed","ping_status":"closed","template":"","meta":{"_acf_changed":false,"footnotes":""},"class_list":["post-614","page","type-page","status-publish","hentry"],"acf":[],"_links":{"self":[{"href":"https:\/\/papunet.net\/saavutettavuus\/wp-json\/wp\/v2\/pages\/614","targetHints":{"allow":["GET"]}}],"collection":[{"href":"https:\/\/papunet.net\/saavutettavuus\/wp-json\/wp\/v2\/pages"}],"about":[{"href":"https:\/\/papunet.net\/saavutettavuus\/wp-json\/wp\/v2\/types\/page"}],"author":[{"embeddable":true,"href":"https:\/\/papunet.net\/saavutettavuus\/wp-json\/wp\/v2\/users\/10"}],"replies":[{"embeddable":true,"href":"https:\/\/papunet.net\/saavutettavuus\/wp-json\/wp\/v2\/comments?post=614"}],"version-history":[{"count":0,"href":"https:\/\/papunet.net\/saavutettavuus\/wp-json\/wp\/v2\/pages\/614\/revisions"}],"up":[{"embeddable":true,"href":"https:\/\/papunet.net\/saavutettavuus\/wp-json\/wp\/v2\/pages\/130"}],"wp:attachment":[{"href":"https:\/\/papunet.net\/saavutettavuus\/wp-json\/wp\/v2\/media?parent=614"}],"curies":[{"name":"wp","href":"https:\/\/api.w.org\/{rel}","templated":true}]}}