{"id":616,"date":"2024-06-04T09:19:44","date_gmt":"2024-06-04T06:19:44","guid":{"rendered":"https:\/\/papunet.net\/saavutettavuus\/?page_id=616"},"modified":"2024-06-04T11:19:14","modified_gmt":"2024-06-04T08:19:14","slug":"3-3-8-saavutettava-todentaminen","status":"publish","type":"page","link":"https:\/\/papunet.net\/saavutettavuus\/ohjeita-ja-oppaita\/teknisen-saavutettavuuden-ohjeet-wcag\/wcag-2-2-saavutettavuusohjeet\/3-3-8-saavutettava-todentaminen\/","title":{"rendered":"3.3.8 Saavutettava todentaminen"},"content":{"rendered":"\n<h2>Kriteeri<\/h2>\n<p>Kognitiivisen toiminnon testi (kuten salasanan muistaminen tai pulman ratkaiseminen) ei ole vaadittu mink\u00e4\u00e4n autentikaatioprosessin vaiheessa, ellei kyseinen vaihe tarjoa ainakin yht\u00e4 seuraavista:<\/p>\n<ul>\n<li>Vaihtoehtoinen tapa: Toinen autentikaatiomenetelm\u00e4, joka ei perustu kognitiivisen toiminnon testiin.<\/li>\n<li>Avustava mekanismi: K\u00e4ytt\u00e4j\u00e4\u00e4 avustava mekanismi kognitiivisen toiminnon testin suorittamisessa.<\/li>\n<li>Esineiden tunnistus: Kognitiivisen toiminnon testi on esineiden tunnistamista. Esimerkiksi testi, jossa pyydet\u00e4\u00e4n k\u00e4ytt\u00e4j\u00e4\u00e4 valitsemaan kuvien joukosta kaikki kuvat, joissa n\u00e4kyy liikennemerkki, on sallittu. T\u00e4llaisessa tapauksessa t\u00e4ytyy kuitenkin sis\u00e4llytt\u00e4\u00e4 vaihtoehtoinen tapa (esimerkiksi \u00e4\u00e4nen tunnistaminen) ihmisille, jotka eiv\u00e4t voi n\u00e4hd\u00e4 kuvia.<\/li>\n<\/ul>\n<p>Esimerkkej\u00e4 kriteerin t\u00e4ytt\u00e4vist\u00e4 mekanismeista ovat:<\/p>\n<ul>\n<li>salasanojen sy\u00f6tt\u00e4misen tuki salasananhallintaohjelmilla, mik\u00e4 v\u00e4hent\u00e4\u00e4 muistin tarvetta<\/li>\n<li>Kopioi- ja Liit\u00e4-toiminto, mik\u00e4 v\u00e4hent\u00e4\u00e4 kognitiivista kuormitusta uudelleenkirjoittamisen osalta.<\/li>\n<\/ul>\n<h2>Miten tehd\u00e4\u00e4n<\/h2>\n<p>\u00c4l\u00e4 vaadi ihmisi\u00e4 ratkaisemaan pulmia tai muistamaan\u00a0jotakin kirjautuakseen sis\u00e4\u00e4n.<\/p>\n<h2>Miksi se on t\u00e4rke\u00e4\u00e4<\/h2>\n<p>Joillakin henkil\u00f6ill\u00e4, joilla on kognitiivisia rajoitteita, ei ole mahdollista ratkaista pulmia, muistaa k\u00e4ytt\u00e4j\u00e4tunnusta ja salasanaa tai kirjoittaa uudelleen kertak\u00e4ytt\u00f6isi\u00e4 tunnuskoodeja.<\/p>\n\n","protected":false},"excerpt":{"rendered":"<p>Kriteeri Kognitiivisen toiminnon testi (kuten salasanan muistaminen tai pulman ratkaiseminen) ei ole vaadittu mink\u00e4\u00e4n autentikaatioprosessin vaiheessa, ellei kyseinen vaihe tarjoa ainakin yht\u00e4 seuraavista: Vaihtoehtoinen tapa: Toinen autentikaatiomenetelm\u00e4, joka ei perustu kognitiivisen toiminnon testiin. Avustava mekanismi: K\u00e4ytt\u00e4j\u00e4\u00e4 [&hellip;]<span class=\"moretag\">Lue lis\u00e4\u00e4&#8230;<\/span><\/p>\n","protected":false},"author":10,"featured_media":0,"parent":130,"menu_order":0,"comment_status":"closed","ping_status":"closed","template":"","meta":{"_acf_changed":false,"footnotes":""},"class_list":["post-616","page","type-page","status-publish","hentry"],"acf":[],"_links":{"self":[{"href":"https:\/\/papunet.net\/saavutettavuus\/wp-json\/wp\/v2\/pages\/616","targetHints":{"allow":["GET"]}}],"collection":[{"href":"https:\/\/papunet.net\/saavutettavuus\/wp-json\/wp\/v2\/pages"}],"about":[{"href":"https:\/\/papunet.net\/saavutettavuus\/wp-json\/wp\/v2\/types\/page"}],"author":[{"embeddable":true,"href":"https:\/\/papunet.net\/saavutettavuus\/wp-json\/wp\/v2\/users\/10"}],"replies":[{"embeddable":true,"href":"https:\/\/papunet.net\/saavutettavuus\/wp-json\/wp\/v2\/comments?post=616"}],"version-history":[{"count":0,"href":"https:\/\/papunet.net\/saavutettavuus\/wp-json\/wp\/v2\/pages\/616\/revisions"}],"up":[{"embeddable":true,"href":"https:\/\/papunet.net\/saavutettavuus\/wp-json\/wp\/v2\/pages\/130"}],"wp:attachment":[{"href":"https:\/\/papunet.net\/saavutettavuus\/wp-json\/wp\/v2\/media?parent=616"}],"curies":[{"name":"wp","href":"https:\/\/api.w.org\/{rel}","templated":true}]}}