{"id":617,"date":"2024-06-04T09:25:54","date_gmt":"2024-06-04T06:25:54","guid":{"rendered":"https:\/\/papunet.net\/saavutettavuus\/?page_id=617"},"modified":"2024-06-04T11:30:11","modified_gmt":"2024-06-04T08:30:11","slug":"3-3-9-saavutettava-todentaminen-parannettu","status":"publish","type":"page","link":"https:\/\/papunet.net\/saavutettavuus\/ohjeita-ja-oppaita\/teknisen-saavutettavuuden-ohjeet-wcag\/wcag-2-2-saavutettavuusohjeet\/3-3-9-saavutettava-todentaminen-parannettu\/","title":{"rendered":"3.3.9 Saavutettava todentaminen (parannettu)"},"content":{"rendered":"\n<h2>Kriteeri<\/h2>\n<p>Kognitiivista toimintaa vaativa testi (kuten salasanan muistaminen tai pulman ratkaiseminen) ei ole vaadittu miss\u00e4\u00e4n tunnistautumisprosessin vaiheessa, ellei siin\u00e4 tarjota v\u00e4hint\u00e4\u00e4n yht\u00e4 seuraavista:<\/p>\n<ul>\n<li>Vaihtoehtoinen tapa: toinen tunnistautumismenetelm\u00e4, joka ei perustu kognitiivisen toiminnan testiin.<\/li>\n<li>Avustava mekanismi: k\u00e4ytt\u00e4j\u00e4\u00e4 avustava mekanismi kognitiivisen toimintatestin suorittamisessa.<\/li>\n<\/ul>\n<h2>Miten tehd\u00e4\u00e4n<\/h2>\n<p>\u00c4l\u00e4 vaadi ihmisi\u00e4 tunnistamaan esineit\u00e4 tai k\u00e4ytt\u00e4j\u00e4n toimittamia kuvia ja mediaa kirjautuakseen sis\u00e4\u00e4n.<\/p>\n<h2>Miksi se on t\u00e4rke\u00e4\u00e4<\/h2>\n<p>Jotkut henkil\u00f6t, joilla on kognitiivisia rajoitteita, eiv\u00e4t pysty suorittamaan pulmia, mukaan lukien esineiden ja aiemmin toimittamiensa ei-tekstimuotoisten tietojen tunnistamista.<\/p>\n\n","protected":false},"excerpt":{"rendered":"<p>Kriteeri Kognitiivista toimintaa vaativa testi (kuten salasanan muistaminen tai pulman ratkaiseminen) ei ole vaadittu miss\u00e4\u00e4n tunnistautumisprosessin vaiheessa, ellei siin\u00e4 tarjota v\u00e4hint\u00e4\u00e4n yht\u00e4 seuraavista: Vaihtoehtoinen tapa: toinen tunnistautumismenetelm\u00e4, joka ei perustu kognitiivisen toiminnan testiin. Avustava mekanismi: k\u00e4ytt\u00e4j\u00e4\u00e4 [&hellip;]<span class=\"moretag\">Lue lis\u00e4\u00e4&#8230;<\/span><\/p>\n","protected":false},"author":10,"featured_media":0,"parent":130,"menu_order":0,"comment_status":"closed","ping_status":"closed","template":"","meta":{"_acf_changed":false,"footnotes":""},"class_list":["post-617","page","type-page","status-publish","hentry"],"acf":[],"_links":{"self":[{"href":"https:\/\/papunet.net\/saavutettavuus\/wp-json\/wp\/v2\/pages\/617","targetHints":{"allow":["GET"]}}],"collection":[{"href":"https:\/\/papunet.net\/saavutettavuus\/wp-json\/wp\/v2\/pages"}],"about":[{"href":"https:\/\/papunet.net\/saavutettavuus\/wp-json\/wp\/v2\/types\/page"}],"author":[{"embeddable":true,"href":"https:\/\/papunet.net\/saavutettavuus\/wp-json\/wp\/v2\/users\/10"}],"replies":[{"embeddable":true,"href":"https:\/\/papunet.net\/saavutettavuus\/wp-json\/wp\/v2\/comments?post=617"}],"version-history":[{"count":0,"href":"https:\/\/papunet.net\/saavutettavuus\/wp-json\/wp\/v2\/pages\/617\/revisions"}],"up":[{"embeddable":true,"href":"https:\/\/papunet.net\/saavutettavuus\/wp-json\/wp\/v2\/pages\/130"}],"wp:attachment":[{"href":"https:\/\/papunet.net\/saavutettavuus\/wp-json\/wp\/v2\/media?parent=617"}],"curies":[{"name":"wp","href":"https:\/\/api.w.org\/{rel}","templated":true}]}}