{"id":66,"date":"2022-10-19T17:10:25","date_gmt":"2022-10-19T14:10:25","guid":{"rendered":"https:\/\/papunet.net\/saavutettavuus\/miksi-saavutettava\/mita-on-saavutettavuus\/"},"modified":"2024-06-04T12:57:17","modified_gmt":"2024-06-04T09:57:17","slug":"mita-on-saavutettavuus","status":"publish","type":"page","link":"https:\/\/papunet.net\/saavutettavuus\/miksi-saavutettava\/mita-on-saavutettavuus\/","title":{"rendered":"Mit\u00e4 on saavutettavuus?"},"content":{"rendered":"\n<p>Saavutettava palvelu tai tuote on sellainen, jota kaikkien on mahdollista k\u00e4ytt\u00e4\u00e4 yhdenvertaisesti vammoista tai toimintarajoitteista huolimatta.<\/p>\n\n\n\n<p>Esimerkiksi verkkopankkisivusto on saavutettava silloin, kun kaikki ihmiset voivat k\u00e4ytt\u00e4\u00e4 verkkopankkia, maksaa laskunsa ja hakea asuntolainaa ilman muiden apua.<\/p>\n\n\n\n<p>T\u00e4ll\u00e4 sivustolla keskitymme erityisesti verkkosivujen saavutettavuuteen.<\/p>\n\n\n\n<p>Hyv\u00e4 saavutettavuus vaatii kaikkien verkkosivustojen suunnittelussa, koodaamisessa ja sis\u00e4ll\u00f6ntuotannossa mukana olevien panostusta. My\u00f6s verkkosivuston tilaajan t\u00e4ytyy osata vaatia hyv\u00e4\u00e4 saavutettavuutta sivuston toimittajalta.<\/p>\n\n\n\n<h2 class=\"wp-block-heading\">Avustavat teknologiat<\/h2>\n\n\n\n<p>Avustavat laitteet ja tietokoneelle asennettavat ohjelmistot mahdollistavat verkkosivustojen k\u00e4yt\u00f6n monille. Niiden avulla esimerkiksi sokean tai neliraajahalvaantuneen k\u00e4ytt\u00e4j\u00e4n on mahdollista selata verkkosivuja.<\/p>\n\n\n\n<p>Apuv\u00e4lineet eiv\u00e4t kuitenkaan itsess\u00e4\u00e4n riit\u00e4, jos verkkosivuston suunnittelussa ei ole otettu saavutettavuutta huomioon. S\u00e4hk\u00f6iset palvelut tulee tehd\u00e4 saavutettaviksi kaikille, jotta niit\u00e4 voidaan k\u00e4ytt\u00e4\u00e4 onnistuneesti.<\/p>\n\n\n\n<h2 class=\"wp-block-heading\">Miten saavutettavuutta arvioidaan?<\/h2>\n\n\n\n<p>Saavutettavien verkkosivujen tekemiseen ja arviointiin k\u00e4ytet\u00e4\u00e4n usein erilaisia saavutettavuusohjeistuksia. World Wide Web Consortiumin (W3C) laatimat <a href=\"https:\/\/www.w3.org\/Translations\/WCAG21-fi\/\">Verkkosis\u00e4ll\u00f6n saavutettavuusohjeet 2.1 (WCAG 2.1)<\/a> on yleisimmin k\u00e4yt\u00f6ss\u00e4 oleva saavutettavuusohjeistus, joka on usein my\u00f6s lains\u00e4\u00e4d\u00e4nn\u00f6n pohjana.<\/p>\n\n\n\n<p>Verkkosivustojen suunnittelussa, kehityksess\u00e4 ja arvioinneissa on syyt\u00e4 arvioida niiden teknisen saavutettavuuden lis\u00e4ksi my\u00f6s k\u00e4ytett\u00e4vyytt\u00e4. K\u00e4ytett\u00e4vyyssuunnittelussa tulisi ottaa huomioon my\u00f6s toimintarajoitteiset ja vammaiset henkil\u00f6t.<\/p>\n\n\n\n<h3 class=\"wp-block-heading\">Lis\u00e4\u00e4 aiheesta<\/h3>\n\n\n\n<p><a href=\"https:\/\/papunet.net\/saavutettavuus\/miksi-saavutettava\/mita-on-kaytettavyys\/\">Mit\u00e4 on k\u00e4ytett\u00e4vyys?<\/a><\/p>\n\n","protected":false},"excerpt":{"rendered":"<p>Saavutettava palvelu tai tuote on sellainen, jota kaikkien on mahdollista k\u00e4ytt\u00e4\u00e4 yhdenvertaisesti vammoista tai toimintarajoitteista huolimatta. Esimerkiksi verkkopankkisivusto on saavutettava silloin, kun kaikki ihmiset voivat k\u00e4ytt\u00e4\u00e4 verkkopankkia, maksaa laskunsa ja hakea asuntolainaa ilman muiden apua. T\u00e4ll\u00e4 [&hellip;]<span class=\"moretag\">Lue lis\u00e4\u00e4&#8230;<\/span><\/p>\n","protected":false},"author":1,"featured_media":68,"parent":9,"menu_order":1,"comment_status":"closed","ping_status":"closed","template":"","meta":{"_acf_changed":false,"footnotes":""},"class_list":["post-66","page","type-page","status-publish","has-post-thumbnail","hentry"],"acf":[],"_links":{"self":[{"href":"https:\/\/papunet.net\/saavutettavuus\/wp-json\/wp\/v2\/pages\/66","targetHints":{"allow":["GET"]}}],"collection":[{"href":"https:\/\/papunet.net\/saavutettavuus\/wp-json\/wp\/v2\/pages"}],"about":[{"href":"https:\/\/papunet.net\/saavutettavuus\/wp-json\/wp\/v2\/types\/page"}],"author":[{"embeddable":true,"href":"https:\/\/papunet.net\/saavutettavuus\/wp-json\/wp\/v2\/users\/1"}],"replies":[{"embeddable":true,"href":"https:\/\/papunet.net\/saavutettavuus\/wp-json\/wp\/v2\/comments?post=66"}],"version-history":[{"count":0,"href":"https:\/\/papunet.net\/saavutettavuus\/wp-json\/wp\/v2\/pages\/66\/revisions"}],"up":[{"embeddable":true,"href":"https:\/\/papunet.net\/saavutettavuus\/wp-json\/wp\/v2\/pages\/9"}],"wp:featuredmedia":[{"embeddable":true,"href":"https:\/\/papunet.net\/saavutettavuus\/wp-json\/wp\/v2\/media\/68"}],"wp:attachment":[{"href":"https:\/\/papunet.net\/saavutettavuus\/wp-json\/wp\/v2\/media?parent=66"}],"curies":[{"name":"wp","href":"https:\/\/api.w.org\/{rel}","templated":true}]}}