{"id":74,"date":"2022-10-24T13:29:53","date_gmt":"2022-10-24T10:29:53","guid":{"rendered":"https:\/\/papunet.net\/saavutettavuus\/?page_id=74"},"modified":"2023-02-02T13:15:42","modified_gmt":"2023-02-02T11:15:42","slug":"sisallon-ymmarrettavyys-ja-selkokieli","status":"publish","type":"page","link":"https:\/\/papunet.net\/saavutettavuus\/miksi-saavutettava\/sisallon-ymmarrettavyys-ja-selkokieli\/","title":{"rendered":"Sis\u00e4ll\u00f6n ymm\u00e4rrett\u00e4vyys ja selkokieli"},"content":{"rendered":"\n<p>Selkokieli on yleiskielt\u00e4 helpompaa suomea. Selkokielt\u00e4 on mukautettu sis\u00e4ll\u00f6lt\u00e4\u00e4n, sanastoltaan ja rakenteeltaan suomen yleiskielt\u00e4 luettavammaksi ja ymm\u00e4rrett\u00e4v\u00e4mm\u00e4ksi.<\/p>\n\n\n\n<p>Selkokieli on suunnattu ihmisille, joilla on vaikeuksia lukea tai ymm\u00e4rt\u00e4\u00e4 yleiskielt\u00e4. Selkokielt\u00e4 voivat tarvita esimerkiksi kehitysvammaiset henkil\u00f6t, ik\u00e4ihmiset ja muistisairaat henkil\u00f6t sek\u00e4 henkil\u00f6t, jotka opettelevat suomen kielt\u00e4.<\/p>\n\n\n\n<p>N\u00e4iden ryhmien lis\u00e4ksi selkokielest\u00e4 voivat hy\u00f6ty\u00e4 my\u00f6s monet muut. Selkokeskus on arvioinut, ett\u00e4 Suomessa on noin 650 000 \u2013 750 000 ihmist\u00e4, jotka tarvitsevat selkokielt\u00e4 (2019).<\/p>\n\n\n\n<p>Selkokieli on yksi keino edist\u00e4\u00e4 saavutettavuutta ja tuottaa helppok\u00e4ytt\u00f6ist\u00e4 sis\u00e4lt\u00f6\u00e4 verkkosivuille. Verkkosivusuunnittelussa selkokielen periaatteet auttavat hahmottamaan kielellisen ja kognitiivisen saavutettavuuden osa-alueita. Selkokielell\u00e4 voidaan tuottaa koko palvelu tai siit\u00e4 voidaan tehd\u00e4 selkokielinen kieliversio.<\/p>\n\n\n\n<h2 class=\"wp-block-heading\">Miksi selkokielt\u00e4 tarvitaan?<\/h2>\n\n\n\n<p>Vaikea kieli est\u00e4\u00e4 monia ihmisi\u00e4 toimimasta t\u00e4ysivaltaisina kansalaisina yhteiskunnassa. Selkokielen tarkoitus on auttaa selkokielt\u00e4 tarvitsevia ihmisi\u00e4 tiedon saamisessa, lukemisessa, omien ajatusten ilmaisemisessa ja osallistumisessa.<\/p>\n\n\n\n<p>Selkokieli on saavutettavaa kielt\u00e4. Jokaisella ihmisell\u00e4 on oikeus saada ymm\u00e4rrett\u00e4v\u00e4\u00e4 tietoa, mik\u00e4 on itsen\u00e4isen el\u00e4m\u00e4n ja yhteiskunnallisen vaikuttamisen perusedellytys.<\/p>\n\n\n\n<h2 class=\"wp-block-heading\">Selkokielen k\u00e4ytt\u00f6<\/h2>\n\n\n\n<p>Selkokielt\u00e4 voi k\u00e4ytt\u00e4\u00e4 sek\u00e4 puheessa ett\u00e4 teksteiss\u00e4. Selkokielell\u00e4 voi julkaista monenlaisia tekstej\u00e4: painettuja tai verkkotekstej\u00e4, videoita, kuvasarjoja tai kuunneltavia tekstej\u00e4.<\/p>\n\n\n\n<p>Selkokielt\u00e4 voi puhua arkikeskusteluissa, haastatteluissa, opetustilanteissa tai asiakaspalvelussa. Kaikissa tilanteissa, joissa k\u00e4ytet\u00e4\u00e4n selkokielt\u00e4, tavoitteena on lis\u00e4t\u00e4 ihmisten mahdollisuuksia ymm\u00e4rt\u00e4\u00e4 toisiaan.<\/p>\n\n\n\n<h2 class=\"wp-block-heading\">Selkokielen periaatteet<\/h2>\n\n\n\n<p>Kirjoitetussa kieless\u00e4 selkokielen periaatteet voi jakaa tekstin, sanaston ja kielen rakenteiden tasoille.<\/p>\n\n\n\n<p>Selkokieli-sanalla tarkoitetaan arkipuheessa usein my\u00f6s v\u00e4h\u00e4n selke\u00e4mp\u00e4\u00e4 yleiskielt\u00e4. Varsinainen selkokieli ja selke\u00e4 yleiskieli on kuitenkin hyv\u00e4 erottaa toisistaan. Periaatteena on, ett\u00e4 selkokieli on viel\u00e4 helpompaa ja yksinkertaisempaa kuin selke\u00e4 yleiskieli.<\/p>\n\n\n\n<p>Selkokeskus on kehitt\u00e4nyt selkokielen ohjeistusta Suomessa noin 30 vuotta. Lis\u00e4ksi Selkokeskus antaa ohjeita selkojulkaisun kuviin ja taittoon, verkkojulkaisemiseen, selkopuheeseen ja vuorovaikutukseen.<\/p>\n\n\n\n<h3 class=\"wp-block-heading\">Lis\u00e4\u00e4 aiheesta<\/h3>\n\n\n\n<p><a href=\"https:\/\/selkokeskus.fi\/\">Selkokeskuksen<\/a> sivuilla on lis\u00e4\u00e4 tietoa selkokielest\u00e4 ja sen eri muodoista sek\u00e4 ohjeita, joilla selkokielt\u00e4 voi tuottaa. Selkokeskus j\u00e4rjest\u00e4\u00e4 my\u00f6s koulutuksia selkokielest\u00e4 ja tuottaa selkokielisi\u00e4 julkaisuja.<\/p>\n\n","protected":false},"excerpt":{"rendered":"<p>Selkokieli on yleiskielt\u00e4 helpompaa suomea. Selkokielt\u00e4 on mukautettu sis\u00e4ll\u00f6lt\u00e4\u00e4n, sanastoltaan ja rakenteeltaan suomen yleiskielt\u00e4 luettavammaksi ja ymm\u00e4rrett\u00e4v\u00e4mm\u00e4ksi. Selkokieli on suunnattu ihmisille, joilla on vaikeuksia lukea tai ymm\u00e4rt\u00e4\u00e4 yleiskielt\u00e4. Selkokielt\u00e4 voivat tarvita esimerkiksi kehitysvammaiset henkil\u00f6t, ik\u00e4ihmiset ja [&hellip;]<span class=\"moretag\">Lue lis\u00e4\u00e4&#8230;<\/span><\/p>\n","protected":false},"author":10,"featured_media":75,"parent":9,"menu_order":3,"comment_status":"closed","ping_status":"closed","template":"","meta":{"_acf_changed":false,"footnotes":""},"class_list":["post-74","page","type-page","status-publish","has-post-thumbnail","hentry"],"acf":[],"_links":{"self":[{"href":"https:\/\/papunet.net\/saavutettavuus\/wp-json\/wp\/v2\/pages\/74","targetHints":{"allow":["GET"]}}],"collection":[{"href":"https:\/\/papunet.net\/saavutettavuus\/wp-json\/wp\/v2\/pages"}],"about":[{"href":"https:\/\/papunet.net\/saavutettavuus\/wp-json\/wp\/v2\/types\/page"}],"author":[{"embeddable":true,"href":"https:\/\/papunet.net\/saavutettavuus\/wp-json\/wp\/v2\/users\/10"}],"replies":[{"embeddable":true,"href":"https:\/\/papunet.net\/saavutettavuus\/wp-json\/wp\/v2\/comments?post=74"}],"version-history":[{"count":0,"href":"https:\/\/papunet.net\/saavutettavuus\/wp-json\/wp\/v2\/pages\/74\/revisions"}],"up":[{"embeddable":true,"href":"https:\/\/papunet.net\/saavutettavuus\/wp-json\/wp\/v2\/pages\/9"}],"wp:featuredmedia":[{"embeddable":true,"href":"https:\/\/papunet.net\/saavutettavuus\/wp-json\/wp\/v2\/media\/75"}],"wp:attachment":[{"href":"https:\/\/papunet.net\/saavutettavuus\/wp-json\/wp\/v2\/media?parent=74"}],"curies":[{"name":"wp","href":"https:\/\/api.w.org\/{rel}","templated":true}]}}