{"id":77,"date":"2022-10-24T13:38:40","date_gmt":"2022-10-24T10:38:40","guid":{"rendered":"https:\/\/papunet.net\/saavutettavuus\/?page_id=77"},"modified":"2023-02-02T13:15:15","modified_gmt":"2023-02-02T11:15:15","slug":"mita-on-kaytettavyys","status":"publish","type":"page","link":"https:\/\/papunet.net\/saavutettavuus\/miksi-saavutettava\/mita-on-kaytettavyys\/","title":{"rendered":"Mit\u00e4 on k\u00e4ytett\u00e4vyys?"},"content":{"rendered":"\n<p>K\u00e4ytett\u00e4vyys tarkoittaa laitteen tai palvelun helppok\u00e4ytt\u00f6isyytt\u00e4. K\u00e4ytett\u00e4vyyteen liittyy my\u00f6s laitteen tai palvelun hy\u00f6dytt\u00e4vyys sek\u00e4 saatavuus.<\/p>\n\n\n\n<p>K\u00e4ytett\u00e4vyystutkija Jakob Nielsenin mukaan k\u00e4ytett\u00e4vyys koostuu seuraavista osa-alueista:<\/p>\n\n\n\n<ul class=\"wp-block-list\">\n<li>Opittavuus. Kuinka nopeasti k\u00e4ytt\u00e4j\u00e4 voi alkaa k\u00e4ytt\u00e4\u00e4 laitetta tai palvelua?<\/li>\n\n\n\n<li>Tehokkuus. Kuinka tehokkaasti k\u00e4ytt\u00e4j\u00e4 saa suoritettua tavoittelemansa asiat?<\/li>\n\n\n\n<li>Muistettavuus. Kuinka hyvin taito k\u00e4ytt\u00e4\u00e4 laitetta tai palvelua s\u00e4ilyy sen j\u00e4lkeen, kun k\u00e4yt\u00f6ss\u00e4 on ollut tauko?<\/li>\n\n\n\n<li>Virheett\u00f6myys. Kuinka paljon k\u00e4ytt\u00e4j\u00e4 tekee virheit\u00e4 k\u00e4yt\u00f6n aikana? Miten helposti k\u00e4ytt\u00e4j\u00e4 voi havaita ja korjata virheet?<\/li>\n\n\n\n<li>Tyytyv\u00e4isyys. Kuinka miellytt\u00e4v\u00e4ksi k\u00e4ytt\u00e4j\u00e4 arvioi laitteen tai palvelun k\u00e4yt\u00f6n?<\/li>\n<\/ul>\n\n\n\n<h2 class=\"wp-block-heading\">Miten k\u00e4ytett\u00e4vyytt\u00e4 arvioidaan?<\/h2>\n\n\n\n<p>Kun k\u00e4ytett\u00e4vyytt\u00e4 arvioidaan, pyrit\u00e4\u00e4n arvioimaan sit\u00e4, miten laitteen tai palvelun oikeat k\u00e4ytt\u00e4j\u00e4t k\u00e4ytt\u00e4v\u00e4t sit\u00e4 todellisissa k\u00e4ytt\u00f6tilanteissa.<\/p>\n\n\n\n<p>Jos k\u00e4ytt\u00e4j\u00e4t kykenev\u00e4t suoriutumaan tavoitteistaan nopeasti ja vaivattomasti, laite tai palvelu on k\u00e4ytett\u00e4vyydelt\u00e4\u00e4n hyv\u00e4. Jos k\u00e4ytt\u00e4j\u00e4 ei osaa k\u00e4ytt\u00e4\u00e4 tuotetta tai palvelua, vika ei ole k\u00e4ytt\u00e4j\u00e4ss\u00e4, vaan laitteen tai palvelun k\u00e4ytt\u00f6 on suunniteltu huonosti.<\/p>\n\n\n\n<p>Esimerkiksi verkkopankin k\u00e4ytett\u00e4vyytt\u00e4 arvioitaessa voitaisiin arvioida yhten\u00e4 k\u00e4ytt\u00f6tilanteena laskun maksamista. Jos verkkopankin k\u00e4ytt\u00e4j\u00e4t saavat laskunsa maksettua ja viel\u00e4p\u00e4 suhteellisen lyhyess\u00e4 ajassa, voidaan todeta, ett\u00e4 verkkopankki on k\u00e4ytett\u00e4vyydelt\u00e4\u00e4n hyv\u00e4 laskujen maksamisen osalta.<\/p>\n\n","protected":false},"excerpt":{"rendered":"<p>K\u00e4ytett\u00e4vyys tarkoittaa laitteen tai palvelun helppok\u00e4ytt\u00f6isyytt\u00e4. K\u00e4ytett\u00e4vyyteen liittyy my\u00f6s laitteen tai palvelun hy\u00f6dytt\u00e4vyys sek\u00e4 saatavuus. K\u00e4ytett\u00e4vyystutkija Jakob Nielsenin mukaan k\u00e4ytett\u00e4vyys koostuu seuraavista osa-alueista: Miten k\u00e4ytett\u00e4vyytt\u00e4 arvioidaan? Kun k\u00e4ytett\u00e4vyytt\u00e4 arvioidaan, pyrit\u00e4\u00e4n arvioimaan sit\u00e4, miten laitteen tai palvelun [&hellip;]<span class=\"moretag\">Lue lis\u00e4\u00e4&#8230;<\/span><\/p>\n","protected":false},"author":10,"featured_media":78,"parent":9,"menu_order":2,"comment_status":"closed","ping_status":"closed","template":"","meta":{"_acf_changed":false,"footnotes":""},"class_list":["post-77","page","type-page","status-publish","has-post-thumbnail","hentry"],"acf":[],"_links":{"self":[{"href":"https:\/\/papunet.net\/saavutettavuus\/wp-json\/wp\/v2\/pages\/77","targetHints":{"allow":["GET"]}}],"collection":[{"href":"https:\/\/papunet.net\/saavutettavuus\/wp-json\/wp\/v2\/pages"}],"about":[{"href":"https:\/\/papunet.net\/saavutettavuus\/wp-json\/wp\/v2\/types\/page"}],"author":[{"embeddable":true,"href":"https:\/\/papunet.net\/saavutettavuus\/wp-json\/wp\/v2\/users\/10"}],"replies":[{"embeddable":true,"href":"https:\/\/papunet.net\/saavutettavuus\/wp-json\/wp\/v2\/comments?post=77"}],"version-history":[{"count":0,"href":"https:\/\/papunet.net\/saavutettavuus\/wp-json\/wp\/v2\/pages\/77\/revisions"}],"up":[{"embeddable":true,"href":"https:\/\/papunet.net\/saavutettavuus\/wp-json\/wp\/v2\/pages\/9"}],"wp:featuredmedia":[{"embeddable":true,"href":"https:\/\/papunet.net\/saavutettavuus\/wp-json\/wp\/v2\/media\/78"}],"wp:attachment":[{"href":"https:\/\/papunet.net\/saavutettavuus\/wp-json\/wp\/v2\/media?parent=77"}],"curies":[{"name":"wp","href":"https:\/\/api.w.org\/{rel}","templated":true}]}}