{"id":81,"date":"2022-10-26T09:53:20","date_gmt":"2022-10-26T06:53:20","guid":{"rendered":"https:\/\/papunet.net\/saavutettavuus\/?page_id=81"},"modified":"2023-04-03T10:33:59","modified_gmt":"2023-04-03T07:33:59","slug":"kuka-hyotyy-saavutettavuudesta","status":"publish","type":"page","link":"https:\/\/papunet.net\/saavutettavuus\/miksi-saavutettava\/kuka-hyotyy-saavutettavuudesta\/","title":{"rendered":"Kuka hy\u00f6tyy saavutettavuudesta?"},"content":{"rendered":"\n<p>Verkkosivujen saavutettavuus hy\u00f6dytt\u00e4\u00e4 kaikkia k\u00e4ytt\u00e4ji\u00e4. Saavutettavuus on erityisen t\u00e4rke\u00e4\u00e4 ellei v\u00e4ltt\u00e4m\u00e4t\u00f6nt\u00e4 ihmisille, joilla on jokin vamma, toimintarajoite tai korkean i\u00e4n aiheuttamia haasteita.<\/p>\n\n\n\n<p>Kun saavutettavuus on otettu huomioon, k\u00e4ytt\u00e4j\u00e4t voivat rajoitteistaan tai vammoistaan huolimatta asioida verkkosivuilla yhdenvertaisesti muiden kanssa.<\/p>\n\n\n\n<p>Toimintarajoitteiden taustalla voi olla synnynn\u00e4inen vamma, tapaturma tai sairaus. My\u00f6s ymp\u00e4rist\u00f6tekij\u00e4t tai verkkosivujen selailuun k\u00e4ytett\u00e4v\u00e4 laite saattavat rajoittaa k\u00e4ytt\u00e4ji\u00e4.<\/p>\n\n\n\n<p>Esimerkiksi kirkas auringonpaiste saattaa vaikeuttaa kohteiden erottamista pienelt\u00e4 matkapuhelimen n\u00e4yt\u00f6lt\u00e4. Kova melu saattaa est\u00e4\u00e4 kuulemasta verkkosivujen \u00e4\u00e4ni\u00e4. T\u00e4m\u00e4n varalta esimerkiksi videot on hy\u00f6dyllist\u00e4 tekstitt\u00e4\u00e4.<\/p>\n\n\n\n<h2 class=\"wp-block-heading\">Vammat ja toimintarajoitteet<\/h2>\n\n\n\n<p>Toimintarajoitteita ja vammoja on paljon erilaisia. Verkkosivujen k\u00e4ytt\u00e4jill\u00e4 voi olla my\u00f6s useampi kuin yksi rajoite tai vamma.<\/p>\n\n\n\n<p>Seuraavilla rajoitteilla ja vammoilla on tyypillisesti vaikutusta verkkosivujen k\u00e4ytt\u00f6\u00f6n:<\/p>\n\n\n\n<ul class=\"wp-block-list\">\n<li>n\u00e4k\u00f6kykyyn liittyv\u00e4t rajoitteet<\/li>\n\n\n\n<li>kuuloon liittyv\u00e4t rajoitteet<\/li>\n\n\n\n<li>fyysiset ja motoriset rajoitteet<\/li>\n\n\n\n<li>kognitiiviset vaikeudet<\/li>\n\n\n\n<li>puhevammat<\/li>\n\n\n\n<li>neurologiset sairaudet<\/li>\n<\/ul>\n\n\n\n<p>Internetin k\u00e4ytt\u00f6\u00e4 voivat vaikeuttaa my\u00f6s k\u00e4ytt\u00e4j\u00e4n korkea ik\u00e4 ja siihen liittyv\u00e4t rajoitteet. N\u00e4m\u00e4 ovat usein edell\u00e4 mainittuja n\u00e4k\u00f6- kuulo- tai kognitiivisia vaikeuksia tai motoristen taitojen rajoitteita.<\/p>\n\n\n\n<p>WWW:n standardeja kehitt\u00e4v\u00e4 ja yll\u00e4pit\u00e4v\u00e4 World Wide Web Consortium (W3C) muistuttaa, ett\u00e4 ik\u00e4\u00e4n liittyviin rajoitteisiin kuuluvat usein my\u00f6s k\u00e4ytt\u00e4j\u00e4n tietotekniset taidot. Moni ik\u00e4\u00e4ntynyt k\u00e4ytt\u00e4\u00e4 tietokonetta ja interneti\u00e4 vain harvoin.<\/p>\n\n\n\n<h2 class=\"wp-block-heading\">Saavutettavuudesta on hy\u00f6ty\u00e4 erilaisissa k\u00e4ytt\u00f6tilanteissa<\/h2>\n\n\n\n<p>Hyv\u00e4 saavutettavuus hy\u00f6dytt\u00e4\u00e4 k\u00e4ytt\u00e4ji\u00e4 my\u00f6s esimerkiksi silloin, kun<\/p>\n\n\n\n<ul class=\"wp-block-list\">\n<li>k\u00e4yt\u00f6ss\u00e4 on vanha p\u00e4\u00e4telaite<\/li>\n\n\n\n<li>k\u00e4yt\u00f6ss\u00e4 on vanha verkkoselain<\/li>\n\n\n\n<li>sivustoa k\u00e4ytet\u00e4\u00e4n erilaisilla p\u00e4\u00e4telaitteilla (tietokoneilla, matkapuhelimilla tai taulutietokoneilla)<\/li>\n\n\n\n<li>tietoliikenneyhteys on hidas<\/li>\n\n\n\n<li>sivusto on k\u00e4ytt\u00e4j\u00e4lle vieraskielinen<\/li>\n\n\n\n<li>k\u00e4ytt\u00e4j\u00e4 k\u00e4ytt\u00e4\u00e4 interneti\u00e4 harvoin.<\/li>\n<\/ul>\n\n\n\n<p>K\u00e4ytt\u00e4j\u00e4t siis hy\u00f6tyv\u00e4t hyv\u00e4st\u00e4 saavutettavuudesta riippumatta siit\u00e4, onko heill\u00e4 vammoja vai ei.<\/p>\n\n\n\n<p>T\u00e4m\u00e4n vuoksi palveluiden suunnittelussa on t\u00e4rke\u00e4\u00e4 mietti\u00e4 k\u00e4ytt\u00e4jien toiminnallisia tarpeita sen sijaan, ett\u00e4 heit\u00e4 luokiteltaisiin vammojen, i\u00e4n tai sairauksien perusteella.<\/p>\n\n\n\n\n<a href=\"https:\/\/papunet.net\/saavutettavuus\/miksi-saavutettava\/kuka-hyotyy-saavutettavuudesta\/nakoon-liittyvat-rajoitteet\/\" class=\"wp-block-tiptip-hyperlink-group-block\">\n<div class=\"wp-block-media-text alignwide\" style=\"grid-template-columns:15% auto\">\n<figure class=\"wp-block-media-text__media\"><img loading=\"lazy\" decoding=\"async\" width=\"300\" height=\"300\" src=\"https:\/\/papunet.net\/saavutettavuus\/wp-content\/uploads\/2023\/01\/kukahyotyy_nako.png\" alt=\"\" class=\"wp-image-423 size-full img-responsive\" srcset=\"https:\/\/papunet.net\/saavutettavuus\/wp-content\/uploads\/2023\/01\/kukahyotyy_nako.png 300w, https:\/\/papunet.net\/saavutettavuus\/wp-content\/uploads\/2023\/01\/kukahyotyy_nako-150x150.png 150w\" sizes=\"auto, (max-width: 300px) 100vw, 300px\" \/><\/figure><div class=\"wp-block-media-text__content\">\n<h2 class=\"wp-block-heading\">N\u00e4k\u00f6\u00f6n liittyv\u00e4t rajoitteet<\/h2>\n\n\n\n<p>Tietoa erilaisista n\u00e4k\u00f6\u00f6n liittyvist\u00e4 rajoitteista ja siit\u00e4, miten ne vaikuttavat verkkopalveluiden k\u00e4ytt\u00f6\u00f6n.<\/p>\n<\/div>\n<\/div>\n<\/a>\n\n<a href=\"https:\/\/papunet.net\/saavutettavuus\/miksi-saavutettava\/kuka-hyotyy-saavutettavuudesta\/kuuloon-liittyvat-rajoitteet\/\" class=\"wp-block-tiptip-hyperlink-group-block\">\n<div class=\"wp-block-media-text alignwide\" style=\"grid-template-columns:15% auto\">\n<figure class=\"wp-block-media-text__media\"><img loading=\"lazy\" decoding=\"async\" width=\"300\" height=\"300\" src=\"https:\/\/papunet.net\/saavutettavuus\/wp-content\/uploads\/2023\/01\/kukahyotyy_kuulo.png\" alt=\"\" class=\"wp-image-424 size-full img-responsive\" srcset=\"https:\/\/papunet.net\/saavutettavuus\/wp-content\/uploads\/2023\/01\/kukahyotyy_kuulo.png 300w, https:\/\/papunet.net\/saavutettavuus\/wp-content\/uploads\/2023\/01\/kukahyotyy_kuulo-150x150.png 150w\" sizes=\"auto, (max-width: 300px) 100vw, 300px\" \/><\/figure><div class=\"wp-block-media-text__content\">\n<h2 class=\"wp-block-heading\">Kuuloon liittyv\u00e4t rajoitteet<\/h2>\n\n\n\n<p>Tietoa erilaisista kuuloon liittyvist\u00e4 rajoitteista ja siit\u00e4, miten ne vaikuttavat verkkopalveluiden k\u00e4ytt\u00f6\u00f6n.<\/p>\n<\/div>\n<\/div>\n<\/a>\n\n<a href=\"https:\/\/papunet.net\/saavutettavuus\/miksi-saavutettava\/kuka-hyotyy-saavutettavuudesta\/fyysiset-ja-motoriset-rajoitteet\/\" class=\"wp-block-tiptip-hyperlink-group-block\">\n<div class=\"wp-block-media-text alignwide\" style=\"grid-template-columns:15% auto\">\n<figure class=\"wp-block-media-text__media\"><img loading=\"lazy\" decoding=\"async\" width=\"300\" height=\"300\" src=\"https:\/\/papunet.net\/saavutettavuus\/wp-content\/uploads\/2023\/01\/kukahyotyy_motor.png\" alt=\"\" class=\"wp-image-426 size-full img-responsive\" srcset=\"https:\/\/papunet.net\/saavutettavuus\/wp-content\/uploads\/2023\/01\/kukahyotyy_motor.png 300w, https:\/\/papunet.net\/saavutettavuus\/wp-content\/uploads\/2023\/01\/kukahyotyy_motor-150x150.png 150w\" sizes=\"auto, (max-width: 300px) 100vw, 300px\" \/><\/figure><div class=\"wp-block-media-text__content\">\n<h2 class=\"wp-block-heading\">Fyysiset ja motoriset rajoitteet<\/h2>\n\n\n\n<p>Tietoa erilaisista fyysisist\u00e4 ja motorisista rajoitteista ja siit\u00e4, miten ne vaikuttavat verkkopalveluiden k\u00e4ytt\u00f6\u00f6n.<\/p>\n<\/div>\n<\/div>\n<\/a>\n\n<a href=\"https:\/\/papunet.net\/saavutettavuus\/miksi-saavutettava\/kuka-hyotyy-saavutettavuudesta\/kognitiiviset-ja-kielelliset-vaikeudet\/\" class=\"wp-block-tiptip-hyperlink-group-block\">\n<div class=\"wp-block-media-text alignwide\" style=\"grid-template-columns:15% auto\">\n<figure class=\"wp-block-media-text__media\"><img loading=\"lazy\" decoding=\"async\" width=\"300\" height=\"300\" src=\"https:\/\/papunet.net\/saavutettavuus\/wp-content\/uploads\/2023\/01\/kukahyotyy_kogn.png\" alt=\"\" class=\"wp-image-427 size-full img-responsive\" srcset=\"https:\/\/papunet.net\/saavutettavuus\/wp-content\/uploads\/2023\/01\/kukahyotyy_kogn.png 300w, https:\/\/papunet.net\/saavutettavuus\/wp-content\/uploads\/2023\/01\/kukahyotyy_kogn-150x150.png 150w\" sizes=\"auto, (max-width: 300px) 100vw, 300px\" \/><\/figure><div class=\"wp-block-media-text__content\">\n<h2 class=\"wp-block-heading\">Kognitiiviset ja kielelliset vaikeudet<\/h2>\n\n\n\n<p>Tietoa kognitiivisista ja kielellisist\u00e4 haasteista ja siit\u00e4, miten ne vaikuttavat verkkopalveluiden k\u00e4ytt\u00f6\u00f6n.<\/p>\n<\/div>\n<\/div>\n<\/a>\n\n","protected":false},"excerpt":{"rendered":"<p>Verkkosivujen saavutettavuus hy\u00f6dytt\u00e4\u00e4 kaikkia k\u00e4ytt\u00e4ji\u00e4. Saavutettavuus on erityisen t\u00e4rke\u00e4\u00e4 ellei v\u00e4ltt\u00e4m\u00e4t\u00f6nt\u00e4 ihmisille, joilla on jokin vamma, toimintarajoite tai korkean i\u00e4n aiheuttamia haasteita. Kun saavutettavuus on otettu huomioon, k\u00e4ytt\u00e4j\u00e4t voivat rajoitteistaan tai vammoistaan huolimatta asioida verkkosivuilla yhdenvertaisesti [&hellip;]<span class=\"moretag\">Lue lis\u00e4\u00e4&#8230;<\/span><\/p>\n","protected":false},"author":10,"featured_media":82,"parent":9,"menu_order":4,"comment_status":"closed","ping_status":"closed","template":"","meta":{"_acf_changed":false,"footnotes":""},"class_list":["post-81","page","type-page","status-publish","has-post-thumbnail","hentry"],"acf":[],"_links":{"self":[{"href":"https:\/\/papunet.net\/saavutettavuus\/wp-json\/wp\/v2\/pages\/81","targetHints":{"allow":["GET"]}}],"collection":[{"href":"https:\/\/papunet.net\/saavutettavuus\/wp-json\/wp\/v2\/pages"}],"about":[{"href":"https:\/\/papunet.net\/saavutettavuus\/wp-json\/wp\/v2\/types\/page"}],"author":[{"embeddable":true,"href":"https:\/\/papunet.net\/saavutettavuus\/wp-json\/wp\/v2\/users\/10"}],"replies":[{"embeddable":true,"href":"https:\/\/papunet.net\/saavutettavuus\/wp-json\/wp\/v2\/comments?post=81"}],"version-history":[{"count":0,"href":"https:\/\/papunet.net\/saavutettavuus\/wp-json\/wp\/v2\/pages\/81\/revisions"}],"up":[{"embeddable":true,"href":"https:\/\/papunet.net\/saavutettavuus\/wp-json\/wp\/v2\/pages\/9"}],"wp:featuredmedia":[{"embeddable":true,"href":"https:\/\/papunet.net\/saavutettavuus\/wp-json\/wp\/v2\/media\/82"}],"wp:attachment":[{"href":"https:\/\/papunet.net\/saavutettavuus\/wp-json\/wp\/v2\/media?parent=81"}],"curies":[{"name":"wp","href":"https:\/\/api.w.org\/{rel}","templated":true}]}}