{"id":9,"date":"2022-10-19T14:29:17","date_gmt":"2022-10-19T11:29:17","guid":{"rendered":"https:\/\/papunet.net\/saavutettavuus\/?page_id=9"},"modified":"2023-04-03T10:15:20","modified_gmt":"2023-04-03T07:15:20","slug":"miksi-saavutettava","status":"publish","type":"page","link":"https:\/\/papunet.net\/saavutettavuus\/miksi-saavutettava\/","title":{"rendered":"Miksi saavutettava?"},"content":{"rendered":"\n<p>Saavutettavuudesta hy\u00f6tyv\u00e4t kaikki k\u00e4ytt\u00e4j\u00e4t. Erityisen t\u00e4rke\u00e4\u00e4 ja jopa v\u00e4ltt\u00e4m\u00e4t\u00f6nt\u00e4 hyv\u00e4 saavutettavuus on niille, joilla on jokin vamma tai toimintarajoite.<\/p>\n\n\n\n<p>Esimerkiksi n\u00e4k\u00f6vammalla tai liikuntavammalla voi olla vaikutusta digitaalisten palvelujen k\u00e4ytt\u00f6\u00f6n.<\/p>\n\n\n\n<p>Saavutettavilla verkkopalveluilla voidaan parantaa ihmisten yhdenvertaisuutta. Kun palveluista tehd\u00e4\u00e4n saavutettavia ja riitt\u00e4v\u00e4n helppok\u00e4ytt\u00f6isi\u00e4, kaikilla on mahdollisuus k\u00e4ytt\u00e4\u00e4 niit\u00e4.<\/p>\n\n\n\n<p>Arjessa tulee jatkuvasti vastaan tilanteita, joissa hyv\u00e4st\u00e4 saavutettavuussuunnittelusta on hy\u00f6ty\u00e4. Esimerkiksi kosketusn\u00e4yt\u00f6llisell\u00e4 laitteella verkkosivun painikkeisiin on helpompi osua, kun painikkeet ovat riitt\u00e4v\u00e4n suuria.<\/p>\n\n\n\n<p>Saavutettavien verkkosivujen toteuttaminen vaatii my\u00f6s tiettyjen verkkostandardien noudattamista. Siksi saavutettavat verkkosivut toimivat mahdollisimman hyvin kaikilla p\u00e4\u00e4telaitteilla ja verkkoselaimilla.<\/p>\n\n\n<a href=\"https:\/\/papunet.net\/saavutettavuus\/miksi-saavutettava\/mita-on-saavutettavuus\/\" class=\"wp-block-tiptip-hyperlink-group-block\">\n<div class=\"wp-block-media-text alignwide\" style=\"grid-template-columns:15% auto\">\n<figure class=\"wp-block-media-text__media\"><img loading=\"lazy\" decoding=\"async\" width=\"300\" height=\"300\" src=\"https:\/\/papunet.net\/saavutettavuus\/wp-content\/uploads\/2023\/01\/verkkosivujen_saavutettavuus.png\" alt=\"\" class=\"wp-image-317 size-full img-responsive\" srcset=\"https:\/\/papunet.net\/saavutettavuus\/wp-content\/uploads\/2023\/01\/verkkosivujen_saavutettavuus.png 300w, https:\/\/papunet.net\/saavutettavuus\/wp-content\/uploads\/2023\/01\/verkkosivujen_saavutettavuus-150x150.png 150w\" sizes=\"auto, (max-width: 300px) 100vw, 300px\" \/><\/figure><div class=\"wp-block-media-text__content\">\n<h2 class=\"wp-block-heading\">Mit\u00e4 on saavutettavuus?<\/h2>\n\n\n\n<p>Tietoa saavutettavuudesta ja siit\u00e4, miksi saavutettavuus tulisi ottaa huomioon verkkosivujen suunnittelussa.<\/p>\n<\/div>\n<\/div>\n<\/a>\n\n<a href=\"https:\/\/papunet.net\/saavutettavuus\/miksi-saavutettava\/mita-on-kaytettavyys\/\" class=\"wp-block-tiptip-hyperlink-group-block\">\n<div class=\"wp-block-media-text alignwide\" style=\"grid-template-columns:15% auto\">\n<figure class=\"wp-block-media-text__media\"><img loading=\"lazy\" decoding=\"async\" width=\"300\" height=\"300\" src=\"https:\/\/papunet.net\/saavutettavuus\/wp-content\/uploads\/2023\/01\/kaytettavyys.png\" alt=\"\" class=\"wp-image-323 size-full img-responsive\" srcset=\"https:\/\/papunet.net\/saavutettavuus\/wp-content\/uploads\/2023\/01\/kaytettavyys.png 300w, https:\/\/papunet.net\/saavutettavuus\/wp-content\/uploads\/2023\/01\/kaytettavyys-150x150.png 150w\" sizes=\"auto, (max-width: 300px) 100vw, 300px\" \/><\/figure><div class=\"wp-block-media-text__content\">\n<h2 class=\"wp-block-heading\">Mit\u00e4 on k\u00e4ytett\u00e4vyys?<\/h2>\n\n\n\n<p>Tietoa k\u00e4ytettavyydest\u00e4 ja siit\u00e4, miksi k\u00e4ytett\u00e4vyys tulisi ottaa huomioon verkkosivujen suunnittelussa.<\/p>\n<\/div>\n<\/div>\n<\/a>\n\n<a href=\"https:\/\/papunet.net\/saavutettavuus\/miksi-saavutettava\/sisallon-ymmarrettavyys-ja-selkokieli\/\" class=\"wp-block-tiptip-hyperlink-group-block\">\n<div class=\"wp-block-media-text alignwide\" style=\"grid-template-columns:15% auto\">\n<figure class=\"wp-block-media-text__media\"><img loading=\"lazy\" decoding=\"async\" width=\"300\" height=\"300\" src=\"https:\/\/papunet.net\/saavutettavuus\/wp-content\/uploads\/2023\/01\/selkologo.png\" alt=\"\" class=\"wp-image-328 size-full img-responsive\" srcset=\"https:\/\/papunet.net\/saavutettavuus\/wp-content\/uploads\/2023\/01\/selkologo.png 300w, https:\/\/papunet.net\/saavutettavuus\/wp-content\/uploads\/2023\/01\/selkologo-150x150.png 150w\" sizes=\"auto, (max-width: 300px) 100vw, 300px\" \/><\/figure><div class=\"wp-block-media-text__content\">\n<h2 class=\"wp-block-heading\">Sis\u00e4ll\u00f6n ymm\u00e4rrett\u00e4vyys ja selkokieli<\/h2>\n\n\n\n<p>Tietoa verkkosivun sis\u00e4ll\u00f6n ymm\u00e4rrett\u00e4vyydest\u00e4 ja selkokielest\u00e4.<\/p>\n<\/div>\n<\/div>\n<\/a>\n\n<a href=\"https:\/\/papunet.net\/saavutettavuus\/miksi-saavutettava\/kuka-hyotyy-saavutettavuudesta\/\" class=\"wp-block-tiptip-hyperlink-group-block\">\n<div class=\"wp-block-media-text alignwide\" style=\"grid-template-columns:15% auto\">\n<figure class=\"wp-block-media-text__media\"><img loading=\"lazy\" decoding=\"async\" width=\"300\" height=\"300\" src=\"https:\/\/papunet.net\/saavutettavuus\/wp-content\/uploads\/2023\/01\/ketka_hyotyvat.png\" alt=\"\" class=\"wp-image-329 size-full img-responsive\" srcset=\"https:\/\/papunet.net\/saavutettavuus\/wp-content\/uploads\/2023\/01\/ketka_hyotyvat.png 300w, https:\/\/papunet.net\/saavutettavuus\/wp-content\/uploads\/2023\/01\/ketka_hyotyvat-150x150.png 150w\" sizes=\"auto, (max-width: 300px) 100vw, 300px\" \/><\/figure><div class=\"wp-block-media-text__content\">\n<h2 class=\"wp-block-heading\">Kuka hy\u00f6tyy saavutettavuudesta?<\/h2>\n\n\n\n<p>Tietoa eri vammojen ja toimintarajoitteiden vaikutuksesta verkkosivujen k\u00e4ytt\u00f6\u00f6n.<\/p>\n<\/div>\n<\/div>\n<\/a>\n\n<a href=\"https:\/\/papunet.net\/saavutettavuus\/miksi-saavutettava\/avustavat-teknologiat\/\" class=\"wp-block-tiptip-hyperlink-group-block\">\n<div class=\"wp-block-media-text alignwide\" style=\"grid-template-columns:15% auto\">\n<figure class=\"wp-block-media-text__media\"><img loading=\"lazy\" decoding=\"async\" width=\"300\" height=\"300\" src=\"https:\/\/papunet.net\/saavutettavuus\/wp-content\/uploads\/2023\/01\/avustava_teknologia.png\" alt=\"\" class=\"wp-image-330 size-full img-responsive\" srcset=\"https:\/\/papunet.net\/saavutettavuus\/wp-content\/uploads\/2023\/01\/avustava_teknologia.png 300w, https:\/\/papunet.net\/saavutettavuus\/wp-content\/uploads\/2023\/01\/avustava_teknologia-150x150.png 150w\" sizes=\"auto, (max-width: 300px) 100vw, 300px\" \/><\/figure><div class=\"wp-block-media-text__content\">\n<h2 class=\"wp-block-heading\">Avustavat teknologiat<\/h2>\n\n\n\n<p>Tietoa teknologioista ja apuv\u00e4lineist\u00e4, joiden avulla vammaiset ja toimintarajoitteiset ihmiset voivat k\u00e4ytt\u00e4\u00e4 verkkoa.<\/p>\n<\/div>\n<\/div>\n<\/a>\n\n<a href=\"https:\/\/papunet.net\/saavutettavuus\/miksi-saavutettava\/digisyrjaytyminen\/\" class=\"wp-block-tiptip-hyperlink-group-block\">\n<div class=\"wp-block-media-text alignwide\" style=\"grid-template-columns:15% auto\">\n<figure class=\"wp-block-media-text__media\"><img loading=\"lazy\" decoding=\"async\" width=\"300\" height=\"300\" src=\"https:\/\/papunet.net\/saavutettavuus\/wp-content\/uploads\/2023\/01\/digisyrjaytyminen.png\" alt=\"\" class=\"wp-image-331 size-full img-responsive\" srcset=\"https:\/\/papunet.net\/saavutettavuus\/wp-content\/uploads\/2023\/01\/digisyrjaytyminen.png 300w, https:\/\/papunet.net\/saavutettavuus\/wp-content\/uploads\/2023\/01\/digisyrjaytyminen-150x150.png 150w\" sizes=\"auto, (max-width: 300px) 100vw, 300px\" \/><\/figure><div class=\"wp-block-media-text__content\">\n<h2 class=\"wp-block-heading\">Digisyrj\u00e4ytyminen<\/h2>\n\n\n\n<p>Tietoa palvelujen digitalisoitumisen vaikutuksista.<\/p>\n<\/div>\n<\/div>\n<\/a>\n\n<a href=\"https:\/\/papunet.net\/saavutettavuus\/miksi-saavutettava\/tietoa-muualla\/\" class=\"wp-block-tiptip-hyperlink-group-block\">\n<div class=\"wp-block-media-text alignwide\" style=\"grid-template-columns:15% auto\">\n<figure class=\"wp-block-media-text__media\"><img loading=\"lazy\" decoding=\"async\" width=\"300\" height=\"300\" src=\"https:\/\/papunet.net\/saavutettavuus\/wp-content\/uploads\/2023\/01\/tietoamuualla.png\" alt=\"\" class=\"wp-image-332 size-full img-responsive\" srcset=\"https:\/\/papunet.net\/saavutettavuus\/wp-content\/uploads\/2023\/01\/tietoamuualla.png 300w, https:\/\/papunet.net\/saavutettavuus\/wp-content\/uploads\/2023\/01\/tietoamuualla-150x150.png 150w\" sizes=\"auto, (max-width: 300px) 100vw, 300px\" \/><\/figure><div class=\"wp-block-media-text__content\">\n<h2 class=\"wp-block-heading\">Tietoa muualla<\/h2>\n\n\n\n<p>Lista verkkosivuista, joilla on tietoa saavutettavuudesta.<\/p>\n<\/div>\n<\/div>\n<\/a>\n\n","protected":false},"excerpt":{"rendered":"<p>Saavutettavuudesta hy\u00f6tyv\u00e4t kaikki k\u00e4ytt\u00e4j\u00e4t. Erityisen t\u00e4rke\u00e4\u00e4 ja jopa v\u00e4ltt\u00e4m\u00e4t\u00f6nt\u00e4 hyv\u00e4 saavutettavuus on niille, joilla on jokin vamma tai toimintarajoite. Esimerkiksi n\u00e4k\u00f6vammalla tai liikuntavammalla voi olla vaikutusta digitaalisten palvelujen k\u00e4ytt\u00f6\u00f6n. Saavutettavilla verkkopalveluilla voidaan parantaa ihmisten yhdenvertaisuutta. Kun [&hellip;]<span class=\"moretag\">Lue lis\u00e4\u00e4&#8230;<\/span><\/p>\n","protected":false},"author":1,"featured_media":67,"parent":0,"menu_order":2,"comment_status":"closed","ping_status":"closed","template":"","meta":{"_acf_changed":false,"footnotes":""},"class_list":["post-9","page","type-page","status-publish","has-post-thumbnail","hentry"],"acf":[],"_links":{"self":[{"href":"https:\/\/papunet.net\/saavutettavuus\/wp-json\/wp\/v2\/pages\/9","targetHints":{"allow":["GET"]}}],"collection":[{"href":"https:\/\/papunet.net\/saavutettavuus\/wp-json\/wp\/v2\/pages"}],"about":[{"href":"https:\/\/papunet.net\/saavutettavuus\/wp-json\/wp\/v2\/types\/page"}],"author":[{"embeddable":true,"href":"https:\/\/papunet.net\/saavutettavuus\/wp-json\/wp\/v2\/users\/1"}],"replies":[{"embeddable":true,"href":"https:\/\/papunet.net\/saavutettavuus\/wp-json\/wp\/v2\/comments?post=9"}],"version-history":[{"count":0,"href":"https:\/\/papunet.net\/saavutettavuus\/wp-json\/wp\/v2\/pages\/9\/revisions"}],"wp:featuredmedia":[{"embeddable":true,"href":"https:\/\/papunet.net\/saavutettavuus\/wp-json\/wp\/v2\/media\/67"}],"wp:attachment":[{"href":"https:\/\/papunet.net\/saavutettavuus\/wp-json\/wp\/v2\/media?parent=9"}],"curies":[{"name":"wp","href":"https:\/\/api.w.org\/{rel}","templated":true}]}}