{"id":91,"date":"2022-10-26T11:12:18","date_gmt":"2022-10-26T08:12:18","guid":{"rendered":"https:\/\/papunet.net\/saavutettavuus\/?page_id=91"},"modified":"2023-01-17T13:22:19","modified_gmt":"2023-01-17T11:22:19","slug":"kognitiiviset-ja-kielelliset-vaikeudet","status":"publish","type":"page","link":"https:\/\/papunet.net\/saavutettavuus\/miksi-saavutettava\/kuka-hyotyy-saavutettavuudesta\/kognitiiviset-ja-kielelliset-vaikeudet\/","title":{"rendered":"Kognitiiviset ja kielelliset vaikeudet"},"content":{"rendered":"\n<p>Kognitiiviset ja kielelliset vaikeudet sek\u00e4 oppimisvaikeudet vaikuttavat ihmisen puheeseen, lukemiseen, uusien asioiden oppimiseen ja kykyyn ymm\u00e4rt\u00e4\u00e4 tietoa.<\/p>\n<p>Kuten muutkaan rajoitteet, kognitiiviset ja kielelliset vaikeudet eiv\u00e4t v\u00e4ltt\u00e4m\u00e4tt\u00e4 vaikuta k\u00e4ytt\u00e4j\u00e4n \u00e4lykkyyteen.<\/p>\n<p>Internet tarjoaa paljon uusia mahdollisuuksia ihmisille, joilla on kognitiivisia vaikeuksia.<\/p>\n<p>K\u00e4ytt\u00e4j\u00e4t voivat saada sis\u00e4ll\u00f6n juuri heille sopivassa muodossa, kuten luettavana tekstin\u00e4, puheena, videona tai muussa muodossa. Ihanteellisimmillaan k\u00e4ytt\u00e4j\u00e4t voivat my\u00f6s muuttaa sis\u00e4ll\u00f6n esitystavan itselleen sopivaksi.<\/p>\n<h2>Miten kognitiiviset vaikeudet tulisi ottaa huomioon?<\/h2>\n<p>Kognitiivisista vaikeuksista k\u00e4rsivien verkon k\u00e4ytt\u00e4jien kirjo on hyvin laaja ja selv\u00e4sti moninaisempi kuin muiden k\u00e4ytt\u00e4j\u00e4ryhmien, jotka hy\u00f6tyv\u00e4t verkon saavutettavuudesta.<\/p>\n<p>T\u00e4st\u00e4 syyst\u00e4 on hankalaa tehd\u00e4 kognitiivisista vaikeuksista yksiselitteist\u00e4 ohjeistusta, joka kattaisi kaikkien tarpeet.<\/p>\n<p>Kognitiivisten vaikeuksien huomioiminen on usein yhteydess\u00e4 hyv\u00e4\u00e4n k\u00e4ytett\u00e4vyyteen. Osa k\u00e4ytt\u00e4jist\u00e4 pystyy ylitt\u00e4m\u00e4\u00e4n huonon k\u00e4ytett\u00e4vyyden aiheuttamat esteet, osa ei. Kognitiivisten haasteiden huomioiminen verkkosivusuunnittelussa hy\u00f6dytt\u00e4\u00e4 siis kaikkia, koska se parantaa verkkosivujen k\u00e4ytett\u00e4vyytt\u00e4.<\/p>\n<p>K\u00e4ytt\u00e4jill\u00e4 saattaa kuitenkin olla verkkosivujen saavutettavuuteen liittyvi\u00e4 erityistarpeita. T\u00e4llaisia voi olla esimerkiksi silloin, kun henkil\u00f6ll\u00e4 on kielellisi\u00e4 vaikeuksia.<\/p>\n<p>On arvioitu, ett\u00e4 Suomessa on noin 650 000 \u2013 750 000\u00a0 henkil\u00f6\u00e4, jotka tarvitsevat selkokielt\u00e4. Selkokielen tai selke\u00e4n, hyv\u00e4n yleiskielen k\u00e4ytt\u00e4minen auttaa my\u00f6s muita verkkosivujen k\u00e4ytt\u00e4ji\u00e4.<\/p>\n<p>Esimerkiksi viranomaistekstit saattavat olla usein vaikeaselkoisia ja vaikeasti tulkittavissa. T\u00e4llaisissa tapauksissa on hy\u00f6ty\u00e4, jos sama sis\u00e4lt\u00f6 olisi tarjolla my\u00f6s selkokielell\u00e4.<\/p>\n<p>My\u00f6s henkil\u00f6t, jotka eiv\u00e4t puhu suomea \u00e4idinkielen\u00e4\u00e4n, hy\u00f6tyv\u00e4t paljon selkokielen k\u00e4yt\u00f6st\u00e4.<\/p>\n<blockquote>\n<p>\u201dK\u00e4yt\u00e4n verkkoa ty\u00f6ss\u00e4 ja vapaa-ajan k\u00e4yt\u00f6ss\u00e4, se on ihan vakituinen ty\u00f6v\u00e4line. Teen valokuvaajan, videokuvaajan ja toimittajan t\u00f6it\u00e4. K\u00e4yn kaikenlaisilla verkkosivulla. Kaikenlaisia sivuja tarvitsee, jos haluaa hakea tietoa ja kaikesta t\u00e4ytyy olla v\u00e4h\u00e4n kiinnostunut, kun tekee toimittajan ty\u00f6t\u00e4.\u201d<\/p>\n<p>\u201dSelkeit\u00e4 ja hyvin tehtyj\u00e4 verkkosivuja, joita tulee mieleen, ovat esimerkiksi Yle Areena ja Facebook.\u201d<\/p>\n<p><em>Jari Nordstr\u00f6m, toimittaja, kehitysvammainen<\/em><\/p>\n<\/blockquote>\n<h2>Miten kognitiiviset vaikeudet tulisi ottaa huomioon verkkosivujen suunnittelussa ja toteutuksessa?<\/h2>\n<p>Erilaiset asiat tuottavat erilaisia kognitiivisia vaikeuksia eri k\u00e4ytt\u00e4jille. T\u00e4st\u00e4 syyst\u00e4 kognitiivisia vaikeuksia voi olla hankala ottaa riitt\u00e4v\u00e4n kattavasti ja yksiselitteisesti huomioon verkkosivujen suunnittelussa ja toteutuksessa.<\/p>\n<p>Verkkosivujen hyv\u00e4\u00e4n k\u00e4ytett\u00e4vyyteen pyrkiminen auttaa kuitenkin paljon niit\u00e4 k\u00e4ytt\u00e4ji\u00e4, joilla on kognitiivisia vaikeuksia.<\/p>\n<h3>Saavutettavuuden parantamiseksi on t\u00e4rke\u00e4\u00e4 huomioida seuraavat kognitiivisiin vaikeuksiin liittyv\u00e4t asiat:<\/h3>\n<ul>\n<li>K\u00e4yt\u00e4 selke\u00e4\u00e4, hyv\u00e4\u00e4 yleiskielt\u00e4. Esit\u00e4 t\u00e4rkeimm\u00e4t sis\u00e4ll\u00f6t selkokielell\u00e4.<\/li>\n<li>\u00c4l\u00e4 k\u00e4yt\u00e4 kielikuvia ja sanontoja.<\/li>\n<li>V\u00e4lt\u00e4 vaikeiden ja monimutkaisten sanojen k\u00e4ytt\u00f6\u00e4.<\/li>\n<li>Rivit\u00e4 teksti vasemmalle.<\/li>\n<li>V\u00e4lt\u00e4 sanojen turhaa alleviivaamista, <strong>lihavointia<\/strong> ja <em>kursivointia<\/em>.<\/li>\n<li>\u00c4l\u00e4 kirjoita turhaan pelk\u00e4st\u00e4\u00e4n ISOILLA KIRJAIMILLA.<\/li>\n<li>\u00c4l\u00e4 julkaise pitki\u00e4 tekstisis\u00e4lt\u00f6j\u00e4. Paloittele teksti selke\u00e4ksi ja ymm\u00e4rrett\u00e4v\u00e4ksi kokonaisuudeksi k\u00e4ytt\u00e4en v\u00e4liotsikoita, listoja, kuvia ja videoita.<\/li>\n<li>Tue kirjoitettua teksti\u00e4 kuvilla, kuvaajilla, listoilla, videoilla ja \u00e4\u00e4nitiedostoilla.<\/li>\n<li>Korosta visuaalisesti sit\u00e4, miss\u00e4 sivun olennainen ja merkitt\u00e4v\u00e4 sis\u00e4lt\u00f6 on.<\/li>\n<li>Tee klikattavista toiminnoista mahdollisimman informatiivisia, selkeit\u00e4, johdonmukaisia ja helposti ennakoitavia.<\/li>\n<li>V\u00e4lt\u00e4 \u201dPaina t\u00e4st\u00e4\u201d -tyylisi\u00e4 painikkeita. Kirjoita painikkeeseen suoraan sen k\u00e4ytt\u00f6tarkoitus.<\/li>\n<li>V\u00e4lt\u00e4 tilanteita, joissa k\u00e4ytt\u00e4j\u00e4 ei voi olla varma, mihin linkki johtaa tai mit\u00e4 painike tekee.<\/li>\n<li>Tee sivurakenteista mahdollisimman selke\u00e4t, yksinkertaiset ja johdonmukaiset. \u00c4l\u00e4 vaihtele sivun rakennetta ja tyyli\u00e4 alasivuilla.<\/li>\n<li>Pid\u00e4 sis\u00e4lt\u00f6 riitt\u00e4v\u00e4n lyhyen\u00e4, yksinkertaisena ja selke\u00e4n\u00e4.<\/li>\n<li>V\u00e4lt\u00e4 sis\u00e4lt\u00f6j\u00e4, jotka turhaan viev\u00e4t k\u00e4ytt\u00e4j\u00e4n huomion pois sivun olennaisimmasta p\u00e4\u00e4sis\u00e4ll\u00f6st\u00e4.<\/li>\n<li>Tarjoa k\u00e4ytt\u00e4j\u00e4lle mahdollisuus poistaa tai pys\u00e4ytt\u00e4\u00e4 kaikki vilkkuva tai muulla tavalla h\u00e4iritsev\u00e4 sis\u00e4lt\u00f6.<\/li>\n<li>Tarjoa k\u00e4ytt\u00e4j\u00e4lle sivuston k\u00e4ytt\u00f6\u00e4 ja muistia tukevia vihjeit\u00e4 ja ohjeita. \u00c4l\u00e4 luota siihen, ett\u00e4 k\u00e4ytt\u00e4j\u00e4t muistaisivat, mit\u00e4 edellisill\u00e4 sivuilla on ollut.<\/li>\n<\/ul>\n\n","protected":false},"excerpt":{"rendered":"<p>Kognitiiviset ja kielelliset vaikeudet sek\u00e4 oppimisvaikeudet vaikuttavat ihmisen puheeseen, lukemiseen, uusien asioiden oppimiseen ja kykyyn ymm\u00e4rt\u00e4\u00e4 tietoa. Kuten muutkaan rajoitteet, kognitiiviset ja kielelliset vaikeudet eiv\u00e4t v\u00e4ltt\u00e4m\u00e4tt\u00e4 vaikuta k\u00e4ytt\u00e4j\u00e4n \u00e4lykkyyteen. Internet tarjoaa paljon uusia mahdollisuuksia ihmisille, joilla [&hellip;]<span class=\"moretag\">Lue lis\u00e4\u00e4&#8230;<\/span><\/p>\n","protected":false},"author":10,"featured_media":0,"parent":81,"menu_order":4,"comment_status":"closed","ping_status":"closed","template":"","meta":{"_acf_changed":false,"footnotes":""},"class_list":["post-91","page","type-page","status-publish","hentry"],"acf":[],"_links":{"self":[{"href":"https:\/\/papunet.net\/saavutettavuus\/wp-json\/wp\/v2\/pages\/91","targetHints":{"allow":["GET"]}}],"collection":[{"href":"https:\/\/papunet.net\/saavutettavuus\/wp-json\/wp\/v2\/pages"}],"about":[{"href":"https:\/\/papunet.net\/saavutettavuus\/wp-json\/wp\/v2\/types\/page"}],"author":[{"embeddable":true,"href":"https:\/\/papunet.net\/saavutettavuus\/wp-json\/wp\/v2\/users\/10"}],"replies":[{"embeddable":true,"href":"https:\/\/papunet.net\/saavutettavuus\/wp-json\/wp\/v2\/comments?post=91"}],"version-history":[{"count":0,"href":"https:\/\/papunet.net\/saavutettavuus\/wp-json\/wp\/v2\/pages\/91\/revisions"}],"up":[{"embeddable":true,"href":"https:\/\/papunet.net\/saavutettavuus\/wp-json\/wp\/v2\/pages\/81"}],"wp:attachment":[{"href":"https:\/\/papunet.net\/saavutettavuus\/wp-json\/wp\/v2\/media?parent=91"}],"curies":[{"name":"wp","href":"https:\/\/api.w.org\/{rel}","templated":true}]}}