{"id":92,"date":"2022-10-26T11:22:36","date_gmt":"2022-10-26T08:22:36","guid":{"rendered":"https:\/\/papunet.net\/saavutettavuus\/?page_id=92"},"modified":"2024-02-16T10:23:50","modified_gmt":"2024-02-16T08:23:50","slug":"avustavat-teknologiat","status":"publish","type":"page","link":"https:\/\/papunet.net\/saavutettavuus\/miksi-saavutettava\/avustavat-teknologiat\/","title":{"rendered":"Avustavat teknologiat"},"content":{"rendered":"\n<p>Monet vammaiset ja toimintarajoitteiset ihmiset k\u00e4ytt\u00e4v\u00e4t tietokonetta ja selaavat verkkosivuja apuv\u00e4lineiden tai avustavien teknologioiden avulla.<\/p>\r\n\r\n\r\n\r\n<p>Avustavat teknologiat saattavat esimerkiksi auttaa sokeaa henkil\u00f6\u00e4 kuulemaan n\u00e4yt\u00f6ll\u00e4 n\u00e4kyv\u00e4n tekstin puheena tai neliraajahalvaantunutta selaamaan verkkosivuja ilman hiirt\u00e4.<\/p>\r\n\r\n\r\n\r\n<p>Heikosti n\u00e4kev\u00e4 ihminen voi k\u00e4ytt\u00e4\u00e4 tietokonetta helpommin suurentamalla tekstin kokoa sek\u00e4 parantamalla tekstin ja taustan v\u00e4list\u00e4 tummuuskontrastia.<\/p>\r\n\r\n\r\n\r\n<p>Avustavat teknologiat ovat monille vammaisille ja toimintarajoitteisille henkil\u00f6ille v\u00e4ltt\u00e4m\u00e4tt\u00f6mi\u00e4, jotta he voivat asioida verkossa. Aina avustavista teknologioista ei kuitenkaan ole hy\u00f6ty\u00e4, jos verkkosivuston suunnittelussa ja toteutuksessa ei ole otettu niit\u00e4 huomioon.<\/p>\r\n\r\n\r\n\r\n<p>Yleens\u00e4 avustavat teknologiat toimivat yksinkertaisilla, staattisilla verkkosivuilla riitt\u00e4v\u00e4n hyvin, kun sivun l\u00e4hdekoodi on toteutettu k\u00e4ytt\u00e4en HTML-kielen standardeja.<\/p>\r\n\r\n\r\n\r\n<h2 class=\"wp-block-heading\">Milloin avustavat teknologiat tulisi huomioida verkkosivuston suunnittelussa?<\/h2>\r\n\r\n\r\n\r\n<p>Yleisimmist\u00e4 avustavista teknologioista ja niiden k\u00e4yt\u00f6st\u00e4 on syyt\u00e4 tiet\u00e4\u00e4 hieman enemm\u00e4n silloin, kun halutaan, ett\u00e4 sivusto on mahdollisimman k\u00e4ytett\u00e4v\u00e4 kaikille k\u00e4ytt\u00e4jille, tai kun luodaan monimutkaisempia dynaamisia sivustoja.<\/p>\r\n\r\n\r\n\r\n<p>Avustavien teknologioiden toiminnan ymm\u00e4rt\u00e4minen auttaa suunnittelijoita, koodaajia ja sis\u00e4ll\u00f6ntuottajia tekem\u00e4\u00e4n saavutettavampia ja k\u00e4ytett\u00e4vyydelt\u00e4\u00e4n parempia verkkosivustoja.<\/p>\r\n\r\n\r\n\r\n<p>Avustavat teknologiat voidaan jakaa karkeasti kahteen eri ryhm\u00e4\u00e4n:<\/p>\r\n\r\n\r\n\r\n<ol class=\"wp-block-list\">\r\n<li>teknologioihin, jotka auttavat k\u00e4ytt\u00e4j\u00e4\u00e4 havaitsemaan sis\u00e4lt\u00f6j\u00e4<\/li>\r\n\r\n\r\n\r\n<li>teknologioihin, joiden avulla k\u00e4ytt\u00e4j\u00e4 voi ohjata p\u00e4\u00e4telaiteitta.<\/li>\r\n<\/ol>\r\n\r\n\r\n\r\n<p>Esimerkiksi sokea ihminen tarvitsee avustavaa teknologiaa, joka auttaa h\u00e4nt\u00e4 havaitsemaan n\u00e4yt\u00f6ll\u00e4 olevan visuaalisen sis\u00e4ll\u00f6n.<\/p>\r\n\r\n\r\n\r\n<p>Neliraajahalvaantuneella ei sen sijaan v\u00e4ltt\u00e4m\u00e4tt\u00e4 ole mit\u00e4\u00e4n vaikeuksia havaitsemisessa. H\u00e4n tarvitseekin apuv\u00e4lineen, jolla h\u00e4n voi ohjata p\u00e4\u00e4telaitetta ilman k\u00e4si\u00e4.<\/p>\r\n\r\n\r\n\r\n<p>Avustavat teknologiat voidaan jakaa kahteen ryhm\u00e4\u00e4n my\u00f6s sen perusteella, ovatko ne<\/p>\r\n\r\n\r\n\r\n<ol class=\"wp-block-list\">\r\n<li>p\u00e4\u00e4telaitteelle asennettavia ohjelmistoja (jotka osaavat esimerkiksi lukea n\u00e4yt\u00f6ll\u00e4 n\u00e4kyv\u00e4n sis\u00e4ll\u00f6n sokealle henkil\u00f6lle \u00e4\u00e4neen) vai<\/li>\r\n\r\n\r\n\r\n<li>ulkoisia erillisi\u00e4 laitteita (jotka helpottavat k\u00e4ytt\u00e4j\u00e4\u00e4 havaitsemaan ja\/tai ohjaamaan p\u00e4\u00e4telaitetta).<\/li>\r\n<\/ol>\r\n\r\n\r\n\r\n<p>P\u00e4\u00e4telaitteelle asennettavia avustavia teknologioita ovat esimerkiksi ruudunsuurennusohjelmat. Ruudun suurentaminen ei siis vaadi erillisi\u00e4 laitteita.<\/p>\r\n\r\n\r\n\r\n<p>Tietokoneen ohjaaminen ilman k\u00e4si\u00e4 vaatii usein erillisi\u00e4 laitteita. Neliraajahalvaantunut voi ohjata tietokonetta ja selata verkkosivuja silm\u00e4n ja p\u00e4\u00e4n liikkeill\u00e4, puheella tai suulla.<\/p>\r\n\r\n\r\n\r\n<p><a href=\"https:\/\/papunet.net\/apuvalineiden-helppokayttoisyys-ja-ohjaintavat\/\">Lue lis\u00e4\u00e4 tietokoneen ohjaintavoista Papunetin Tietoa-sivuilta.<\/a><\/p>\r\n\r\n\r\n<a href=\"https:\/\/papunet.net\/saavutettavuus\/miksi-saavutettava\/avustavat-teknologiat\/nappaimistoselaaminen\/\" class=\"wp-block-tiptip-hyperlink-group-block\">\r\n<div class=\"wp-block-media-text alignwide\" style=\"grid-template-columns: 15% auto\">\r\n<figure class=\"wp-block-media-text__media\"><img loading=\"lazy\" decoding=\"async\" width=\"300\" height=\"300\" class=\"wp-image-428 size-full img-responsive\" src=\"https:\/\/papunet.net\/saavutettavuus\/wp-content\/uploads\/2023\/01\/avustavat_nappaimisto.png\" alt=\"\" srcset=\"https:\/\/papunet.net\/saavutettavuus\/wp-content\/uploads\/2023\/01\/avustavat_nappaimisto.png 300w, https:\/\/papunet.net\/saavutettavuus\/wp-content\/uploads\/2023\/01\/avustavat_nappaimisto-150x150.png 150w\" sizes=\"auto, (max-width: 300px) 100vw, 300px\" \/><\/figure>\r\n<div class=\"wp-block-media-text__content\">\r\n<h2 class=\"wp-block-heading\">N\u00e4pp\u00e4imist\u00f6selaaminen<\/h2>\r\n\r\n\r\n\r\n<p>Verkkopalveluiden k\u00e4ytt\u00f6 pelk\u00e4ll\u00e4 n\u00e4pp\u00e4imist\u00f6ll\u00e4 ilman hiirt\u00e4.<\/p>\r\n<\/div>\r\n<\/div>\r\n<\/a>\r\n\r\n<a href=\"https:\/\/papunet.net\/saavutettavuus\/miksi-saavutettava\/avustavat-teknologiat\/kytkinohjaimet\/\" class=\"wp-block-tiptip-hyperlink-group-block\">\r\n<div class=\"wp-block-media-text alignwide\" style=\"grid-template-columns: 15% auto\">\r\n<figure class=\"wp-block-media-text__media\"><img loading=\"lazy\" decoding=\"async\" width=\"300\" height=\"300\" class=\"wp-image-430 size-full img-responsive\" src=\"https:\/\/papunet.net\/saavutettavuus\/wp-content\/uploads\/2023\/01\/avustavat_kytkinohjain.png\" alt=\"\" srcset=\"https:\/\/papunet.net\/saavutettavuus\/wp-content\/uploads\/2023\/01\/avustavat_kytkinohjain.png 300w, https:\/\/papunet.net\/saavutettavuus\/wp-content\/uploads\/2023\/01\/avustavat_kytkinohjain-150x150.png 150w\" sizes=\"auto, (max-width: 300px) 100vw, 300px\" \/><\/figure>\r\n<div class=\"wp-block-media-text__content\">\r\n<h2 class=\"wp-block-heading\">Kytkinohjaimet<\/h2>\r\n\r\n\r\n\r\n<p>Verkkopalveluiden k\u00e4ytt\u00f6 kytkinohjaimilla henkil\u00f6ille, joilla on fyysisi\u00e4 tai motorisia rajoitteita.<\/p>\r\n<\/div>\r\n<\/div>\r\n<\/a>\r\n\r\n<a href=\"https:\/\/papunet.net\/saavutettavuus\/miksi-saavutettava\/avustavat-teknologiat\/pallohiiri-suuri\/\" class=\"wp-block-tiptip-hyperlink-group-block\">\r\n<div class=\"wp-block-media-text alignwide\" style=\"grid-template-columns: 15% auto\">\r\n<figure class=\"wp-block-media-text__media\"><img loading=\"lazy\" decoding=\"async\" width=\"300\" height=\"300\" class=\"wp-image-431 size-full img-responsive\" src=\"https:\/\/papunet.net\/saavutettavuus\/wp-content\/uploads\/2023\/01\/avustavat_pallohiiri.png\" alt=\"\" srcset=\"https:\/\/papunet.net\/saavutettavuus\/wp-content\/uploads\/2023\/01\/avustavat_pallohiiri.png 300w, https:\/\/papunet.net\/saavutettavuus\/wp-content\/uploads\/2023\/01\/avustavat_pallohiiri-150x150.png 150w\" sizes=\"auto, (max-width: 300px) 100vw, 300px\" \/><\/figure>\r\n<div class=\"wp-block-media-text__content\">\r\n<h2 class=\"wp-block-heading\">Pallohiiri (suuri)<\/h2>\r\n\r\n\r\n\r\n<p>Pallohiiren hy\u00f6dynt\u00e4minen henkil\u00f6ille, joilla on fyysisi\u00e4 tai motorisia rajoitteita.<\/p>\r\n<\/div>\r\n<\/div>\r\n<\/a>\r\n\r\n<a href=\"https:\/\/papunet.net\/saavutettavuus\/miksi-saavutettava\/avustavat-teknologiat\/ruudunlukuohjelmat\/\" class=\"wp-block-tiptip-hyperlink-group-block\">\r\n<div class=\"wp-block-media-text alignwide\" style=\"grid-template-columns: 15% auto\">\r\n<figure class=\"wp-block-media-text__media\"><img loading=\"lazy\" decoding=\"async\" width=\"300\" height=\"300\" class=\"wp-image-432 size-full img-responsive\" src=\"https:\/\/papunet.net\/saavutettavuus\/wp-content\/uploads\/2023\/01\/avustavat_ruudunluku.png\" alt=\"\" srcset=\"https:\/\/papunet.net\/saavutettavuus\/wp-content\/uploads\/2023\/01\/avustavat_ruudunluku.png 300w, https:\/\/papunet.net\/saavutettavuus\/wp-content\/uploads\/2023\/01\/avustavat_ruudunluku-150x150.png 150w\" sizes=\"auto, (max-width: 300px) 100vw, 300px\" \/><\/figure>\r\n<div class=\"wp-block-media-text__content\">\r\n<h2 class=\"wp-block-heading\">Ruudunlukuohjelmat<\/h2>\r\n\r\n\r\n\r\n<p>Tietoa n\u00e4k\u00f6vammaisten k\u00e4ytt\u00e4mist\u00e4 ruudunlukuohjelmista.<\/p>\r\n<\/div>\r\n<\/div>\r\n<\/a>\r\n\r\n<a href=\"https:\/\/papunet.net\/saavutettavuus\/miksi-saavutettava\/avustavat-teknologiat\/esitystavan-muuttaminen\/\" class=\"wp-block-tiptip-hyperlink-group-block\">\r\n<div class=\"wp-block-media-text alignwide\" style=\"grid-template-columns: 15% auto\">\r\n<figure class=\"wp-block-media-text__media\"><img loading=\"lazy\" decoding=\"async\" width=\"300\" height=\"300\" class=\"wp-image-433 size-full img-responsive\" src=\"https:\/\/papunet.net\/saavutettavuus\/wp-content\/uploads\/2023\/01\/avustavat_esitystapa.png\" alt=\"\" srcset=\"https:\/\/papunet.net\/saavutettavuus\/wp-content\/uploads\/2023\/01\/avustavat_esitystapa.png 300w, https:\/\/papunet.net\/saavutettavuus\/wp-content\/uploads\/2023\/01\/avustavat_esitystapa-150x150.png 150w\" sizes=\"auto, (max-width: 300px) 100vw, 300px\" \/><\/figure>\r\n<div class=\"wp-block-media-text__content\">\r\n<h2 class=\"wp-block-heading\">Esitystavan muuttaminen<\/h2>\r\n\r\n\r\n\r\n<p>Tietoa siit\u00e4, miten ja mill\u00e4 tavalla osa k\u00e4ytt\u00e4jist\u00e4 muuttaa verkkosivujen visuaalista ilmett\u00e4 heille sopivammaksi.<\/p>\r\n<\/div>\r\n<\/div>\r\n<\/a>\r\n\r\n<a href=\"https:\/\/papunet.net\/saavutettavuus\/miksi-saavutettava\/avustavat-teknologiat\/pistenaytot\/\" class=\"wp-block-tiptip-hyperlink-group-block\">\r\n<div class=\"wp-block-media-text alignwide\" style=\"grid-template-columns: 15% auto\">\r\n<figure class=\"wp-block-media-text__media\"><img loading=\"lazy\" decoding=\"async\" width=\"300\" height=\"300\" class=\"wp-image-434 size-full img-responsive\" src=\"https:\/\/papunet.net\/saavutettavuus\/wp-content\/uploads\/2023\/01\/avustavat_pistenaytto.png\" alt=\"\" srcset=\"https:\/\/papunet.net\/saavutettavuus\/wp-content\/uploads\/2023\/01\/avustavat_pistenaytto.png 300w, https:\/\/papunet.net\/saavutettavuus\/wp-content\/uploads\/2023\/01\/avustavat_pistenaytto-150x150.png 150w\" sizes=\"auto, (max-width: 300px) 100vw, 300px\" \/><\/figure>\r\n<div class=\"wp-block-media-text__content\">\r\n<h2 class=\"wp-block-heading\">Pisten\u00e4yt\u00f6t<\/h2>\r\n\r\n\r\n\r\n<p>Tietoa n\u00e4k\u00f6vammaisten k\u00e4ytt\u00e4mist\u00e4 pisten\u00e4yt\u00f6ist\u00e4.<\/p>\r\n<\/div>\r\n<\/div>\r\n<\/a>\r\n\r\n<a href=\"https:\/\/papunet.net\/saavutettavuus\/miksi-saavutettava\/avustavat-teknologiat\/silman-liikkeilla-ohjattava-kohdistin\/\" class=\"wp-block-tiptip-hyperlink-group-block\">\r\n<div class=\"wp-block-media-text alignwide\" style=\"grid-template-columns: 15% auto\">\r\n<figure class=\"wp-block-media-text__media\"><img loading=\"lazy\" decoding=\"async\" width=\"300\" height=\"300\" class=\"wp-image-435 size-full img-responsive\" src=\"https:\/\/papunet.net\/saavutettavuus\/wp-content\/uploads\/2023\/01\/avustavat_kohdistin.png\" alt=\"\" srcset=\"https:\/\/papunet.net\/saavutettavuus\/wp-content\/uploads\/2023\/01\/avustavat_kohdistin.png 300w, https:\/\/papunet.net\/saavutettavuus\/wp-content\/uploads\/2023\/01\/avustavat_kohdistin-150x150.png 150w\" sizes=\"auto, (max-width: 300px) 100vw, 300px\" \/><\/figure>\r\n<div class=\"wp-block-media-text__content\">\r\n<h2 class=\"wp-block-heading\">Silm\u00e4n liikkeill\u00e4 ohjattava kohdistin<\/h2>\r\n\r\n\r\n\r\n<p>Tietoa siit\u00e4, miten tietokonetta voidaan ohjata silm\u00e4n liikkeill\u00e4.<\/p>\r\n<\/div>\r\n<\/div>\r\n<\/a>\n\n","protected":false},"excerpt":{"rendered":"<p>Monet vammaiset ja toimintarajoitteiset ihmiset k\u00e4ytt\u00e4v\u00e4t tietokonetta ja selaavat verkkosivuja apuv\u00e4lineiden tai avustavien teknologioiden avulla. Avustavat teknologiat saattavat esimerkiksi auttaa sokeaa henkil\u00f6\u00e4 kuulemaan n\u00e4yt\u00f6ll\u00e4 n\u00e4kyv\u00e4n tekstin puheena tai neliraajahalvaantunutta selaamaan verkkosivuja ilman hiirt\u00e4. Heikosti n\u00e4kev\u00e4 ihminen [&hellip;]<span class=\"moretag\">Lue lis\u00e4\u00e4&#8230;<\/span><\/p>\n","protected":false},"author":10,"featured_media":93,"parent":9,"menu_order":5,"comment_status":"closed","ping_status":"closed","template":"","meta":{"_acf_changed":false,"footnotes":""},"class_list":["post-92","page","type-page","status-publish","has-post-thumbnail","hentry"],"acf":[],"_links":{"self":[{"href":"https:\/\/papunet.net\/saavutettavuus\/wp-json\/wp\/v2\/pages\/92","targetHints":{"allow":["GET"]}}],"collection":[{"href":"https:\/\/papunet.net\/saavutettavuus\/wp-json\/wp\/v2\/pages"}],"about":[{"href":"https:\/\/papunet.net\/saavutettavuus\/wp-json\/wp\/v2\/types\/page"}],"author":[{"embeddable":true,"href":"https:\/\/papunet.net\/saavutettavuus\/wp-json\/wp\/v2\/users\/10"}],"replies":[{"embeddable":true,"href":"https:\/\/papunet.net\/saavutettavuus\/wp-json\/wp\/v2\/comments?post=92"}],"version-history":[{"count":0,"href":"https:\/\/papunet.net\/saavutettavuus\/wp-json\/wp\/v2\/pages\/92\/revisions"}],"up":[{"embeddable":true,"href":"https:\/\/papunet.net\/saavutettavuus\/wp-json\/wp\/v2\/pages\/9"}],"wp:featuredmedia":[{"embeddable":true,"href":"https:\/\/papunet.net\/saavutettavuus\/wp-json\/wp\/v2\/media\/93"}],"wp:attachment":[{"href":"https:\/\/papunet.net\/saavutettavuus\/wp-json\/wp\/v2\/media?parent=92"}],"curies":[{"name":"wp","href":"https:\/\/api.w.org\/{rel}","templated":true}]}}