{"id":94,"date":"2022-10-26T11:24:21","date_gmt":"2022-10-26T08:24:21","guid":{"rendered":"https:\/\/papunet.net\/saavutettavuus\/?page_id=94"},"modified":"2023-02-01T12:52:06","modified_gmt":"2023-02-01T10:52:06","slug":"nappaimistoselaaminen","status":"publish","type":"page","link":"https:\/\/papunet.net\/saavutettavuus\/miksi-saavutettava\/avustavat-teknologiat\/nappaimistoselaaminen\/","title":{"rendered":"N\u00e4pp\u00e4imist\u00f6selaaminen"},"content":{"rendered":"\n<p>Monet selaavat verkkoa pelk\u00e4ll\u00e4 n\u00e4pp\u00e4imist\u00f6ll\u00e4. Hiiren k\u00e4ytt\u00f6 on vaikeaa esimerkiksi n\u00e4k\u00f6vammaisille ja ihmisille, joiden k\u00e4sien toiminta on rajoittunutta.<\/p>\n<p>N\u00e4pp\u00e4imist\u00f6k\u00e4ytt\u00e4j\u00e4t selaavat verkkoa tyypillisesti k\u00e4ytt\u00e4en sarkainta (tab), Enter-painiketta sek\u00e4 nuolin\u00e4pp\u00e4imi\u00e4 (alas ja yl\u00f6s).<\/p>\n<ul>\n<li>Sarkaimella (tab) voi selata verkkosivulla olevia toiminnallisia kohteita. Sarkainta painettaessa selaimen kohdistin siirtyy seuraavaan linkkiin, painikkeeseen tai lomake-elementtiin.<\/li>\n<li>Enter-painikkeella voidaan suorittaa toimintoja eli se toimii yleens\u00e4 samaan tapaan kuin hiiren vasemman painikkeen klikkaus.<\/li>\n<li>Nuolin\u00e4pp\u00e4imill\u00e4 voidaan vieritt\u00e4\u00e4 sivun\u00e4kym\u00e4\u00e4 alas ja yl\u00f6s.<\/li>\n<\/ul>\n\n","protected":false},"excerpt":{"rendered":"<p>Monet selaavat verkkoa pelk\u00e4ll\u00e4 n\u00e4pp\u00e4imist\u00f6ll\u00e4. Hiiren k\u00e4ytt\u00f6 on vaikeaa esimerkiksi n\u00e4k\u00f6vammaisille ja ihmisille, joiden k\u00e4sien toiminta on rajoittunutta. N\u00e4pp\u00e4imist\u00f6k\u00e4ytt\u00e4j\u00e4t selaavat verkkoa tyypillisesti k\u00e4ytt\u00e4en sarkainta (tab), Enter-painiketta sek\u00e4 nuolin\u00e4pp\u00e4imi\u00e4 (alas ja yl\u00f6s). Sarkaimella (tab) voi selata verkkosivulla [&hellip;]<span class=\"moretag\">Lue lis\u00e4\u00e4&#8230;<\/span><\/p>\n","protected":false},"author":10,"featured_media":0,"parent":92,"menu_order":1,"comment_status":"closed","ping_status":"closed","template":"","meta":{"_acf_changed":false,"footnotes":""},"class_list":["post-94","page","type-page","status-publish","hentry"],"acf":[],"_links":{"self":[{"href":"https:\/\/papunet.net\/saavutettavuus\/wp-json\/wp\/v2\/pages\/94","targetHints":{"allow":["GET"]}}],"collection":[{"href":"https:\/\/papunet.net\/saavutettavuus\/wp-json\/wp\/v2\/pages"}],"about":[{"href":"https:\/\/papunet.net\/saavutettavuus\/wp-json\/wp\/v2\/types\/page"}],"author":[{"embeddable":true,"href":"https:\/\/papunet.net\/saavutettavuus\/wp-json\/wp\/v2\/users\/10"}],"replies":[{"embeddable":true,"href":"https:\/\/papunet.net\/saavutettavuus\/wp-json\/wp\/v2\/comments?post=94"}],"version-history":[{"count":0,"href":"https:\/\/papunet.net\/saavutettavuus\/wp-json\/wp\/v2\/pages\/94\/revisions"}],"up":[{"embeddable":true,"href":"https:\/\/papunet.net\/saavutettavuus\/wp-json\/wp\/v2\/pages\/92"}],"wp:attachment":[{"href":"https:\/\/papunet.net\/saavutettavuus\/wp-json\/wp\/v2\/media?parent=94"}],"curies":[{"name":"wp","href":"https:\/\/api.w.org\/{rel}","templated":true}]}}