{"id":95,"date":"2022-10-26T11:30:22","date_gmt":"2022-10-26T08:30:22","guid":{"rendered":"https:\/\/papunet.net\/saavutettavuus\/?page_id=95"},"modified":"2024-02-16T10:24:47","modified_gmt":"2024-02-16T08:24:47","slug":"kytkinohjaimet","status":"publish","type":"page","link":"https:\/\/papunet.net\/saavutettavuus\/miksi-saavutettava\/avustavat-teknologiat\/kytkinohjaimet\/","title":{"rendered":"Kytkinohjaimet"},"content":{"rendered":"\n<p>Verkon selaaminen kytkinohjaimella muistuttaa verkon selaamista n\u00e4pp\u00e4imist\u00f6ll\u00e4. Kytkinohjaimet on suunniteltu siten, ett\u00e4 niihin voi ohjelmoida vain v\u00e4ltt\u00e4m\u00e4tt\u00f6m\u00e4t n\u00e4pp\u00e4intoiminnot. Painikkeista on tyypillisesti tehty riitt\u00e4v\u00e4n suuria ja helposti painettavia.<\/p>\r\n\r\n\r\n\r\n<p>Painikkeet voidaan sijoittaa sinne, mist\u00e4 niit\u00e4 on mahdollista tai helpointa k\u00e4ytt\u00e4\u00e4, esimerkiksi p\u00e4\u00e4n sivulle tai jalkojen alle.<\/p>\r\n\r\n\r\n\r\n<p><a href=\"https:\/\/papunet.net\/apuvalineiden-helppokayttoisyys-ja-ohjaintavat\/\">Lis\u00e4tietoa kytkinohjauksesta Papunetin Tietoa-sivuilla<\/a><\/p>\r\n\r\n\r\n\r\n<figure class=\"wp-block-image alignnone size-full size-medium wp-image-96\"><img loading=\"lazy\" decoding=\"async\" width=\"460\" height=\"249\" class=\"wp-image-96 img-responsive\" src=\"https:\/\/papunet.net\/saavutettavuus\/wp-content\/uploads\/2022\/10\/kytkinohjaimet.jpg\" alt=\"Kuvassa on erilaisia kytkinohjaimia.\" srcset=\"https:\/\/papunet.net\/saavutettavuus\/wp-content\/uploads\/2022\/10\/kytkinohjaimet.jpg 460w, https:\/\/papunet.net\/saavutettavuus\/wp-content\/uploads\/2022\/10\/kytkinohjaimet-300x162.jpg 300w\" sizes=\"auto, (max-width: 460px) 100vw, 460px\" \/>\r\n<figcaption class=\"wp-element-caption\"><em>Kuvassa on erilaisia painikkeita. Kuva: Papunet<\/em><\/figcaption>\r\n<\/figure>\r\n\n","protected":false},"excerpt":{"rendered":"<p>Verkon selaaminen kytkinohjaimella muistuttaa verkon selaamista n\u00e4pp\u00e4imist\u00f6ll\u00e4. Kytkinohjaimet on suunniteltu siten, ett\u00e4 niihin voi ohjelmoida vain v\u00e4ltt\u00e4m\u00e4tt\u00f6m\u00e4t n\u00e4pp\u00e4intoiminnot. Painikkeista on tyypillisesti tehty riitt\u00e4v\u00e4n suuria ja helposti painettavia. Painikkeet voidaan sijoittaa sinne, mist\u00e4 niit\u00e4 on mahdollista tai [&hellip;]<span class=\"moretag\">Lue lis\u00e4\u00e4&#8230;<\/span><\/p>\n","protected":false},"author":10,"featured_media":0,"parent":92,"menu_order":2,"comment_status":"closed","ping_status":"closed","template":"","meta":{"_acf_changed":false,"footnotes":""},"class_list":["post-95","page","type-page","status-publish","hentry"],"acf":[],"_links":{"self":[{"href":"https:\/\/papunet.net\/saavutettavuus\/wp-json\/wp\/v2\/pages\/95","targetHints":{"allow":["GET"]}}],"collection":[{"href":"https:\/\/papunet.net\/saavutettavuus\/wp-json\/wp\/v2\/pages"}],"about":[{"href":"https:\/\/papunet.net\/saavutettavuus\/wp-json\/wp\/v2\/types\/page"}],"author":[{"embeddable":true,"href":"https:\/\/papunet.net\/saavutettavuus\/wp-json\/wp\/v2\/users\/10"}],"replies":[{"embeddable":true,"href":"https:\/\/papunet.net\/saavutettavuus\/wp-json\/wp\/v2\/comments?post=95"}],"version-history":[{"count":0,"href":"https:\/\/papunet.net\/saavutettavuus\/wp-json\/wp\/v2\/pages\/95\/revisions"}],"up":[{"embeddable":true,"href":"https:\/\/papunet.net\/saavutettavuus\/wp-json\/wp\/v2\/pages\/92"}],"wp:attachment":[{"href":"https:\/\/papunet.net\/saavutettavuus\/wp-json\/wp\/v2\/media?parent=95"}],"curies":[{"name":"wp","href":"https:\/\/api.w.org\/{rel}","templated":true}]}}