{"id":97,"date":"2022-10-26T12:30:51","date_gmt":"2022-10-26T09:30:51","guid":{"rendered":"https:\/\/papunet.net\/saavutettavuus\/?page_id=97"},"modified":"2023-02-21T09:26:45","modified_gmt":"2023-02-21T07:26:45","slug":"pallohiiri-suuri","status":"publish","type":"page","link":"https:\/\/papunet.net\/saavutettavuus\/miksi-saavutettava\/avustavat-teknologiat\/pallohiiri-suuri\/","title":{"rendered":"Pallohiiri (suuri)"},"content":{"rendered":"\n<p>Ihmiset, joilla on vapinaa k\u00e4siss\u00e4\u00e4n tai k\u00e4sien pakkoliikkeit\u00e4, saattavat kokea tavallisen hiiren k\u00e4yt\u00f6n hyvin hankalaksi. Pallohiiri voi olla monien k\u00e4ytt\u00e4jien mielest\u00e4 helpompi ja miellytt\u00e4v\u00e4mpi v\u00e4line k\u00e4ytt\u00e4\u00e4 tietokonetta.<\/p>\n\n\n\n<p>Joidenkin k\u00e4ytt\u00e4jien saattaa olla mahdollista liikuttaa k\u00e4si\u00e4\u00e4n tai sormiaan vain v\u00e4h\u00e4n. T\u00e4llaisessa tilanteessa pallohiirt\u00e4 voidaan k\u00e4ytt\u00e4\u00e4 yhdess\u00e4 jonkin toisen apuv\u00e4lineen, kuten kytkinohjaimen, kanssa. Kytkinohjainta k\u00e4ytet\u00e4\u00e4n verkkosivun selaamiseen. Pallohiirell\u00e4 taas voidaan kirjoittaa teksti\u00e4 n\u00e4yt\u00f6lle ilmestyv\u00e4n n\u00e4pp\u00e4imist\u00f6n avulla.<\/p>\n\n\n\n<figure class=\"wp-block-image alignnone size-full wp-image-98 size-medium\"><img loading=\"lazy\" decoding=\"async\" width=\"460\" height=\"249\" src=\"https:\/\/papunet.net\/saavutettavuus\/wp-content\/uploads\/2022\/10\/pallohiiret.jpg\" alt=\"Kuvassa erilaisia pallohiiri\u00e4.\" class=\"wp-image-98 img-responsive\" srcset=\"https:\/\/papunet.net\/saavutettavuus\/wp-content\/uploads\/2022\/10\/pallohiiret.jpg 460w, https:\/\/papunet.net\/saavutettavuus\/wp-content\/uploads\/2022\/10\/pallohiiret-300x162.jpg 300w\" sizes=\"auto, (max-width: 460px) 100vw, 460px\" \/><figcaption class=\"wp-element-caption\"><em>Erilaisia pallohiiri\u00e4. Kuva: Papunet<\/em><\/figcaption><\/figure>\n\n","protected":false},"excerpt":{"rendered":"<p>Ihmiset, joilla on vapinaa k\u00e4siss\u00e4\u00e4n tai k\u00e4sien pakkoliikkeit\u00e4, saattavat kokea tavallisen hiiren k\u00e4yt\u00f6n hyvin hankalaksi. Pallohiiri voi olla monien k\u00e4ytt\u00e4jien mielest\u00e4 helpompi ja miellytt\u00e4v\u00e4mpi v\u00e4line k\u00e4ytt\u00e4\u00e4 tietokonetta. Joidenkin k\u00e4ytt\u00e4jien saattaa olla mahdollista liikuttaa k\u00e4si\u00e4\u00e4n tai sormiaan [&hellip;]<span class=\"moretag\">Lue lis\u00e4\u00e4&#8230;<\/span><\/p>\n","protected":false},"author":10,"featured_media":0,"parent":92,"menu_order":3,"comment_status":"closed","ping_status":"closed","template":"","meta":{"_acf_changed":false,"footnotes":""},"class_list":["post-97","page","type-page","status-publish","hentry"],"acf":[],"_links":{"self":[{"href":"https:\/\/papunet.net\/saavutettavuus\/wp-json\/wp\/v2\/pages\/97","targetHints":{"allow":["GET"]}}],"collection":[{"href":"https:\/\/papunet.net\/saavutettavuus\/wp-json\/wp\/v2\/pages"}],"about":[{"href":"https:\/\/papunet.net\/saavutettavuus\/wp-json\/wp\/v2\/types\/page"}],"author":[{"embeddable":true,"href":"https:\/\/papunet.net\/saavutettavuus\/wp-json\/wp\/v2\/users\/10"}],"replies":[{"embeddable":true,"href":"https:\/\/papunet.net\/saavutettavuus\/wp-json\/wp\/v2\/comments?post=97"}],"version-history":[{"count":0,"href":"https:\/\/papunet.net\/saavutettavuus\/wp-json\/wp\/v2\/pages\/97\/revisions"}],"up":[{"embeddable":true,"href":"https:\/\/papunet.net\/saavutettavuus\/wp-json\/wp\/v2\/pages\/92"}],"wp:attachment":[{"href":"https:\/\/papunet.net\/saavutettavuus\/wp-json\/wp\/v2\/media?parent=97"}],"curies":[{"name":"wp","href":"https:\/\/api.w.org\/{rel}","templated":true}]}}