{"id":3078,"date":"2024-06-07T21:42:01","date_gmt":"2024-06-07T18:42:01","guid":{"rendered":"https:\/\/papunet.net\/spelsidor\/?page_id=3078"},"modified":"2024-10-16T08:25:11","modified_gmt":"2024-10-16T05:25:11","slug":"information-om-spelsidorna","status":"publish","type":"page","link":"https:\/\/papunet.net\/spelsidor\/information-om-spelsidorna\/","title":{"rendered":"Information om spelsidorna"},"content":{"rendered":"<p>P\u00e5 spelsidorna finns tidsf\u00f6rdriv f\u00f6r alla \u00e5ldrar. Sidorna \u00e4r l\u00e4tta att anv\u00e4nda. St\u00f6rsta delen av spelsidornas inneh\u00e5ll fungerar med mellanslags- och entertangenterna eller med motsvarande man\u00f6verkontakter.<\/p>\n<p>P\u00e5 sidorna finns<\/p>\n<ul>\n<li>spel<\/li>\n<li>uppgifter<\/li>\n<li>l\u00e4ttl\u00e4sta b\u00f6cker.<\/li>\n<\/ul>\n<p>Spelen kan anv\u00e4ndas som hj\u00e4lpmedel vid in\u00f6vning av samspel och kommunikation samt alternativa och kompletterande kommunikationsmetoder (AKK): bilder, bliss symboler eller tecken. Man kan lyssna p\u00e5 texter i l\u00e4ttl\u00e4sta ber\u00e4ttelser.<\/p>\n<p>Man\u00f6verkontakter eller andra brytare kan anslutas till datorn med en adapter. Om spelprogrammet inte reagerar p\u00e5 mellanslags- eller entertangenten, kan man klicka p\u00e5 musen i spelf\u00f6nstret.<\/p>\n<h2>Spelens tekniska egenskaper<\/h2>\n<p>F\u00f6r att garantera att spelsidorna fungerar, rekommenderar vi att du anv\u00e4nder de nyaste versionerna av webbl\u00e4sarna. Spelen fungerar \u00e5tminstone i f\u00f6ljande kostnadsfria webbl\u00e4sare: Mozilla Firefox , Microsoft Edge, Google Chrome och Apple Safari.<\/p>\n<p>Alla spel fungerar i pekdator.<\/p>\n<h2>Spelsidans material<\/h2>\n<p>Spelsidornas upphovsr\u00e4tter \u00e4r skyddade. Man f\u00e5r inte ens delvis kopiera bild- och ljudmaterialet eller anv\u00e4nda det f\u00f6r kommersiella \u00e4ndam\u00e5l. F\u00f6ljande bildbankers material anv\u00e4nds med tillst\u00e5nd:<\/p>\n<p><a href=\"http:\/\/www.arasaac.org\/index.php\">ARASAAC Symbols<\/a><\/p>\n<p><a href=\"https:\/\/mulberrysymbols.org\/\">Mulberry Symbols <\/a><\/p>\n<p><a href=\"https:\/\/www.sclera.be\/en\/vzw\/home\">Sclera Symbols<\/a><\/p>\n<h2>Ge respons om spelsidorna<\/h2>\n<p>Du kans ge respons <a href=\"https:\/\/papunet.net\/spelsidor\/ge-respons\/\">p\u00e5 den h\u00e4r sidan<\/a> eller skicka e-post till <a href=\"mailto:papunet@kvl.fi\">papunet@kvl.fi<\/a>.<\/p>\n","protected":false},"excerpt":{"rendered":"<p>P\u00e5 spelsidorna finns tidsf\u00f6rdriv f\u00f6r alla \u00e5ldrar. Sidorna \u00e4r l\u00e4tta att anv\u00e4nda. St\u00f6rsta delen av spelsidornas inneh\u00e5ll fungerar med mellanslags- och entertangenterna eller med motsvarande man\u00f6verkontakter. P\u00e5 sidorna finns spel uppgifter l\u00e4ttl\u00e4sta b\u00f6cker. Spelen kan anv\u00e4ndas som hj\u00e4lpmedel vid in\u00f6vning av samspel och kommunikation samt alternativa och kompletterande kommunikationsmetoder (AKK): bilder, bliss symboler eller tecken. [&hellip;]<\/p>\n","protected":false},"author":14,"featured_media":0,"parent":0,"menu_order":1,"comment_status":"closed","ping_status":"closed","template":"","meta":{"_acf_changed":false,"_relevanssi_hide_post":"","_relevanssi_pin_for_all":"","_relevanssi_pin_keywords":"","_relevanssi_unpin_keywords":"","_relevanssi_related_keywords":"","_relevanssi_related_include_ids":"","_relevanssi_related_exclude_ids":"","_relevanssi_related_no_append":"","_relevanssi_related_not_related":"","_relevanssi_related_posts":"","_relevanssi_noindex_reason":"","footnotes":""},"class_list":["post-3078","page","type-page","status-publish","hentry"],"yoast_head":"<!-- This site is optimized with the Yoast SEO plugin v22.7 - https:\/\/yoast.com\/wordpress\/plugins\/seo\/ -->\n<title>Papunet &raquo; Spelsidor &raquo; Information om spelsidorna - Spelsidor<\/title>\n<meta name=\"robots\" content=\"index, follow, max-snippet:-1, max-image-preview:large, max-video-preview:-1\" \/>\n<link rel=\"canonical\" href=\"https:\/\/papunet.net\/spelsidor\/information-om-spelsidorna\/\" \/>\n<meta property=\"og:locale\" content=\"sv_SE\" \/>\n<meta property=\"og:type\" content=\"article\" \/>\n<meta property=\"og:title\" content=\"Papunet &raquo; Spelsidor &raquo; Information om spelsidorna - Spelsidor\" \/>\n<meta property=\"og:description\" content=\"P\u00e5 spelsidorna finns tidsf\u00f6rdriv f\u00f6r alla \u00e5ldrar. Sidorna \u00e4r l\u00e4tta att anv\u00e4nda. St\u00f6rsta delen av spelsidornas inneh\u00e5ll fungerar med mellanslags- och entertangenterna eller med motsvarande man\u00f6verkontakter. P\u00e5 sidorna finns spel uppgifter l\u00e4ttl\u00e4sta b\u00f6cker. Spelen kan anv\u00e4ndas som hj\u00e4lpmedel vid in\u00f6vning av samspel och kommunikation samt alternativa och kompletterande kommunikationsmetoder (AKK): bilder, bliss symboler eller tecken. [&hellip;]\" \/>\n<meta property=\"og:url\" content=\"https:\/\/papunet.net\/spelsidor\/information-om-spelsidorna\/\" \/>\n<meta property=\"og:site_name\" content=\"Spelsidor\" \/>\n<meta property=\"article:modified_time\" content=\"2024-10-16T05:25:11+00:00\" \/>\n<meta name=\"twitter:card\" content=\"summary_large_image\" \/>\n<meta name=\"twitter:label1\" content=\"Ber\u00e4knad l\u00e4stid\" \/>\n\t<meta name=\"twitter:data1\" content=\"1 minut\" \/>\n<script type=\"application\/ld+json\" class=\"yoast-schema-graph\">{\"@context\":\"https:\/\/schema.org\",\"@graph\":[{\"@type\":\"WebPage\",\"@id\":\"https:\/\/papunet.net\/spelsidor\/information-om-spelsidorna\/\",\"url\":\"https:\/\/papunet.net\/spelsidor\/information-om-spelsidorna\/\",\"name\":\"Information om spelsidorna - Spelsidor\",\"isPartOf\":{\"@id\":\"https:\/\/papunet.net\/spelsidor\/#website\"},\"datePublished\":\"2024-06-07T18:42:01+00:00\",\"dateModified\":\"2024-10-16T05:25:11+00:00\",\"breadcrumb\":{\"@id\":\"https:\/\/papunet.net\/spelsidor\/information-om-spelsidorna\/#breadcrumb\"},\"inLanguage\":\"sv-SE\",\"potentialAction\":[{\"@type\":\"ReadAction\",\"target\":[\"https:\/\/papunet.net\/spelsidor\/information-om-spelsidorna\/\"]}]},{\"@type\":\"WebSite\",\"@id\":\"https:\/\/papunet.net\/spelsidor\/#website\",\"url\":\"https:\/\/papunet.net\/spelsidor\/\",\"name\":\"Spelsidor\",\"description\":\"\",\"potentialAction\":[{\"@type\":\"SearchAction\",\"target\":{\"@type\":\"EntryPoint\",\"urlTemplate\":\"https:\/\/papunet.net\/spelsidor\/?s={search_term_string}\"},\"query-input\":\"required name=search_term_string\"}],\"inLanguage\":\"sv-SE\"}]}<\/script>\n<!-- \/ Yoast SEO plugin. -->","yoast_head_json":{"title":"Papunet &raquo; Spelsidor &raquo; Information om spelsidorna - Spelsidor","robots":{"index":"index","follow":"follow","max-snippet":"max-snippet:-1","max-image-preview":"max-image-preview:large","max-video-preview":"max-video-preview:-1"},"canonical":"https:\/\/papunet.net\/spelsidor\/information-om-spelsidorna\/","og_locale":"sv_SE","og_type":"article","og_title":"Papunet &raquo; Spelsidor &raquo; Information om spelsidorna - Spelsidor","og_description":"P\u00e5 spelsidorna finns tidsf\u00f6rdriv f\u00f6r alla \u00e5ldrar. Sidorna \u00e4r l\u00e4tta att anv\u00e4nda. St\u00f6rsta delen av spelsidornas inneh\u00e5ll fungerar med mellanslags- och entertangenterna eller med motsvarande man\u00f6verkontakter. P\u00e5 sidorna finns spel uppgifter l\u00e4ttl\u00e4sta b\u00f6cker. Spelen kan anv\u00e4ndas som hj\u00e4lpmedel vid in\u00f6vning av samspel och kommunikation samt alternativa och kompletterande kommunikationsmetoder (AKK): bilder, bliss symboler eller tecken. [&hellip;]","og_url":"https:\/\/papunet.net\/spelsidor\/information-om-spelsidorna\/","og_site_name":"Spelsidor","article_modified_time":"2024-10-16T05:25:11+00:00","twitter_card":"summary_large_image","twitter_misc":{"Ber\u00e4knad l\u00e4stid":"1 minut"},"schema":{"@context":"https:\/\/schema.org","@graph":[{"@type":"WebPage","@id":"https:\/\/papunet.net\/spelsidor\/information-om-spelsidorna\/","url":"https:\/\/papunet.net\/spelsidor\/information-om-spelsidorna\/","name":"Information om spelsidorna - Spelsidor","isPartOf":{"@id":"https:\/\/papunet.net\/spelsidor\/#website"},"datePublished":"2024-06-07T18:42:01+00:00","dateModified":"2024-10-16T05:25:11+00:00","breadcrumb":{"@id":"https:\/\/papunet.net\/spelsidor\/information-om-spelsidorna\/#breadcrumb"},"inLanguage":"sv-SE","potentialAction":[{"@type":"ReadAction","target":["https:\/\/papunet.net\/spelsidor\/information-om-spelsidorna\/"]}]},{"@type":"WebSite","@id":"https:\/\/papunet.net\/spelsidor\/#website","url":"https:\/\/papunet.net\/spelsidor\/","name":"Spelsidor","description":"","potentialAction":[{"@type":"SearchAction","target":{"@type":"EntryPoint","urlTemplate":"https:\/\/papunet.net\/spelsidor\/?s={search_term_string}"},"query-input":"required name=search_term_string"}],"inLanguage":"sv-SE"}]}},"acf":[],"_links":{"self":[{"href":"https:\/\/papunet.net\/spelsidor\/wp-json\/wp\/v2\/pages\/3078","targetHints":{"allow":["GET"]}}],"collection":[{"href":"https:\/\/papunet.net\/spelsidor\/wp-json\/wp\/v2\/pages"}],"about":[{"href":"https:\/\/papunet.net\/spelsidor\/wp-json\/wp\/v2\/types\/page"}],"author":[{"embeddable":true,"href":"https:\/\/papunet.net\/spelsidor\/wp-json\/wp\/v2\/users\/14"}],"replies":[{"embeddable":true,"href":"https:\/\/papunet.net\/spelsidor\/wp-json\/wp\/v2\/comments?post=3078"}],"version-history":[{"count":10,"href":"https:\/\/papunet.net\/spelsidor\/wp-json\/wp\/v2\/pages\/3078\/revisions"}],"predecessor-version":[{"id":3124,"href":"https:\/\/papunet.net\/spelsidor\/wp-json\/wp\/v2\/pages\/3078\/revisions\/3124"}],"wp:attachment":[{"href":"https:\/\/papunet.net\/spelsidor\/wp-json\/wp\/v2\/media?parent=3078"}],"curies":[{"name":"wp","href":"https:\/\/api.w.org\/{rel}","templated":true}]}}