{"id":3109,"date":"2024-06-28T16:08:29","date_gmt":"2024-06-28T13:08:29","guid":{"rendered":"https:\/\/papunet.net\/spelsidor\/?page_id=3109"},"modified":"2025-01-07T14:56:43","modified_gmt":"2025-01-07T12:56:43","slug":"tillganglighetsutlatande","status":"publish","type":"page","link":"https:\/\/papunet.net\/spelsidor\/tillganglighetsutlatande\/","title":{"rendered":"Tillg\u00e4nglighetsutl\u00e5tande"},"content":{"rendered":"<p>Detta tillg\u00e4nglighetsutl\u00e5tande g\u00e4ller webbplatsen www.papunet.net\/spelsidor och har uppr\u00e4ttats 23.10.2024. Webbplatsen omfattas av lagen om tillhandah\u00e5llande av digitala tj\u00e4nster och dess krav p\u00e5 att offentliga webbplatser m\u00e5ste vara tillg\u00e4ngliga. Vi har sj\u00e4lva granskat hur tillg\u00e4nglig tj\u00e4nsten \u00e4r.<\/p>\n<h2>Tillg\u00e4nglighetsstatus f\u00f6r den digitala tj\u00e4nsten<\/h2>\n<p>Uppfyller delvis tillg\u00e4nglighetskraven.<\/p>\n<h2>Icke-tillg\u00e4ngligt inneh\u00e5ll<\/h2>\n<p>Webbplatsen uppfyller \u00e4nnu inte alla krav.<\/p>\n<p>Papunets spelsidor inneh\u00e5ller spel, uppgifter och ber\u00e4ttelser med tillg\u00e4nglighetsbrister. I spelen, uppgifterna och ber\u00e4ttelserna saknas till exempel korrekt m\u00e4rkta textalternativ och rubrikniv\u00e5er, textinneh\u00e5ll presenteras som bilder, alla funktioner kan inte anv\u00e4ndas med tangentbord och allt inneh\u00e5ll \u00e4r inte responsivt.<\/p>\n<p>Exempel p\u00e5 tillg\u00e4nglighetskrav som inte uppfylls<\/p>\n<ul>\n<li>1.1.1 Inneh\u00e5ll som inte \u00e4r text<\/li>\n<li>1.3.1 Information och relationer<\/li>\n<li>1.3.2. Meningsfull ordning<\/li>\n<li>1.4.3 Kontrast<\/li>\n<li>1.4.5 Text i form av bild<\/li>\n<li>1.4.10 Skapa en flexibel layout som fungerar vid f\u00f6rstoring eller liten sk\u00e4rm<\/li>\n<li>2.1.1 Tangentbord<\/li>\n<li>2.1.2 Ingen tangentbordsf\u00e4lla<\/li>\n<li>2.4.7 Synligt fokus<\/li>\n<li>4.1.2 Namn, roll, v\u00e4rde<\/li>\n<\/ul>\n<p>Alla v\u00e5ra spel \u00e4r inte \u00e4nnu helt tillg\u00e4ngliga men vi g\u00f6r v\u00e5rt b\u00e4sta f\u00f6r att s\u00e4kerst\u00e4lla att nuvarande och framtida spel \u00e4r s\u00e5 tillg\u00e4ngliga som m\u00f6jligt f\u00f6r alla anv\u00e4ndare.<\/p>\n<h2>Tillg\u00e4nglighetsrespons<\/h2>\n<p>Uppt\u00e4ckte du en tillg\u00e4nglighetsbrist i v\u00e5r digitala tj\u00e4nst? Beskriv den f\u00f6r oss och vi g\u00f6r v\u00e5rt b\u00e4sta f\u00f6r att \u00e5tg\u00e4rda den.<\/p>\n<p>Beskriv <span data-olk-copy-source=\"MessageBody\">eventuella tillg\u00e4nglighetsbrister<\/span> via <a href=\"https:\/\/papunet.net\/spelsidor\/ge-respons\/\">detta webbformul\u00e4r<\/a> eller per e-post till <a href=\"mailto:papunet@kvl.fi\">papunet@kvl.fi<\/a>.<\/p>\n<h2>Tillsynsmyndigheten<\/h2>\n<p>Kontakta oss om du vill p\u00e5tala brister i tillg\u00e4ngligheten p\u00e5 v\u00e5r webbplats. Det kan ta 14 dagar innan du f\u00e5r ett svar. Om du inte \u00e4r n\u00f6jd med det svar du har f\u00e5tt eller inte f\u00e5r n\u00e5got svar alls inom tv\u00e5 veckor kan du l\u00e4mna in en anm\u00e4lan om bristande tillg\u00e4nglighet till <a href=\"https:\/\/www.saavutettavuusvaatimukset.fi\/sv\/dina-rattigheter\/lamna-en-tillganglighetsklagan-eller-be-om-en-utredning\">Transport- och kommunikationsverket Traficom<\/a>. P\u00e5 webbplats finns det beskrivet hur du kan l\u00e4mna in en anm\u00e4lan och hur \u00e4rendet behandlas.<\/p>\n<h3>Tillsynsmyndighetens kontaktuppgifter<\/h3>\n<p>Transport- och kommunikationsverket Traficom<br \/>\nEnheten f\u00f6r tillsyn \u00f6ver digital tillg\u00e4nglighet<br \/>\n<a href=\"http:\/\/www.tillganglighetskrav.fi\">www.tillganglighetskrav.fi<\/a><br \/>\n<a href=\"mailto:tillganglighet@traficom.fi\">tillganglighet@traficom.fi<\/a><br \/>\ntelefonnummer v\u00e4xeln 029 534 5000<\/p>\n","protected":false},"excerpt":{"rendered":"<p>Detta tillg\u00e4nglighetsutl\u00e5tande g\u00e4ller webbplatsen www.papunet.net\/spelsidor och har uppr\u00e4ttats 23.10.2024. Webbplatsen omfattas av lagen om tillhandah\u00e5llande av digitala tj\u00e4nster och dess krav p\u00e5 att offentliga webbplatser m\u00e5ste vara tillg\u00e4ngliga. Vi har sj\u00e4lva granskat hur tillg\u00e4nglig tj\u00e4nsten \u00e4r. Tillg\u00e4nglighetsstatus f\u00f6r den digitala tj\u00e4nsten Uppfyller delvis tillg\u00e4nglighetskraven. Icke-tillg\u00e4ngligt inneh\u00e5ll Webbplatsen uppfyller \u00e4nnu inte alla krav. Papunets spelsidor inneh\u00e5ller [&hellip;]<\/p>\n","protected":false},"author":14,"featured_media":0,"parent":0,"menu_order":0,"comment_status":"closed","ping_status":"closed","template":"","meta":{"_acf_changed":false,"_relevanssi_hide_post":"","_relevanssi_pin_for_all":"","_relevanssi_pin_keywords":"","_relevanssi_unpin_keywords":"","_relevanssi_related_keywords":"","_relevanssi_related_include_ids":"","_relevanssi_related_exclude_ids":"","_relevanssi_related_no_append":"","_relevanssi_related_not_related":"","_relevanssi_related_posts":"","_relevanssi_noindex_reason":"","footnotes":""},"class_list":["post-3109","page","type-page","status-publish","hentry"],"yoast_head":"<!-- This site is optimized with the Yoast SEO plugin v22.7 - https:\/\/yoast.com\/wordpress\/plugins\/seo\/ -->\n<title>Papunet &raquo; Spelsidor &raquo; Tillg\u00e4nglighetsutl\u00e5tande - Spelsidor<\/title>\n<meta name=\"robots\" content=\"index, follow, max-snippet:-1, max-image-preview:large, max-video-preview:-1\" \/>\n<link rel=\"canonical\" href=\"https:\/\/papunet.net\/spelsidor\/tillganglighetsutlatande\/\" \/>\n<meta property=\"og:locale\" content=\"sv_SE\" \/>\n<meta property=\"og:type\" content=\"article\" \/>\n<meta property=\"og:title\" content=\"Papunet &raquo; Spelsidor &raquo; Tillg\u00e4nglighetsutl\u00e5tande - Spelsidor\" \/>\n<meta property=\"og:description\" content=\"Detta tillg\u00e4nglighetsutl\u00e5tande g\u00e4ller webbplatsen www.papunet.net\/spelsidor och har uppr\u00e4ttats 23.10.2024. Webbplatsen omfattas av lagen om tillhandah\u00e5llande av digitala tj\u00e4nster och dess krav p\u00e5 att offentliga webbplatser m\u00e5ste vara tillg\u00e4ngliga. Vi har sj\u00e4lva granskat hur tillg\u00e4nglig tj\u00e4nsten \u00e4r. Tillg\u00e4nglighetsstatus f\u00f6r den digitala tj\u00e4nsten Uppfyller delvis tillg\u00e4nglighetskraven. Icke-tillg\u00e4ngligt inneh\u00e5ll Webbplatsen uppfyller \u00e4nnu inte alla krav. Papunets spelsidor inneh\u00e5ller [&hellip;]\" \/>\n<meta property=\"og:url\" content=\"https:\/\/papunet.net\/spelsidor\/tillganglighetsutlatande\/\" \/>\n<meta property=\"og:site_name\" content=\"Spelsidor\" \/>\n<meta property=\"article:modified_time\" content=\"2025-01-07T12:56:43+00:00\" \/>\n<meta name=\"twitter:card\" content=\"summary_large_image\" \/>\n<meta name=\"twitter:label1\" content=\"Ber\u00e4knad l\u00e4stid\" \/>\n\t<meta name=\"twitter:data1\" content=\"2 minuter\" \/>\n<script type=\"application\/ld+json\" class=\"yoast-schema-graph\">{\"@context\":\"https:\/\/schema.org\",\"@graph\":[{\"@type\":\"WebPage\",\"@id\":\"https:\/\/papunet.net\/spelsidor\/tillganglighetsutlatande\/\",\"url\":\"https:\/\/papunet.net\/spelsidor\/tillganglighetsutlatande\/\",\"name\":\"Tillg\u00e4nglighetsutl\u00e5tande - Spelsidor\",\"isPartOf\":{\"@id\":\"https:\/\/papunet.net\/spelsidor\/#website\"},\"datePublished\":\"2024-06-28T13:08:29+00:00\",\"dateModified\":\"2025-01-07T12:56:43+00:00\",\"breadcrumb\":{\"@id\":\"https:\/\/papunet.net\/spelsidor\/tillganglighetsutlatande\/#breadcrumb\"},\"inLanguage\":\"sv-SE\",\"potentialAction\":[{\"@type\":\"ReadAction\",\"target\":[\"https:\/\/papunet.net\/spelsidor\/tillganglighetsutlatande\/\"]}]},{\"@type\":\"WebSite\",\"@id\":\"https:\/\/papunet.net\/spelsidor\/#website\",\"url\":\"https:\/\/papunet.net\/spelsidor\/\",\"name\":\"Spelsidor\",\"description\":\"\",\"potentialAction\":[{\"@type\":\"SearchAction\",\"target\":{\"@type\":\"EntryPoint\",\"urlTemplate\":\"https:\/\/papunet.net\/spelsidor\/?s={search_term_string}\"},\"query-input\":\"required name=search_term_string\"}],\"inLanguage\":\"sv-SE\"}]}<\/script>\n<!-- \/ Yoast SEO plugin. -->","yoast_head_json":{"title":"Papunet &raquo; Spelsidor &raquo; Tillg\u00e4nglighetsutl\u00e5tande - Spelsidor","robots":{"index":"index","follow":"follow","max-snippet":"max-snippet:-1","max-image-preview":"max-image-preview:large","max-video-preview":"max-video-preview:-1"},"canonical":"https:\/\/papunet.net\/spelsidor\/tillganglighetsutlatande\/","og_locale":"sv_SE","og_type":"article","og_title":"Papunet &raquo; Spelsidor &raquo; Tillg\u00e4nglighetsutl\u00e5tande - Spelsidor","og_description":"Detta tillg\u00e4nglighetsutl\u00e5tande g\u00e4ller webbplatsen www.papunet.net\/spelsidor och har uppr\u00e4ttats 23.10.2024. Webbplatsen omfattas av lagen om tillhandah\u00e5llande av digitala tj\u00e4nster och dess krav p\u00e5 att offentliga webbplatser m\u00e5ste vara tillg\u00e4ngliga. Vi har sj\u00e4lva granskat hur tillg\u00e4nglig tj\u00e4nsten \u00e4r. Tillg\u00e4nglighetsstatus f\u00f6r den digitala tj\u00e4nsten Uppfyller delvis tillg\u00e4nglighetskraven. Icke-tillg\u00e4ngligt inneh\u00e5ll Webbplatsen uppfyller \u00e4nnu inte alla krav. Papunets spelsidor inneh\u00e5ller [&hellip;]","og_url":"https:\/\/papunet.net\/spelsidor\/tillganglighetsutlatande\/","og_site_name":"Spelsidor","article_modified_time":"2025-01-07T12:56:43+00:00","twitter_card":"summary_large_image","twitter_misc":{"Ber\u00e4knad l\u00e4stid":"2 minuter"},"schema":{"@context":"https:\/\/schema.org","@graph":[{"@type":"WebPage","@id":"https:\/\/papunet.net\/spelsidor\/tillganglighetsutlatande\/","url":"https:\/\/papunet.net\/spelsidor\/tillganglighetsutlatande\/","name":"Tillg\u00e4nglighetsutl\u00e5tande - Spelsidor","isPartOf":{"@id":"https:\/\/papunet.net\/spelsidor\/#website"},"datePublished":"2024-06-28T13:08:29+00:00","dateModified":"2025-01-07T12:56:43+00:00","breadcrumb":{"@id":"https:\/\/papunet.net\/spelsidor\/tillganglighetsutlatande\/#breadcrumb"},"inLanguage":"sv-SE","potentialAction":[{"@type":"ReadAction","target":["https:\/\/papunet.net\/spelsidor\/tillganglighetsutlatande\/"]}]},{"@type":"WebSite","@id":"https:\/\/papunet.net\/spelsidor\/#website","url":"https:\/\/papunet.net\/spelsidor\/","name":"Spelsidor","description":"","potentialAction":[{"@type":"SearchAction","target":{"@type":"EntryPoint","urlTemplate":"https:\/\/papunet.net\/spelsidor\/?s={search_term_string}"},"query-input":"required name=search_term_string"}],"inLanguage":"sv-SE"}]}},"acf":[],"_links":{"self":[{"href":"https:\/\/papunet.net\/spelsidor\/wp-json\/wp\/v2\/pages\/3109","targetHints":{"allow":["GET"]}}],"collection":[{"href":"https:\/\/papunet.net\/spelsidor\/wp-json\/wp\/v2\/pages"}],"about":[{"href":"https:\/\/papunet.net\/spelsidor\/wp-json\/wp\/v2\/types\/page"}],"author":[{"embeddable":true,"href":"https:\/\/papunet.net\/spelsidor\/wp-json\/wp\/v2\/users\/14"}],"replies":[{"embeddable":true,"href":"https:\/\/papunet.net\/spelsidor\/wp-json\/wp\/v2\/comments?post=3109"}],"version-history":[{"count":8,"href":"https:\/\/papunet.net\/spelsidor\/wp-json\/wp\/v2\/pages\/3109\/revisions"}],"predecessor-version":[{"id":3142,"href":"https:\/\/papunet.net\/spelsidor\/wp-json\/wp\/v2\/pages\/3109\/revisions\/3142"}],"wp:attachment":[{"href":"https:\/\/papunet.net\/spelsidor\/wp-json\/wp\/v2\/media?parent=3109"}],"curies":[{"name":"wp","href":"https:\/\/api.w.org\/{rel}","templated":true}]}}