{"id":10,"date":"2023-07-19T11:19:53","date_gmt":"2023-07-19T08:19:53","guid":{"rendered":"https:\/\/papunet.net\/sv\/?page_id=10"},"modified":"2023-09-20T16:16:24","modified_gmt":"2023-09-20T13:16:24","slug":"kommunikationshjalpmedel","status":"publish","type":"page","link":"https:\/\/papunet.net\/sv\/information\/kommunikationshjalpmedel\/","title":{"rendered":"Kommunikationshj\u00e4lpmedel"},"content":{"rendered":"\n<div class=\"custom-element content-lifts bg-white color-theme-orange\">\n    <div class=\"row lifts-row list-items\">\n            <div class=\"col-12 col-lg-4 row-content lift-item list-item\">\n           <a href=\"https:\/\/papunet.net\/sv\/information\/kommunikationshjalpmedel\/kommunikation-med-ett-hjalpmedel\/\" rel=\"bookmark\">  <!-- Oletusn\u00e4kym\u00e4 hakutuloksille -->\n        <article id=\"post-515\" class=\"post-515 page type-page status-publish has-post-thumbnail hentry content_types-information\">\n          <div class=\"item-top\">\n            <h3 class=\"sr-only\">Kommunikation med ett hj\u00e4lpmedel<\/h3>\n                          <div class=\"entry-thumbnail\">\n                <div class=\"thumb\">\n                  <!--\n                  <img decoding=\"async\" src=\"https:\/\/papunet.net\/sv\/wp-content\/uploads\/sites\/2\/2023\/09\/miten_kommunikointi_apuvalineella_tapahtuu.jpg\" alt=\"\" width=\"100%\" height=\"auto\" \/>\n                  -->\n                  <img decoding=\"async\" src=\"https:\/\/papunet.net\/sv\/wp-content\/uploads\/sites\/2\/2023\/09\/miten_kommunikointi_apuvalineella_tapahtuu.jpg\" alt=\"\">\n                                  <\/div>\n                              <\/div>\n                        <div class=\"entry-meta\">\n              <div class=\"tags\">\n                <ul class=\"tags-list\">\n                                      <li class=\"tag-item\">\n                      <span class=\"tag-button\">Information<\/span>\n                    <\/li>\n                                  <\/ul>\n              <\/div>\n            <\/div>\n            <header class=\"entry-header\" aria-hidden=\"true\">\n              <h3 class=\"entry-title\">Kommunikation med ett hj\u00e4lpmedel<\/h3>\n            <\/header>\n            <div class=\"entry-content\">\n              <p>Kommunikation med hj\u00e4lpmedel kan ske sj\u00e4lvst\u00e4ndigt eller med assistans.<\/p>\n            <\/div>\n          <\/div>\n          <div class=\"item-bottom\">\n            <div class=\"entry-footer\">\n              <span class=\"circle-arrow-button\">\u00d6ppna temat<\/span>\n            <\/div>\n          <\/div>\n        <\/article>\n          <\/a>\n        <\/div>\n                <div class=\"col-12 col-lg-4 row-content lift-item list-item\">\n           <a href=\"https:\/\/papunet.net\/sv\/information\/kommunikationshjalpmedel\/kommunikationskartor-och-parmar\/\" rel=\"bookmark\">  <!-- Oletusn\u00e4kym\u00e4 hakutuloksille -->\n        <article id=\"post-568\" class=\"post-568 page type-page status-publish has-post-thumbnail hentry content_types-information\">\n          <div class=\"item-top\">\n            <h3 class=\"sr-only\">Kommunikationskartor och p\u00e4rmar<\/h3>\n                          <div class=\"entry-thumbnail\">\n                <div class=\"thumb\">\n                  <!--\n                  <img decoding=\"async\" src=\"https:\/\/papunet.net\/sv\/wp-content\/uploads\/sites\/2\/2023\/09\/kommunikointikansiot_ja_taulut.png\" alt=\"\" width=\"100%\" height=\"auto\" \/>\n                  -->\n                  <img decoding=\"async\" src=\"https:\/\/papunet.net\/sv\/wp-content\/uploads\/sites\/2\/2023\/09\/kommunikointikansiot_ja_taulut.png\" alt=\"\">\n                                  <\/div>\n                              <\/div>\n                        <div class=\"entry-meta\">\n              <div class=\"tags\">\n                <ul class=\"tags-list\">\n                                      <li class=\"tag-item\">\n                      <span class=\"tag-button\">Information<\/span>\n                    <\/li>\n                                  <\/ul>\n              <\/div>\n            <\/div>\n            <header class=\"entry-header\" aria-hidden=\"true\">\n              <h3 class=\"entry-title\">Kommunikationskartor och p\u00e4rmar<\/h3>\n            <\/header>\n            <div class=\"entry-content\">\n              <p>Information om kommunikationskartor och p\u00e4rmar samt tr\u00e4ning i anv\u00e4ndningen av p\u00e4rmen.<\/p>\n            <\/div>\n          <\/div>\n          <div class=\"item-bottom\">\n            <div class=\"entry-footer\">\n              <span class=\"circle-arrow-button\">\u00d6ppna temat<\/span>\n            <\/div>\n          <\/div>\n        <\/article>\n          <\/a>\n        <\/div>\n                <div class=\"col-12 col-lg-4 row-content lift-item list-item\">\n           <a href=\"https:\/\/papunet.net\/sv\/kommunikationsapparater\/\" rel=\"bookmark\">  <!-- Oletusn\u00e4kym\u00e4 hakutuloksille -->\n        <article id=\"post-461\" class=\"post-461 post type-post status-publish format-standard has-post-thumbnail hentry category-kommunikationshjalpmedel content_types-information\">\n          <div class=\"item-top\">\n            <h3 class=\"sr-only\">Kommunikationsapparater<\/h3>\n                          <div class=\"entry-thumbnail\">\n                <div class=\"thumb\">\n                  <!--\n                  <img decoding=\"async\" src=\"https:\/\/papunet.net\/sv\/wp-content\/uploads\/sites\/2\/2023\/08\/samtalsapparater_valikkokuva.jpg\" alt=\"tre olika samtalsapparater\" width=\"100%\" height=\"auto\" \/>\n                  -->\n                  <img decoding=\"async\" src=\"https:\/\/papunet.net\/sv\/wp-content\/uploads\/sites\/2\/2023\/08\/samtalsapparater_valikkokuva.jpg\" alt=\"tre olika samtalsapparater\">\n                                  <\/div>\n                              <\/div>\n                        <div class=\"entry-meta\">\n              <div class=\"tags\">\n                <ul class=\"tags-list\">\n                                      <li class=\"tag-item\">\n                      <span class=\"tag-button\">Information<\/span>\n                    <\/li>\n                                  <\/ul>\n              <\/div>\n            <\/div>\n            <header class=\"entry-header\" aria-hidden=\"true\">\n              <h3 class=\"entry-title\">Kommunikationsapparater<\/h3>\n            <\/header>\n            <div class=\"entry-content\">\n              <p>P\u00e5 den h\u00e4r sidan finns information om apparater med vilka det g\u00e5r att spela upp f\u00f6rinspelade meddelanden, kommunicera med symboler eller skriva sj\u00e4lv. Det finns ocks\u00e5 apparater som kan st\u00e4rka din r\u00f6st.<\/p>\n            <\/div>\n          <\/div>\n          <div class=\"item-bottom\">\n            <div class=\"entry-footer\">\n              <span class=\"circle-arrow-button\">\u00d6ppna artikeln<\/span>\n            <\/div>\n          <\/div>\n        <\/article>\n          <\/a>\n        <\/div>\n                <div class=\"col-12 col-lg-4 row-content lift-item list-item\">\n           <a href=\"https:\/\/papunet.net\/sv\/information\/kommunikationshjalpmedel\/kommunikationsprogram\/\" rel=\"bookmark\">  <!-- Oletusn\u00e4kym\u00e4 hakutuloksille -->\n        <article id=\"post-577\" class=\"post-577 page type-page status-publish has-post-thumbnail hentry content_types-information\">\n          <div class=\"item-top\">\n            <h3 class=\"sr-only\">Kommunikationsprogram<\/h3>\n                          <div class=\"entry-thumbnail\">\n                <div class=\"thumb\">\n                  <!--\n                  <img decoding=\"async\" src=\"https:\/\/papunet.net\/sv\/wp-content\/uploads\/sites\/2\/2023\/09\/kommunikointiohjelmat_sv.png\" alt=\"\" width=\"100%\" height=\"auto\" \/>\n                  -->\n                  <img decoding=\"async\" src=\"https:\/\/papunet.net\/sv\/wp-content\/uploads\/sites\/2\/2023\/09\/kommunikointiohjelmat_sv.png\" alt=\"\">\n                                  <\/div>\n                              <\/div>\n                        <div class=\"entry-meta\">\n              <div class=\"tags\">\n                <ul class=\"tags-list\">\n                                      <li class=\"tag-item\">\n                      <span class=\"tag-button\">Information<\/span>\n                    <\/li>\n                                  <\/ul>\n              <\/div>\n            <\/div>\n            <header class=\"entry-header\" aria-hidden=\"true\">\n              <h3 class=\"entry-title\">Kommunikationsprogram<\/h3>\n            <\/header>\n            <div class=\"entry-content\">\n              <p>Information om kommunikationsprogram och deras egenskaper.<\/p>\n            <\/div>\n          <\/div>\n          <div class=\"item-bottom\">\n            <div class=\"entry-footer\">\n              <span class=\"circle-arrow-button\">\u00d6ppna temat<\/span>\n            <\/div>\n          <\/div>\n        <\/article>\n          <\/a>\n        <\/div>\n                <div class=\"col-12 col-lg-4 row-content lift-item list-item\">\n           <a href=\"https:\/\/papunet.net\/sv\/anvandarvanlighet-och-olika-styrsatt-for-hjalpmedlen\/\" rel=\"bookmark\">  <!-- Oletusn\u00e4kym\u00e4 hakutuloksille -->\n        <article id=\"post-1238\" class=\"post-1238 post type-post status-publish format-standard has-post-thumbnail hentry category-kommunikationshjalpmedel content_types-information\">\n          <div class=\"item-top\">\n            <h3 class=\"sr-only\">Anv\u00e4ndarv\u00e4nlighet och olika styrs\u00e4tt f\u00f6r hj\u00e4lpmedlen<\/h3>\n                          <div class=\"entry-thumbnail\">\n                <div class=\"thumb\">\n                  <!--\n                  <img decoding=\"async\" src=\"https:\/\/papunet.net\/sv\/wp-content\/uploads\/sites\/2\/2023\/09\/iStock-1293239221.jpg\" alt=\"\" width=\"100%\" height=\"auto\" \/>\n                  -->\n                  <img decoding=\"async\" src=\"https:\/\/papunet.net\/sv\/wp-content\/uploads\/sites\/2\/2023\/09\/iStock-1293239221.jpg\" alt=\"\">\n                                  <\/div>\n                              <\/div>\n                        <div class=\"entry-meta\">\n              <div class=\"tags\">\n                <ul class=\"tags-list\">\n                                      <li class=\"tag-item\">\n                      <span class=\"tag-button\">Information<\/span>\n                    <\/li>\n                                  <\/ul>\n              <\/div>\n            <\/div>\n            <header class=\"entry-header\" aria-hidden=\"true\">\n              <h3 class=\"entry-title\">Anv\u00e4ndarv\u00e4nlighet och olika styrs\u00e4tt f\u00f6r hj\u00e4lpmedlen<\/h3>\n            <\/header>\n            <div class=\"entry-content\">\n              <p>Med hj\u00e4lp av alternativa styrs\u00e4tt, olika st\u00e4llningar och fasts\u00e4ttningar kan anv\u00e4ndningen av en apparat bli smidigare trots fysiska funktionsneds\u00e4ttningar.<\/p>\n            <\/div>\n          <\/div>\n          <div class=\"item-bottom\">\n            <div class=\"entry-footer\">\n              <span class=\"circle-arrow-button\">\u00d6ppna artikeln<\/span>\n            <\/div>\n          <\/div>\n        <\/article>\n          <\/a>\n        <\/div>\n                <div class=\"col-12 col-lg-4 row-content lift-item list-item\">\n           <a href=\"https:\/\/papunet.net\/sv\/kommunikationspass\/\" rel=\"bookmark\">  <!-- Oletusn\u00e4kym\u00e4 hakutuloksille -->\n        <article id=\"post-495\" class=\"post-495 post type-post status-publish format-standard has-post-thumbnail hentry category-kommunikationshjalpmedel content_types-information\">\n          <div class=\"item-top\">\n            <h3 class=\"sr-only\">Kommunikationspass<\/h3>\n                          <div class=\"entry-thumbnail\">\n                <div class=\"thumb\">\n                  <!--\n                  <img decoding=\"async\" src=\"https:\/\/papunet.net\/sv\/wp-content\/uploads\/sites\/2\/2023\/08\/Kommunikationspass.png\" alt=\"kommunikationspass\" width=\"100%\" height=\"auto\" \/>\n                  -->\n                  <img decoding=\"async\" src=\"https:\/\/papunet.net\/sv\/wp-content\/uploads\/sites\/2\/2023\/08\/Kommunikationspass.png\" alt=\"kommunikationspass\">\n                                  <\/div>\n                              <\/div>\n                        <div class=\"entry-meta\">\n              <div class=\"tags\">\n                <ul class=\"tags-list\">\n                                      <li class=\"tag-item\">\n                      <span class=\"tag-button\">Information<\/span>\n                    <\/li>\n                                  <\/ul>\n              <\/div>\n            <\/div>\n            <header class=\"entry-header\" aria-hidden=\"true\">\n              <h3 class=\"entry-title\">Kommunikationspass<\/h3>\n            <\/header>\n            <div class=\"entry-content\">\n              <p>Med ett kommunikationspass ska en person kunna ber\u00e4tta om sig sj\u00e4lv, om hur hen kommunicerar, om intressen och behov av hj\u00e4lp. Ur kommunikationspasset ska ocks\u00e5 framg\u00e5 vilket st\u00f6d personen beh\u00f6ver i olika situationer.<\/p>\n            <\/div>\n          <\/div>\n          <div class=\"item-bottom\">\n            <div class=\"entry-footer\">\n              <span class=\"circle-arrow-button\">\u00d6ppna artikeln<\/span>\n            <\/div>\n          <\/div>\n        <\/article>\n          <\/a>\n        <\/div>\n          <\/div>\n<\/div>\n","protected":false},"excerpt":{"rendered":"<p>Med kommunikationshj\u00e4lpmedel kan man kommunicera genom att skriva eller med hj\u00e4lp av bilder och Bliss-symboler.<\/p>\n","protected":false},"author":16,"featured_media":530,"parent":4,"menu_order":0,"comment_status":"closed","ping_status":"closed","template":"","meta":{"_acf_changed":false,"_relevanssi_hide_post":"","_relevanssi_pin_for_all":"","_relevanssi_pin_keywords":"","_relevanssi_unpin_keywords":"","_relevanssi_related_keywords":"","_relevanssi_related_include_ids":"","_relevanssi_related_exclude_ids":"","_relevanssi_related_no_append":"","_relevanssi_related_not_related":"","_relevanssi_related_posts":"","_relevanssi_noindex_reason":"","footnotes":""},"content_types":[6],"id_themes":[],"class_list":["post-10","page","type-page","status-publish","has-post-thumbnail","hentry","content_types-information"],"yoast_head":"<!-- This site is optimized with the Yoast SEO plugin v22.7 - https:\/\/yoast.com\/wordpress\/plugins\/seo\/ -->\n<title>Kommunikationshj\u00e4lpmedel - Papunet p\u00e5 svenska<\/title>\n<meta name=\"robots\" content=\"index, follow, max-snippet:-1, max-image-preview:large, max-video-preview:-1\" \/>\n<link rel=\"canonical\" href=\"https:\/\/papunet.net\/sv\/information\/kommunikationshjalpmedel\/\" \/>\n<meta property=\"og:locale\" content=\"sv_SE\" \/>\n<meta property=\"og:type\" content=\"article\" \/>\n<meta property=\"og:title\" content=\"Kommunikationshj\u00e4lpmedel - Papunet p\u00e5 svenska\" \/>\n<meta property=\"og:description\" content=\"Med kommunikationshj\u00e4lpmedel kan man kommunicera genom att skriva eller med hj\u00e4lp av bilder och Bliss-symboler.\" \/>\n<meta property=\"og:url\" content=\"https:\/\/papunet.net\/sv\/information\/kommunikationshjalpmedel\/\" \/>\n<meta property=\"og:site_name\" content=\"Papunet p\u00e5 svenska\" \/>\n<meta property=\"article:modified_time\" content=\"2023-09-20T13:16:24+00:00\" \/>\n<meta property=\"og:image\" content=\"https:\/\/papunet.net\/sv\/wp-content\/uploads\/sites\/2\/2023\/08\/kommunikationshjalpmedel_valikkokuva.png\" \/>\n\t<meta property=\"og:image:width\" content=\"922\" \/>\n\t<meta property=\"og:image:height\" content=\"623\" \/>\n\t<meta property=\"og:image:type\" content=\"image\/png\" \/>\n<meta name=\"twitter:card\" content=\"summary_large_image\" \/>\n<script type=\"application\/ld+json\" class=\"yoast-schema-graph\">{\"@context\":\"https:\/\/schema.org\",\"@graph\":[{\"@type\":\"WebPage\",\"@id\":\"https:\/\/papunet.net\/sv\/information\/kommunikationshjalpmedel\/\",\"url\":\"https:\/\/papunet.net\/sv\/information\/kommunikationshjalpmedel\/\",\"name\":\"Kommunikationshj\u00e4lpmedel - Papunet p\u00e5 svenska\",\"isPartOf\":{\"@id\":\"https:\/\/papunet.net\/sv\/#website\"},\"primaryImageOfPage\":{\"@id\":\"https:\/\/papunet.net\/sv\/information\/kommunikationshjalpmedel\/#primaryimage\"},\"image\":{\"@id\":\"https:\/\/papunet.net\/sv\/information\/kommunikationshjalpmedel\/#primaryimage\"},\"thumbnailUrl\":\"https:\/\/papunet.net\/sv\/wp-content\/uploads\/sites\/2\/2023\/08\/kommunikationshjalpmedel_valikkokuva.png\",\"datePublished\":\"2023-07-19T08:19:53+00:00\",\"dateModified\":\"2023-09-20T13:16:24+00:00\",\"breadcrumb\":{\"@id\":\"https:\/\/papunet.net\/sv\/information\/kommunikationshjalpmedel\/#breadcrumb\"},\"inLanguage\":\"sv-SE\",\"potentialAction\":[{\"@type\":\"ReadAction\",\"target\":[\"https:\/\/papunet.net\/sv\/information\/kommunikationshjalpmedel\/\"]}]},{\"@type\":\"ImageObject\",\"inLanguage\":\"sv-SE\",\"@id\":\"https:\/\/papunet.net\/sv\/information\/kommunikationshjalpmedel\/#primaryimage\",\"url\":\"https:\/\/papunet.net\/sv\/wp-content\/uploads\/sites\/2\/2023\/08\/kommunikationshjalpmedel_valikkokuva.png\",\"contentUrl\":\"https:\/\/papunet.net\/sv\/wp-content\/uploads\/sites\/2\/2023\/08\/kommunikationshjalpmedel_valikkokuva.png\",\"width\":922,\"height\":623,\"caption\":\"kommunikationsp\u00e4rm, tal- och kommunikationsapparater\"},{\"@type\":\"BreadcrumbList\",\"@id\":\"https:\/\/papunet.net\/sv\/information\/kommunikationshjalpmedel\/#breadcrumb\",\"itemListElement\":[{\"@type\":\"ListItem\",\"position\":1,\"name\":\"Framsida\",\"item\":\"https:\/\/papunet.net\/sv\/\"},{\"@type\":\"ListItem\",\"position\":2,\"name\":\"Information\",\"item\":\"https:\/\/papunet.net\/sv\/information\/\"},{\"@type\":\"ListItem\",\"position\":3,\"name\":\"Kommunikationshj\u00e4lpmedel\"}]},{\"@type\":\"WebSite\",\"@id\":\"https:\/\/papunet.net\/sv\/#website\",\"url\":\"https:\/\/papunet.net\/sv\/\",\"name\":\"Papunet p\u00e5 svenska\",\"description\":\"\",\"potentialAction\":[{\"@type\":\"SearchAction\",\"target\":{\"@type\":\"EntryPoint\",\"urlTemplate\":\"https:\/\/papunet.net\/sv\/?s={search_term_string}\"},\"query-input\":\"required name=search_term_string\"}],\"inLanguage\":\"sv-SE\"}]}<\/script>\n<!-- \/ Yoast SEO plugin. -->","yoast_head_json":{"title":"Kommunikationshj\u00e4lpmedel - Papunet p\u00e5 svenska","robots":{"index":"index","follow":"follow","max-snippet":"max-snippet:-1","max-image-preview":"max-image-preview:large","max-video-preview":"max-video-preview:-1"},"canonical":"https:\/\/papunet.net\/sv\/information\/kommunikationshjalpmedel\/","og_locale":"sv_SE","og_type":"article","og_title":"Kommunikationshj\u00e4lpmedel - Papunet p\u00e5 svenska","og_description":"Med kommunikationshj\u00e4lpmedel kan man kommunicera genom att skriva eller med hj\u00e4lp av bilder och Bliss-symboler.","og_url":"https:\/\/papunet.net\/sv\/information\/kommunikationshjalpmedel\/","og_site_name":"Papunet p\u00e5 svenska","article_modified_time":"2023-09-20T13:16:24+00:00","og_image":[{"width":922,"height":623,"url":"https:\/\/papunet.net\/sv\/wp-content\/uploads\/sites\/2\/2023\/08\/kommunikationshjalpmedel_valikkokuva.png","type":"image\/png"}],"twitter_card":"summary_large_image","schema":{"@context":"https:\/\/schema.org","@graph":[{"@type":"WebPage","@id":"https:\/\/papunet.net\/sv\/information\/kommunikationshjalpmedel\/","url":"https:\/\/papunet.net\/sv\/information\/kommunikationshjalpmedel\/","name":"Kommunikationshj\u00e4lpmedel - Papunet p\u00e5 svenska","isPartOf":{"@id":"https:\/\/papunet.net\/sv\/#website"},"primaryImageOfPage":{"@id":"https:\/\/papunet.net\/sv\/information\/kommunikationshjalpmedel\/#primaryimage"},"image":{"@id":"https:\/\/papunet.net\/sv\/information\/kommunikationshjalpmedel\/#primaryimage"},"thumbnailUrl":"https:\/\/papunet.net\/sv\/wp-content\/uploads\/sites\/2\/2023\/08\/kommunikationshjalpmedel_valikkokuva.png","datePublished":"2023-07-19T08:19:53+00:00","dateModified":"2023-09-20T13:16:24+00:00","breadcrumb":{"@id":"https:\/\/papunet.net\/sv\/information\/kommunikationshjalpmedel\/#breadcrumb"},"inLanguage":"sv-SE","potentialAction":[{"@type":"ReadAction","target":["https:\/\/papunet.net\/sv\/information\/kommunikationshjalpmedel\/"]}]},{"@type":"ImageObject","inLanguage":"sv-SE","@id":"https:\/\/papunet.net\/sv\/information\/kommunikationshjalpmedel\/#primaryimage","url":"https:\/\/papunet.net\/sv\/wp-content\/uploads\/sites\/2\/2023\/08\/kommunikationshjalpmedel_valikkokuva.png","contentUrl":"https:\/\/papunet.net\/sv\/wp-content\/uploads\/sites\/2\/2023\/08\/kommunikationshjalpmedel_valikkokuva.png","width":922,"height":623,"caption":"kommunikationsp\u00e4rm, tal- och kommunikationsapparater"},{"@type":"BreadcrumbList","@id":"https:\/\/papunet.net\/sv\/information\/kommunikationshjalpmedel\/#breadcrumb","itemListElement":[{"@type":"ListItem","position":1,"name":"Framsida","item":"https:\/\/papunet.net\/sv\/"},{"@type":"ListItem","position":2,"name":"Information","item":"https:\/\/papunet.net\/sv\/information\/"},{"@type":"ListItem","position":3,"name":"Kommunikationshj\u00e4lpmedel"}]},{"@type":"WebSite","@id":"https:\/\/papunet.net\/sv\/#website","url":"https:\/\/papunet.net\/sv\/","name":"Papunet p\u00e5 svenska","description":"","potentialAction":[{"@type":"SearchAction","target":{"@type":"EntryPoint","urlTemplate":"https:\/\/papunet.net\/sv\/?s={search_term_string}"},"query-input":"required name=search_term_string"}],"inLanguage":"sv-SE"}]}},"acf":[],"_links":{"self":[{"href":"https:\/\/papunet.net\/sv\/wp-json\/wp\/v2\/pages\/10","targetHints":{"allow":["GET"]}}],"collection":[{"href":"https:\/\/papunet.net\/sv\/wp-json\/wp\/v2\/pages"}],"about":[{"href":"https:\/\/papunet.net\/sv\/wp-json\/wp\/v2\/types\/page"}],"author":[{"embeddable":true,"href":"https:\/\/papunet.net\/sv\/wp-json\/wp\/v2\/users\/16"}],"replies":[{"embeddable":true,"href":"https:\/\/papunet.net\/sv\/wp-json\/wp\/v2\/comments?post=10"}],"version-history":[{"count":15,"href":"https:\/\/papunet.net\/sv\/wp-json\/wp\/v2\/pages\/10\/revisions"}],"predecessor-version":[{"id":1244,"href":"https:\/\/papunet.net\/sv\/wp-json\/wp\/v2\/pages\/10\/revisions\/1244"}],"up":[{"embeddable":true,"href":"https:\/\/papunet.net\/sv\/wp-json\/wp\/v2\/pages\/4"}],"wp:featuredmedia":[{"embeddable":true,"href":"https:\/\/papunet.net\/sv\/wp-json\/wp\/v2\/media\/530"}],"wp:attachment":[{"href":"https:\/\/papunet.net\/sv\/wp-json\/wp\/v2\/media?parent=10"}],"wp:term":[{"taxonomy":"content_types","embeddable":true,"href":"https:\/\/papunet.net\/sv\/wp-json\/wp\/v2\/content_types?post=10"},{"taxonomy":"id_themes","embeddable":true,"href":"https:\/\/papunet.net\/sv\/wp-json\/wp\/v2\/id_themes?post=10"}],"curies":[{"name":"wp","href":"https:\/\/api.w.org\/{rel}","templated":true}]}}